{"id":6241,"date":"2020-02-24T14:17:45","date_gmt":"2020-02-24T13:17:45","guid":{"rendered":"https:\/\/us.edu.pl\/pracownik\/?page_id=6241"},"modified":"2026-04-21T14:49:09","modified_gmt":"2026-04-21T12:49:09","slug":"zfss-zakladowy-fundusz-swiadczen-socjalnych","status":"publish","type":"page","link":"https:\/\/us.edu.pl\/pracownik\/sprawy-socjalne\/swiadczenia-socjalne\/zfss-zakladowy-fundusz-swiadczen-socjalnych\/","title":{"rendered":"ZF\u015aS \u2013 Zak\u0142adowy Fundusz \u015awiadcze\u0144 Socjalnych"},"content":{"rendered":"<p>[vc_row][vc_column][\/vc_column][\/vc_row][vc_row][vc_column width=&#8221;2\/3&#8243;]\r\n                <div class=\"text-modules \">\r\n                    <div class=\"container\">\r\n                         <h3 class=\"subtitle text-modules__subtitle\">Podzia\u0142 i przeznaczenie Funduszu<\/h3>\r\n                        <div class=\"row m-0\">\r\n                            <div class=\"text-modules__content\">\r\n                                <span data-contrast=\"auto\">Fundusz tworzy si\u0119 w spos\u00f3b i\u202fw\u202fwielko\u015bciach okre\u015blonych odno\u015bnymi przepisami. D<\/span><span data-contrast=\"auto\">la pracownik\u00f3w Uniwersytetu tworzy si\u0119 odpis na Fundusz w wysoko\u015bci 6,5\u202f% planowanych przez Uniwersytet w roku poprzednim rocznych wynagrodze\u0144 osobowych, przy czym w\u202flatach 2019\u20132026 dla pracownik\u00f3w uczelni publicznej dokonuje si\u0119 odpisu na zak\u0142adowy fundusz \u015bwiadcze\u0144 socjalnych w wysoko\u015bci kwoty odpisu dokonanego w\u202f2018 r.<\/span><span data-ccp-props=\"{&quot;201341983&quot;:0,&quot;335551550&quot;:6,&quot;335551620&quot;:6,&quot;335559740&quot;:276}\">\u00a0<\/span><\/p>\n<ul>\n<li aria-setsize=\"-1\" data-leveltext=\"%1.\" data-font=\"PT Sans\" data-listid=\"3\" data-list-defn-props=\"{&quot;335552541&quot;:0,&quot;335559685&quot;:360,&quot;335559991&quot;:360,&quot;469769242&quot;:[65533,0],&quot;469777803&quot;:&quot;left&quot;,&quot;469777804&quot;:&quot;%1.&quot;,&quot;469777815&quot;:&quot;multilevel&quot;}\" data-aria-posinset=\"1\" data-aria-level=\"1\"><span data-contrast=\"auto\">Podzia\u0142 i wydatkowanie \u015brodk\u00f3w z Funduszu nast\u0119puje w oparciu o\u202fuzgodniony ze\u202fZwi\u0105zkami\u00a0Zawodowymi plan roczny.\u00a0<\/span><span data-ccp-props=\"{&quot;201341983&quot;:0,&quot;335551550&quot;:6,&quot;335551620&quot;:6,&quot;335559740&quot;:276}\">\u00a0<\/span><\/li>\n<li aria-setsize=\"-1\" data-leveltext=\"%1.\" data-font=\"PT Sans\" data-listid=\"3\" data-list-defn-props=\"{&quot;335552541&quot;:0,&quot;335559685&quot;:360,&quot;335559991&quot;:360,&quot;469769242&quot;:[65533,0],&quot;469777803&quot;:&quot;left&quot;,&quot;469777804&quot;:&quot;%1.&quot;,&quot;469777815&quot;:&quot;multilevel&quot;}\" data-aria-posinset=\"2\" data-aria-level=\"1\"><span data-contrast=\"auto\">Podzia\u0142 Funduszu mo\u017ce w trakcie roku ulec zmianie po uzgodnieniu ze\u00a0Zwi\u0105zkami\u00a0Zawodowymi i po zmianie w planie rocznym.\u00a0<\/span><span data-ccp-props=\"{&quot;201341983&quot;:0,&quot;335551550&quot;:6,&quot;335551620&quot;:6,&quot;335559740&quot;:276}\">\u00a0<\/span><\/li>\n<\/ul>\n<p>Zasady podzia\u0142u i przeznaczenie Funduszu okre\u015bla Regulamin ZF\u015aS. \r\n                                <div class=\"mt-3\"><a href=\"https:\/\/aktyprawne.us.edu.pl\/d\/9091\/5\/\" class=\"link-button mr-3 \">REGULAMIN ZAK\u0141ADOWEGO FUNDUSZU \u015aWIADCZE\u0143 SOCJALNYCH UNIWERSYTETU \u015aL\u0104SKIEGO W KATOWICACH<\/a><\/div>\r\n                            <\/div>\r\n                            \r\n                            \r\n                        <\/div>\r\n                    <\/div>\r\n                <\/div>[\/vc_column][vc_column width=&#8221;1\/3&#8243;]\r\n                <div class=\"text-modules\">\r\n                    <div class=\"container\">\r\n                        \r\n                        <div class=\"text-modules__content\"><\/p>\n<p><span style=\"font-size: 14pt;\">Kontakt<\/span><\/p>\n<p>Centrum Spraw Pracowniczych<br \/>\n<strong>Biuro Spraw Socjalnych<\/strong><br \/>\nUniwersytet \u015al\u0105ski w Katowicach<br \/>\nul. Bankowa 14, 40-007 Katowice<br \/>\nPok. <strong>422 (pawilon D)<\/strong><\/p>\n<p>tel.: 32\/359 15 15<\/p>\n<ul>\n<li>e-mail: <a href=\"bss@us.edu.pl\" target=\"_blank\" rel=\"noopener\">bss@us.edu.pl<\/a><\/li>\n<li>e-mail: <a href=\"zfss@us.edu.pl\" target=\"_blank\" rel=\"noopener\">zfss@us.edu.pl<\/a><\/li>\n<\/ul>\n<p>\n<\/div>\r\n                    <\/div>\r\n                <\/div>\r\n                <div class=\"text-modules\">\r\n                    <div class=\"container\">\r\n                        \r\n                        <div class=\"text-modules__content\"><p><a href=\"https:\/\/us.edu.pl\/pracownik\/wp-content\/uploads\/sites\/2\/druki-wnioskow-sprawy-socjale\/zalacznik-nr-2-do-zarzadzenia-nr-49_2026_Regulamin-ZFSS-US_tekst-jednolity.pdf\" class=\"mtli_attachment mtli_pdf\" data-mtli=\"mtli_filesize455,07kB\" class=\"mtli_attachment mtli_pdf\" data-mtli=\"mtli_filesize455,07kB\" target=\"_blank\" rel=\"noopener\">REGULAMIN ZF\u015aS UNIWERSYTETU \u015aL\u0104SKIEGO W KATOWICACH<\/a><\/p>\n<style type=\"text\/css\">a[data-mtli~=\"mtli_filesize455,07kB\"]:after {content:\" (455,07 kB)\"}<\/style><\/div>\r\n                    <\/div>\r\n                <\/div>[\/vc_column][\/vc_row]<\/p>\n<style type=\"text\/css\">a[data-mtli~=\"mtli_filesize455,07kB\"]:after {content:\" (455,07 kB)\"}<\/style>","protected":false},"excerpt":{"rendered":"<p>[vc_row][vc_column][\/vc_column][\/vc_row][vc_row][vc_column width=&#8221;2\/3&#8243;][\/vc_column][vc_column width=&#8221;1\/3&#8243;][\/vc_column][\/vc_row] [&#8230;]<\/p>\n<p><a class=\"btn btn-secondary understrap-read-more-link\" href=\"https:\/\/us.edu.pl\/pracownik\/sprawy-socjalne\/swiadczenia-socjalne\/zfss-zakladowy-fundusz-swiadczen-socjalnych\/\">Read More&#8230;<\/a><\/p>\n","protected":false},"author":41,"featured_media":0,"parent":527,"menu_order":236,"comment_status":"closed","ping_status":"closed","template":"page-templates\/page-with-bookmarks.php","meta":{"_expiration-date-status":"","_expiration-date":0,"_expiration-date-type":"","_expiration-date-categories":[],"_expiration-date-options":[]},"acf":[],"_links":{"self":[{"href":"https:\/\/us.edu.pl\/pracownik\/wp-json\/wp\/v2\/pages\/6241"}],"collection":[{"href":"https:\/\/us.edu.pl\/pracownik\/wp-json\/wp\/v2\/pages"}],"about":[{"href":"https:\/\/us.edu.pl\/pracownik\/wp-json\/wp\/v2\/types\/page"}],"author":[{"embeddable":true,"href":"https:\/\/us.edu.pl\/pracownik\/wp-json\/wp\/v2\/users\/41"}],"replies":[{"embeddable":true,"href":"https:\/\/us.edu.pl\/pracownik\/wp-json\/wp\/v2\/comments?post=6241"}],"version-history":[{"count":11,"href":"https:\/\/us.edu.pl\/pracownik\/wp-json\/wp\/v2\/pages\/6241\/revisions"}],"predecessor-version":[{"id":43274,"href":"https:\/\/us.edu.pl\/pracownik\/wp-json\/wp\/v2\/pages\/6241\/revisions\/43274"}],"up":[{"embeddable":true,"href":"https:\/\/us.edu.pl\/pracownik\/wp-json\/wp\/v2\/pages\/527"}],"wp:attachment":[{"href":"https:\/\/us.edu.pl\/pracownik\/wp-json\/wp\/v2\/media?parent=6241"}],"curies":[{"name":"wp","href":"https:\/\/api.w.org\/{rel}","templated":true}]}}