{"id":650,"date":"2019-09-19T13:37:27","date_gmt":"2019-09-19T11:37:27","guid":{"rendered":"http:\/\/php71.nfinity-beta.pl\/us\/pracownik\/?page_id=650"},"modified":"2023-01-20T10:14:02","modified_gmt":"2023-01-20T09:14:02","slug":"zasady-etyki","status":"publish","type":"page","link":"https:\/\/us.edu.pl\/pracownik\/sprawy-pracownicze\/rowne-traktowanie\/zasady-etyki\/","title":{"rendered":"Zasady etyki"},"content":{"rendered":"<p>[vc_row][vc_column]\r\n                <div class=\"text-modules\">\r\n                    <div class=\"container\">\r\n                        <h3 class=\"page-title text__title\">Zasady etyki<\/h3>\r\n                        <div class=\"text-modules__content\"><p><a href=\"https:\/\/aktyprawne.us.edu.pl\/423-lista\/d\/1604\/5\/\" target=\"_blank\" rel=\"noopener\"><span style=\"font-family: verdana, geneva, sans-serif;\"><span style=\"font-size: medium;\"><span style=\"color: #002e5a;\"><strong>Zarz\u0105dzenie Rektora Uniwersytetu \u015al\u0105skiego w sprawie wprowadzenia \u201eZbioru Zasad Etyki Pracownik\u00f3w Uniwersytetu \u015al\u0105skiego w Katowicach nieb\u0119d\u0105cych nauczycielami akademickimi\u201d<\/strong><\/span><\/span><span style=\"color: #000000;\"><span style=\"font-size: medium;\">. <\/span><\/span><\/span><\/a><\/p>\n<p><span style=\"font-family: verdana, geneva, sans-serif;\"><span style=\"color: #000000;\"><span style=\"font-size: medium;\">Zbi\u00f3r <\/span><\/span><span style=\"font-size: medium;\">z<\/span><span style=\"color: #000000;\"><span style=\"font-size: medium;\">asad wyznacza standardy zachowa\u0144 etycznych, okre\u015blaj\u0105cych spos\u00f3b post\u0119powania i<\/span><\/span> <span style=\"color: #000000;\"><span style=\"font-size: medium;\">zachowania pracownik\u00f3w Uniwersytetu \u015al\u0105skiego w Katowicach nieb\u0119d\u0105cych nauczycielami akademickimi, zwanych dalej \u201ePracownikami\u201d.<\/span><\/span><\/span><\/p>\n<p><span style=\"font-family: verdana, geneva, sans-serif;\"><span style=\"color: #000000;\"><span style=\"font-size: medium;\"><b>Zbi\u00f3r <\/b><\/span><\/span><span style=\"font-size: medium;\"><b>z<\/b><\/span><span style=\"color: #000000;\"><span style=\"font-size: medium;\"><b>asad<\/b><\/span><\/span><span style=\"color: #000000;\"><span style=\"font-size: medium;\">:<\/span><\/span><\/span><\/p>\n<ul>\n<li><span style=\"font-family: verdana, geneva, sans-serif;\"><span style=\"color: #000000;\"><span style=\"font-size: medium;\">pe\u0142ni funkcj\u0119 doradcz\u0105 i edukacyjn\u0105, a dla prze\u0142o\u017conych stanowi kryterium oceny <\/span><\/span><span style=\"font-size: medium;\">p<\/span><span style=\"color: #000000;\"><span style=\"font-size: medium;\">racownik\u00f3w,<\/span><\/span><\/span><\/li>\n<li><span style=\"font-family: verdana, geneva, sans-serif;\"><span style=\"color: #000000;\"><span style=\"font-size: medium;\">s\u0142u\u017cy upowszechnianiu standard\u00f3w zachowa\u0144 etycznych <\/span><\/span><span style=\"font-size: medium;\">p<\/span><span style=\"color: #000000;\"><span style=\"font-size: medium;\">racownik\u00f3w przy wykonywaniu obowi\u0105zk\u00f3w s\u0142u\u017cbowych,<\/span><\/span><\/span><\/li>\n<li><span style=\"font-family: verdana, geneva, sans-serif;\"><span style=\"color: #000000;\"><span style=\"font-size: medium;\">obowi\u0105zuje wszystkich pracownik\u00f3w, a tak\u017ce stosuje si\u0119 odpowiednio do<\/span><\/span> <span style=\"color: #000000;\"><span style=\"font-size: medium;\">sta\u017cyst\u00f3w, praktykant\u00f3w i innych os\u00f3b dzia\u0142aj\u0105cych w imieniu lub na rzecz Uniwersytetu \u015al\u0105skiego w Katowicach.<\/span><\/span><\/span><\/li>\n<\/ul>\n<p><span style=\"color: #000000; font-family: verdana, geneva, sans-serif;\"><span style=\"font-size: medium;\">Pracownik Uniwersytetu \u015al\u0105skiego, wykonuj\u0105c powierzone zadania, jest zobowi\u0105zany do przestrzegania podstawowych zasad etycznych:<\/span><\/span><\/p>\n<ul>\n<li><span style=\"color: #000000; font-family: verdana, geneva, sans-serif;\"><span style=\"font-size: medium;\">praworz\u0105dno\u015bci,<\/span><\/span><\/li>\n<li><span style=\"color: #000000; font-family: verdana, geneva, sans-serif;\"><span style=\"font-size: medium;\">uczciwo\u015bci i rzetelno\u015bci,<\/span><\/span><\/li>\n<li><span style=\"color: #000000; font-family: verdana, geneva, sans-serif;\"><span style=\"font-size: medium;\">lojalno\u015bci,<\/span><\/span><\/li>\n<li><span style=\"color: #000000; font-family: verdana, geneva, sans-serif;\"><span style=\"font-size: medium;\">wsp\u00f3\u0142odpowiedzialno\u015bci za dzia\u0142ania,<\/span><\/span><\/li>\n<li><span style=\"color: #000000; font-family: verdana, geneva, sans-serif;\"><span style=\"font-size: medium;\">obiektywizmu, bezstronno\u015bci i niedyskryminacji,<\/span><\/span><\/li>\n<li><span style=\"color: #000000; font-family: verdana, geneva, sans-serif;\"><span style=\"font-size: medium;\">jawno\u015bci (przejrzysto\u015bci) oraz ochrony zasob\u00f3w i danych,<\/span><\/span><\/li>\n<li><span style=\"color: #000000; font-family: verdana, geneva, sans-serif;\"><span style=\"font-size: medium;\">godnej reprezentacji Uniwersytetu \u015al\u0105skiego w Katowicach,<\/span><\/span><\/li>\n<li><span style=\"color: #000000; font-family: verdana, geneva, sans-serif;\"><span style=\"font-size: medium;\">\u017cyczliwo\u015bci, uprzejmo\u015bci i kultury osobistej.<\/span><\/span><\/li>\n<\/ul>\n<p><strong><span style=\"color: #000000; font-family: verdana, geneva, sans-serif;\"><span style=\"font-size: medium;\">Druki:<\/span><\/span><\/strong><\/p>\n<ul>\n<li><a href=\"\/pracownik\/wp-content\/uploads\/sites\/2\/2019\/10\/za\u0142.1_etyka.pdf\" class=\"mtli_attachment mtli_pdf\" data-mtli=\"mtli_filesize313,78kB\" class=\"mtli_attachment mtli_pdf\" data-mtli=\"mtli_filesize313,78kB\">O\u015bwiadczenie o zapoznaniu si\u0119 z dokumentem dot. zasad etyki<\/a><\/li>\n<\/ul>\n<p>\n<style type=\"text\/css\">a[data-mtli~=\"mtli_filesize313,78kB\"]:after {content:\" (313,78 kB)\"}<\/style><\/div>\r\n                    <\/div>\r\n                <\/div>[\/vc_column][\/vc_row]<\/p>\n<style type=\"text\/css\">a[data-mtli~=\"mtli_filesize313,78kB\"]:after {content:\" (313,78 kB)\"}<\/style>","protected":false},"excerpt":{"rendered":"<p>[vc_row][vc_column][\/vc_column][\/vc_row] [&#8230;]<\/p>\n<p><a class=\"btn btn-secondary understrap-read-more-link\" href=\"https:\/\/us.edu.pl\/pracownik\/sprawy-pracownicze\/rowne-traktowanie\/zasady-etyki\/\">Read More&#8230;<\/a><\/p>\n","protected":false},"author":1,"featured_media":0,"parent":633,"menu_order":381,"comment_status":"closed","ping_status":"closed","template":"page-templates\/inner-page.php","meta":{"_expiration-date-status":"","_expiration-date":0,"_expiration-date-type":"","_expiration-date-categories":[],"_expiration-date-options":[]},"acf":[],"_links":{"self":[{"href":"https:\/\/us.edu.pl\/pracownik\/wp-json\/wp\/v2\/pages\/650"}],"collection":[{"href":"https:\/\/us.edu.pl\/pracownik\/wp-json\/wp\/v2\/pages"}],"about":[{"href":"https:\/\/us.edu.pl\/pracownik\/wp-json\/wp\/v2\/types\/page"}],"author":[{"embeddable":true,"href":"https:\/\/us.edu.pl\/pracownik\/wp-json\/wp\/v2\/users\/1"}],"replies":[{"embeddable":true,"href":"https:\/\/us.edu.pl\/pracownik\/wp-json\/wp\/v2\/comments?post=650"}],"version-history":[{"count":10,"href":"https:\/\/us.edu.pl\/pracownik\/wp-json\/wp\/v2\/pages\/650\/revisions"}],"predecessor-version":[{"id":19974,"href":"https:\/\/us.edu.pl\/pracownik\/wp-json\/wp\/v2\/pages\/650\/revisions\/19974"}],"up":[{"embeddable":true,"href":"https:\/\/us.edu.pl\/pracownik\/wp-json\/wp\/v2\/pages\/633"}],"wp:attachment":[{"href":"https:\/\/us.edu.pl\/pracownik\/wp-json\/wp\/v2\/media?parent=650"}],"curies":[{"name":"wp","href":"https:\/\/api.w.org\/{rel}","templated":true}]}}