{"id":6589,"date":"2020-03-06T15:01:27","date_gmt":"2020-03-06T14:01:27","guid":{"rendered":"https:\/\/us.edu.pl\/pracownik\/?page_id=6589"},"modified":"2020-03-09T08:08:52","modified_gmt":"2020-03-09T07:08:52","slug":"procedura-odwolania-lub-rezygnacji-z-przyjazdu-z-zagranicy-lub-przesuniecia-terminu-przyjazdu-w-zwiazku-z-aktualna-sytuacja-epidemiologiczna","status":"publish","type":"page","link":"https:\/\/us.edu.pl\/pracownik\/procedura-odwolania-lub-rezygnacji-z-przyjazdu-z-zagranicy-lub-przesuniecia-terminu-przyjazdu-w-zwiazku-z-aktualna-sytuacja-epidemiologiczna\/","title":{"rendered":"Procedura odwo\u0142ania przyjazdu z zagranicy"},"content":{"rendered":"<p>[vc_row][vc_column][\/vc_column][\/vc_row][vc_row][vc_column]\r\n                <div class=\"text-modules\">\r\n                    <div class=\"container\">\r\n                        \r\n                        <div class=\"text-modules__content\"><\/p>\n<h2 style=\"text-align: center\"><strong>Procedura odwo\u0142ania\/rezygnacji z przyjazdu z zagranicy lub przesuni\u0119cia terminu przyjazdu w zwi\u0105zku z aktualn\u0105 sytuacj\u0105 epidemiologiczn\u0105<\/strong><\/h2>\n<ol>\n<li>W przypadku odwo\u0142ania\/rezygnacji z przyjazdu z zagranicy lub przesuni\u0119cia terminu przyjazdu nale\u017cy o tym poinformowa\u0107 mailowo Dzia\u0142 Wsp\u00f3\u0142pracy z Zagranic\u0105 \u2013 Biuro Rozlicze\u0144 Mobilno\u015bci Mi\u0119dzynarodowych na adres mailowy: <a href=\"mailto:aleksandra.rusecka@us.edu.pl\">aleksandra.rusecka@us.edu.pl<\/a> .<\/li>\n<\/ol>\n<p>W przypadku przyjazdu finansowanego z projektu nale\u017cy poinformowa\u0107 o tym r\u00f3wnie\u017c kierownika projektu, kt\u00f3ry powinien sprawdzi\u0107 zapisy na ten temat w danym projekcie.<\/p>\n<p>&nbsp;<\/p>\n<ol start=\"2\">\n<li>W przypadku odwo\u0142ania\/rezygnacji z przyjazdu z zagranicy lub przesuni\u0119cia terminu przyjazdu:<\/li>\n<\/ol>\n<p>&nbsp;<\/p>\n<ul>\n<li>na kt\u00f3ry zosta\u0142 ju\u017c zakupiony bilet lotniczy, kolejowy, autobusowy w biurze podr\u00f3\u017cy Travelbank, nale\u017cy skontaktowa\u0107 si\u0119 mailowo z biurem Travelbank: <a href=\"mailto:us@travelbank.com.pl\">us@travelbank.com.pl<\/a>\u00a0 (w tytule maila: UNIWERSYTET \u015aL\u0104SKI), kt\u00f3re udzieli informacji o procedurze anulowania biletu i ewentualnych mo\u017cliwo\u015bciach uzyskania zwrotu poniesionych koszt\u00f3w (w zale\u017cno\u015bci od rodzaju biletu) lub o procedurze zmiany przebukowania biletu na inny termin i zwi\u0105zanych z tym kosztach. Nale\u017cy zachowa\u0107 ca\u0142\u0105 korespondencj\u0119 mailow\u0105 w tej sprawie w celu udokumentowania zaistnia\u0142ej sytuacji i podj\u0119tych stara\u0144 o odzyskanie poniesionych koszt\u00f3w.<\/li>\n<\/ul>\n<p>&nbsp;<\/p>\n<ul>\n<li>na kt\u00f3ry zosta\u0142a ju\u017c zrobiona rezerwacja nocleg\u00f3w w obiektach U\u015a, nale\u017cy niezw\u0142ocznie odwo\u0142a\u0107 rezerwacj\u0119 pokoi go\u015bcinnych w domu asystenta lub o\u015brodku dydaktycznym.<\/li>\n<\/ul>\n<p>&nbsp;<\/p>\n<ul>\n<li>na kt\u00f3ry zosta\u0142a ju\u017c zrobiona rezerwacja w hotelu (poza obiektami U\u015a), nale\u017cy niezw\u0142ocznie odwo\u0142a\u0107 rezerwacj\u0119 w hotelu.<\/li>\n<\/ul>\n<p>&nbsp;<\/p>\n<ol start=\"3\">\n<li>W przypadku braku mo\u017cliwo\u015bci uzyskania zwrotu poniesionych wcze\u015bniej koszt\u00f3w, nale\u017cy niezw\u0142ocznie przekaza\u0107 do Dzia\u0142u Wsp\u00f3\u0142pracy z Zagranic\u0105 \u2013 Biura Rozlicze\u0144 Mobilno\u015bci Mi\u0119dzynarodowych ca\u0142\u0105 dokumentacj\u0105 podj\u0119tych stara\u0144 w celu odzyskania poniesionych wcze\u015bniej koszt\u00f3w zwi\u0105zanych z przyjazdem z zagranicy.<\/li>\n<\/ol>\n<p><strong>Dzia\u0142 Wsp\u00f3\u0142pracy z Zagranic\u0105<\/strong><\/p>\n<\/div>\r\n                    <\/div>\r\n                <\/div>[\/vc_column][\/vc_row]<\/p>","protected":false},"excerpt":{"rendered":"<p>[vc_row][vc_column][\/vc_column][\/vc_row][vc_row][vc_column][\/vc_column][\/vc_row] [&#8230;]<\/p>\n<p><a class=\"btn btn-secondary understrap-read-more-link\" href=\"https:\/\/us.edu.pl\/pracownik\/procedura-odwolania-lub-rezygnacji-z-przyjazdu-z-zagranicy-lub-przesuniecia-terminu-przyjazdu-w-zwiazku-z-aktualna-sytuacja-epidemiologiczna\/\">Read More&#8230;<\/a><\/p>\n","protected":false},"author":41,"featured_media":0,"parent":0,"menu_order":230,"comment_status":"closed","ping_status":"closed","template":"page-templates\/inner-page.php","meta":{"_expiration-date-status":"saved","_expiration-date":0,"_expiration-date-type":"","_expiration-date-categories":[],"_expiration-date-options":[]},"acf":[],"_links":{"self":[{"href":"https:\/\/us.edu.pl\/pracownik\/wp-json\/wp\/v2\/pages\/6589"}],"collection":[{"href":"https:\/\/us.edu.pl\/pracownik\/wp-json\/wp\/v2\/pages"}],"about":[{"href":"https:\/\/us.edu.pl\/pracownik\/wp-json\/wp\/v2\/types\/page"}],"author":[{"embeddable":true,"href":"https:\/\/us.edu.pl\/pracownik\/wp-json\/wp\/v2\/users\/41"}],"replies":[{"embeddable":true,"href":"https:\/\/us.edu.pl\/pracownik\/wp-json\/wp\/v2\/comments?post=6589"}],"version-history":[{"count":7,"href":"https:\/\/us.edu.pl\/pracownik\/wp-json\/wp\/v2\/pages\/6589\/revisions"}],"predecessor-version":[{"id":6617,"href":"https:\/\/us.edu.pl\/pracownik\/wp-json\/wp\/v2\/pages\/6589\/revisions\/6617"}],"wp:attachment":[{"href":"https:\/\/us.edu.pl\/pracownik\/wp-json\/wp\/v2\/media?parent=6589"}],"curies":[{"name":"wp","href":"https:\/\/api.w.org\/{rel}","templated":true}]}}