{"id":6603,"date":"2020-03-06T15:47:05","date_gmt":"2020-03-06T14:47:05","guid":{"rendered":"https:\/\/us.edu.pl\/pracownik\/?page_id=6603"},"modified":"2020-03-06T15:47:05","modified_gmt":"2020-03-06T14:47:05","slug":"komunikat-nr-1-przewodniczacego-zespolu-ds-zarzadzania-kryzysowego-zwiazku-z-covid-19","status":"publish","type":"page","link":"https:\/\/us.edu.pl\/pracownik\/komunikat-nr-1-przewodniczacego-zespolu-ds-zarzadzania-kryzysowego-zwiazku-z-covid-19\/","title":{"rendered":"Komunikat nr 1 przewodnicz\u0105cego zespo\u0142u ds. zarz\u0105dzania kryzysowego zwi\u0105zku z COVID-19"},"content":{"rendered":"<p>[vc_row][vc_column][\/vc_column][\/vc_row][vc_row][vc_column]\r\n                <div class=\"text-modules\">\r\n                    <div class=\"container\">\r\n                        \r\n                        <div class=\"text-modules__content\"><\/p>\n<p style=\"text-align: center\"><strong>Komunikat nr 1<br \/>\nprzewodnicz\u0105cego zespo\u0142u ds. zarz\u0105dzania kryzysowego zwi\u0105zku z wirusem COVID-19 <\/strong><\/p>\n<p>W zwi\u0105zku z rosn\u0105c\u0105 liczb\u0105 zachorowa\u0144 na wirusa COVID-19 w Europie, Ministerstwo Nauki i Szkolnictwa Wy\u017cszego wyda\u0142o rekomendacje dla jednostek szkolnictwa wy\u017cszego i nauki. Tre\u015b\u0107 rekomendacji jest dost\u0119pna na stronie: <a href=\"https:\/\/www.gov.pl\/web\/nauka\/rekomendacja-ministra-nauki-i-szkolnictwa-wyzszego-po-posiedzeniu-zespolu-do-spraw-koordynacji-dzialan-w-systemie-szkolnictwa-wyzszego-i-nauki-w-zwiazku-z-zagrozeniem-wystapienia-covid-19\">https:\/\/www.gov.pl\/web\/nauka\/rekomendacja-ministra-nauki-i-szkolnictwa-wyzszego-po-posiedzeniu-zespolu-do-spraw-koordynacji-dzialan-w-systemie-szkolnictwa-wyzszego-i-nauki-w-zwiazku-z-zagrozeniem-wystapienia-covid-19<\/a>.<\/p>\n<p>Ukaza\u0142a si\u0119 r\u00f3wnie\u017c informacja G\u0142\u00f3wnego Inspektora Sanitarnego dla uczelni w zwi\u0105zku<br \/>\nz potencjalnym ryzykiem zaka\u017cenia koronawirusem <a href=\"https:\/\/www.gov.pl\/web\/nauka\/informacja-glownego-inspektora-sanitarnego-dla-uczelni-w-zwiazku-z-potencjalnym-ryzykiem-zakazenia-koronawirusem\">https:\/\/www.gov.pl\/web\/nauka\/informacja-glownego-inspektora-sanitarnego-dla-uczelni-w-zwiazku-z-potencjalnym-ryzykiem-zakazenia-koronawirusem<\/a><\/p>\n<p>Podtrzymana jest decyzja JM Rektora o <strong>wstrzymaniu do odwo\u0142ania wyjazd\u00f3w i przyjazd\u00f3w do kraj\u00f3w wymienianych w bie\u017c\u0105cych komunikatach G\u0142\u00f3wnego Inspektoratu Sanitarnego<\/strong> (<a href=\"https:\/\/gis.gov.pl\/kategoria\/aktualnosci\/\">https:\/\/gis.gov.pl\/kategoria\/aktualnosci\/<\/a>). Obecnie zakaz obejmuje <strong>Chiny, Hongkong, Kore\u0119 Po\u0142udniow\u0105, W\u0142ochy, Iran i \u00a0Japoni\u0119<\/strong>. W przypadku wyjazd\u00f3w do Niemiec, Francji i Hiszpanii zalecane jest zachowanie szczeg\u00f3lnych \u015brodk\u00f3w ostro\u017cno\u015bci i unikanie du\u017cych skupisk ludzkich.<\/p>\n<p>Zgodnie z rekomendacj\u0105 MNiSW oraz GIS zaleca si\u0119 ograniczenie, do niezb\u0119dnego minimum, wymiany akademickiej i s\u0142u\u017cbowych wyjazd\u00f3w do innych kraj\u00f3w o ile jest taka mo\u017cliwo\u015b\u0107. \u00a0W \u00a0zwi\u0105zku z tym, osobom wyje\u017cd\u017caj\u0105cym, zw\u0142aszcza studentom, nale\u017cy pozostawi\u0107 w pe\u0142ni swobodn\u0105 decyzj\u0119 o realizacji lub rezygnacji z zaplanowanego wcze\u015bniej wyjazdu.<\/p>\n<p>Przed podj\u0119ciem decyzji o realizacji wyjazdu nale\u017cy bezwzgl\u0119dnie:<\/p>\n<ol>\n<li>W porozumieniu z bezpo\u015brednim prze\u0142o\u017conym rozwa\u017cy\u0107, czy dany wyjazd jest konieczny i czy mo\u017ce zosta\u0107 przesuni\u0119ty lub odwo\u0142any.<\/li>\n<li>Zapozna\u0107 si\u0119 z bie\u017c\u0105c\u0105 sytuacj\u0105 w danym kraju:\n<ol>\n<li>Komunikaty G\u0142\u00f3wnego Inspektoratu Sanitarnego <a href=\"https:\/\/gis.gov.pl\/kategoria\/aktualnosci\/\">https:\/\/gis.gov.pl\/kategoria\/aktualnosci\/<\/a>,<\/li>\n<li>Informacje Ministerstwa Spraw Zagranicznych <a href=\"https:\/\/www.gov.pl\/web\/dyplomacja\/informacje-dla-podrozujacych\">https:\/\/www.gov.pl\/web\/dyplomacja\/informacje-dla-podrozujacych<\/a>,<\/li>\n<\/ol>\n<\/li>\n<li>Zarejestrowa\u0107 sw\u00f3j wyjazd w bazie MSZ Odyseusz<\/li>\n<\/ol>\n<p><a href=\"https:\/\/odyseusz.msz.gov.pl\/\">https:\/\/odyseusz.msz.gov.pl\/<\/a><\/p>\n<ol start=\"4\">\n<li>Sprawdzi\u0107, czy zagraniczne wydarzenie (konferencja, warsztaty, itp.) nie zosta\u0142o odwo\u0142ane lub przesuni\u0119te.<\/li>\n<li>Sprawdzi\u0107, czy lot nie jest odwo\u0142any.<\/li>\n<li>Zaleca si\u0119 kupowanie bilet\u00f3w tak p\u00f3\u017ano, jak to mo\u017cliwe oraz kupowanie bilet\u00f3w z mo\u017cliwo\u015bci\u0105 zmiany terminu lub zwrotu biletu.<\/li>\n<li>Zaleca si\u0119 wyb\u00f3r zakwaterowania z mo\u017cliwo\u015bci\u0105 bezkosztowego odwo\u0142ania.<\/li>\n<\/ol>\n<p>W przypadku odwo\u0142ania lub przesuni\u0119cia terminu wyjazdu osoba wyje\u017cd\u017caj\u0105ca:<br \/>\njest zobowi\u0105zana do poinformowania Dzia\u0142u Wsp\u00f3\u0142pracy z Zagranic\u0105 i koordynatora projektu (je\u015bli dotyczy) oraz do\u0142o\u017cenia wszelkich stara\u0144, aby odzyska\u0107 poniesione koszty.<\/p>\n<p>Analogicznie nale\u017cy post\u0119powa\u0107 w odniesieniu do przyjazd\u00f3w z zagranicy.<\/p>\n<p>Prosimy o \u015bledzenie strony <a href=\"https:\/\/us.edu.pl\/informacje-i-komunikaty-w-sprawie-koronawirusa-sars-cov-2\/\">https:\/\/us.edu.pl\/informacje-i-komunikaty-w-sprawie-koronawirusa-sars-cov-2\/<\/a>, gdzie b\u0119d\u0105 zamieszczane bie\u017c\u0105ce informacje.<\/p>\n<p>&nbsp;<\/p>\n<p><em>dr hab. prof. U\u015a Tomasz Pietrzykowski<br \/>\nProrektor ds. wsp\u00f3\u0142pracy mi\u0119dzynarodowej i krajowej<br \/>\nPrzewodnicz\u0105cy zespo\u0142u ds. zarz\u0105dzania kryzysowego zwi\u0105zku z wirusem COVID-19<\/em><\/p>\n<p>\n<\/div>\r\n                    <\/div>\r\n                <\/div>[\/vc_column][\/vc_row]<\/p>","protected":false},"excerpt":{"rendered":"<p>[vc_row][vc_column][\/vc_column][\/vc_row][vc_row][vc_column][\/vc_column][\/vc_row] [&#8230;]<\/p>\n<p><a class=\"btn btn-secondary understrap-read-more-link\" href=\"https:\/\/us.edu.pl\/pracownik\/komunikat-nr-1-przewodniczacego-zespolu-ds-zarzadzania-kryzysowego-zwiazku-z-covid-19\/\">Read More&#8230;<\/a><\/p>\n","protected":false},"author":41,"featured_media":0,"parent":0,"menu_order":228,"comment_status":"closed","ping_status":"closed","template":"page-templates\/inner-page.php","meta":{"_expiration-date-status":"saved","_expiration-date":0,"_expiration-date-type":"","_expiration-date-categories":[],"_expiration-date-options":[]},"acf":[],"_links":{"self":[{"href":"https:\/\/us.edu.pl\/pracownik\/wp-json\/wp\/v2\/pages\/6603"}],"collection":[{"href":"https:\/\/us.edu.pl\/pracownik\/wp-json\/wp\/v2\/pages"}],"about":[{"href":"https:\/\/us.edu.pl\/pracownik\/wp-json\/wp\/v2\/types\/page"}],"author":[{"embeddable":true,"href":"https:\/\/us.edu.pl\/pracownik\/wp-json\/wp\/v2\/users\/41"}],"replies":[{"embeddable":true,"href":"https:\/\/us.edu.pl\/pracownik\/wp-json\/wp\/v2\/comments?post=6603"}],"version-history":[{"count":1,"href":"https:\/\/us.edu.pl\/pracownik\/wp-json\/wp\/v2\/pages\/6603\/revisions"}],"predecessor-version":[{"id":6604,"href":"https:\/\/us.edu.pl\/pracownik\/wp-json\/wp\/v2\/pages\/6603\/revisions\/6604"}],"wp:attachment":[{"href":"https:\/\/us.edu.pl\/pracownik\/wp-json\/wp\/v2\/media?parent=6603"}],"curies":[{"name":"wp","href":"https:\/\/api.w.org\/{rel}","templated":true}]}}