{"id":664,"date":"2019-09-19T14:45:32","date_gmt":"2019-09-19T12:45:32","guid":{"rendered":"http:\/\/php71.nfinity-beta.pl\/us\/pracownik\/?page_id=664"},"modified":"2024-08-21T10:24:16","modified_gmt":"2024-08-21T08:24:16","slug":"sprawy-ksiegowe","status":"publish","type":"page","link":"https:\/\/us.edu.pl\/pracownik\/procedury-i-obieg-dokumentow\/sprawy-finansowe-i-ksiegowe\/sprawy-ksiegowe\/","title":{"rendered":"Sprawy ksi\u0119gowe"},"content":{"rendered":"<p>[vc_row][vc_column]\r\n                <div class=\"text-modules\">\r\n                    <div class=\"container\">\r\n                        <h3 class=\"page-title text__title\">Sprawy ksi\u0119gowe<\/h3>\r\n                        <div class=\"text-modules__content\"><\/div>\r\n                    <\/div>\r\n                <\/div>[\/vc_column][\/vc_row][vc_row][vc_column]\r\n                <div class='sidebar_moduls sidebar_links color-blue' style='background-color: #EBEBEB'>\r\n                    <h3>Instrukcje<\/h3>\r\n                    <ul class='angle-list'>\r\n                    <li><a href=\"\/pracownik\/procedury-i-obieg-dokumentow\/sprawy-ksiegowe\/zasady-rozliczenia-drukow-scislego-zarachowania-w-systemie-sap\/\">Zasady rozliczenia druk\u00f3w \u015bcis\u0142ego zarachowania<\/a><\/li><li><a href=\"\/pracownik\/procedury-i-obieg-dokumentow\/sprawy-ksiegowe\/zmiany-w-sposobie-ewidencji-ksiegowej-w-systemie-sap\/\">Zmiany w sposobie ewidencji ksi\u0119gowej w systemie SAP<\/a><\/li><li><a href=\"\/pracownik\/procedury-i-obieg-dokumentow\/sprawy-ksiegowe\/tworzenie-wniosku-w-sap\/\">Tworzenie wniosku w SAP<\/a><\/li>\r\n                <\/ul>\r\n            <\/div>[\/vc_column][\/vc_row]<\/p>","protected":false},"excerpt":{"rendered":"<p>[vc_row][vc_column][\/vc_column][\/vc_row][vc_row][vc_column][\/vc_column][\/vc_row] [&#8230;]<\/p>\n<p><a class=\"btn btn-secondary understrap-read-more-link\" href=\"https:\/\/us.edu.pl\/pracownik\/procedury-i-obieg-dokumentow\/sprawy-finansowe-i-ksiegowe\/sprawy-ksiegowe\/\">Read More&#8230;<\/a><\/p>\n","protected":false},"author":1,"featured_media":0,"parent":26602,"menu_order":379,"comment_status":"closed","ping_status":"closed","template":"page-templates\/inner-page-with-bookmarks.php","meta":{"_expiration-date-status":"","_expiration-date":0,"_expiration-date-type":"","_expiration-date-categories":[],"_expiration-date-options":[]},"acf":[],"_links":{"self":[{"href":"https:\/\/us.edu.pl\/pracownik\/wp-json\/wp\/v2\/pages\/664"}],"collection":[{"href":"https:\/\/us.edu.pl\/pracownik\/wp-json\/wp\/v2\/pages"}],"about":[{"href":"https:\/\/us.edu.pl\/pracownik\/wp-json\/wp\/v2\/types\/page"}],"author":[{"embeddable":true,"href":"https:\/\/us.edu.pl\/pracownik\/wp-json\/wp\/v2\/users\/1"}],"replies":[{"embeddable":true,"href":"https:\/\/us.edu.pl\/pracownik\/wp-json\/wp\/v2\/comments?post=664"}],"version-history":[{"count":10,"href":"https:\/\/us.edu.pl\/pracownik\/wp-json\/wp\/v2\/pages\/664\/revisions"}],"predecessor-version":[{"id":19982,"href":"https:\/\/us.edu.pl\/pracownik\/wp-json\/wp\/v2\/pages\/664\/revisions\/19982"}],"up":[{"embeddable":true,"href":"https:\/\/us.edu.pl\/pracownik\/wp-json\/wp\/v2\/pages\/26602"}],"wp:attachment":[{"href":"https:\/\/us.edu.pl\/pracownik\/wp-json\/wp\/v2\/media?parent=664"}],"curies":[{"name":"wp","href":"https:\/\/api.w.org\/{rel}","templated":true}]}}