{"id":7026,"date":"2020-03-30T12:41:47","date_gmt":"2020-03-30T10:41:47","guid":{"rendered":"https:\/\/us.edu.pl\/pracownik\/?page_id=7026"},"modified":"2025-02-14T12:12:12","modified_gmt":"2025-02-14T11:12:12","slug":"eksploatacja-balonu-2","status":"publish","type":"page","link":"https:\/\/us.edu.pl\/pracownik\/procedury-i-obieg-dokumentow\/logistyka\/aktualne-umowy-dlugoterminowe\/eksploatacja-balonu-2\/","title":{"rendered":"Eksploatacja balonu"},"content":{"rendered":"<p>[vc_row][vc_column][\/vc_column][\/vc_row][vc_row][vc_column]\r\n                <div class=\"text-modules\">\r\n                    <div class=\"container\">\r\n                        <h3 class=\"page-title text__title\">Eksploatacja balonu<\/h3>\r\n                        <div class=\"text-modules__content\"><\/p>\n<h1><strong>Us\u0142ugi zwi\u0105zane z szeroko poj\u0119t\u0105 eksploatacj\u0105 balonu<\/strong><\/h1>\n<p><b><br \/>\n<strong>Loty balonem: naukowo-badawcze, szkoleniowe, dydaktyczne, promocyjne, na uwi\u0119zi, pe\u0142ny nadz\u00f3r techniczny i eksploatacyjny balonu wraz z jego transportem, przygotowanie balonu do udzia\u0142u w wystawach, przygotowanie dokument\u00f3w i prowadzenie ci\u0105g\u0142ej zdatno\u015bci do lotu statku powietrznego.<\/strong><\/b><\/p>\n<p>Umowa og\u00f3lnouczelniana; obowi\u0105zuje w terminie\u00a0<strong><i>od 23.01.2023. do 31.12.2026r.<\/i><\/strong><b><i><br \/>\n<\/i><\/b>lub do wcze\u015bniejszego wyczerpania kwoty przeznaczonej na realizacje zam\u00f3wienia.<\/p>\n<p>Wykonawca:\u00a0<strong>Firma us\u0142ugowo-Handlowa \u201eVIT&#8221; El\u017cbieta Filus, Witold Filus s.c.<\/strong><\/p>\n<p>Nr umowy:\u00a0<strong>DZP.381.086.2022.UGK z dnia 23.01.2023r.<\/strong><\/p>\n<p>&nbsp;<\/p>\n<p>Warunkiem wykonania us\u0142ugi, jest z\u0142o\u017cenie wniosku SAP w grupie: U60339500 z co najmniej dwutygodniowym wyprzedzeniem oraz dostarczenie jego podpisanej wersji papierowej do Sekcji Us\u0142ug DL.<\/p>\n<\/div>\r\n                    <\/div>\r\n                <\/div>[\/vc_column][\/vc_row]<\/p>","protected":false},"excerpt":{"rendered":"<p>[vc_row][vc_column][\/vc_column][\/vc_row][vc_row][vc_column][\/vc_column][\/vc_row] [&#8230;]<\/p>\n<p><a class=\"btn btn-secondary understrap-read-more-link\" href=\"https:\/\/us.edu.pl\/pracownik\/procedury-i-obieg-dokumentow\/logistyka\/aktualne-umowy-dlugoterminowe\/eksploatacja-balonu-2\/\">Read More&#8230;<\/a><\/p>\n","protected":false},"author":91,"featured_media":0,"parent":2268,"menu_order":224,"comment_status":"closed","ping_status":"closed","template":"page-templates\/inner-page-with-bookmarks.php","meta":{"_expiration-date-status":"","_expiration-date":0,"_expiration-date-type":"","_expiration-date-categories":[],"_expiration-date-options":[]},"acf":[],"_links":{"self":[{"href":"https:\/\/us.edu.pl\/pracownik\/wp-json\/wp\/v2\/pages\/7026"}],"collection":[{"href":"https:\/\/us.edu.pl\/pracownik\/wp-json\/wp\/v2\/pages"}],"about":[{"href":"https:\/\/us.edu.pl\/pracownik\/wp-json\/wp\/v2\/types\/page"}],"author":[{"embeddable":true,"href":"https:\/\/us.edu.pl\/pracownik\/wp-json\/wp\/v2\/users\/91"}],"replies":[{"embeddable":true,"href":"https:\/\/us.edu.pl\/pracownik\/wp-json\/wp\/v2\/comments?post=7026"}],"version-history":[{"count":5,"href":"https:\/\/us.edu.pl\/pracownik\/wp-json\/wp\/v2\/pages\/7026\/revisions"}],"predecessor-version":[{"id":32227,"href":"https:\/\/us.edu.pl\/pracownik\/wp-json\/wp\/v2\/pages\/7026\/revisions\/32227"}],"up":[{"embeddable":true,"href":"https:\/\/us.edu.pl\/pracownik\/wp-json\/wp\/v2\/pages\/2268"}],"wp:attachment":[{"href":"https:\/\/us.edu.pl\/pracownik\/wp-json\/wp\/v2\/media?parent=7026"}],"curies":[{"name":"wp","href":"https:\/\/api.w.org\/{rel}","templated":true}]}}