{"id":7183,"date":"2020-04-09T12:03:01","date_gmt":"2020-04-09T10:03:01","guid":{"rendered":"https:\/\/us.edu.pl\/pracownik\/?page_id=7183"},"modified":"2026-02-10T08:44:45","modified_gmt":"2026-02-10T07:44:45","slug":"7183-2","status":"publish","type":"page","link":"https:\/\/us.edu.pl\/pracownik\/sprawy-dydaktyczne\/rekrutacja-na-studia\/informacja-dla-wkr\/7183-2\/","title":{"rendered":"Formularze powo\u0142ania sk\u0142ad\u00f3w Wydzia\u0142owych Komisji Rekrutacyjnych"},"content":{"rendered":"<p>[vc_row][vc_column]\r\n                <div class=\"text-modules\">\r\n                    <div class=\"container\">\r\n                        <h3 class=\"page-title text__title\">Formularze powo\u0142ania sk\u0142ad\u00f3w Wydzia\u0142owych Komisji Rekrutacyjnych<\/h3>\r\n                        <div class=\"text-modules__content\"><\/p>\n<ul>\n<li><a href=\"https:\/\/us.edu.pl\/pracownik\/wp-content\/uploads\/sites\/2\/Editor\/sprawy-dydatktyczne\/rekrutacja\/WKR-2026\/druki-powolanie\/2026_02_04_110838_Malgorzata-Drenda-Piotrowska.pdf\" class=\"mtli_attachment mtli_pdf\" data-mtli=\"mtli_filesize916,07kB\" class=\"mtli_attachment mtli_pdf\" data-mtli=\"mtli_filesize916,07kB\"><strong>Pis<\/strong><strong>mo przew<\/strong><strong>odnie skierowane na wydzia\u0142y\u00a0<\/strong><\/a><\/li>\n<li><a href=\"https:\/\/us.edu.pl\/pracownik\/wp-content\/uploads\/sites\/2\/Editor\/sprawy-dydatktyczne\/rekrutacja\/WKR-2026\/druki-powolanie\/Ramowy-terminarz-rekrtuacji_na-studia-I-stop-i-jm_2026_2027.pdf\" class=\"mtli_attachment mtli_pdf\" data-mtli=\"mtli_filesize3,40MB\" class=\"mtli_attachment mtli_pdf\" data-mtli=\"mtli_filesize3,40MB\"><strong>Ramowy harmonogram rekrutacji 2026\/2027 &#8211; studia I stopnia i jednolite magisterskie<\/strong><\/a><\/li>\n<li><a href=\"https:\/\/us.edu.pl\/pracownik\/wp-content\/uploads\/sites\/2\/Editor\/sprawy-dydatktyczne\/rekrutacja\/WKR-2026\/druki-powolanie\/Ramowy-terminarz-rekrutacji_na-studia-II-stopnia_2026_2027.pdf\" class=\"mtli_attachment mtli_pdf\" data-mtli=\"mtli_filesize3,12MB\" class=\"mtli_attachment mtli_pdf\" data-mtli=\"mtli_filesize3,12MB\"><strong>Ramowy harmonogram rekrutacji 2026\/2027 &#8211; studia II stopnia<\/strong><\/a><\/li>\n<\/ul>\n<p>Zgodnie z postanowieniami uchwa\u0142y stosowne zarz\u0105dzenie powinno ukaza\u0107 si\u0119 w terminie do 31 marca br., w zwi\u0105zku z czym uprzejmie prosz\u0119 o przes\u0142anie drog\u0105 elektroniczn\u0105, wype\u0142nionego formularza\/formularzy na adres: <a href=\"mailto:miroslaw.gorgon@us.edu.pl\">miroslaw.gorgon@us.edu.pl<\/a> (Miros\u0142aw Gorgo\u0144, Dzia\u0142 Kszta\u0142cenia) <strong>w nieprzekraczalnym terminie <u>do 2 marca br<\/u><\/strong><u>.<\/u><\/p>\n<p><span style=\"color: #ff0000;\"><em>Prosz\u0119 o dopisanie zar\u00f3wno kierunku jak i sekretarza\/sekretarzy komisji, w przypadku nowego kierunku studi\u00f3w, kt\u00f3ry nie zosta\u0142 uj\u0119ty w formularzu. <\/em><\/span><\/p>\n<ol>\n<li>Rektor lub upowa\u017cniony przez niego prorektor, na wniosek dziekana wydzia\u0142u albo Dyrektora Kolegium ISM, w terminie do 31 marca 2026 r., powo\u0142uje WKR na danym wydziale oraz Kolegium ISM :<\/li>\n<\/ol>\n<ul>\n<li style=\"list-style-type: none;\">\n<ul>\n<li><strong>na Wydziale Humanistycznym<\/strong>\n<ul>\n<li><a href=\"https:\/\/us.edu.pl\/pracownik\/wp-content\/uploads\/sites\/2\/Editor\/sprawy-dydatktyczne\/rekrutacja\/WKR-2026\/druki-powolanie\/Wydzial-Humanistyczny.xlsx\" class=\"mtli_attachment mtli_xlsx\" data-mtli=\"mtli_filesize18,03kB\" class=\"mtli_attachment mtli_xlsx\" data-mtli=\"mtli_filesize18,03kB\">formularz WH<\/a><\/li>\n<\/ul>\n<\/li>\n<li><strong>na Wydziale Nauk Przyrodniczych<\/strong>\n<ul>\n<li><a href=\"https:\/\/us.edu.pl\/pracownik\/wp-content\/uploads\/sites\/2\/Editor\/sprawy-dydatktyczne\/rekrutacja\/WKR-2026\/druki-powolanie\/Wydzial-Nauk-Przyrodniczych.xlsx\" class=\"mtli_attachment mtli_xlsx\" data-mtli=\"mtli_filesize12,60kB\" class=\"mtli_attachment mtli_xlsx\" data-mtli=\"mtli_filesize12,60kB\">formularz WNP<\/a><\/li>\n<\/ul>\n<\/li>\n<li><strong>na Wydziale Nauk Spo\u0142ecznych<\/strong>\n<ul>\n<li><a href=\"https:\/\/us.edu.pl\/pracownik\/wp-content\/uploads\/sites\/2\/Editor\/sprawy-dydatktyczne\/rekrutacja\/WKR-2026\/druki-powolanie\/Wydzial-Nauk-Spolecznych.xlsx\" class=\"mtli_attachment mtli_xlsx\" data-mtli=\"mtli_filesize14,37kB\" class=\"mtli_attachment mtli_xlsx\" data-mtli=\"mtli_filesize14,37kB\">formularz WNS<\/a><\/li>\n<\/ul>\n<\/li>\n<li><strong>na Wydziale Nauk \u015acis\u0142ych i Technicznych<\/strong>\n<ul>\n<li><a href=\"https:\/\/us.edu.pl\/pracownik\/wp-content\/uploads\/sites\/2\/Editor\/sprawy-dydatktyczne\/rekrutacja\/WKR-2026\/druki-powolanie\/Wydzial-Nauk-Scislych-i-Technicznych.xlsx\" class=\"mtli_attachment mtli_xlsx\" data-mtli=\"mtli_filesize14,39kB\" class=\"mtli_attachment mtli_xlsx\" data-mtli=\"mtli_filesize14,39kB\">formularz WNSiT<\/a><\/li>\n<\/ul>\n<\/li>\n<li><strong>na Wydziale Prawa i Administracji<\/strong>;\n<ul>\n<li><a href=\"https:\/\/us.edu.pl\/pracownik\/wp-content\/uploads\/sites\/2\/Editor\/sprawy-dydatktyczne\/rekrutacja\/WKR-2026\/druki-powolanie\/Wydzial-Prawa-i-Administracji.xlsx\" class=\"mtli_attachment mtli_xlsx\" data-mtli=\"mtli_filesize11,69kB\" class=\"mtli_attachment mtli_xlsx\" data-mtli=\"mtli_filesize11,69kB\">formularz WPiA<\/a><\/li>\n<\/ul>\n<\/li>\n<li><strong>na Wydziale Sztuki i Nauk o Edukacji<\/strong>;\n<ul>\n<li><a href=\"https:\/\/us.edu.pl\/pracownik\/wp-content\/uploads\/sites\/2\/Editor\/sprawy-dydatktyczne\/rekrutacja\/WKR-2026\/druki-powolanie\/Wydzial-Sztuki-i-Edukacji.xlsx\" class=\"mtli_attachment mtli_xlsx\" data-mtli=\"mtli_filesize13,34kB\" class=\"mtli_attachment mtli_xlsx\" data-mtli=\"mtli_filesize13,34kB\">formularz WSiNoE<\/a><\/li>\n<\/ul>\n<\/li>\n<li><strong>na Wydziale Teologicznym<\/strong>;\n<ul>\n<li><a href=\"https:\/\/us.edu.pl\/pracownik\/wp-content\/uploads\/sites\/2\/Editor\/sprawy-dydatktyczne\/rekrutacja\/WKR-2026\/druki-powolanie\/Wydzial-Teologiczny.xlsx\" class=\"mtli_attachment mtli_xlsx\" data-mtli=\"mtli_filesize11,68kB\" class=\"mtli_attachment mtli_xlsx\" data-mtli=\"mtli_filesize11,68kB\">formularz WTL<\/a><\/li>\n<\/ul>\n<\/li>\n<li><strong>dla Szko\u0142y Filmowej im K. Kie\u015blowskiego<\/strong>;\n<ul>\n<li><a href=\"https:\/\/us.edu.pl\/pracownik\/wp-content\/uploads\/sites\/2\/Editor\/sprawy-dydatktyczne\/rekrutacja\/WKR-2026\/druki-powolanie\/Szkola-Filmowa.xlsx\" class=\"mtli_attachment mtli_xlsx\" data-mtli=\"mtli_filesize12,17kB\" class=\"mtli_attachment mtli_xlsx\" data-mtli=\"mtli_filesize12,17kB\">formularz Szkol.Fil.<\/a><\/li>\n<\/ul>\n<\/li>\n<li><strong>dla Kolegium ISM<\/strong>.\n<ul>\n<li><a href=\"https:\/\/us.edu.pl\/pracownik\/wp-content\/uploads\/sites\/2\/Editor\/sprawy-dydatktyczne\/rekrutacja\/WKR-2026\/druki-powolanie\/KISM.xlsx\" class=\"mtli_attachment mtli_xlsx\" data-mtli=\"mtli_filesize11,57kB\" class=\"mtli_attachment mtli_xlsx\" data-mtli=\"mtli_filesize11,57kB\">formularz ISM<\/a><\/li>\n<\/ul>\n<\/li>\n<\/ul>\n<\/li>\n<\/ul>\n<p><strong>Wszystkie tury rekrutacji na semestr zimowy oraz letni przeprowadza ta sama WKR.<\/strong><\/p>\n<ol start=\"2\">\n<li><strong>W sk\u0142ad WKR wchodz\u0105<\/strong>:\n<ul>\n<li><strong>przewodnicz\u0105cy WKR<\/strong>, kt\u00f3rym jest dziekan wydzia\u0142u albo upowa\u017cniony przez niego nauczyciel akademicki posiadaj\u0105cy co najmniej stopie\u0144 naukowy doktora;<\/li>\n<li><strong>zast\u0119pca przewodnicz\u0105cego WKR<\/strong> \u2014 kt\u00f3rym jest upowa\u017cniony przez dziekana wydzia\u0142u nauczyciel akademicki posiadaj\u0105cy co najmniej stopie\u0144 naukowy doktora;<\/li>\n<li><strong>cz\u0142onek ds. \u015bwiadectw i dyplom\u00f3w zagranicznych<\/strong> \u2014 powo\u0142any spo\u015br\u00f3d pracownik\u00f3w Uniwersytetu je\u017celi cz\u0142onek posiada co najmniej stopie\u0144 naukowy doktora, uczestniczy w pracach komisji z prawem g\u0142osu;<\/li>\n<li><strong>sekretarze<\/strong> \u2014 powo\u0142ani spo\u015br\u00f3d pracownik\u00f3w Uniwersytetu. Liczba sekretarzy uzale\u017cniona jest od liczby kierunk\u00f3w prowadz\u0105cych rekrutacj\u0119 oraz przewidywanej liczby kandydat\u00f3w na dany kierunek, poziom i form\u0119 studi\u00f3w. Sekretarze bior\u0105 udzia\u0142 w pracach komisji bez prawa g\u0142osowania. Je\u017celi sekretarz posiada co najmniej stopie\u0144 naukowy doktora, uczestniczy w pracach komisji z\u00a0prawem g\u0142osu.<\/li>\n<li>przy czym <strong>w sk\u0142adzie WKR musz\u0105 znale\u017a\u0107 si\u0119 co najmniej trzy osoby posiadaj\u0105ce prawo g\u0142osu.<\/strong><\/li>\n<\/ul>\n<\/li>\n<li>W zakresie zada\u0144 <strong>jednego z cz\u0142onk\u00f3w WKR ( cz\u0142onek ds. dyplom\u00f3w i \u015bwiadectw zagranicznych) b\u0119dzie dopuszczanie do post\u0119powania kwalifikacyjnego kandydat\u00f3w, w tym cudzoziemc\u00f3w<\/strong>,<strong> legitymuj\u0105cych si\u0119 \u015bwiadectwem lub dyplomem wydanym za granic\u0105. <\/strong>Wskazany cz\u0142onek WKR b\u0119dzie mia\u0142 mo\u017cliwo\u015b\u0107 konsultowania z Biurem Rekrutacji Cudzoziemc\u00f3w, m. in.:<\/li>\n<\/ol>\n<ul>\n<li style=\"list-style-type: none;\">\n<ol>\n<li>czy posiadane przez kandydata dokumenty edukacyjne uprawniaj\u0105 go do podj\u0119cia studi\u00f3w;<\/li>\n<li>innych spraw formalnych zwi\u0105zanych z podejmowaniem przez cudzoziemc\u00f3w studi\u00f3w w Polsce.<\/li>\n<\/ol>\n<\/li>\n<\/ul>\n<p><strong>Egzaminatorzy. <\/strong><\/p>\n<p>Egzaminator\u00f3w do przeprowadzenia post\u0119powania kwalifikacyjnego na tych kierunkach, kt\u00f3re przewiduj\u0105 egzaminy praktyczne, pisemne, ustne czy rozmowy kwalifikacyjne b\u0105d\u017a kompetencyjne, powo\u0142uj\u0105 z upowa\u017cnienia Rektora dziekani i odpowiednio Dyrektor ISM.<\/p>\n<style type=\"text\/css\">a[data-mtli~=\"mtli_filesize916,07kB\"]:after {content:\" (916,07 kB)\"}a[data-mtli~=\"mtli_filesize3,40MB\"]:after {content:\" (3,40 MB)\"}a[data-mtli~=\"mtli_filesize3,12MB\"]:after {content:\" (3,12 MB)\"}a[data-mtli~=\"mtli_filesize18,03kB\"]:after {content:\" (18,03 kB)\"}a[data-mtli~=\"mtli_filesize12,60kB\"]:after {content:\" (12,60 kB)\"}a[data-mtli~=\"mtli_filesize14,37kB\"]:after {content:\" (14,37 kB)\"}a[data-mtli~=\"mtli_filesize14,39kB\"]:after {content:\" (14,39 kB)\"}a[data-mtli~=\"mtli_filesize11,69kB\"]:after {content:\" (11,69 kB)\"}a[data-mtli~=\"mtli_filesize13,34kB\"]:after {content:\" (13,34 kB)\"}a[data-mtli~=\"mtli_filesize11,68kB\"]:after {content:\" (11,68 kB)\"}a[data-mtli~=\"mtli_filesize12,17kB\"]:after {content:\" (12,17 kB)\"}a[data-mtli~=\"mtli_filesize11,57kB\"]:after {content:\" (11,57 kB)\"}<\/style><\/div>\r\n                    <\/div>\r\n                <\/div>[\/vc_column][\/vc_row]<\/p>\n<style type=\"text\/css\">a[data-mtli~=\"mtli_filesize916,07kB\"]:after {content:\" (916,07 kB)\"}a[data-mtli~=\"mtli_filesize3,40MB\"]:after {content:\" (3,40 MB)\"}a[data-mtli~=\"mtli_filesize3,12MB\"]:after {content:\" (3,12 MB)\"}a[data-mtli~=\"mtli_filesize18,03kB\"]:after {content:\" (18,03 kB)\"}a[data-mtli~=\"mtli_filesize12,60kB\"]:after {content:\" (12,60 kB)\"}a[data-mtli~=\"mtli_filesize14,37kB\"]:after {content:\" (14,37 kB)\"}a[data-mtli~=\"mtli_filesize14,39kB\"]:after {content:\" (14,39 kB)\"}a[data-mtli~=\"mtli_filesize11,69kB\"]:after {content:\" (11,69 kB)\"}a[data-mtli~=\"mtli_filesize13,34kB\"]:after {content:\" (13,34 kB)\"}a[data-mtli~=\"mtli_filesize11,68kB\"]:after {content:\" (11,68 kB)\"}a[data-mtli~=\"mtli_filesize12,17kB\"]:after {content:\" (12,17 kB)\"}a[data-mtli~=\"mtli_filesize11,57kB\"]:after {content:\" (11,57 kB)\"}<\/style>","protected":false},"excerpt":{"rendered":"<p>[vc_row][vc_column][\/vc_column][\/vc_row] [&#8230;]<\/p>\n<p><a class=\"btn btn-secondary understrap-read-more-link\" href=\"https:\/\/us.edu.pl\/pracownik\/sprawy-dydaktyczne\/rekrutacja-na-studia\/informacja-dla-wkr\/7183-2\/\">Read More&#8230;<\/a><\/p>\n","protected":false},"author":31,"featured_media":0,"parent":3785,"menu_order":223,"comment_status":"closed","ping_status":"closed","template":"page-templates\/inner-page.php","meta":{"_expiration-date-status":"saved","_expiration-date":0,"_expiration-date-type":"","_expiration-date-categories":[],"_expiration-date-options":[]},"acf":[],"_links":{"self":[{"href":"https:\/\/us.edu.pl\/pracownik\/wp-json\/wp\/v2\/pages\/7183"}],"collection":[{"href":"https:\/\/us.edu.pl\/pracownik\/wp-json\/wp\/v2\/pages"}],"about":[{"href":"https:\/\/us.edu.pl\/pracownik\/wp-json\/wp\/v2\/types\/page"}],"author":[{"embeddable":true,"href":"https:\/\/us.edu.pl\/pracownik\/wp-json\/wp\/v2\/users\/31"}],"replies":[{"embeddable":true,"href":"https:\/\/us.edu.pl\/pracownik\/wp-json\/wp\/v2\/comments?post=7183"}],"version-history":[{"count":10,"href":"https:\/\/us.edu.pl\/pracownik\/wp-json\/wp\/v2\/pages\/7183\/revisions"}],"predecessor-version":[{"id":42256,"href":"https:\/\/us.edu.pl\/pracownik\/wp-json\/wp\/v2\/pages\/7183\/revisions\/42256"}],"up":[{"embeddable":true,"href":"https:\/\/us.edu.pl\/pracownik\/wp-json\/wp\/v2\/pages\/3785"}],"wp:attachment":[{"href":"https:\/\/us.edu.pl\/pracownik\/wp-json\/wp\/v2\/media?parent=7183"}],"curies":[{"name":"wp","href":"https:\/\/api.w.org\/{rel}","templated":true}]}}