{"id":7400,"date":"2020-04-27T14:05:10","date_gmt":"2020-04-27T12:05:10","guid":{"rendered":"https:\/\/us.edu.pl\/pracownik\/?page_id=7400"},"modified":"2020-04-27T14:07:17","modified_gmt":"2020-04-27T12:07:17","slug":"spolka-celowa-uczelni-spin-us","status":"publish","type":"page","link":"https:\/\/us.edu.pl\/pracownik\/sprawy-naukowe\/komercjalizacja\/spolka-celowa-uczelni-spin-us\/","title":{"rendered":"Sp\u00f3\u0142ka celowa Uczelni \u2013 SPIN-US"},"content":{"rendered":"<p>[vc_row][vc_column][\/vc_column][\/vc_row][vc_row][vc_column]\r\n                <div class=\"text-modules\">\r\n                    <div class=\"container\">\r\n                        <h3 class=\"page-title text__title\">Sp\u00f3\u0142ka celowa Uczelni \u2013 SPIN-US<\/h3>\r\n                        <div class=\"text-modules__content\"><\/p>\n<p style=\"font-weight: 400\">Dostrzegalna w ostatnich latach potrzeba komercjalizacji wynik\u00f3w bada\u0144 naukowych, prac rozwojowych i technologii powsta\u0142ych na Uniwersytecie \u015al\u0105skim wp\u0142yn\u0119\u0142a na powo\u0142anie do \u017cycia w 2014 roku sp\u00f3\u0142ki celowej Uniwersytetu \u015al\u0105skiego \u2013 SPIN-US Sp. z o.o. Jej najwa\u017cniejszym zadaniem jest pomoc w transferze wiedzy pomi\u0119dzy Uczelni\u0105 a gospodark\u0105 poprzez budowanie wsp\u00f3\u0142pracy pomi\u0119dzy tymi \u015brodowiskami. We wsp\u00f3\u0142pracy z uczonymi, brokerami oraz przedstawicielami podmiot\u00f3w gospodarczych sp\u00f3\u0142ka inicjuje wdra\u017canie innowacyjnych rozwi\u0105za\u0144 z wielu dziedzin i bran\u017c.<\/p>\n<p style=\"font-weight: 400\">Do jej zada\u0144 nale\u017cy: komercjalizacja wiedzy i technologii, projektowanie oraz wytwarzanie we wsp\u00f3\u0142pracy z naukowcami U\u015a aparatury naukowo-badawczej na potrzeby innych jednostek, przeszukiwanie baz patentowych oraz tworzenie raport\u00f3w na temat stanu techniki w danym obszarze technologicznym. W ramach sp\u00f3\u0142ki powsta\u0142 uczelniany fundusz inwestycyjny. Infrastruktura laboratoryjna oraz wykwalifikowana kadra naukowa s\u0105 wykorzystywane do realizacji us\u0142ug na zlecenie podmiot\u00f3w zewn\u0119trznych. SPIN-US ma tak\u017ce bogat\u0105 ofert\u0119 szkole\u0144.<\/p>\n<p style=\"font-weight: 400\">SPIN-US prowadzi aktywn\u0105 wsp\u00f3\u0142prac\u0119 z otoczeniem biznesowym poprzez realizacj\u0119 bada\u0144 na zlecenie przemys\u0142u. Odbiorcami us\u0142ug realizowanych przez sp\u00f3\u0142k\u0119, przy udziale wyspecjalizowanych ekspert\u00f3w Uniwersytetu \u015al\u0105skiego, s\u0105 przedstawiciele wielu bran\u017c: energetycznej, chemicznej, wydobywczej, automotive oraz wielu innych.<\/p>\n<p style=\"font-weight: 400\">Szczeg\u00f3\u0142owe informacje na temat dzia\u0142alno\u015bci i oferty sp\u00f3\u0142ki SPIN-US dost\u0119pne s\u0105 na stronie:\u00a0<a href=\"http:\/\/www.spinus.pl\/\" target=\"_blank\" rel=\"noopener noreferrer\">www.spinus.pl<\/a><\/p>\n<p>&nbsp;<\/p>\n<ul>\n<li style=\"font-weight: 400\"><strong><em><a href=\"https:\/\/us.edu.pl\/pracownik\/wp-content\/uploads\/sites\/2\/Editor\/sprawy-naukowe\/Strategia-Uczelni.pdf\" class=\"mtli_attachment mtli_pdf\" data-mtli=\"mtli_filesize1,53MB\" class=\"mtli_attachment mtli_pdf\" data-mtli=\"mtli_filesize1,53MB\" target=\"_blank\" rel=\"noopener noreferrer\">Pismo Prorektora ds. Wsp\u00f3\u0142pracy Mi\u0119dzynarodowej i Krajowej dotycz\u0105ce uj\u0119cia dzia\u0142alno\u015bci wykonywanej przez sp\u00f3\u0142k\u0119 celow\u0105 w ewaluacji jako\u015bci dzia\u0142alno\u015bci naukowej<\/a><\/em><\/strong><\/li>\n<\/ul>\n<p>\n<style type=\"text\/css\">a[data-mtli~=\"mtli_filesize1,53MB\"]:after {content:\" (1,53 MB)\"}<\/style><\/div>\r\n                    <\/div>\r\n                <\/div>[\/vc_column][\/vc_row]<\/p>\n<style type=\"text\/css\">a[data-mtli~=\"mtli_filesize1,53MB\"]:after {content:\" (1,53 MB)\"}<\/style>","protected":false},"excerpt":{"rendered":"<p>[vc_row][vc_column][\/vc_column][\/vc_row][vc_row][vc_column][\/vc_column][\/vc_row] [&#8230;]<\/p>\n<p><a class=\"btn btn-secondary understrap-read-more-link\" href=\"https:\/\/us.edu.pl\/pracownik\/sprawy-naukowe\/komercjalizacja\/spolka-celowa-uczelni-spin-us\/\">Read More&#8230;<\/a><\/p>\n","protected":false},"author":41,"featured_media":0,"parent":971,"menu_order":221,"comment_status":"closed","ping_status":"closed","template":"page-templates\/inner-page.php","meta":{"_expiration-date-status":"saved","_expiration-date":0,"_expiration-date-type":"","_expiration-date-categories":[],"_expiration-date-options":[]},"acf":[],"_links":{"self":[{"href":"https:\/\/us.edu.pl\/pracownik\/wp-json\/wp\/v2\/pages\/7400"}],"collection":[{"href":"https:\/\/us.edu.pl\/pracownik\/wp-json\/wp\/v2\/pages"}],"about":[{"href":"https:\/\/us.edu.pl\/pracownik\/wp-json\/wp\/v2\/types\/page"}],"author":[{"embeddable":true,"href":"https:\/\/us.edu.pl\/pracownik\/wp-json\/wp\/v2\/users\/41"}],"replies":[{"embeddable":true,"href":"https:\/\/us.edu.pl\/pracownik\/wp-json\/wp\/v2\/comments?post=7400"}],"version-history":[{"count":2,"href":"https:\/\/us.edu.pl\/pracownik\/wp-json\/wp\/v2\/pages\/7400\/revisions"}],"predecessor-version":[{"id":7403,"href":"https:\/\/us.edu.pl\/pracownik\/wp-json\/wp\/v2\/pages\/7400\/revisions\/7403"}],"up":[{"embeddable":true,"href":"https:\/\/us.edu.pl\/pracownik\/wp-json\/wp\/v2\/pages\/971"}],"wp:attachment":[{"href":"https:\/\/us.edu.pl\/pracownik\/wp-json\/wp\/v2\/media?parent=7400"}],"curies":[{"name":"wp","href":"https:\/\/api.w.org\/{rel}","templated":true}]}}