{"id":7405,"date":"2020-04-27T14:14:24","date_gmt":"2020-04-27T12:14:24","guid":{"rendered":"https:\/\/us.edu.pl\/pracownik\/?page_id=7405"},"modified":"2020-04-28T09:01:18","modified_gmt":"2020-04-28T07:01:18","slug":"komercjalizacja-wynikow-badan-naukowych-i-prac-rozwojowych","status":"publish","type":"page","link":"https:\/\/us.edu.pl\/pracownik\/sprawy-naukowe\/komercjalizacja\/komercjalizacja-wynikow-badan-naukowych-i-prac-rozwojowych\/","title":{"rendered":"Komercjalizacja wynik\u00f3w bada\u0144 naukowych i prac rozwojowych"},"content":{"rendered":"<p>[vc_row][vc_column][\/vc_column][\/vc_row][vc_row][vc_column]\r\n                <div class=\"text-modules\">\r\n                    <div class=\"container\">\r\n                        <h3 class=\"page-title text__title\">Komercjalizacja wynik\u00f3w bada\u0144 naukowych i prac rozwojowych<\/h3>\r\n                        <div class=\"text-modules__content\"><p>Komercjalizacja wynik\u00f3w bada\u0144 naukowych i prac rozwojowych\u00a0 to wszelkie dzia\u0142ania polegaj\u0105ce na wykorzystywaniu i udost\u0119pnianiu wynik\u00f3w bada\u0144 naukowych i prac rozwojowych\u00a0 w taki spos\u00f3b, aby umo\u017cliwia\u0142o to osi\u0105ganie korzy\u015bci finansowych na zasadach rynkowych.<\/p>\n<p>&nbsp;<\/p>\n<p><strong>Rodzaje komercjalizacji:<\/strong><\/p>\n<p>&nbsp;<\/p>\n<ul>\n<li><strong>komercjalizacja bezpo\u015brednia<\/strong> jest wykonywana bezpo\u015brednio przez Uczelni\u0119 i polega na sprzeda\u017cy wynik\u00f3w dzia\u0142alno\u015bci naukowej lub know-how zwi\u0105zanego z tymi wynikami albo oddawaniu do u\u017cywania tych wynik\u00f3w lub know-how, w szczeg\u00f3lno\u015bci na podstawie umowy licencyjnej, najmu oraz dzier\u017cawy stronom trzecim,<\/li>\n<\/ul>\n<p>&nbsp;<\/p>\n<ul>\n<li><strong>komercjalizacja po\u015brednia<\/strong> jest wykonywana przez sp\u00f3\u0142k\u0119 celow\u0105 Uczelni i polega na obejmowaniu lub nabywaniu udzia\u0142\u00f3w lub akcji w sp\u00f3\u0142kach lub obejmowaniu warrant\u00f3w subskrypcyjnych uprawniaj\u0105cych do zapisu lub obj\u0119cia akcji w sp\u00f3\u0142kach, w celu wdro\u017cenia lub przygotowania do wdro\u017cenia wynik\u00f3w dzia\u0142alno\u015bci naukowej lub know-how zwi\u0105zanego z tymi wynikami.<\/li>\n<\/ul>\n<p><a href=\"https:\/\/us.edu.pl\/pracownik\/wp-content\/uploads\/sites\/2\/Editor\/sprawy-naukowe\/grafika-komercjalizacja.pdf\" class=\"mtli_attachment mtli_pdf\" data-mtli=\"mtli_filesize55,09kB\" class=\"mtli_attachment mtli_pdf\" data-mtli=\"mtli_filesize55,09kB\" target=\"_blank\" rel=\"noopener noreferrer\">Schemat komercjalizacji wynik\u00f3w prac badawczych<\/a><\/p>\n<p>&nbsp;<\/p>\n<p><img class=\"alignnone wp-image-7416\" src=\"https:\/\/us.edu.pl\/pracownik\/wp-content\/uploads\/sites\/2\/Editor\/sprawy-naukowe\/obraz-2-300x252.jpg\" alt=\"\" width=\"643\" height=\"540\" srcset=\"https:\/\/us.edu.pl\/pracownik\/wp-content\/uploads\/sites\/2\/Editor\/sprawy-naukowe\/obraz-2-300x252.jpg 300w, https:\/\/us.edu.pl\/pracownik\/wp-content\/uploads\/sites\/2\/Editor\/sprawy-naukowe\/obraz-2-575x484.jpg 575w, https:\/\/us.edu.pl\/pracownik\/wp-content\/uploads\/sites\/2\/Editor\/sprawy-naukowe\/obraz-2.jpg 641w\" sizes=\"(max-width: 643px) 100vw, 643px\" \/><\/p>\n<p>&nbsp;<\/p>\n<p>Wsp\u00f3\u0142praca Uniwersytetu \u015al\u0105skiego z otoczeniem spo\u0142eczno-gospodarczym realizowana jest od lat w r\u00f3\u017cnorodnej formule. Obejmuje ona m.in. transfer wiedzy i technologii do gospodarki, realizacj\u0119 projekt\u00f3w badawczo-rozwojowych, realizacj\u0119 prac zleconych (us\u0142ug badawczych, opinii i ekspertyz), jak te\u017c podejmowanie szeregu inicjatyw maj\u0105cych na celu popularyzacj\u0119 nauki, promowanie idei przedsi\u0119biorczo\u015bci w \u015brodowisku akademickim i tworzenie sieci wsp\u00f3\u0142pracy.<\/p>\n<p>Biuro Wsp\u00f3\u0142pracy z Gospodark\u0105 wykonuje zadania z zakresu komercjalizacji bezpo\u015bredniej. Ponadto BWG zajmuje si\u0119 rozwijaniem wsp\u00f3\u0142pracy z przedsi\u0119biorcami, instytucjami otoczenia biznesu oraz jednostkami samorz\u0105du terytorialnego oraz promuje osi\u0105gni\u0119cia Uczelni i jej ofert\u0119 naukowo-badawcz\u0105 m.in. w trakcie targ\u00f3w, kongres\u00f3w i imprez bran\u017cowych. Wsp\u00f3\u0142praca na linii nauka-biznes realizowana jest tak\u017ce poprzez organizacj\u0119 \u015bniada\u0144 biznesowych, spotka\u0144 typu science to business oraz wizyt studyjnych, kt\u00f3re umo\u017cliwiaj\u0105 prezentacj\u0119 obszar\u00f3w dzia\u0142alno\u015bci i potencja\u0142u zespo\u0142\u00f3w naukowych.<\/p>\n<style type=\"text\/css\">a[data-mtli~=\"mtli_filesize55,09kB\"]:after {content:\" (55,09 kB)\"}<\/style><\/div>\r\n                    <\/div>\r\n                <\/div>[\/vc_column][\/vc_row]<\/p>\n<style type=\"text\/css\">a[data-mtli~=\"mtli_filesize55,09kB\"]:after {content:\" (55,09 kB)\"}<\/style>","protected":false},"excerpt":{"rendered":"<p>[vc_row][vc_column][\/vc_column][\/vc_row][vc_row][vc_column][\/vc_column][\/vc_row] [&#8230;]<\/p>\n<p><a class=\"btn btn-secondary understrap-read-more-link\" href=\"https:\/\/us.edu.pl\/pracownik\/sprawy-naukowe\/komercjalizacja\/komercjalizacja-wynikow-badan-naukowych-i-prac-rozwojowych\/\">Read More&#8230;<\/a><\/p>\n","protected":false},"author":41,"featured_media":0,"parent":971,"menu_order":220,"comment_status":"closed","ping_status":"closed","template":"page-templates\/inner-page-with-bookmarks.php","meta":{"_expiration-date-status":"saved","_expiration-date":0,"_expiration-date-type":"","_expiration-date-categories":[],"_expiration-date-options":[]},"acf":[],"_links":{"self":[{"href":"https:\/\/us.edu.pl\/pracownik\/wp-json\/wp\/v2\/pages\/7405"}],"collection":[{"href":"https:\/\/us.edu.pl\/pracownik\/wp-json\/wp\/v2\/pages"}],"about":[{"href":"https:\/\/us.edu.pl\/pracownik\/wp-json\/wp\/v2\/types\/page"}],"author":[{"embeddable":true,"href":"https:\/\/us.edu.pl\/pracownik\/wp-json\/wp\/v2\/users\/41"}],"replies":[{"embeddable":true,"href":"https:\/\/us.edu.pl\/pracownik\/wp-json\/wp\/v2\/comments?post=7405"}],"version-history":[{"count":6,"href":"https:\/\/us.edu.pl\/pracownik\/wp-json\/wp\/v2\/pages\/7405\/revisions"}],"predecessor-version":[{"id":7419,"href":"https:\/\/us.edu.pl\/pracownik\/wp-json\/wp\/v2\/pages\/7405\/revisions\/7419"}],"up":[{"embeddable":true,"href":"https:\/\/us.edu.pl\/pracownik\/wp-json\/wp\/v2\/pages\/971"}],"wp:attachment":[{"href":"https:\/\/us.edu.pl\/pracownik\/wp-json\/wp\/v2\/media?parent=7405"}],"curies":[{"name":"wp","href":"https:\/\/api.w.org\/{rel}","templated":true}]}}