{"id":773,"date":"2019-09-20T12:15:20","date_gmt":"2019-09-20T10:15:20","guid":{"rendered":"http:\/\/php71.nfinity-beta.pl\/us\/pracownik\/?page_id=773"},"modified":"2026-03-09T15:10:06","modified_gmt":"2026-03-09T14:10:06","slug":"instytucjonalne-skladki-czlonkowskie","status":"publish","type":"page","link":"https:\/\/us.edu.pl\/pracownik\/sprawy-miedzynarodowe\/oplaty-i-skladki-miedzynarodowe\/instytucjonalne-skladki-czlonkowskie\/","title":{"rendered":"Instytucjonalne sk\u0142adki cz\u0142onkowskie"},"content":{"rendered":"<p>[vc_row][vc_column]\r\n                <div class=\"text-modules\">\r\n                    <div class=\"container\">\r\n                        <h3 class=\"page-title text__title\">Instytucjonalne sk\u0142adki cz\u0142onkowskie<\/h3>\r\n                        <div class=\"text-modules__content\"><p><strong>Procedura op\u0142acania <u>instytucjonalnych<\/u> sk\u0142adek cz\u0142onkowskich w zagranicznych organizacjach:<\/strong><\/p>\n<p>Prosimy o z\u0142o\u017cenie zg\u0142oszenia zapotrzebowania zgodnie z poni\u017cszymi informacjami:<\/p>\n<ol>\n<li>Z\u0142o\u017cenie zg\u0142oszenia zapotrzebowania w systemie SAP MMI:<\/li>\n<\/ol>\n<ul>\n<li>grupa materia\u0142owa U60492000 &#8211; op\u0142aty cz\u0142onkowskie w zagranicznych stowarzyszeniach;<\/li>\n<li>kwota sk\u0142adki w PLN (sk\u0142adka wyra\u017cona w walucie obcej powinna by\u0107 przeliczona po \u015brednim kursie NBP i zawiera\u0107 ewentualn\u0105 rezerw\u0119 na r\u00f3\u017cnic\u0119 kursow\u0105);<\/li>\n<li>pozycja D- wyb\u00f3r typu dekretacji (w zale\u017cno\u015bci od \u017ar\u00f3d\u0142a finansowania);<\/li>\n<li>zak\u0142adka Dane klienta: <u>CPV<\/u> 98100000-4 us\u0142ugi organizacji cz\u0142onkowskich, <u>Podpisy <\/u>(wyb\u00f3r wymaganych podpis\u00f3w w zale\u017cno\u015bci od obiektu kontrolingowego), <u>Cel zakupu<\/u> 0 inne;<\/li>\n<li>zak\u0142adka Dekretacja: obiekt kontrolingowy wskazany przez Dziekana\/ Kierownika Jednostki Organizacyjnej;<\/li>\n<li>zak\u0142adka Wycena nale\u017cy zaznaczy\u0107: jako cena brutto;<\/li>\n<li>zak\u0142adka Teksty:<\/li>\n<\/ul>\n<p>\u2013 nazwa us\u0142ugi;<\/p>\n<p>\u2013 nazwa jednostki op\u0142acaj\u0105cej sk\u0142adk\u0119;<\/p>\n<p>\u2013 nazwa organizacji;<\/p>\n<p>&#8211; adres organizacji;<\/p>\n<p>\u2013 kwota sk\u0142adki w walucie obcej;<\/p>\n<p>&#8211; okres obowi\u0105zywania sk\u0142adki;<\/p>\n<p>\u2013 forma p\u0142atno\u015bci: przedp\u0142ata: przelew, p\u0142atno\u015b\u0107 kart\u0105 \/zwrot poniesionych koszt\u00f3w;<\/p>\n<p>\u2013 termin zap\u0142aty;<\/p>\n<p>\u2013 dane do przelewu (nazwa banku odbiorcy wp\u0142aty, IBAN, SWIFT);<\/p>\n<p>&#8211; informacja, czy op\u0142acenie\u00a0 sk\u0142adki cz\u0142onkowskiej jest zap\u0142at\u0105 wy\u0142\u0105cznie za przynale\u017cno\u015b\u0107 do organizacji\/stowarzyszenia czy op\u0142acenie sk\u0142adki odpowiada konkretnemu \u015bwiadczeniu np. uczestnictwo w wydarzeniach (konferencja), dost\u0119p do pism specjalistycznych, portali internetowych.<\/p>\n<ol start=\"2\">\n<li>Po z\u0142o\u017ceniu zg\u0142oszenia zapotrzebowania w systemie SAP MMI, prosimy<br \/>\no przes\u0142anie maila zawieraj\u0105cego numer utworzonego zg\u0142oszenia zapotrzebowania na adresy: drwm@us.edu.pl, w celu weryfikacji i zatwierdzenia zg\u0142oszenia zapotrzebowania w systemie SAP MMI.<\/li>\n<li>Po zdalnym zatwierdzeniu przez Dzia\u0142 Bud\u017cetowania i Kontrolingu, prosimy o przekazanie kompletu dokument\u00f3w przez system Autenti.\u015acie\u017cka akceptacji wniosku:\n<ol>\n<li>Kierownik jednostki \/ Dziekan \u2013 <strong>podpis Autenti<\/strong><\/li>\n<li>Kwestor\u2013 <strong>podpis Autenti<\/strong><\/li>\n<li>Bran\u017cysta: <a href=\"mailto:drwm@us.edu.pl\">drwm@us.edu.pl<\/a> \u2013 <strong>do wgl\u0105du<\/strong><\/li>\n<li>Kierownik jednostki Realizatora \u2013 <strong>do wgl\u0105du<\/strong><\/li>\n<\/ol>\n<p>W przypadku zakup\u00f3w realizowanych ze \u015brodk\u00f3w projektowych \u015bcie\u017cka akceptacji wniosku mo\u017ce r\u00f3\u017cni\u0107 si\u0119 od standardowej. W takich sytuacjach prosimy o wcze\u015bniejszy kontakt z naszym zespo\u0142em w celu ustalenia w\u0142a\u015bciwej procedury.<\/p>\n<p>Jednocze\u015bnie informujemy, \u017ce od dnia 1 lutego 2026 r. nie b\u0119d\u0105 realizowane wnioski dotycz\u0105ce samodzielnie op\u0142aconych zakup\u00f3w.<\/li>\n<li>Faktura\/rachunek powinna by\u0107 wystawiona na:<br \/>\n<strong>Uniwersytet \u015al\u0105ski w Katowicach (University of Silesia in Katowice)<br \/>\n<\/strong><strong>Bankowa 12,<\/strong><strong>40-007 Katowice <\/strong><strong>VAT number: PL6340197134<br \/>\n<\/strong>Prosimy zwraca\u0107 uwag\u0119 by na fakturze wystawcy uwzgl\u0119dniali przedrostek <strong>\u201ePL\u201d<\/strong> w NIP Uniwersytetu \u015al\u0105skiego w Katowicach.<\/li>\n<li><u><u>Faktur\u0119 nale\u017cy dostarczy\u0107 do 14 dni kalendarzowych od daty zap\u0142aty<\/u><\/u><\/li>\n<li>W przypadku braku posiadania faktury\/rachunku w momencie sk\u0142adania zg\u0142oszenia zapotrzebowania w systemie SAP MMI, nale\u017cy uzyska\u0107 faktur\u0119\/rachunek wystawiony na Uniwersytet \u015al\u0105ski po dokonaniu op\u0142aty i niezw\u0142ocznie dostarczy\u0107 do Dzia\u0142 Rozwoju Wsp\u00f3\u0142pracy Mi\u0119dzynarodowej. W przypadku braku mo\u017cliwo\u015bci uzyskania faktury\/rachunku wystawionych na Uniwersytet \u015al\u0105ski nale\u017cy wype\u0142ni\u0107 i dostarczy\u0107 do Dzia\u0142 Rozwoju Wsp\u00f3\u0142pracy Mi\u0119dzynarodowej \u00a0druk <a href=\"https:\/\/us.edu.pl\/pracownik\/wp-content\/uploads\/sites\/2\/2026\/01\/oswiadczenie_o_poniesieniu_wydatku-1.doc\" class=\"mtli_attachment mtli_doc\" data-mtli=\"mtli_filesize273,00kB\" class=\"mtli_attachment mtli_doc\" data-mtli=\"mtli_filesize273,00kB\">O\u015bwiadczenie o poniesieniu wydatku.\u00a0<\/a><\/li>\n<li>Sk\u0142adki cz\u0142onkowskie w towarzystwach naukowych, instytucjach i organizacjach zagranicznych s\u0105 wy\u0142\u0105czone z Regulaminu ubiegania si\u0119 i udzielania zam\u00f3wie\u0144 publicznych przez Uniwersytet \u015al\u0105ski w Katowicach (\u00a7 2 ust. 1, pkt 4 Regulaminu ubiegania si\u0119 i udzielania zam\u00f3wie\u0144 publicznych przez Uniwersytet \u015al\u0105ski w Katowicach &#8211; Zarz\u0105dzenie nr 38 Rektora Uniwersytetu \u015al\u0105skiego w Katowicach z dnia 27 marca 2024 r. zmieniaj\u0105ce zarz\u0105dzenie w sprawie wprowadzenia \u201eRegulaminu ubiegania si\u0119 i udzielania zam\u00f3wie\u0144 publicznych przez Uniwersytet \u015al\u0105ski w Katowicach\u201d z p\u00f3\u017an.zm.).<\/li>\n<li style=\"list-style-type: none;\"><\/li>\n<\/ol>\n<p>\n<style type=\"text\/css\">a[data-mtli~=\"mtli_filesize273,00kB\"]:after {content:\" (273,00 kB)\"}<\/style><\/div>\r\n                    <\/div>\r\n                <\/div>[\/vc_column][\/vc_row]<\/p>\n<style type=\"text\/css\">a[data-mtli~=\"mtli_filesize273,00kB\"]:after {content:\" (273,00 kB)\"}<\/style>","protected":false},"excerpt":{"rendered":"<p>[vc_row][vc_column][\/vc_column][\/vc_row] [&#8230;]<\/p>\n<p><a class=\"btn btn-secondary understrap-read-more-link\" href=\"https:\/\/us.edu.pl\/pracownik\/sprawy-miedzynarodowe\/oplaty-i-skladki-miedzynarodowe\/instytucjonalne-skladki-czlonkowskie\/\">Read More&#8230;<\/a><\/p>\n","protected":false},"author":1,"featured_media":0,"parent":12848,"menu_order":374,"comment_status":"closed","ping_status":"closed","template":"page-templates\/inner-page-with-bookmarks.php","meta":{"_expiration-date-status":"","_expiration-date":0,"_expiration-date-type":"","_expiration-date-categories":[],"_expiration-date-options":[]},"acf":[],"_links":{"self":[{"href":"https:\/\/us.edu.pl\/pracownik\/wp-json\/wp\/v2\/pages\/773"}],"collection":[{"href":"https:\/\/us.edu.pl\/pracownik\/wp-json\/wp\/v2\/pages"}],"about":[{"href":"https:\/\/us.edu.pl\/pracownik\/wp-json\/wp\/v2\/types\/page"}],"author":[{"embeddable":true,"href":"https:\/\/us.edu.pl\/pracownik\/wp-json\/wp\/v2\/users\/1"}],"replies":[{"embeddable":true,"href":"https:\/\/us.edu.pl\/pracownik\/wp-json\/wp\/v2\/comments?post=773"}],"version-history":[{"count":12,"href":"https:\/\/us.edu.pl\/pracownik\/wp-json\/wp\/v2\/pages\/773\/revisions"}],"predecessor-version":[{"id":42552,"href":"https:\/\/us.edu.pl\/pracownik\/wp-json\/wp\/v2\/pages\/773\/revisions\/42552"}],"up":[{"embeddable":true,"href":"https:\/\/us.edu.pl\/pracownik\/wp-json\/wp\/v2\/pages\/12848"}],"wp:attachment":[{"href":"https:\/\/us.edu.pl\/pracownik\/wp-json\/wp\/v2\/media?parent=773"}],"curies":[{"name":"wp","href":"https:\/\/api.w.org\/{rel}","templated":true}]}}