{"id":777,"date":"2019-09-20T12:22:26","date_gmt":"2019-09-20T10:22:26","guid":{"rendered":"http:\/\/php71.nfinity-beta.pl\/us\/pracownik\/?page_id=777"},"modified":"2025-01-22T11:03:36","modified_gmt":"2025-01-22T10:03:36","slug":"zawieranie-umow-o-wspolpracy","status":"publish","type":"page","link":"https:\/\/us.edu.pl\/pracownik\/sprawy-miedzynarodowe\/zawieranie-umow-o-wspolpracy\/","title":{"rendered":"Zawieranie um\u00f3w o wsp\u00f3\u0142pracy"},"content":{"rendered":"<p>[vc_row][vc_column]\r\n                <div class=\"text-modules\">\r\n                    <div class=\"container\">\r\n                        <h3 class=\"page-title text__title\">Procedura zawierania um\u00f3w o wsp\u00f3\u0142pracy naukowo-dydaktycznej<\/h3>\r\n                        <div class=\"text-modules__content\"><p>Dzia\u0142 Rozwoju Wsp\u00f3\u0142pracy Mi\u0119dzynarodowej wspiera i koordynuje proces zawierania nast\u0119puj\u0105cych um\u00f3w o wsp\u00f3\u0142pracy z partnerami zagranicznymi:<\/p>\n<ul>\n<li>umowy o wsp\u00f3\u0142pracy naukowo-dydaktycznej,<\/li>\n<li>umowy o wymianie student\u00f3w i kadry,<\/li>\n<li>listy intencyjne dotycz\u0105ce nawi\u0105zania wsp\u00f3\u0142pracy naukowo-dydaktycznej.<\/li>\n<\/ul>\n<p>Wszystkie mi\u0119dzynarodowe umowy i porozumienia s\u0105 zawierane na szczeblu centralnym. Stron\u0105 w umowie jest Uniwersytet \u015al\u0105ski w\u00a0Katowicach reprezentowany przez JM Rektora. Jednostki uczelni realizuj\u0105 zapisy porozumienia.<\/p>\n<p>Zapisy umowy powinny odzwierciedla\u0107 wsp\u00f3lne stanowisko obu zainteresowanych stron. Partnerzy porozumienia powinni precyzyjnie okre\u015bli\u0107 zakres wsp\u00f3\u0142pracy oraz kwestie formalne (w tym finansowe) zwi\u0105zane z ich realizacj\u0105.<\/p>\n<p><strong>Tre\u015b\u0107 umowy:<\/strong><\/p>\n<p>Tre\u015b\u0107 umowy mo\u017ce zosta\u0107 przygotowana w oparciu o wz\u00f3r obowi\u0105zuj\u0105cy na U\u015a. Dzia\u0142 Rozwoju Wsp\u00f3\u0142pracy Mi\u0119dzynarodowej udost\u0119pnia wzory um\u00f3w w j\u0119zyku polskim i angielskim. Umowa mo\u017ce te\u017c by\u0107 zawarta na wzorze zaproponowanym przez partnera. W przypadku umowy zaproponowanej przez partnera, konieczna jest weryfikacja zawartych w niej zapis\u00f3w i \u2013 je\u015bli istnieje taka potrzeba &#8211; wsp\u00f3lne wynegocjowanie ewentualnych zmian. Zawierane porozumienia musz\u0105 by\u0107 w zgodnie z regulacjami obowi\u0105zuj\u0105cymi na U\u015a.<\/p>\n<p><strong>J\u0119zyk umowy:<\/strong><\/p>\n<p>Umowy sporz\u0105dza si\u0119:<\/p>\n<ul>\n<li>w j\u0119zyku angielskim,<\/li>\n<li>w j\u0119zyku polskim oraz j\u0119zyku partnera.<\/li>\n<\/ul>\n<p>Je\u017celi umowa jest zawierana wy\u0142\u0105cznie w j\u0119zyku angielskim, konieczne jest robocze t\u0142umaczenie tre\u015bci umowy na j\u0119zyk polski.<\/p>\n<p><strong>Czas trwania umowy:<\/strong><\/p>\n<p>Umowa mo\u017ce by\u0107 zawarta na czas okre\u015blony uzgodniony z partnerem lub na czas nieokre\u015blony. Zalecamy zawieranie um\u00f3w na minimum 5 lat. Kr\u00f3tszy okres mo\u017ce uniemo\u017cliwia\u0107 prawid\u0142ow\u0105 ocen\u0119 rezultat\u00f3w wsp\u00f3\u0142pracy w cyklu akademickim oraz zaburzy\u0107 ewentualn\u0105 wymian\u0119 student\u00f3w b\u0119d\u0105c\u0105 w toku. Mo\u017cna zawiera\u0107 umowy na czas nieokre\u015blony.<\/p>\n<p><strong>Opiniowanie umowy:<\/strong><\/p>\n<p>Umowa jest opiniowana w zale\u017cno\u015bci od tre\u015bci:<\/p>\n<ul>\n<li>przez dzia\u0142y merytoryczne (np. Dzia\u0142 Kszta\u0142cenia, Biuro Wsp\u00f3\u0142pracy z Gospodark\u0105, Dzia\u0142 Nauki, Biuro Rzecznik\u00f3w Patentowych),<\/li>\n<li>Kwestora,<\/li>\n<li>Zesp\u00f3\u0142 Radc\u00f3w Prawnych.<\/li>\n<\/ul>\n<p><strong>Zadania koordynatora umowy ze strony U\u015a:<\/strong><\/p>\n<ul>\n<li>nadz\u00f3r merytoryczny nad tre\u015bci\u0105 umowy,<\/li>\n<li>negocjacje projektu umowy z partnerem,<\/li>\n<li>realizacja umowy.<\/li>\n<\/ul>\n<p><strong>Czas trwania procedury zawierania umowy:<\/strong><\/p>\n<p>Procedura zawarcia umowy\u00a0 trwa od 2 tygodni do 3 miesi\u0119cy, zale\u017cnie od stopnia z\u0142o\u017cono\u015bci umowy, liczby koniecznych zmian, j\u0119zyka umowy, szybko\u015bci kontaktu z partnerem, itp.<\/p>\n<p>Zawarcie umowy krok po kroku:<\/p>\n<p>1. Przekazanie do Dzia\u0142u Rozwoju Wsp\u00f3\u0142pracy Mi\u0119dzynarodowej:<\/p>\n<p>1) wype\u0142nionego <em>Wniosku o zawarcie mi\u0119dzynarodowej umowy\u00a0bilateralnej o wsp\u00f3\u0142pracy naukowo-dydaktycznej<\/em>, podpisanego przez dziekana \/ kierownika jednostki organizacyjnej (w postaci skanu na adres: <a href=\"mailto:dwz@us.edu.pl\">drwm@us.edu.pl<\/a>.<\/p>\n<p>We wniosku nale\u017cy wskaza\u0107 koordynatora umowy, kt\u00f3ry odpowiedzialny b\u0119dzie za prace nad umow\u0105, a nast\u0119pnie za jej realizacj\u0119.<\/p>\n<p>2) projektu umowy zaparafowanej przez dziekana.<\/p>\n<p>Podpis dziekana oznacza wyra\u017cenie zgody na proponowane zapisy umowy oraz na zawarte w niej warunki finansowe. Wszystkie zobowi\u0105zania finansowe zawarte w umowie realizowane s\u0105 ze \u015brodk\u00f3w b\u0119d\u0105cych w posiadaniu danej jednostki. Przes\u0142anie edytowalnej wersji umowy na adres: <a href=\"mailto:dwz@us.edu.pl\">drwm@us.edu.pl<\/a><\/p>\n<p>3. Przekazanie przez Dzia\u0142 Rozwoju Wsp\u00f3\u0142pracy Mi\u0119dzyanrodowej wynegocjowanej przez partner\u00f3w umowy do zaopiniowania przez odpowiednie dzia\u0142y merytoryczne oraz Zesp\u00f3\u0142 Radc\u00f3w Prawnych. Je\u015bli umowa jest sporz\u0105dzona w obcym j\u0119zyku, Dzia\u0142 Wsp\u00f3\u0142pracy Mi\u0119dzynarodowej przekazuje umow\u0119 do t\u0142umaczenia.<\/p>\n<p>4. Negocjowanie przez koordynatora umowy z partnerem zagranicznym ewentualnych uwag zg\u0142oszonych przez Zesp\u00f3\u0142 Radc\u00f3w Prawnych. Za ww. ustalenia odpowiedzialny jest koordynator umowy.<\/p>\n<p>5. Podpisanie umowy przez JM Rektora, po pozytywnym zaopiniowaniu umowy przez Zesp\u00f3\u0142 Radc\u00f3w Prawnych.<\/p>\n<p>6. Podpisanie umowy mo\u017ce mie\u0107 miejsce podczas spotkania przedstawicieli obu stron na U\u015a lub za granic\u0105 a tak\u017ce korespondencyjnie. Je\u017celi podpisanie umowy odbywa si\u0119 podczas spotkania na U\u015a, Dzia\u0142 Rozwoju Wsp\u00f3\u0142pracy Mi\u0119dzynarodowej organizuje uroczyste podpisanie umowy.<\/p>\n<p>Kontakt w sprawie um\u00f3w:<a href=\"dwz@us.edu.pl\">drwm@us.edu.pl<\/a> tel. 32 359 23 93<\/p>\n<p><strong>Dokumenty:<\/strong><\/p>\n<ul>\n<li><a href=\"https:\/\/us.edu.pl\/pracownik\/wp-content\/uploads\/sites\/2\/pracownik\/wniosek_o_zawarcie_umowy_19.05.2022.doc\" class=\"mtli_attachment mtli_doc\" data-mtli=\"mtli_filesize33,00kB\" class=\"mtli_attachment mtli_doc\" data-mtli=\"mtli_filesize33,00kB\">Wniosek o zawarcie mi\u0119dzynarodowej umowy bilateralnej o wsp\u00f3\u0142pracy naukowo-dydaktycznej<\/a><\/li>\n<li><a href=\"https:\/\/us.edu.pl\/pracownik\/wp-content\/uploads\/sites\/2\/pracownik\/wzor_umowy-EN-1.doc\" class=\"mtli_attachment mtli_doc\" data-mtli=\"mtli_filesize59,50kB\" class=\"mtli_attachment mtli_doc\" data-mtli=\"mtli_filesize59,50kB\">Wz\u00f3r umowy o wsp\u00f3\u0142pracy w j\u0119zyku angielskim<\/a><\/li>\n<li><a href=\"https:\/\/us.edu.pl\/pracownik\/wp-content\/uploads\/sites\/2\/pracownik\/wzor_umowy-PL-17.10.2022.doc\" class=\"mtli_attachment mtli_doc\" data-mtli=\"mtli_filesize64,50kB\" class=\"mtli_attachment mtli_doc\" data-mtli=\"mtli_filesize64,50kB\">Wz\u00f3r umowy o wsp\u00f3\u0142pracy w j\u0119zyku polskim<\/a><\/li>\n<\/ul>\n<p>&nbsp;<\/p>\n<p>Dzia\u0142 Rozwoju Wsp\u00f3\u0142pracy Mi\u0119dzynarodowej przechowuje i archiwizuje orygina\u0142y podpisanych um\u00f3w. Istnieje mo\u017cliwo\u015b\u0107 wgl\u0105du w tre\u015b\u0107 umowy, b\u0105d\u017a uzyskania kopii.<\/p>\n<style type=\"text\/css\">a[data-mtli~=\"mtli_filesize33,00kB\"]:after {content:\" (33,00 kB)\"}a[data-mtli~=\"mtli_filesize59,50kB\"]:after {content:\" (59,50 kB)\"}a[data-mtli~=\"mtli_filesize64,50kB\"]:after {content:\" (64,50 kB)\"}<\/style><\/div>\r\n                    <\/div>\r\n                <\/div>[\/vc_column][\/vc_row]<\/p>\n<style type=\"text\/css\">a[data-mtli~=\"mtli_filesize33,00kB\"]:after {content:\" (33,00 kB)\"}a[data-mtli~=\"mtli_filesize59,50kB\"]:after {content:\" (59,50 kB)\"}a[data-mtli~=\"mtli_filesize64,50kB\"]:after {content:\" (64,50 kB)\"}<\/style>","protected":false},"excerpt":{"rendered":"<p>[vc_row][vc_column][\/vc_column][\/vc_row] [&#8230;]<\/p>\n<p><a class=\"btn btn-secondary understrap-read-more-link\" href=\"https:\/\/us.edu.pl\/pracownik\/sprawy-miedzynarodowe\/zawieranie-umow-o-wspolpracy\/\">Read More&#8230;<\/a><\/p>\n","protected":false},"author":1,"featured_media":0,"parent":770,"menu_order":373,"comment_status":"closed","ping_status":"closed","template":"page-templates\/inner-page.php","meta":{"_expiration-date-status":"saved","_expiration-date":0,"_expiration-date-type":"","_expiration-date-categories":[],"_expiration-date-options":[]},"acf":[],"_links":{"self":[{"href":"https:\/\/us.edu.pl\/pracownik\/wp-json\/wp\/v2\/pages\/777"}],"collection":[{"href":"https:\/\/us.edu.pl\/pracownik\/wp-json\/wp\/v2\/pages"}],"about":[{"href":"https:\/\/us.edu.pl\/pracownik\/wp-json\/wp\/v2\/types\/page"}],"author":[{"embeddable":true,"href":"https:\/\/us.edu.pl\/pracownik\/wp-json\/wp\/v2\/users\/1"}],"replies":[{"embeddable":true,"href":"https:\/\/us.edu.pl\/pracownik\/wp-json\/wp\/v2\/comments?post=777"}],"version-history":[{"count":10,"href":"https:\/\/us.edu.pl\/pracownik\/wp-json\/wp\/v2\/pages\/777\/revisions"}],"predecessor-version":[{"id":31705,"href":"https:\/\/us.edu.pl\/pracownik\/wp-json\/wp\/v2\/pages\/777\/revisions\/31705"}],"up":[{"embeddable":true,"href":"https:\/\/us.edu.pl\/pracownik\/wp-json\/wp\/v2\/pages\/770"}],"wp:attachment":[{"href":"https:\/\/us.edu.pl\/pracownik\/wp-json\/wp\/v2\/media?parent=777"}],"curies":[{"name":"wp","href":"https:\/\/api.w.org\/{rel}","templated":true}]}}