{"id":7955,"date":"2020-06-17T08:13:46","date_gmt":"2020-06-17T06:13:46","guid":{"rendered":"https:\/\/us.edu.pl\/pracownik\/?page_id=7955"},"modified":"2020-06-17T08:13:46","modified_gmt":"2020-06-17T06:13:46","slug":"komunikat-dotyczacy-pierwszej-oceny-okresowej-nauczycieli-akademickich-na-zasadach-wynikajacych-ze-statutu","status":"publish","type":"page","link":"https:\/\/us.edu.pl\/pracownik\/sprawy-pracownicze\/ocena-okresowa\/komunikat-dotyczacy-pierwszej-oceny-okresowej-nauczycieli-akademickich-na-zasadach-wynikajacych-ze-statutu\/","title":{"rendered":"Komunikat dotycz\u0105cy pierwszej oceny okresowej nauczycieli akademickich na zasadach wynikaj\u0105cych ze statutu"},"content":{"rendered":"<p>[vc_row][vc_column][\/vc_column][\/vc_row][vc_row][vc_column]\r\n                <div class=\"text-modules\">\r\n                    <div class=\"container\">\r\n                        \r\n                        <div class=\"text-modules__content\"><\/p>\n<p style=\"text-align: center\"><strong>KOMUNIKAT <\/strong><\/p>\n<p style=\"text-align: center\"><strong>dotycz\u0105cy pierwszej oceny okresowej nauczycieli akademickich na zasadach wynikaj\u0105cych ze statutu<\/strong><\/p>\n<p>Informujemy, \u017ce przygotowywana jest zmiana zarz\u0105dzenia nr 179\/2019 w sprawie <em>Regulaminu pierwszej oceny okresowej nauczycieli akademickich zatrudnionych w Uniwersytecie \u015al\u0105skim w Katowicach przeprowadzanej w 2020 roku<\/em>.<\/p>\n<p>&nbsp;<\/p>\n<p>Dzia\u0142anie takie podejmowane jest w odpowiedzi na nowelizacj\u0119 ustawy z dnia 3 lipca 2018<em> r. Przepisy wprowadzaj\u0105ce ustaw\u0119 &#8211; Prawo o szkolnictwie wy\u017cszym i nauce <\/em>(Dz. U. 2018 r. poz. 1669, z p\u00f3\u017an. zm.) przez ustaw\u0119 z dnia 16 kwietnia 2020 r<em>. o szczeg\u00f3lnych instrumentach wsparcia w zwi\u0105zku z rozprzestrzenianiem si\u0119 wirusa SARS-CoV-2<\/em> (Dz. U. 2020 poz. 695). W zwi\u0105zku ze zmian\u0105 art. 324 ust. 1 ustawy <em>Przepisy wprowadzaj\u0105ce ustaw\u0119 &#8211; Prawo o szkolnictwie wy\u017cszym i nauce, <\/em>wynikaj\u0105c\u0105 z art. 60 pkt 13) ustawy z dnia 16 kwietnia 2020 r<em>. o szczeg\u00f3lnych instrumentach wsparcia w zwi\u0105zku z rozprzestrzenianiem si\u0119 wirusa SARS-CoV-2, <\/em><strong>pierwsza ewaluacja jako\u015bci dzia\u0142alno\u015bci obejmuje lata 2017 \u2013 2021 i rozpoczyna si\u0119 w dniu 1 stycznia 2022 r<\/strong>. Jednocze\u015bnie art. 63 ustawy <em>o szczeg\u00f3lnych instrumentach wsparcia w zwi\u0105zku z rozprzestrzenianiem si\u0119 wirusa SARS-CoV-<\/em>2 stanowi, \u017ce <strong>w okresie ograniczonego funkcjonowania uczelni nie przeprowadza si\u0119 ocen okresowych<\/strong>.<\/p>\n<p>&nbsp;<\/p>\n<p>Nowelizacja umo\u017cliwia przesuni\u0119cie terminu przeprowadzenia pierwszej oceny okresowej i takie dzia\u0142anie w\u0142adze Uniwersytetu podj\u0119\u0142y maj\u0105c na uwadze szczeg\u00f3lne okoliczno\u015bci, w\u00a0 jakich przysz\u0142o nauczycieli akademickim realizowa\u0107 obowi\u0105zki w zwi\u0105zku z og\u0142oszonym stanem epidemii. Informacje na temat wprowadzonych zmian b\u0119d\u0105 aktualizowane na \u0142amach niniejszej strony oraz w komunikatach przekazywanych nauczycielom akademickim drog\u0105 mailow\u0105.<\/p>\n<\/div>\r\n                    <\/div>\r\n                <\/div>[\/vc_column][\/vc_row]<\/p>","protected":false},"excerpt":{"rendered":"<p>[vc_row][vc_column][\/vc_column][\/vc_row][vc_row][vc_column][\/vc_column][\/vc_row] [&#8230;]<\/p>\n<p><a class=\"btn btn-secondary understrap-read-more-link\" href=\"https:\/\/us.edu.pl\/pracownik\/sprawy-pracownicze\/ocena-okresowa\/komunikat-dotyczacy-pierwszej-oceny-okresowej-nauczycieli-akademickich-na-zasadach-wynikajacych-ze-statutu\/\">Read More&#8230;<\/a><\/p>\n","protected":false},"author":41,"featured_media":0,"parent":4974,"menu_order":214,"comment_status":"closed","ping_status":"closed","template":"page-templates\/inner-page.php","meta":{"_expiration-date-status":"saved","_expiration-date":0,"_expiration-date-type":"","_expiration-date-categories":[],"_expiration-date-options":[]},"acf":[],"_links":{"self":[{"href":"https:\/\/us.edu.pl\/pracownik\/wp-json\/wp\/v2\/pages\/7955"}],"collection":[{"href":"https:\/\/us.edu.pl\/pracownik\/wp-json\/wp\/v2\/pages"}],"about":[{"href":"https:\/\/us.edu.pl\/pracownik\/wp-json\/wp\/v2\/types\/page"}],"author":[{"embeddable":true,"href":"https:\/\/us.edu.pl\/pracownik\/wp-json\/wp\/v2\/users\/41"}],"replies":[{"embeddable":true,"href":"https:\/\/us.edu.pl\/pracownik\/wp-json\/wp\/v2\/comments?post=7955"}],"version-history":[{"count":1,"href":"https:\/\/us.edu.pl\/pracownik\/wp-json\/wp\/v2\/pages\/7955\/revisions"}],"predecessor-version":[{"id":7956,"href":"https:\/\/us.edu.pl\/pracownik\/wp-json\/wp\/v2\/pages\/7955\/revisions\/7956"}],"up":[{"embeddable":true,"href":"https:\/\/us.edu.pl\/pracownik\/wp-json\/wp\/v2\/pages\/4974"}],"wp:attachment":[{"href":"https:\/\/us.edu.pl\/pracownik\/wp-json\/wp\/v2\/media?parent=7955"}],"curies":[{"name":"wp","href":"https:\/\/api.w.org\/{rel}","templated":true}]}}