{"id":797,"date":"2019-09-20T13:18:49","date_gmt":"2019-09-20T11:18:49","guid":{"rendered":"http:\/\/php71.nfinity-beta.pl\/us\/pracownik\/?page_id=797"},"modified":"2019-11-21T12:50:35","modified_gmt":"2019-11-21T11:50:35","slug":"rekrutacja-cudzoziemcow","status":"publish","type":"page","link":"https:\/\/us.edu.pl\/pracownik\/sprawy-miedzynarodowe\/rekrutacja-cudzoziemcow\/","title":{"rendered":"Rekrutacja cudzoziemc\u00f3w"},"content":{"rendered":"<p><\/p>\n<p>[vc_row][vc_column][\/vc_column][\/vc_row][vc_row][vc_column]\r\n                <div class=\"text-modules\">\r\n                    <div class=\"container\">\r\n                        <h3 class=\"page-title text__title\">Rekrutacja cudzoziemc\u00f3w<\/h3>\r\n                        <div class=\"text-modules__content\"><\/p>\n<ul>\n<li>Przyjmowanie cudzoziemc\u00f3w na studia w Uniwersytecie \u015al\u0105skim \u2013 szczeg\u00f3\u0142owe informacje dost\u0119pne s\u0105 na stronie: <u><a href=\"http:\/\/kandydat.us.edu.pl\/przyjmowanie-cudzoziemcow-na-studia-w-uniwersytecie-slaskim\">kandydat.us.edu.pl<\/a>. <\/u><\/li>\n<li>Sprawy zwi\u0105zane z rekrutacj\u0105 cudzoziemc\u00f3w na studia pe\u0142ne prowadzi Biuro Rekrutacji Cudzoziemc\u00f3w.<\/li>\n<li>Informacje dla kandydat\u00f3w dost\u0119pne s\u0105 na stronie: kandydat.us.edu.pl\/cudzoziemcy.<\/li>\n<\/ul>\n<p class=\"western\"><strong>Akty prawne reguluj\u0105ce zasady podejmowania i odbywania studi\u00f3w przez cudzoziemc\u00f3w przyj\u0119tych w poszczeg\u00f3lnych latach akademickich:<\/strong><\/p>\n<p>\n<\/div>\r\n                    <\/div>\r\n                <\/div>[\/vc_column][\/vc_row]<\/p>\n<p><\/p>","protected":false},"excerpt":{"rendered":"<p>[vc_row][vc_column][\/vc_column][\/vc_row][vc_row][vc_column][\/vc_column][\/vc_row] [&#8230;]<\/p>\n<p><a class=\"btn btn-secondary understrap-read-more-link\" href=\"https:\/\/us.edu.pl\/pracownik\/sprawy-miedzynarodowe\/rekrutacja-cudzoziemcow\/\">Read More&#8230;<\/a><\/p>\n","protected":false},"author":1,"featured_media":0,"parent":770,"menu_order":370,"comment_status":"closed","ping_status":"closed","template":"page-templates\/inner-page-with-bookmarks.php","meta":{"_expiration-date-status":"saved","_expiration-date":0,"_expiration-date-type":"","_expiration-date-categories":[],"_expiration-date-options":[]},"acf":[],"_links":{"self":[{"href":"https:\/\/us.edu.pl\/pracownik\/wp-json\/wp\/v2\/pages\/797"}],"collection":[{"href":"https:\/\/us.edu.pl\/pracownik\/wp-json\/wp\/v2\/pages"}],"about":[{"href":"https:\/\/us.edu.pl\/pracownik\/wp-json\/wp\/v2\/types\/page"}],"author":[{"embeddable":true,"href":"https:\/\/us.edu.pl\/pracownik\/wp-json\/wp\/v2\/users\/1"}],"replies":[{"embeddable":true,"href":"https:\/\/us.edu.pl\/pracownik\/wp-json\/wp\/v2\/comments?post=797"}],"version-history":[{"count":6,"href":"https:\/\/us.edu.pl\/pracownik\/wp-json\/wp\/v2\/pages\/797\/revisions"}],"predecessor-version":[{"id":4193,"href":"https:\/\/us.edu.pl\/pracownik\/wp-json\/wp\/v2\/pages\/797\/revisions\/4193"}],"up":[{"embeddable":true,"href":"https:\/\/us.edu.pl\/pracownik\/wp-json\/wp\/v2\/pages\/770"}],"wp:attachment":[{"href":"https:\/\/us.edu.pl\/pracownik\/wp-json\/wp\/v2\/media?parent=797"}],"curies":[{"name":"wp","href":"https:\/\/api.w.org\/{rel}","templated":true}]}}