{"id":8353,"date":"2020-06-30T14:59:41","date_gmt":"2020-06-30T12:59:41","guid":{"rendered":"https:\/\/us.edu.pl\/pracownik\/?page_id=8353"},"modified":"2025-08-25T15:13:31","modified_gmt":"2025-08-25T13:13:31","slug":"dzialania-projakosciowe","status":"publish","type":"page","link":"https:\/\/us.edu.pl\/pracownik\/sprawy-naukowe\/dzialania-projakosciowe\/","title":{"rendered":"Program projako\u015bciowy"},"content":{"rendered":"<p>[vc_row el_class=&#8221;container&#8221;][vc_column el_class=&#8221;container&#8221;]\r\n                <div class=\"text-modules\">\r\n                    <div class=\"container\">\r\n                        \r\n                        <div class=\"text-modules__content\"><p>Wzmacniaj\u0105c swoj\u0105 pozycj\u0119 jako uczelni badawczej, Uniwersytet \u015al\u0105ski szczeg\u00f3lnie docenia starania badaczy dbaj\u0105cych o najwy\u017csz\u0105 jako\u015b\u0107 naukow\u0105 swojego dorobku. To ona ma decyduj\u0105ce znaczenie podczas ewaluacji dzia\u0142alno\u015bci naukowej, zar\u00f3wno pojedynczych dyscyplin, jak i ca\u0142ego uniwersytetu. Z tej \u015bwiadomo\u015bci wzi\u0119\u0142a si\u0119 idea programu projako\u015bciowego s\u0142u\u017c\u0105cego wzmacnianiu i promowaniu wysokiej jako\u015bci bada\u0144 prowadzonych przez pracownik\u00f3w Uniwersytetu \u015al\u0105skiego.<\/p>\n<p>Program projako\u015bciowy zosta\u0142 tak opracowany, \u017ceby nie tylko nagradza\u0107 pracownik\u00f3w ju\u017c teraz mog\u0105cych pochwali\u0107 si\u0119 wybitnymi osi\u0105gni\u0119ciami naukowymi, ale tak\u017ce motywowa\u0107 tych, kt\u00f3rych osi\u0105gni\u0119cia mog\u0105 stawa\u0107 si\u0119 coraz lepsze.<\/p>\n<p>Dodatki projako\u015bciowe przys\u0142uguj\u0105 w przypadku spe\u0142nienia kryteri\u00f3w okre\u015blonych w regulaminie programu, w szczeg\u00f3lno\u015bci za wysoko punktowane artyku\u0142y naukowe i znacz\u0105ce monografie naukowe, wybitne dzie\u0142a artystyczne, patenty i prawa ochronne, granty krajowe i mi\u0119dzynarodowe czy us\u0142ugi badawcze. W ramach programu projako\u015bciowego, w 2025 roku zostan\u0105 przyznane nagrody za osi\u0105gni\u0119cia naukowe uzyskane przez naukowc\u00f3w w roku 2024. Wyp\u0142ata nagr\u00f3d nast\u0105pi w III kwartale bie\u017c\u0105cego roku.<\/p>\n<\/div>\r\n                    <\/div>\r\n                <\/div>\r\n                <div class=\"text-modules\">\r\n                    <div class=\"container\">\r\n                        \r\n                        <div class=\"text-modules__content\"><\/p>\n<h3>Informacje og\u00f3lne o programie<\/h3>\n<p>\n<\/div>\r\n                    <\/div>\r\n                <\/div>\r\n                <div class=\"text-modules\">\r\n                    <div class=\"container\">\r\n                        \r\n                        <div class=\"text-modules__content\"><\/p>\n<p style=\"padding-left: 40px;\"><strong>Dla kogo?<\/strong><br \/>\nBadaczki i badacze dbaj\u0105cy o wysok\u0105 jako\u015b\u0107 swojej dzia\u0142alno\u015bci naukowej<\/p>\n<p style=\"padding-left: 40px;\"><strong>Oferta<\/strong>:<br \/>\ndodatek finansowy w wysoko\u015bci od 1\u00a0000 do 100 000 z\u0142<\/p>\n<p style=\"padding-left: 40px;\"><strong>Rodzaje aktywno\u015bci<\/strong>\u00a0\u2013 tabela:<br \/>\n<a href=\"https:\/\/us.edu.pl\/pracownik\/wp-content\/uploads\/sites\/2\/pliki-dodatkowe\/akty-prawne\/Zalacznik-do-zarzadzenia-nr-91-Rektora-US.pdf\" class=\"mtli_attachment mtli_pdf\" data-mtli=\"mtli_filesize158,39kB\" class=\"mtli_attachment mtli_pdf\" data-mtli=\"mtli_filesize158,39kB\">maksymalna warto\u015b\u0107 jednorazowego dodatku za dzia\u0142ania projako\u015bciowe<\/a><\/p>\n<p>\n<style type=\"text\/css\">a[data-mtli~=\"mtli_filesize158,39kB\"]:after {content:\" (158,39 kB)\"}<\/style><\/div>\r\n                    <\/div>\r\n                <\/div>[\/vc_column][\/vc_row][vc_section css=&#8221;.vc_custom_1604321195774{margin-right: 30px !important;margin-left: 30px !important;}&#8221;][vc_row gap=&#8221;20&#8243; equal_height=&#8221;yes&#8221; rtl_reverse=&#8221;yes&#8221; content_placement=&#8221;top&#8221; el_class=&#8221;container&#8221;][vc_column width=&#8221;1\/4&#8243; css=&#8221;.vc_custom_1604321360987{margin-top: 10px !important;margin-right: 10px !important;margin-bottom: 10px !important;margin-left: 10px !important;border-top-width: 4px !important;border-right-width: 4px !important;border-bottom-width: 4px !important;border-left-width: 4px !important;padding-top: 20px !important;padding-right: 10px !important;padding-bottom: 10px !important;padding-left: 10px !important;background-position: center !important;background-repeat: no-repeat !important;background-size: contain !important;border-left-color: #002e5a !important;border-left-style: dotted !important;border-right-color: #002e5a !important;border-right-style: dotted !important;border-top-color: #002e5a !important;border-top-style: dotted !important;border-bottom-color: #002e5a !important;border-bottom-style: dotted !important;border-radius: 4px !important;}&#8221;]\r\n                <div class=\"text-modules\">\r\n                    <div class=\"container\">\r\n                        \r\n                        <div class=\"text-modules__content\"><\/p>\n<p style=\"text-align: center; font-family: PT Sans Narrow, sans-serif;\">INFOGRAFIKA<\/p>\n<div style=\"font-size: 130%;\">\n<p style=\"text-align: center;\">Warunki przyznania dodatku projako\u015bciowego<\/p>\n<\/div>\n<p>&nbsp;<\/p>\n<p style=\"text-align: center;\">zobacz infografik\u0119:<\/p>\n<p style=\"text-align: center;\"><a href=\"https:\/\/us.edu.pl\/pracownik\/wp-content\/uploads\/sites\/2\/tre\u015bci-sprawy-naukowe\/1-dodatek_projakosciowy_US-2.pdf\" class=\"mtli_attachment mtli_pdf\" data-mtli=\"mtli_filesize55,06kB\" class=\"mtli_attachment mtli_pdf\" data-mtli=\"mtli_filesize55,06kB\">plik<\/a><\/p>\n<p>\n<style type=\"text\/css\">a[data-mtli~=\"mtli_filesize55,06kB\"]:after {content:\" (55,06 kB)\"}<\/style><\/div>\r\n                    <\/div>\r\n                <\/div>[\/vc_column][vc_column width=&#8221;1\/4&#8243; css=&#8221;.vc_custom_1604321383281{margin-top: 10px !important;margin-right: 10px !important;margin-bottom: 10px !important;margin-left: 10px !important;border-top-width: 4px !important;border-right-width: 4px !important;border-bottom-width: 4px !important;border-left-width: 4px !important;padding-top: 20px !important;padding-right: 10px !important;padding-bottom: 10px !important;padding-left: 10px !important;background-position: center !important;background-repeat: no-repeat !important;background-size: contain !important;border-left-color: #002e5a !important;border-left-style: dotted !important;border-right-color: #002e5a !important;border-right-style: dotted !important;border-top-color: #002e5a !important;border-top-style: dotted !important;border-bottom-color: #002e5a !important;border-bottom-style: dotted !important;border-radius: 4px !important;}&#8221;]\r\n                <div class=\"text-modules\">\r\n                    <div class=\"container\">\r\n                        \r\n                        <div class=\"text-modules__content\"><\/p>\n<p style=\"text-align: center; font-family: PT Sans Narrow, sans-serif;\">INFOGRAFIKA<\/p>\n<div style=\"font-size: 130%;\">\n<p style=\"text-align: center;\">Co nale\u017cy zrobi\u0107,<br \/>\n\u017ceby uzyska\u0107 dodatek?<\/p>\n<\/div>\n<p>&nbsp;<\/p>\n<p style=\"text-align: center;\">zobacz infografik\u0119:<\/p>\n<p style=\"text-align: center;\"><a href=\"https:\/\/us.edu.pl\/pracownik\/wp-content\/uploads\/sites\/2\/Bez-kategorii\/2-dodatek.pdf\" class=\"mtli_attachment mtli_pdf\" data-mtli=\"mtli_filesize31,69MB\" class=\"mtli_attachment mtli_pdf\" data-mtli=\"mtli_filesize31,69MB\">plik<\/a><\/p>\n<p>\n<style type=\"text\/css\">a[data-mtli~=\"mtli_filesize31,69MB\"]:after {content:\" (31,69 MB)\"}<\/style><\/div>\r\n                    <\/div>\r\n                <\/div>[\/vc_column][vc_column width=&#8221;1\/4&#8243; css=&#8221;.vc_custom_1604321393271{margin-top: 10px !important;margin-right: 10px !important;margin-bottom: 10px !important;margin-left: 10px !important;border-top-width: 4px !important;border-right-width: 4px !important;border-bottom-width: 4px !important;border-left-width: 4px !important;padding-top: 20px !important;padding-right: 10px !important;padding-bottom: 10px !important;padding-left: 10px !important;background-position: center !important;background-repeat: no-repeat !important;background-size: contain !important;border-left-color: #002e5a !important;border-left-style: dotted !important;border-right-color: #002e5a !important;border-right-style: dotted !important;border-top-color: #002e5a !important;border-top-style: dotted !important;border-bottom-color: #002e5a !important;border-bottom-style: dotted !important;border-radius: 4px !important;}&#8221;]\r\n                <div class=\"text-modules\">\r\n                    <div class=\"container\">\r\n                        \r\n                        <div class=\"text-modules__content\"><\/p>\n<p style=\"text-align: center; font-family: PT Sans Narrow, sans-serif;\">INFOGRAFIKA<\/p>\n<div style=\"font-size: 130%;\">\n<p style=\"text-align: center;\">Maksymalna warto\u015b\u0107 jednorazowego dodatku<\/p>\n<\/div>\n<p>&nbsp;<\/p>\n<p style=\"text-align: center;\">za\u0142\u0105cznik do zarz\u0105dzenia<\/p>\n<p style=\"text-align: center;\"><a href=\"https:\/\/us.edu.pl\/pracownik\/wp-content\/uploads\/sites\/2\/pliki-dodatkowe\/akty-prawne\/Zalacznik-do-zarzadzenia-nr-91-Rektora-US.pdf\" class=\"mtli_attachment mtli_pdf\" data-mtli=\"mtli_filesize158,39kB\" class=\"mtli_attachment mtli_pdf\" data-mtli=\"mtli_filesize158,39kB\">plik<\/a><\/p>\n<p>\n<style type=\"text\/css\">a[data-mtli~=\"mtli_filesize158,39kB\"]:after {content:\" (158,39 kB)\"}<\/style><\/div>\r\n                    <\/div>\r\n                <\/div>[\/vc_column][vc_column width=&#8221;1\/4&#8243; css=&#8221;.vc_custom_1604321637496{margin-top: 10px !important;margin-right: 10px !important;margin-bottom: 10px !important;margin-left: 10px !important;border-top-width: 4px !important;border-right-width: 4px !important;border-bottom-width: 4px !important;border-left-width: 4px !important;padding-top: 20px !important;padding-right: 10px !important;padding-bottom: 10px !important;padding-left: 10px !important;background-position: center !important;background-repeat: no-repeat !important;background-size: contain !important;border-left-color: #002e5a !important;border-left-style: dotted !important;border-right-color: #002e5a !important;border-right-style: dotted !important;border-top-color: #002e5a !important;border-top-style: dotted !important;border-bottom-color: #002e5a !important;border-bottom-style: dotted !important;border-radius: 4px !important;}&#8221;]\r\n                <div class=\"text-modules\">\r\n                    <div class=\"container\">\r\n                        \r\n                        <div class=\"text-modules__content\"><\/p>\n<p style=\"text-align: center; font-family: PT Sans Narrow, sans-serif;\">ZARZ\u0104DZENIE REKTORA<\/p>\n<div style=\"font-size: 130%;\">\n<p style=\"text-align: center;\">Zasady przyznawania jednorazowych dodatk\u00f3w<\/p>\n<\/div>\n<p>&nbsp;<\/p>\n<p style=\"text-align: center;\"><a href=\"https:\/\/us.edu.pl\/pracownik\/wp-content\/uploads\/sites\/2\/pliki-dodatkowe\/akty-prawne\/Zarzadzenie-nr-91-Rektora-US-z-dnia-5-czerwca-2025-r.pdf\" class=\"mtli_attachment mtli_pdf\" data-mtli=\"mtli_filesize149,12kB\" class=\"mtli_attachment mtli_pdf\" data-mtli=\"mtli_filesize149,12kB\"><span style=\"color: #002e5a;\">zapoznaj si\u0119 z zarz\u0105dzeniem<\/span><\/a><\/p>\n<p>\n<style type=\"text\/css\">a[data-mtli~=\"mtli_filesize149,12kB\"]:after {content:\" (149,12 kB)\"}<\/style><\/div>\r\n                    <\/div>\r\n                <\/div>[\/vc_column][\/vc_row][\/vc_section]<\/p>\n<style type=\"text\/css\">a[data-mtli~=\"mtli_filesize158,39kB\"]:after {content:\" (158,39 kB)\"}a[data-mtli~=\"mtli_filesize55,06kB\"]:after {content:\" (55,06 kB)\"}a[data-mtli~=\"mtli_filesize31,69MB\"]:after {content:\" (31,69 MB)\"}a[data-mtli~=\"mtli_filesize149,12kB\"]:after {content:\" (149,12 kB)\"}<\/style>","protected":false},"excerpt":{"rendered":"<p>[vc_row el_class=&#8221;container&#8221;][vc_column el_class=&#8221;container&#8221;][\/vc_column][\/vc_row][vc_section css=&#8221;.vc_custom_1604321195774{margin-right: 30px !important;margin-left: 30px !important;}&#8221;][vc_row gap=&#8221;20&#8243; equal_height=&#8221;yes&#8221; rtl_reverse=&#8221;yes&#8221; content_placement=&#8221;top&#8221; el_class=&#8221;container&#8221;][vc_column width=&#8221;1\/4&#8243; css=&#8221;.vc_custom_1604321360987{margin-top: 10px !important;margin-right: 10px !important;margin-bottom: 10px !important;margin-left: 10px !important;border-top-width: 4px !important;border-right-width: 4px !important;border-bottom-width: 4px !important;border-left-width: 4px !important;padding-top: 20px !important;padding-right: 10px !important;padding-bottom: 10px !important;padding-left: 10px !important;background-position: center !important;background-repeat: no-repeat !important;background-size: contain !important;border-left-color: #002e5a !important;border-left-style: dotted !important;border-right-color: #002e5a !important;border-right-style: dotted !important;border-top-color: #002e5a !important;border-top-style: [&#8230;]<\/p>\n<p><a class=\"btn btn-secondary understrap-read-more-link\" href=\"https:\/\/us.edu.pl\/pracownik\/sprawy-naukowe\/dzialania-projakosciowe\/\">Read More&#8230;<\/a><\/p>\n","protected":false},"author":41,"featured_media":10968,"parent":692,"menu_order":207,"comment_status":"closed","ping_status":"closed","template":"page-templates\/page-with-bookmarks.php","meta":{"_expiration-date-status":"","_expiration-date":0,"_expiration-date-type":"","_expiration-date-categories":[],"_expiration-date-options":[]},"acf":[],"_links":{"self":[{"href":"https:\/\/us.edu.pl\/pracownik\/wp-json\/wp\/v2\/pages\/8353"}],"collection":[{"href":"https:\/\/us.edu.pl\/pracownik\/wp-json\/wp\/v2\/pages"}],"about":[{"href":"https:\/\/us.edu.pl\/pracownik\/wp-json\/wp\/v2\/types\/page"}],"author":[{"embeddable":true,"href":"https:\/\/us.edu.pl\/pracownik\/wp-json\/wp\/v2\/users\/41"}],"replies":[{"embeddable":true,"href":"https:\/\/us.edu.pl\/pracownik\/wp-json\/wp\/v2\/comments?post=8353"}],"version-history":[{"count":11,"href":"https:\/\/us.edu.pl\/pracownik\/wp-json\/wp\/v2\/pages\/8353\/revisions"}],"predecessor-version":[{"id":40733,"href":"https:\/\/us.edu.pl\/pracownik\/wp-json\/wp\/v2\/pages\/8353\/revisions\/40733"}],"up":[{"embeddable":true,"href":"https:\/\/us.edu.pl\/pracownik\/wp-json\/wp\/v2\/pages\/692"}],"wp:featuredmedia":[{"embeddable":true,"href":"https:\/\/us.edu.pl\/pracownik\/wp-json\/wp\/v2\/media\/10968"}],"wp:attachment":[{"href":"https:\/\/us.edu.pl\/pracownik\/wp-json\/wp\/v2\/media?parent=8353"}],"curies":[{"name":"wp","href":"https:\/\/api.w.org\/{rel}","templated":true}]}}