{"id":8422,"date":"2020-07-03T09:39:57","date_gmt":"2020-07-03T07:39:57","guid":{"rendered":"https:\/\/us.edu.pl\/pracownik\/?page_id=8422"},"modified":"2026-04-22T12:27:13","modified_gmt":"2026-04-22T10:27:13","slug":"dostawa-projektorow-i-ekranow-projekcyjnych","status":"publish","type":"page","link":"https:\/\/us.edu.pl\/pracownik\/procedury-i-obieg-dokumentow\/logistyka\/aktualne-umowy-dlugoterminowe\/dostawa-projektorow-i-ekranow-projekcyjnych\/","title":{"rendered":"Dostawa projektor\u00f3w i ekran\u00f3w projekcyjnych"},"content":{"rendered":"<p>[vc_row][vc_column][\/vc_column][\/vc_row][vc_row][vc_column]\r\n                <div class=\"text-modules\">\r\n                    <div class=\"container\">\r\n                        <h3 class=\"page-title text__title\">Dostawa projektor\u00f3w i ekran\u00f3w projekcyjnych<\/h3>\r\n                        <div class=\"text-modules__content\"><p><strong>Dzia\u0142 Zarz\u0105dzania Dostawami informuje, \u017ce zosta\u0142a zawarta umowa nr DZP.382.1.21.2025 na dostawy projektor\u00f3w i ekran\u00f3w projekcyjnych obowi\u0105zuj\u0105ca do dnia 13.06.2026.<\/strong><\/p>\n<p>Wykonawca:\u00a0<strong>Shadok AV Piechu\u0142a Sp\u00f3\u0142ka Komandytowa, ul. Wolno\u015bci 404, 41-806 Zabrze<\/strong><\/p>\n<p>Nr umowy \u2013\u00a0<strong>DZP.382.1.21.2025<\/strong><\/p>\n<p>Osoba nadzoruj\u0105ca realizacj\u0119 umowy ze strony Zamawiaj\u0105cego:<\/p>\n<p><strong>Karolina Malinowska<\/strong>, Dzia\u0142 Zarz\u0105dzanie Dostawami, ul. Bankowa 14, 40-007 Katowice, tel. 32 3592242, e-mail:\u00a0<a href=\"mailto:karolina.malinowska@us.edu.pl\">karolina.malinowska@us.edu.pl<\/a>\u00a0lub\u00a0<strong>Karolina Szczepka-Siedlaczek<\/strong>, tel. 32 3592456, e-mail:\u00a0<a href=\"mailto:karolina.szczepka@us.edu.pl\">karolina.szczepka@us.edu.pl<\/a><\/p>\n<p>Osoba nadzoruj\u0105ca realizacj\u0119 umowy ze strony Wykonawcy:<\/p>\n<p><strong>Robert Trzaska<\/strong>, tel. 32 2760305,\u00a0 e-mail:\u00a0<a href=\"mailto:robert.trzaska@shadok.pl\">robert.trzaska@shadok.pl<\/a><\/p>\n<p>Zamawiaj\u0105cy w ramach przeprowadzonego post\u0119powania publicznego mo\u017ce dokonywa\u0107 zam\u00f3wie\u0144 projektor\u00f3w i ekran\u00f3w projekcyjnych wskazanych w ofercie wykonawcy<\/p>\n<p>&nbsp;<\/p>\n<p>Wykonawca zobowi\u0105zany jest dostarczy\u0107 przedmiot zam\u00f3wienia w terminie ka\u017cdorazowo uzgodnionym przez Strony, jednak nie d\u0142u\u017cszym ni\u017c<strong> 3\u00a0dni od daty otrzymania zam\u00f3wienia<\/strong>\u00a0przekazanego przez Dzia\u0142 Zarzadzania Dostawami.<\/p>\n<p>&nbsp;<\/p>\n<p><strong><a href=\"https:\/\/us.edu.pl\/pracownik\/wp-content\/uploads\/sites\/2\/Bez-kategorii\/Dostepne-ilosci-projektory-ekrany.pdf\" class=\"mtli_attachment mtli_pdf\" data-mtli=\"mtli_filesize120,72kB\" class=\"mtli_attachment mtli_pdf\" data-mtli=\"mtli_filesize120,72kB\">Dost\u0119pne ilo\u015bci &#8211; projektory + ekrany<\/a><\/strong><\/p>\n<p>&nbsp;<\/p>\n<p><strong>Procedura realizacji dostaw:<\/strong><br \/>\n\u2013 z\u0142o\u017cenie zapotrzebowania w systemie SAP wraz z podaniem dok\u0142adnego modelu projektora\/ekranu i numeru pozycji w ofercie;<\/p>\n<p>\u2013 zatwierdzenie Wniosku przez osoby upowa\u017cnione (np. Dziekan, Kwestor, Kanclerz, kierownik projektu);<br \/>\n\u2013 dostarczenie wniosku do Dzia\u0142u Zarz\u0105dzania Dostawami.<\/p>\n<p>&nbsp;<\/p>\n<p><strong>Pomocnicze informacje niezb\u0119dne do z\u0142o\u017cenia wniosk\u00f3w w Systemie SAP:<\/strong><\/p>\n<p>Grupa przedmiotowa: Projektory <strong>D6033B60000, <\/strong>CPV:<strong>\u00a038652100-1<\/strong>, podatek VAT \u2013 23%<br \/>\nlub Ekrany projekcyjne <strong>D6033700000<\/strong>, CPV:\u00a0<strong>38653400-1<\/strong>, podatek VAT \u2013 23%<\/p>\n<p>W zak\u0142adce\u00a0<strong>\u201eKr\u00f3tki tekst\u201d<\/strong>\u00a0nale\u017cy wpisa\u0107:<\/p>\n<p>\u2013 dok\u0142adny model projektora\/ekranu projekcyjnego, np. Projektor EPSON EB-735F\u00a0 \/ Ekran AVTEK \u00a0\u00a0\u00a0\u00a0\u00a0Tripod Standard 175<\/p>\n<style type=\"text\/css\">a[data-mtli~=\"mtli_filesize120,72kB\"]:after {content:\" (120,72 kB)\"}<\/style><\/div>\r\n                    <\/div>\r\n                <\/div>[\/vc_column][\/vc_row]<\/p>\n<style type=\"text\/css\">a[data-mtli~=\"mtli_filesize120,72kB\"]:after {content:\" (120,72 kB)\"}<\/style>","protected":false},"excerpt":{"rendered":"<p>[vc_row][vc_column][\/vc_column][\/vc_row][vc_row][vc_column][\/vc_column][\/vc_row] [&#8230;]<\/p>\n<p><a class=\"btn btn-secondary understrap-read-more-link\" href=\"https:\/\/us.edu.pl\/pracownik\/procedury-i-obieg-dokumentow\/logistyka\/aktualne-umowy-dlugoterminowe\/dostawa-projektorow-i-ekranow-projekcyjnych\/\">Read More&#8230;<\/a><\/p>\n","protected":false},"author":91,"featured_media":0,"parent":2268,"menu_order":206,"comment_status":"closed","ping_status":"closed","template":"page-templates\/inner-page.php","meta":{"_expiration-date-status":"","_expiration-date":0,"_expiration-date-type":"","_expiration-date-categories":[],"_expiration-date-options":[]},"acf":[],"_links":{"self":[{"href":"https:\/\/us.edu.pl\/pracownik\/wp-json\/wp\/v2\/pages\/8422"}],"collection":[{"href":"https:\/\/us.edu.pl\/pracownik\/wp-json\/wp\/v2\/pages"}],"about":[{"href":"https:\/\/us.edu.pl\/pracownik\/wp-json\/wp\/v2\/types\/page"}],"author":[{"embeddable":true,"href":"https:\/\/us.edu.pl\/pracownik\/wp-json\/wp\/v2\/users\/91"}],"replies":[{"embeddable":true,"href":"https:\/\/us.edu.pl\/pracownik\/wp-json\/wp\/v2\/comments?post=8422"}],"version-history":[{"count":10,"href":"https:\/\/us.edu.pl\/pracownik\/wp-json\/wp\/v2\/pages\/8422\/revisions"}],"predecessor-version":[{"id":43281,"href":"https:\/\/us.edu.pl\/pracownik\/wp-json\/wp\/v2\/pages\/8422\/revisions\/43281"}],"up":[{"embeddable":true,"href":"https:\/\/us.edu.pl\/pracownik\/wp-json\/wp\/v2\/pages\/2268"}],"wp:attachment":[{"href":"https:\/\/us.edu.pl\/pracownik\/wp-json\/wp\/v2\/media?parent=8422"}],"curies":[{"name":"wp","href":"https:\/\/api.w.org\/{rel}","templated":true}]}}