{"id":853,"date":"2019-09-23T11:19:11","date_gmt":"2019-09-23T09:19:11","guid":{"rendered":"http:\/\/php71.nfinity-beta.pl\/us\/pracownik\/?page_id=853"},"modified":"2025-03-20T14:55:21","modified_gmt":"2025-03-20T13:55:21","slug":"kontakt-do-dzialow-it","status":"publish","type":"page","link":"https:\/\/us.edu.pl\/pracownik\/wsparcie-informatyczne\/kontakt-do-dzialow-it\/","title":{"rendered":"Kontakt do dzia\u0142\u00f3w IT"},"content":{"rendered":"<p>[vc_row][vc_column]\r\n                <div class=\"text-modules\">\r\n                    <div class=\"container\">\r\n                        <h3 class=\"page-title text__title\">Kontakt do dzia\u0142\u00f3w IT<\/h3>\r\n                        <div class=\"text-modules__content\"><\/div>\r\n                    <\/div>\r\n                <\/div>\r\n\t\t\t\t<div class='container'>\r\n\t\t\t\t\t<div class='list-links list-links_'>\r\n\t\t\t\t\t\t  \r\n\t\t\t\t\t\t  <ul>\r\n\t\t\t\t\t\t\t\t<li><a href='https:\/\/ab.us.edu.pl\/unit\/60692409'><h4>Centrum Kszta\u0142cenia na Odleg\u0142o\u015b\u0107<\/h4><\/a><\/li>\r\n\t\t\t\t\t\t\t\t<li><a href='https:\/\/ab.us.edu.pl\/unit?id=60692401'><h4>Dzia\u0142 Administracji Sieci i Us\u0142ug Sieciowych<\/h4><\/a><\/li>\r\n\t\t\t\t\t\t\t\t<li><a href='https:\/\/ab.us.edu.pl\/unit\/60692402'><h4>Dzia\u0142 Informatycznej Obs\u0142ugi Toku Studi\u00f3w<\/h4><\/a><\/li>\r\n\t\t\t\t\t\t\t\t<li><a href='https:\/\/ab.us.edu.pl\/unit\/60692403'><h4>Dzia\u0142 Informatycznych System\u00f3w Zarz\u0105dzania<\/h4><\/a><\/li>\r\n\t\t\t\t\t\t\t\t<li><a href='https:\/\/ab.us.edu.pl\/unit\/60692404'><h4>Dzia\u0142 Portalu i Serwisu WWW<\/h4><\/a><\/li>\r\n\t\t\t\t\t\t\t\t<li><a href='https:\/\/ab.us.edu.pl\/unit\/60692408'><h4>Biuro ds. Cyberbezpiecze\u0144stwa<\/h4><\/a><\/li>\r\n\t\t\t\t\t\t\t\t<li><a href='https:\/\/ab.us.edu.pl\/unit\/60692405'><h4>Zesp\u00f3\u0142 Infrastruktury Informatycznej Kampusu Chorzowskiego<\/h4><\/a><\/li>\r\n\t\t\t\t\t\t\t\t<li><a href='https:\/\/ab.us.edu.pl\/unit\/60692406'><h4>Zesp\u00f3\u0142 Infrastruktury Informatycznej Kampusu Katowickiego<\/h4><\/a><\/li>\r\n\t\t\t\t\t\t\t\t<li><a href='https:\/\/ab.us.edu.pl\/unit\/60692407'><h4>Zesp\u00f3\u0142 Infrastruktury Informatycznej Kampusu Sosnowieckiego<\/h4><\/a><\/li><\/ul>\r\n\t\t\t\t\t<\/div>\r\n\t\t\t\t<\/div>   \r\n\t\t\t\t\t[\/vc_column][\/vc_row]<\/p>","protected":false},"excerpt":{"rendered":"<p>[vc_row][vc_column][\/vc_column][\/vc_row] [&#8230;]<\/p>\n<p><a class=\"btn btn-secondary understrap-read-more-link\" href=\"https:\/\/us.edu.pl\/pracownik\/wsparcie-informatyczne\/kontakt-do-dzialow-it\/\">Read More&#8230;<\/a><\/p>\n","protected":false},"author":1,"featured_media":0,"parent":829,"menu_order":365,"comment_status":"closed","ping_status":"closed","template":"page-templates\/inner-page.php","meta":{"_expiration-date-status":"","_expiration-date":0,"_expiration-date-type":"","_expiration-date-categories":[],"_expiration-date-options":[]},"acf":[],"_links":{"self":[{"href":"https:\/\/us.edu.pl\/pracownik\/wp-json\/wp\/v2\/pages\/853"}],"collection":[{"href":"https:\/\/us.edu.pl\/pracownik\/wp-json\/wp\/v2\/pages"}],"about":[{"href":"https:\/\/us.edu.pl\/pracownik\/wp-json\/wp\/v2\/types\/page"}],"author":[{"embeddable":true,"href":"https:\/\/us.edu.pl\/pracownik\/wp-json\/wp\/v2\/users\/1"}],"replies":[{"embeddable":true,"href":"https:\/\/us.edu.pl\/pracownik\/wp-json\/wp\/v2\/comments?post=853"}],"version-history":[{"count":10,"href":"https:\/\/us.edu.pl\/pracownik\/wp-json\/wp\/v2\/pages\/853\/revisions"}],"predecessor-version":[{"id":34049,"href":"https:\/\/us.edu.pl\/pracownik\/wp-json\/wp\/v2\/pages\/853\/revisions\/34049"}],"up":[{"embeddable":true,"href":"https:\/\/us.edu.pl\/pracownik\/wp-json\/wp\/v2\/pages\/829"}],"wp:attachment":[{"href":"https:\/\/us.edu.pl\/pracownik\/wp-json\/wp\/v2\/media?parent=853"}],"curies":[{"name":"wp","href":"https:\/\/api.w.org\/{rel}","templated":true}]}}