{"id":914,"date":"2019-10-03T13:38:53","date_gmt":"2019-10-03T11:38:53","guid":{"rendered":"https:\/\/us.edu.pl\/pracownik\/?page_id=914"},"modified":"2025-08-14T14:59:47","modified_gmt":"2025-08-14T12:59:47","slug":"inwestycje-i-remonty","status":"publish","type":"page","link":"https:\/\/us.edu.pl\/pracownik\/procedury-i-obieg-dokumentow\/inwestycje-i-remonty\/","title":{"rendered":"Inwestycje i remonty"},"content":{"rendered":"<p>[vc_row][vc_column][\/vc_column][\/vc_row][vc_row disable_element=&#8221;yes&#8221;][vc_column]\r\n                <div class=\"text-modules\">\r\n                    <div class=\"container\">\r\n                        <h3 class=\"page-title text__title\">Inwestycje i remonty<\/h3>\r\n                        <div class=\"text-modules__content\"><\/p>\n<h4><span style=\"font-size: 18pt;\"><strong>Komunikaty | utrudnienia zwi\u0105zane z budow\u0105 \u015aICCH<\/strong><\/span><\/h4>\n<p>\n<\/div>\r\n                    <\/div>\r\n                <\/div>[\/vc_column][\/vc_row][vc_row disable_element=&#8221;yes&#8221;][vc_column]\r\n\r\n            <div class=\"blocks\" style=\"text-align: \">\r\n               <div class=\"container\">\r\n                  \r\n                  <div class=\"row m-0 blocks_3\">\r\n                  \r\n                     <a href=\"https:\/\/us.edu.pl\/pracownik\/2025\/08\/12\/komunikat-utrudnienia-wyjazdu-z-parkingu-katowice\/\" class=\"thumbnail blocks__item\" style=\"background-image: url(https:\/\/us.edu.pl\/pracownik\/wp-content\/uploads\/sites\/2\/pracownik\/wiadomosci\/rektorat_IMG_5952_foto-Julia-Agnieszka-Szymala-2.jpg)\">\r\n                        <span>wi\u0119cej<\/span>\r\n                        <div class=\"blocks__bottom\">\r\n                        <div class=\"blocks__title\">Komunikat<\/div>\r\n                        <div class=\"blocks__subtitle\">utrudnienia wyjazdu z parkingu (Katowice)<\/div>\r\n                        <\/div>\r\n                     <\/a>\r\n                  \r\n                     <a href=\"https:\/\/us.edu.pl\/pracownik\/2025\/07\/24\/komunikat-aktualizacja-zmiany-w-organizacji-ruchu-w-rejonie-ul-chelkowskiego\/\" class=\"thumbnail blocks__item\" style=\"background-image: url(https:\/\/us.edu.pl\/pracownik\/wp-content\/uploads\/sites\/2\/pracownik\/zamkniecie-dojazdu-do-wneki-przy-U4-II-etap-002-1024x723.jpg)\">\r\n                        <span>wi\u0119cej<\/span>\r\n                        <div class=\"blocks__bottom\">\r\n                        <div class=\"blocks__title\">(aktualizacja)<\/div>\r\n                        <div class=\"blocks__subtitle\">zmiany w organizacji ruchu w rejonie ul. Che\u0142kowskiego<\/div>\r\n                        <\/div>\r\n                     <\/a>\r\n                  \r\n                     <a href=\"https:\/\/us.edu.pl\/pracownik\/2025\/06\/25\/komunikat-zmiany-w-organizacji-ruchu-w-rejonie-ul-chelkowskiego\/\" class=\"thumbnail blocks__item\" style=\"background-image: url(https:\/\/us.edu.pl\/pracownik\/wp-content\/uploads\/sites\/2\/pracownik\/zamkniecie-dojazdu-do-wneki-przy-U4-II-etap-002-1024x723.jpg)\">\r\n                        <span>wi\u0119cej<\/span>\r\n                        <div class=\"blocks__bottom\">\r\n                        <div class=\"blocks__title\">Komunikat<\/div>\r\n                        <div class=\"blocks__subtitle\">zmiany w organizacji ruchu w rejonie ul. Che\u0142kowskiego<\/div>\r\n                        <\/div>\r\n                     <\/a><\/div>     \r\n               <\/div>\r\n            <\/div>[\/vc_column][\/vc_row]<\/p>","protected":false},"excerpt":{"rendered":"<p>[vc_row][vc_column][\/vc_column][\/vc_row][vc_row disable_element=&#8221;yes&#8221;][vc_column][\/vc_column][\/vc_row][vc_row disable_element=&#8221;yes&#8221;][vc_column][\/vc_column][\/vc_row] [&#8230;]<\/p>\n<p><a class=\"btn btn-secondary understrap-read-more-link\" href=\"https:\/\/us.edu.pl\/pracownik\/procedury-i-obieg-dokumentow\/inwestycje-i-remonty\/\">Read More&#8230;<\/a><\/p>\n","protected":false},"author":29,"featured_media":0,"parent":662,"menu_order":447,"comment_status":"closed","ping_status":"closed","template":"page-templates\/inner-page-with-bookmarks.php","meta":{"_expiration-date-status":"","_expiration-date":0,"_expiration-date-type":"","_expiration-date-categories":[],"_expiration-date-options":[]},"acf":[],"_links":{"self":[{"href":"https:\/\/us.edu.pl\/pracownik\/wp-json\/wp\/v2\/pages\/914"}],"collection":[{"href":"https:\/\/us.edu.pl\/pracownik\/wp-json\/wp\/v2\/pages"}],"about":[{"href":"https:\/\/us.edu.pl\/pracownik\/wp-json\/wp\/v2\/types\/page"}],"author":[{"embeddable":true,"href":"https:\/\/us.edu.pl\/pracownik\/wp-json\/wp\/v2\/users\/29"}],"replies":[{"embeddable":true,"href":"https:\/\/us.edu.pl\/pracownik\/wp-json\/wp\/v2\/comments?post=914"}],"version-history":[{"count":10,"href":"https:\/\/us.edu.pl\/pracownik\/wp-json\/wp\/v2\/pages\/914\/revisions"}],"predecessor-version":[{"id":40369,"href":"https:\/\/us.edu.pl\/pracownik\/wp-json\/wp\/v2\/pages\/914\/revisions\/40369"}],"up":[{"embeddable":true,"href":"https:\/\/us.edu.pl\/pracownik\/wp-json\/wp\/v2\/pages\/662"}],"wp:attachment":[{"href":"https:\/\/us.edu.pl\/pracownik\/wp-json\/wp\/v2\/media?parent=914"}],"curies":[{"name":"wp","href":"https:\/\/api.w.org\/{rel}","templated":true}]}}