{"id":9166,"date":"2020-08-19T10:47:57","date_gmt":"2020-08-19T08:47:57","guid":{"rendered":"https:\/\/us.edu.pl\/pracownik\/?page_id=9166"},"modified":"2025-12-03T08:49:08","modified_gmt":"2025-12-03T07:49:08","slug":"wyjazdy-zagraniczne","status":"publish","type":"page","link":"https:\/\/us.edu.pl\/pracownik\/sprawy-miedzynarodowe\/mobilnosc-miedzynarodowa\/wyjazdy-zagraniczne\/","title":{"rendered":"Wyjazdy zagraniczne"},"content":{"rendered":"<p>[vc_row][vc_column][\/vc_column][\/vc_row][vc_row][vc_column]\r\n            <div class=\"container\">  \r\n                <div class=\"lists-with-links\">\r\n                    <div class=\"section-title\">Wyjazdy za granic\u0119<\/div>\r\n                   <div class=\"lists-with-links__items lists-3\"><ul class=\"angle-list\"> <div class=\"angle-list__title\">Rodzaje wyjazd\u00f3w i wnioski<\/div><li> <a href=\"https:\/\/us.edu.pl\/pracownik\/sprawy-miedzynarodowe\/mobilnosc-miedzynarodowa\/wyjazdy-zagraniczne\/polecenie-wyjazdu-sluzbowego-2\/\"> polecenie wyjazdu s\u0142u\u017cbowego -WP <\/a> <\/li><li> <a href=\"https:\/\/us.edu.pl\/pracownik\/sprawy-miedzynarodowe\/mobilnosc-miedzynarodowa\/wyjazdy-zagraniczne\/skierowanie-za-granice\/\"> skierowanie za granic\u0119 - WS <\/a> <\/li><li> <a href=\"https:\/\/us.edu.pl\/pracownik\/sprawy-miedzynarodowe\/mobilnosc-miedzynarodowa\/wyjazdy-zagraniczne\/podstawy-prawne\/\"> podstawy prawne <\/a> <\/li><\/ul><ul class=\"angle-list\"> <div class=\"angle-list__title\">Procedura wyjazd\u00f3w<\/div><li> <a href=\"https:\/\/us.edu.pl\/pracownik\/sprawy-miedzynarodowe\/mobilnosc-miedzynarodowa\/wyjazdy-zagraniczne\/polityka-mobilnosci-us\/\"> polityka mobilno\u015bci U\u015a <\/a> <\/li><li> <a href=\"https:\/\/us.edu.pl\/pracownik\/sprawy-miedzynarodowe\/mobilnosc-miedzynarodowa\/wyjazdy-zagraniczne\/zasady-ogolne\/\"> zasady og\u00f3lne <\/a> <\/li><li> <a href=\"https:\/\/us.edu.pl\/pracownik\/sprawy-miedzynarodowe\/mobilnosc-miedzynarodowa\/wyjazdy-zagraniczne\/oswiadczenia-do-wnioskow\/\"> o\u015bwiadczenia do wniosku <\/a> <\/li><li> <a href=\"https:\/\/us.edu.pl\/pracownik\/sprawy-miedzynarodowe\/mobilnosc-miedzynarodowa\/wyjazdy-zagraniczne\/druki-dokumentow\/\"> druki dokument\u00f3w <\/a> <\/li><\/ul><ul class=\"angle-list\"> <div class=\"angle-list__title\">Podr\u00f3\u017c<\/div><li> <a href=\"https:\/\/us.edu.pl\/pracownik\/sprawy-miedzynarodowe\/mobilnosc-miedzynarodowa\/wyjazdy-zagraniczne\/zasady-zakupu-biletow\/\"> zasady zakupu bilet\u00f3w i wiz <\/a> <\/li><li> <a href=\"https:\/\/us.edu.pl\/pracownik\/sprawy-miedzynarodowe\/mobilnosc-miedzynarodowa\/wyjazdy-zagraniczne\/samodzielny-zakup-biletow\/\"> samodzielny zakup bilet\u00f3w i wiz <\/a> <\/li><li> <a href=\"https:\/\/us.edu.pl\/pracownik\/sprawy-miedzynarodowe\/mobilnosc-miedzynarodowa\/wyjazdy-zagraniczne\/wspolpraca_z_biurem_podrozy\/\"> zakup bilet\u00f3w i wiz przez biuro podr\u00f3\u017cy  <\/a> <\/li><li> <a href=\"https:\/\/us.edu.pl\/pracownik\/sprawy-miedzynarodowe\/mobilnosc-miedzynarodowa\/wyjazdy-zagraniczne\/schemat-zakupu-biletow-lotniczych\/\"> schemat zakupu bilet\u00f3w lotniczych <\/a> <\/li><li> <a href=\"https:\/\/us.edu.pl\/pracownik\/sprawy-miedzynarodowe\/mobilnosc-miedzynarodowa\/wyjazdy-zagraniczne\/diety-i-limity-za-noclegi\/\"> diety i limity za noclegi <\/a> <\/li><li> <a href=\"https:\/\/us.edu.pl\/pracownik\/sprawy-miedzynarodowe\/mobilnosc-miedzynarodowa\/wyjazdy-zagraniczne\/wiza\/\"> wiza <\/a> <\/li><li> <a href=\"https:\/\/us.edu.pl\/pracownik\/sprawy-miedzynarodowe\/mobilnosc-miedzynarodowa\/wyjazdy-zagraniczne\/ubezpieczenie\/  \"> ubezpieczenie <\/a> <\/li><li> <a href=\"https:\/\/us.edu.pl\/pracownik\/sprawy-miedzynarodowe\/mobilnosc-miedzynarodowa\/wyjazdy-zagraniczne\/podroz-samochodem\/\"> podr\u00f3\u017c samochodem <\/a> <\/li><\/ul><\/div>\r\n                <\/div>\r\n            <\/div>[\/vc_column][\/vc_row][vc_row][vc_column]<div class=\"container\"><div class=\"separator\" style=\"background-color: #EBEBEB\"><\/div><\/div>[\/vc_column][\/vc_row][vc_row][vc_column]\r\n            <div class=\"container\">  \r\n                <div class=\"lists-with-links\">\r\n                    <div class=\"section-title\"><\/div>\r\n                   <div class=\"lists-with-links__items lists-3\"><ul class=\"angle-list\"> <div class=\"angle-list__title\">Rozliczenie wyjazd\u00f3w<\/div><li> <a href=\"https:\/\/us.edu.pl\/pracownik\/sprawy-miedzynarodowe\/mobilnosc-miedzynarodowa\/wyjazdy-zagraniczne\/zasady-ogolne-2\/\"> zasady og\u00f3lne <\/a> <\/li><li> <a href=\"https:\/\/us.edu.pl\/pracownik\/sprawy-miedzynarodowe\/mobilnosc-miedzynarodowa\/wyjazdy-zagraniczne\/polecenie-wyjazdu-sluzbowego-3\/\"> polecenie wyjazdu s\u0142u\u017cbowego - WP <\/a> <\/li><li> <a href=\"https:\/\/us.edu.pl\/pracownik\/sprawy-miedzynarodowe\/mobilnosc-miedzynarodowa\/wyjazdy-zagraniczne\/skierowanie-za-granice-2\/\"> skierowanie za granic\u0119 - WS <\/a> <\/li><\/ul><ul class=\"angle-list\"> <div class=\"angle-list__title\">Komunikaty<\/div><li> <a href=\"https:\/\/us.edu.pl\/pracownik\/sprawy-miedzynarodowe\/mobilnosc-miedzynarodowa\/wyjazdy-zagraniczne\/aktualnosci\/\"> aktualno\u015bci <\/a> <\/li><li> <a href=\"https:\/\/us.edu.pl\/pracownik\/sprawy-miedzynarodowe\/mobilnosc-miedzynarodowa\/wyjazdy-zagraniczne\/bezpieczenstwo-wyjazdow\/\"> bezpiecze\u0144stwo wyjazd\u00f3w  <\/a> <\/li><li> <a href=\"https:\/\/us.edu.pl\/pracownik\/sprawy-miedzynarodowe\/mobilnosc-miedzynarodowa\/wyjazdy-zagraniczne\/przydatne-linki\/\"> przydatne linki <\/a> <\/li><li> <a href=\"https:\/\/us.edu.pl\/pracownik\/sprawy-miedzynarodowe\/mobilnosc-miedzynarodowa\/wyjazdy-zagraniczne\/kontakt-na-wydzialach\/\"> kontakt na wydzia\u0142ach <\/a> <\/li><\/ul><ul class=\"angle-list\"> <div class=\"angle-list__title\">Przydatne informacje<\/div><li> <a href=\"https:\/\/us.edu.pl\/pracownik\/sprawy-miedzynarodowe\/mobilnosc-miedzynarodowa\/wyjazdy-zagraniczne\/faq-wyjazdy-zagraniczne\/\"> FAQ <\/a> <\/li><li> <a href=\"https:\/\/us.edu.pl\/pracownik\/sprawy-miedzynarodowe\/mobilnosc-miedzynarodowa\/wyjazdy-zagraniczne\/instrukcje-i-materialy-szkoleniowe\/\"> Instrukcje i materia\u0142y szkoleniowe <\/a> <\/li><\/ul><\/div>\r\n                <\/div>\r\n            <\/div>[\/vc_column][\/vc_row][vc_row][vc_column]<div class=\"container\"><div class=\"separator\" style=\"background-color: #EBEBEB\"><\/div><\/div>[\/vc_column][\/vc_row]<\/p>","protected":false},"excerpt":{"rendered":"<p>[vc_row][vc_column][\/vc_column][\/vc_row][vc_row][vc_column][\/vc_column][\/vc_row][vc_row][vc_column][\/vc_column][\/vc_row][vc_row][vc_column][\/vc_column][\/vc_row][vc_row][vc_column][\/vc_column][\/vc_row] [&#8230;]<\/p>\n<p><a class=\"btn btn-secondary understrap-read-more-link\" href=\"https:\/\/us.edu.pl\/pracownik\/sprawy-miedzynarodowe\/mobilnosc-miedzynarodowa\/wyjazdy-zagraniczne\/\">Read More&#8230;<\/a><\/p>\n","protected":false},"author":41,"featured_media":0,"parent":5217,"menu_order":203,"comment_status":"closed","ping_status":"closed","template":"page-templates\/inner-page-with-bookmarks.php","meta":{"_expiration-date-status":"","_expiration-date":0,"_expiration-date-type":"","_expiration-date-categories":[],"_expiration-date-options":[]},"acf":[],"_links":{"self":[{"href":"https:\/\/us.edu.pl\/pracownik\/wp-json\/wp\/v2\/pages\/9166"}],"collection":[{"href":"https:\/\/us.edu.pl\/pracownik\/wp-json\/wp\/v2\/pages"}],"about":[{"href":"https:\/\/us.edu.pl\/pracownik\/wp-json\/wp\/v2\/types\/page"}],"author":[{"embeddable":true,"href":"https:\/\/us.edu.pl\/pracownik\/wp-json\/wp\/v2\/users\/41"}],"replies":[{"embeddable":true,"href":"https:\/\/us.edu.pl\/pracownik\/wp-json\/wp\/v2\/comments?post=9166"}],"version-history":[{"count":10,"href":"https:\/\/us.edu.pl\/pracownik\/wp-json\/wp\/v2\/pages\/9166\/revisions"}],"predecessor-version":[{"id":41825,"href":"https:\/\/us.edu.pl\/pracownik\/wp-json\/wp\/v2\/pages\/9166\/revisions\/41825"}],"up":[{"embeddable":true,"href":"https:\/\/us.edu.pl\/pracownik\/wp-json\/wp\/v2\/pages\/5217"}],"wp:attachment":[{"href":"https:\/\/us.edu.pl\/pracownik\/wp-json\/wp\/v2\/media?parent=9166"}],"curies":[{"name":"wp","href":"https:\/\/api.w.org\/{rel}","templated":true}]}}