{"id":9444,"date":"2020-09-21T14:19:43","date_gmt":"2020-09-21T12:19:43","guid":{"rendered":"https:\/\/us.edu.pl\/pracownik\/?page_id=9444"},"modified":"2026-03-12T10:14:13","modified_gmt":"2026-03-12T09:14:13","slug":"strefa-nowo-zatrudnionych","status":"publish","type":"page","link":"https:\/\/us.edu.pl\/pracownik\/adaptacja-zawodowa\/strefa-nowo-zatrudnionych\/","title":{"rendered":"strefa nowo zatrudnionych"},"content":{"rendered":"<p>[vc_row el_class=&#8221;container&#8221;][vc_column][\/vc_column][\/vc_row][vc_row el_class=&#8221;container&#8221;][vc_column]\r\n                <div class=\"text-modules\">\r\n                    <div class=\"container\">\r\n                        <h3 class=\"page-title text__title\">strefa nowo zatrudnionych<\/h3>\r\n                        <div class=\"text-modules__content\"><\/div>\r\n                    <\/div>\r\n                <\/div>[\/vc_column][\/vc_row][vc_row el_class=&#8221;container&#8221;][vc_column width=&#8221;2\/3&#8243;][vc_video link=&#8221;https:\/\/www.youtube.com\/watch?v=KNZ4ATUQOqA&amp;feature=youtu.be&amp;fbclid=IwAR22Z6Y_yG5LXZOmGtfo015KQ4mFWVfUM_p10EBXrxkSlKrqpIuM5942NCw&#8221;][\/vc_column][vc_column width=&#8221;1\/3&#8243;][\/vc_column][\/vc_row][vc_row el_class=&#8221;container&#8221;][vc_column]\r\n                <div class=\"text-modules\">\r\n                    <div class=\"container\">\r\n                        \r\n                        <div class=\"text-modules__content\"><p>Przygotowali\u015bmy dla Pa\u0144stwa \u015bcie\u017ck\u0119 adaptacji zawodowej, kt\u00f3ra u\u0142atwi poznanie zasad wsp\u00f3\u0142pracy obowi\u0105zuj\u0105cych w naszej Uczelni, a tak\u017ce regu\u0142 og\u00f3lnouczelnianych istotnych dla ka\u017cdego z Pa\u0144stwa bez wzgl\u0119du na stanowisko, sta\u017c pracy czy miejsce zatrudnienia. Uniwersytet \u015al\u0105ski w Katowicach to wyj\u0105tkowe miejsce, teraz tak\u017ce dzi\u0119ki Pa\u0144stwu!<\/p>\n<\/div>\r\n                    <\/div>\r\n                <\/div>[\/vc_column][\/vc_row][vc_row el_class=&#8221;container&#8221;][vc_column]<div class=\"container\"><div class=\"separator\" style=\"background-color: #EBEBEB\"><\/div><\/div>[\/vc_column][\/vc_row][vc_row el_class=&#8221;container&#8221;][vc_column]\r\n                <div class=\"text-modules \">\r\n                    <div class=\"container\">\r\n                         \r\n                        <div class=\"row m-0\">\r\n                            <div class=\"text-modules__content\">\r\n                                <\/p>\n<h2>pierwsze kroki<\/h2>\n<table style=\"border-collapse: collapse; width: 100%;\">\n<tbody>\n<tr>\n<td style=\"width: 25%; padding: 5px;\"><img class=\"wp-image-9823 alignright\" src=\"https:\/\/us.edu.pl\/pracownik\/wp-content\/uploads\/sites\/2\/pracownik\/Ikony-graficzne\/Obraz1z1.jpg\" alt=\"\" width=\"73\" height=\"73\" srcset=\"https:\/\/us.edu.pl\/pracownik\/wp-content\/uploads\/sites\/2\/pracownik\/Ikony-graficzne\/Obraz1z1.jpg 270w, https:\/\/us.edu.pl\/pracownik\/wp-content\/uploads\/sites\/2\/pracownik\/Ikony-graficzne\/Obraz1z1-150x150.jpg 150w\" sizes=\"(max-width: 73px) 100vw, 73px\" \/><\/td>\n<td style=\"width: 75%; padding-left: 10px;\"><span class=\"TextRun SCXW187893961 BCX0\" lang=\"PL-PL\" xml:lang=\"PL-PL\" data-contrast=\"auto\"><span class=\"NormalTextRun SCXW187893961 BCX0\">dope\u0142nienie\u00a0<\/span><\/span><span class=\"TextRun SCXW187893961 BCX0\" lang=\"PL-PL\" xml:lang=\"PL-PL\" data-contrast=\"auto\"><span class=\"NormalTextRun SCXW187893961 BCX0\">formalno\u015bci zwi\u0105z<\/span><\/span><span class=\"TextRun SCXW187893961 BCX0\" lang=\"PL-PL\" xml:lang=\"PL-PL\" data-contrast=\"auto\"><span class=\"NormalTextRun SCXW187893961 BCX0\">a<\/span><\/span><span class=\"TextRun SCXW187893961 BCX0\" lang=\"PL-PL\" xml:lang=\"PL-PL\" data-contrast=\"auto\"><span class=\"NormalTextRun SCXW187893961 BCX0\">n<\/span><\/span><span class=\"TextRun SCXW187893961 BCX0\" lang=\"PL-PL\" xml:lang=\"PL-PL\" data-contrast=\"auto\"><span class=\"NormalTextRun SCXW187893961 BCX0\">ych<\/span><\/span><span class=\"TextRun SCXW187893961 BCX0\" lang=\"PL-PL\" xml:lang=\"PL-PL\" data-contrast=\"auto\"><span class=\"NormalTextRun SCXW187893961 BCX0\">\u00a0<\/span><\/span><span class=\"TextRun SCXW187893961 BCX0\" lang=\"PL-PL\" xml:lang=\"PL-PL\" data-contrast=\"auto\"><span class=\"NormalTextRun SCXW187893961 BCX0\">z zatrudnieniem\u202f<\/span><\/span><span class=\"TextRun SCXW187893961 BCX0\" lang=\"PL-PL\" xml:lang=\"PL-PL\" data-contrast=\"auto\"><span class=\"NormalTextRun SCXW187893961 BCX0\">w porozumieniu z\u00a0<\/span><\/span><span class=\"TextRun SCXW187893961 BCX0\" lang=\"PL-PL\" xml:lang=\"PL-PL\" data-contrast=\"auto\"><span class=\"NormalTextRun SCXW187893961 BCX0\">bezpo\u015brednim prze\u0142o\u017conym<\/span><\/span><span class=\"TextRun SCXW187893961 BCX0\" lang=\"PL-PL\" xml:lang=\"PL-PL\" data-contrast=\"auto\"><span class=\"NormalTextRun SCXW187893961 BCX0\">\u00a0<\/span><\/span><span class=\"TextRun SCXW187893961 BCX0\" lang=\"PL-PL\" xml:lang=\"PL-PL\" data-contrast=\"auto\"><span class=\"NormalTextRun SCXW187893961 BCX0\">lub wyznaczo<\/span><\/span><span class=\"TextRun SCXW187893961 BCX0\" lang=\"PL-PL\" xml:lang=\"PL-PL\" data-contrast=\"auto\"><span class=\"NormalTextRun SCXW187893961 BCX0\">n\u0105<\/span><\/span><span class=\"TextRun SCXW187893961 BCX0\" lang=\"PL-PL\" xml:lang=\"PL-PL\" data-contrast=\"auto\"><span class=\"NormalTextRun SCXW187893961 BCX0\">\u00a0przez niego osob<\/span><\/span><span class=\"TextRun SCXW187893961 BCX0\" lang=\"PL-PL\" xml:lang=\"PL-PL\" data-contrast=\"auto\"><span class=\"NormalTextRun SCXW187893961 BCX0\">\u0105<\/span><\/span><span class=\"TextRun SCXW187893961 BCX0\" lang=\"PL-PL\" xml:lang=\"PL-PL\" data-contrast=\"auto\"><span class=\"NormalTextRun SCXW187893961 BCX0\">,<\/span><\/span><span class=\"TextRun SCXW187893961 BCX0\" lang=\"PL-PL\" xml:lang=\"PL-PL\" data-contrast=\"auto\"><span class=\"NormalTextRun SCXW187893961 BCX0\">\u00a0<\/span><\/span><a href=\"https:\/\/us.edu.pl\/pracownik\/sprawy-pracownicze\/sprawy-kadrowe\/kontakt\/\" target=\"_blank\" rel=\"noopener\"><span class=\"TextRun Underlined SCXW187893961 BCX0\" lang=\"PL-PL\" xml:lang=\"PL-PL\" data-contrast=\"none\"><span class=\"NormalTextRun SCXW187893961 BCX0\" data-ccp-charstyle=\"Hyperlink\">Dzia\u0142em Spraw Osobowych i Socjalnych<\/span><\/span><\/a><span class=\"TextRun SCXW187893961 BCX0\" lang=\"PL-PL\" xml:lang=\"PL-PL\" data-contrast=\"auto\"><span class=\"NormalTextRun SCXW187893961 BCX0\">\u00a0oraz <a href=\"https:\/\/ab.us.edu.pl\/unit?id=606804\" target=\"_blank\" rel=\"noopener\">Dzia\u0142em P\u0142ac<\/a><\/span><\/span><span class=\"EOP SCXW187893961 BCX0\" data-ccp-props=\"{&quot;134233279&quot;:true,&quot;201341983&quot;:0,&quot;335551550&quot;:6,&quot;335551620&quot;:6,&quot;335559685&quot;:360,&quot;335559731&quot;:709,&quot;335559739&quot;:0,&quot;335559740&quot;:240}\">\u00a0<\/span><\/td>\n<\/tr>\n<tr>\n<td style=\"width: 25%; padding: 5px;\"><img class=\"wp-image-9825 alignright\" src=\"https:\/\/us.edu.pl\/pracownik\/wp-content\/uploads\/sites\/2\/pracownik\/Ikony-graficzne\/Obraz2.jpg\" alt=\"\" width=\"70\" height=\"70\" srcset=\"https:\/\/us.edu.pl\/pracownik\/wp-content\/uploads\/sites\/2\/pracownik\/Ikony-graficzne\/Obraz2.jpg 270w, https:\/\/us.edu.pl\/pracownik\/wp-content\/uploads\/sites\/2\/pracownik\/Ikony-graficzne\/Obraz2-150x150.jpg 150w\" sizes=\"(max-width: 70px) 100vw, 70px\" \/><\/td>\n<td style=\"width: 75%; padding-left: 10px;\"><span class=\"TextRun SCXW59762076 BCX0\" lang=\"PL-PL\" xml:lang=\"PL-PL\" data-contrast=\"none\"><span class=\"NormalTextRun SCXW59762076 BCX0\">udzia\u0142 w\u00a0<\/span><\/span><span class=\"TextRun SCXW59762076 BCX0\" lang=\"PL-PL\" xml:lang=\"PL-PL\" data-contrast=\"none\"><span class=\"NormalTextRun SCXW59762076 BCX0\">szkoleni<\/span><\/span><span class=\"TextRun SCXW59762076 BCX0\" lang=\"PL-PL\" xml:lang=\"PL-PL\" data-contrast=\"none\"><span class=\"NormalTextRun SCXW59762076 BCX0\">u<\/span><\/span><span class=\"TextRun SCXW59762076 BCX0\" lang=\"PL-PL\" xml:lang=\"PL-PL\" data-contrast=\"none\"><span class=\"NormalTextRun SCXW59762076 BCX0\">\u00a0wst\u0119pn<\/span><\/span><span class=\"TextRun SCXW59762076 BCX0\" lang=\"PL-PL\" xml:lang=\"PL-PL\" data-contrast=\"none\"><span class=\"NormalTextRun SCXW59762076 BCX0\">ym<\/span><\/span><span class=\"TextRun SCXW59762076 BCX0\" lang=\"PL-PL\" xml:lang=\"PL-PL\" data-contrast=\"none\"><span class=\"NormalTextRun SCXW59762076 BCX0\">\u00a0w zakresie bhp i\u00a0<\/span><\/span><span class=\"TextRun SCXW59762076 BCX0\" lang=\"PL-PL\" xml:lang=\"PL-PL\" data-contrast=\"none\"><span class=\"NormalTextRun SCXW59762076 BCX0\">p.<\/span><\/span><span class=\"TextRun SCXW59762076 BCX0\" lang=\"PL-PL\" xml:lang=\"PL-PL\" data-contrast=\"none\"><span class=\"NormalTextRun SCXW59762076 BCX0\">\u00a0<\/span><\/span><span class=\"TextRun SCXW59762076 BCX0\" lang=\"PL-PL\" xml:lang=\"PL-PL\" data-contrast=\"none\"><span class=\"SpellingError SCXW59762076 BCX0\">po\u017c<\/span><\/span><span class=\"TextRun SCXW59762076 BCX0\" lang=\"PL-PL\" xml:lang=\"PL-PL\" data-contrast=\"none\"><span class=\"NormalTextRun SCXW59762076 BCX0\">. oraz spotkanie adaptacyjne <\/span><\/span><span class=\"TextRun SCXW59762076 BCX0\" lang=\"PL-PL\" xml:lang=\"PL-PL\" data-contrast=\"none\"><span class=\"NormalTextRun SCXW59762076 BCX0\">&#8211;<\/span><\/span><span class=\"TextRun SCXW59762076 BCX0\" lang=\"PL-PL\" xml:lang=\"PL-PL\" data-contrast=\"none\"><span class=\"NormalTextRun SCXW59762076 BCX0\"> Inspektorat BHP i Ochrony Przeciwpo\u017carowej, Dzia\u0142 HR<\/span><\/span><span class=\"EOP SCXW59762076 BCX0\" data-ccp-props=\"{&quot;134233279&quot;:true,&quot;201341983&quot;:0,&quot;335551550&quot;:6,&quot;335551620&quot;:6,&quot;335559685&quot;:360,&quot;335559731&quot;:709,&quot;335559739&quot;:0,&quot;335559740&quot;:240}\">\u00a0<\/span><\/td>\n<\/tr>\n<tr>\n<td style=\"width: 25%; padding: 5px;\"><img class=\"wp-image-9827 alignright\" src=\"https:\/\/us.edu.pl\/pracownik\/wp-content\/uploads\/sites\/2\/pracownik\/Ikony-graficzne\/Obraz3.jpg\" alt=\"\" width=\"72\" height=\"72\" srcset=\"https:\/\/us.edu.pl\/pracownik\/wp-content\/uploads\/sites\/2\/pracownik\/Ikony-graficzne\/Obraz3.jpg 270w, https:\/\/us.edu.pl\/pracownik\/wp-content\/uploads\/sites\/2\/pracownik\/Ikony-graficzne\/Obraz3-150x150.jpg 150w\" sizes=\"(max-width: 72px) 100vw, 72px\" \/><\/td>\n<td style=\"width: 75%; padding-left: 10px;\"><span class=\"TextRun SCXW12838814 BCX0\" lang=\"PL-PL\" xml:lang=\"PL-PL\" data-contrast=\"auto\"><span class=\"NormalTextRun SCXW12838814 BCX0\">a<\/span><\/span><span class=\"TextRun SCXW12838814 BCX0\" lang=\"PL-PL\" xml:lang=\"PL-PL\" data-contrast=\"auto\"><span class=\"NormalTextRun SCXW12838814 BCX0\">ktywacja kont w systemach informatycznych (<a href=\"https:\/\/usnet.us.edu.pl\/uslugi-sieciowe\/poczta-elektroniczna\/aktywacja-kont-poczty-elektronicznej\/\" target=\"_blank\" rel=\"noopener noreferrer\">e-mail<\/a>, <a href=\"https:\/\/logowanie.us.edu.pl\/cas\/login\" target=\"_blank\" rel=\"noopener noreferrer\">CAS<\/a>, <a href=\"http:\/\/www.us.edu.pl\/pracownik\/wp-content\/uploads\/sites\/2\/pliki-dodatkowe\/za%C5%82.-1-instrukcja_aktywacja_office365.pdf\" class=\"mtli_attachment mtli_pdf\" target=\"_blank\" rel=\"noopener noreferrer\">Office365<\/a>)<\/span><\/span><span class=\"EOP SCXW12838814 BCX0\" data-ccp-props=\"{&quot;134233279&quot;:true,&quot;201341983&quot;:0,&quot;335551550&quot;:6,&quot;335551620&quot;:6,&quot;335559685&quot;:360,&quot;335559731&quot;:709,&quot;335559739&quot;:0,&quot;335559740&quot;:240}\">\u00a0<\/span><\/td>\n<\/tr>\n<tr>\n<td style=\"width: 25%; padding: 5px;\"><img class=\"wp-image-9817 alignright\" src=\"https:\/\/us.edu.pl\/pracownik\/wp-content\/uploads\/sites\/2\/pracownik\/Ikony-graficzne\/Obraz4.jpg\" alt=\"\" width=\"68\" height=\"68\" srcset=\"https:\/\/us.edu.pl\/pracownik\/wp-content\/uploads\/sites\/2\/pracownik\/Ikony-graficzne\/Obraz4.jpg 270w, https:\/\/us.edu.pl\/pracownik\/wp-content\/uploads\/sites\/2\/pracownik\/Ikony-graficzne\/Obraz4-150x150.jpg 150w\" sizes=\"(max-width: 68px) 100vw, 68px\" \/><\/td>\n<td style=\"width: 75%; padding-left: 10px;\"><span class=\"TextRun SCXW139367493 BCX0\" lang=\"PL-PL\" xml:lang=\"PL-PL\" data-contrast=\"auto\"><span class=\"NormalTextRun SCXW139367493 BCX0\">zapoznanie si\u0119 z obowi\u0105zkami\u00a0<\/span><\/span><span class=\"TextRun SCXW139367493 BCX0\" lang=\"PL-PL\" xml:lang=\"PL-PL\" data-contrast=\"auto\"><span class=\"NormalTextRun SCXW139367493 BCX0\">na stanowisku\u00a0<\/span><\/span><span class=\"TextRun SCXW139367493 BCX0\" lang=\"PL-PL\" xml:lang=\"PL-PL\" data-contrast=\"auto\"><span class=\"NormalTextRun SCXW139367493 BCX0\">pracy oraz\u00a0<\/span><\/span><span class=\"TextRun SCXW139367493 BCX0\" lang=\"PL-PL\" xml:lang=\"PL-PL\" data-contrast=\"auto\"><span class=\"NormalTextRun SCXW139367493 BCX0\">dzia\u0142aniem\u00a0<\/span><\/span><span class=\"TextRun SCXW139367493 BCX0\" lang=\"PL-PL\" xml:lang=\"PL-PL\" data-contrast=\"auto\"><span class=\"NormalTextRun SCXW139367493 BCX0\">jednostk<\/span><\/span><span class=\"TextRun SCXW139367493 BCX0\" lang=\"PL-PL\" xml:lang=\"PL-PL\" data-contrast=\"auto\"><span class=\"NormalTextRun SCXW139367493 BCX0\">i<\/span><\/span><span class=\"TextRun SCXW139367493 BCX0\" lang=\"PL-PL\" xml:lang=\"PL-PL\" data-contrast=\"auto\"><span class=\"NormalTextRun SCXW139367493 BCX0\">\u00a0<\/span><\/span><span class=\"TextRun SCXW139367493 BCX0\" lang=\"PL-PL\" xml:lang=\"PL-PL\" data-contrast=\"auto\"><span class=\"NormalTextRun SCXW139367493 BCX0\">&#8211;<\/span><\/span><span class=\"TextRun SCXW139367493 BCX0\" lang=\"PL-PL\" xml:lang=\"PL-PL\" data-contrast=\"auto\"><span class=\"NormalTextRun SCXW139367493 BCX0\">\u00a0bezpo\u015bredni<\/span><\/span><span class=\"TextRun SCXW139367493 BCX0\" lang=\"PL-PL\" xml:lang=\"PL-PL\" data-contrast=\"auto\"><span class=\"NormalTextRun SCXW139367493 BCX0\">\u00a0prze\u0142o\u017con<\/span><\/span><span class=\"TextRun SCXW139367493 BCX0\" lang=\"PL-PL\" xml:lang=\"PL-PL\" data-contrast=\"auto\"><span class=\"NormalTextRun SCXW139367493 BCX0\">y<\/span><\/span><span class=\"TextRun SCXW139367493 BCX0\" lang=\"PL-PL\" xml:lang=\"PL-PL\" data-contrast=\"auto\"><span class=\"NormalTextRun SCXW139367493 BCX0\">\u00a0oraz osoby przez nie<\/span><\/span><span class=\"TextRun SCXW139367493 BCX0\" lang=\"PL-PL\" xml:lang=\"PL-PL\" data-contrast=\"auto\"><span class=\"NormalTextRun SCXW139367493 BCX0\">go<\/span><\/span><span class=\"TextRun SCXW139367493 BCX0\" lang=\"PL-PL\" xml:lang=\"PL-PL\" data-contrast=\"auto\"><span class=\"NormalTextRun SCXW139367493 BCX0\">\u00a0wskazan<\/span><\/span><span class=\"TextRun SCXW139367493 BCX0\" lang=\"PL-PL\" xml:lang=\"PL-PL\" data-contrast=\"auto\"><span class=\"NormalTextRun SCXW139367493 BCX0\">e<\/span><\/span><span class=\"EOP SCXW139367493 BCX0\" data-ccp-props=\"{&quot;134233279&quot;:true,&quot;201341983&quot;:0,&quot;335551550&quot;:6,&quot;335551620&quot;:6,&quot;335559685&quot;:360,&quot;335559731&quot;:709,&quot;335559739&quot;:0,&quot;335559740&quot;:240}\">\u00a0<\/span><\/td>\n<\/tr>\n<tr>\n<td style=\"width: 25%; padding: 5px;\"><img class=\"wp-image-9821 alignright\" src=\"https:\/\/us.edu.pl\/pracownik\/wp-content\/uploads\/sites\/2\/pracownik\/Ikony-graficzne\/Obraz5.jpg\" alt=\"\" width=\"69\" height=\"69\" srcset=\"https:\/\/us.edu.pl\/pracownik\/wp-content\/uploads\/sites\/2\/pracownik\/Ikony-graficzne\/Obraz5.jpg 270w, https:\/\/us.edu.pl\/pracownik\/wp-content\/uploads\/sites\/2\/pracownik\/Ikony-graficzne\/Obraz5-150x150.jpg 150w\" sizes=\"(max-width: 69px) 100vw, 69px\" \/><\/td>\n<td style=\"width: 75%; padding-left: 10px;\">zrealizowanie obowi\u0105zkowych szkole\u0144 (RODO, praca zdalna BHP)<\/td>\n<\/tr>\n<\/tbody>\n<\/table>\n<div class=\"mt-3\"><\/div>\r\n                            <\/div>\r\n                            \r\n                            \r\n                        <\/div>\r\n                    <\/div>\r\n                <\/div>[\/vc_column][\/vc_row][vc_row el_class=&#8221;container&#8221;][vc_column]<div class=\"container\"><div class=\"separator\" style=\"background-color: #EBEBEB\"><\/div><\/div>[\/vc_column][\/vc_row][vc_row el_class=&#8221;container&#8221;][vc_column]\r\n                <div class=\"text-modules\">\r\n                    <div class=\"container\">\r\n                        \r\n                        <div class=\"text-modules__content\"><\/p>\n<h2>materia\u0142y pomocnicze<\/h2>\n<p>\n<\/div>\r\n                    <\/div>\r\n                <\/div>[\/vc_column][\/vc_row][vc_row el_class=&#8221;container&#8221;][vc_column]\r\n            <div class=\"container\">  \r\n                <div class=\"lists-with-links\">\r\n                    <div class=\"section-title\"><\/div>\r\n                   <div class=\"lists-with-links__items lists-3\"><ul class=\"angle-list\"> <img src=\"https:\/\/us.edu.pl\/pracownik\/wp-content\/uploads\/sites\/2\/pracownik\/Ikony-graficzne\/Obraz-granat-ptaszek-150x150.jpg\" alt=\"list image\"><div class=\"angle-list__title\">poradnik adaptacyjny<\/div><li> <a href=\"https:\/\/sway.office.com\/RbqNaxjNWNwQFrs5?ref=Link\"> link <\/a> <\/li><\/ul><ul class=\"angle-list\"> <img src=\"https:\/\/us.edu.pl\/pracownik\/wp-content\/uploads\/sites\/2\/pracownik\/Ikony-graficzne\/Obraz-granat-ptaszek-150x150.jpg\" alt=\"list image\"><div class=\"angle-list__title\">baza wiedzy<\/div><li> <a href=\"https:\/\/us.edu.pl\/pracownik\/adaptacja-zawodowa\/baza-wiedzy\/\"> zbi\u00f3r regulamin\u00f3w, zarz\u0105dze\u0144 i link\u00f3w <\/a> <\/li><\/ul><ul class=\"angle-list\"> <img src=\"https:\/\/us.edu.pl\/pracownik\/wp-content\/uploads\/sites\/2\/pracownik\/Ikony-graficzne\/Obraz-granat-ptaszek-150x150.jpg\" alt=\"list image\"><div class=\"angle-list__title\">listy zada\u0144<\/div><li> <a href=\"https:\/\/aktyprawne.us.edu.pl\/d\/5402\/5\/\"> nauczyciel akademicki (za\u0142.1 zarz\u0105dzenie Rektora 205\/2021) <\/a> <\/li><li> <a href=\"https:\/\/aktyprawne.us.edu.pl\/d\/5402\/5\/\"> pracownik nieb\u0119d\u0105cy nauczycielem akademickim (za\u0142.2 zarz\u0105dzenie Rektora 205\/2021) <\/a> <\/li><\/ul><\/div>\r\n                <\/div>\r\n            <\/div>[\/vc_column][\/vc_row][vc_row el_class=&#8221;container&#8221;][vc_column]<div class=\"container\"><div class=\"separator\" style=\"background-color: #EBEBEB\"><\/div><\/div>[\/vc_column][\/vc_row][vc_row el_class=&#8221;container&#8221;][vc_column]\r\n                <div class=\"text-modules\">\r\n                    <div class=\"container\">\r\n                        \r\n                        <div class=\"text-modules__content\"><\/p>\n<h2>szkolenia i spotkania adaptacyjne<\/h2>\n<p>\n<\/div>\r\n                    <\/div>\r\n                <\/div>[\/vc_column][\/vc_row][vc_row el_class=&#8221;container&#8221;][vc_column]\r\n            <div class=\"container\">  \r\n                <div class=\"lists-with-links\">\r\n                    <div class=\"section-title\"><\/div>\r\n                   <div class=\"lists-with-links__items lists-3\"><ul class=\"angle-list\"> <img src=\"https:\/\/us.edu.pl\/pracownik\/wp-content\/uploads\/sites\/2\/pracownik\/Ikony-graficzne\/Obraz-granat-ptaszek-150x150.jpg\" alt=\"list image\"><div class=\"angle-list__title\">spotkanie adaptacyjne<\/div><li> <a href=\"https:\/\/us.edu.pl\/pracownik\/wp-content\/uploads\/sites\/2\/pracownik\/ADAPTACJA\/program-szkolenia-Adaptacja-z-BHP-16_02_26.pptx\"> materia\u0142y z DHR <\/a> <\/li><li> <a href=\"https:\/\/us.edu.pl\/pracownik\/wp-content\/uploads\/sites\/2\/pracownik\/ADAPTACJA\/Introductiory_Materials_from-HR-Department.pdf\" class=\"mtli_attachment mtli_pdf\" data-mtli=\"mtli_filesize1,08MB\"> materials from HR Department <\/a> <\/li><li> <a href=\"https:\/\/us.edu.pl\/pracownik\/wp-content\/uploads\/sites\/2\/pracownik\/ADAPTACJA\/Adaptacja-UA-2_11_22.pdf\" class=\"mtli_attachment mtli_pdf\" data-mtli=\"mtli_filesize1,65MB\"> \u0412\u0456\u0434\u0434\u0456\u043b HR. \u041c\u0430\u0442\u0435\u0440\u0456\u0430\u043b\u0438 <\/a> <\/li><li> <a href=\"https:\/\/us.edu.pl\/pracownik\/wp-content\/uploads\/sites\/2\/pracownik\/ADAPTACJA\/DSSO-informacje-dla-nowo-zatrudnionych.pdf\" class=\"mtli_attachment mtli_pdf\" data-mtli=\"mtli_filesize224,00kB\"> materia\u0142y szkoleniowe: ochrona os\u00f3b i mienia (DSOO)  <\/a> <\/li><\/ul><ul class=\"angle-list\"> <img src=\"https:\/\/us.edu.pl\/pracownik\/wp-content\/uploads\/sites\/2\/pracownik\/Ikony-graficzne\/Obraz-granat-ptaszek-150x150.jpg\" alt=\"list image\"><div class=\"angle-list__title\">szkolenie z zakresu ochrony danych osobowych<\/div><li> <a href=\"https:\/\/us.edu.pl\/pracownik\/wp-content\/uploads\/sites\/2\/pracownik\/ADAPTACJA\/Ochrona-danych-osobowych-prezentacja-na-szkolenie-pracownik\u00f3w_1.pdf\" class=\"mtli_attachment mtli_pdf\" data-mtli=\"mtli_filesize3,20MB\"> materia\u0142y szkoleniowe: ochrona danych osobowych <\/a> <\/li><li> <a href=\"https:\/\/us.edu.pl\/pracownik\/wp-content\/uploads\/sites\/2\/pracownik\/ADAPTACJA\/ENG-Ochrona-danych-osobowych-prezentacja-na-szkolenie-pracownik\u00f3w-wersja-ang.pdf\" class=\"mtli_attachment mtli_pdf\" data-mtli=\"mtli_filesize3,01MB\"> training mateials: personal data protection <\/a> <\/li><li> <a href=\"https:\/\/el.us.edu.pl\/sw\/course\/view.php?id=2\"> RODO cz.1 <\/a> <\/li><li> <a href=\"https:\/\/el.us.edu.pl\/sw\/course\/view.php?id=14\"> RODO cz.2 <\/a> <\/li><\/ul><\/div>\r\n                <\/div>\r\n            <\/div>[\/vc_column][\/vc_row]<\/p>\n<style type=\"text\/css\">a[data-mtli~=\"mtli_filesize1,08MB\"]:after {content:\" (1,08 MB)\"}a[data-mtli~=\"mtli_filesize1,65MB\"]:after {content:\" (1,65 MB)\"}a[data-mtli~=\"mtli_filesize224,00kB\"]:after {content:\" (224,00 kB)\"}a[data-mtli~=\"mtli_filesize3,20MB\"]:after {content:\" (3,20 MB)\"}a[data-mtli~=\"mtli_filesize3,01MB\"]:after {content:\" (3,01 MB)\"}a[data-mtli~=\"mtli_filesize36,44kB\"]:after {content:\" (36,44 kB)\"}a[data-mtli~=\"mtli_filesize1,32MB\"]:after {content:\" (1,32 MB)\"}a[data-mtli~=\"mtli_filesize240,27kB\"]:after {content:\" (240,27 kB)\"}a[data-mtli~=\"mtli_filesize1,14MB\"]:after {content:\" (1,14 MB)\"}<\/style>","protected":false},"excerpt":{"rendered":"<p>[vc_row el_class=&#8221;container&#8221;][vc_column][\/vc_column][\/vc_row][vc_row el_class=&#8221;container&#8221;][vc_column][\/vc_column][\/vc_row][vc_row el_class=&#8221;container&#8221;][vc_column width=&#8221;2\/3&#8243;][vc_video link=&#8221;https:\/\/www.youtube.com\/watch?v=KNZ4ATUQOqA&amp;feature=youtu.be&amp;fbclid=IwAR22Z6Y_yG5LXZOmGtfo015KQ4mFWVfUM_p10EBXrxkSlKrqpIuM5942NCw&#8221;][\/vc_column][vc_column width=&#8221;1\/3&#8243;][\/vc_column][\/vc_row][vc_row el_class=&#8221;container&#8221;][vc_column][\/vc_column][\/vc_row][vc_row el_class=&#8221;container&#8221;][vc_column][\/vc_column][\/vc_row][vc_row el_class=&#8221;container&#8221;][vc_column][\/vc_column][\/vc_row][vc_row el_class=&#8221;container&#8221;][vc_column][\/vc_column][\/vc_row][vc_row el_class=&#8221;container&#8221;][vc_column][\/vc_column][\/vc_row][vc_row el_class=&#8221;container&#8221;][vc_column][\/vc_column][\/vc_row][vc_row el_class=&#8221;container&#8221;][vc_column][\/vc_column][\/vc_row][vc_row el_class=&#8221;container&#8221;][vc_column][\/vc_column][\/vc_row][vc_row el_class=&#8221;container&#8221;][vc_column][\/vc_column][\/vc_row] [&#8230;]<\/p>\n<p><a class=\"btn btn-secondary understrap-read-more-link\" href=\"https:\/\/us.edu.pl\/pracownik\/adaptacja-zawodowa\/strefa-nowo-zatrudnionych\/\">Read More&#8230;<\/a><\/p>\n","protected":false},"author":41,"featured_media":0,"parent":9464,"menu_order":201,"comment_status":"closed","ping_status":"closed","template":"","meta":{"_expiration-date-status":"","_expiration-date":0,"_expiration-date-type":"","_expiration-date-categories":[],"_expiration-date-options":[]},"acf":[],"_links":{"self":[{"href":"https:\/\/us.edu.pl\/pracownik\/wp-json\/wp\/v2\/pages\/9444"}],"collection":[{"href":"https:\/\/us.edu.pl\/pracownik\/wp-json\/wp\/v2\/pages"}],"about":[{"href":"https:\/\/us.edu.pl\/pracownik\/wp-json\/wp\/v2\/types\/page"}],"author":[{"embeddable":true,"href":"https:\/\/us.edu.pl\/pracownik\/wp-json\/wp\/v2\/users\/41"}],"replies":[{"embeddable":true,"href":"https:\/\/us.edu.pl\/pracownik\/wp-json\/wp\/v2\/comments?post=9444"}],"version-history":[{"count":11,"href":"https:\/\/us.edu.pl\/pracownik\/wp-json\/wp\/v2\/pages\/9444\/revisions"}],"predecessor-version":[{"id":42619,"href":"https:\/\/us.edu.pl\/pracownik\/wp-json\/wp\/v2\/pages\/9444\/revisions\/42619"}],"up":[{"embeddable":true,"href":"https:\/\/us.edu.pl\/pracownik\/wp-json\/wp\/v2\/pages\/9464"}],"wp:attachment":[{"href":"https:\/\/us.edu.pl\/pracownik\/wp-json\/wp\/v2\/media?parent=9444"}],"curies":[{"name":"wp","href":"https:\/\/api.w.org\/{rel}","templated":true}]}}