{"id":9448,"date":"2020-09-21T14:31:35","date_gmt":"2020-09-21T12:31:35","guid":{"rendered":"https:\/\/us.edu.pl\/pracownik\/?page_id=9448"},"modified":"2024-07-09T10:02:54","modified_gmt":"2024-07-09T08:02:54","slug":"strefa-realizatorow","status":"publish","type":"page","link":"https:\/\/us.edu.pl\/pracownik\/adaptacja-zawodowa\/strefa-realizatorow\/","title":{"rendered":"strefa realizator\u00f3w \u015bcie\u017cki adaptacji"},"content":{"rendered":"<p>[vc_row][vc_column][\/vc_column][\/vc_row][vc_row][vc_column]\r\n                <div class=\"text-modules\">\r\n                    <div class=\"container\">\r\n                        <h3 class=\"page-title text__title\">strefa realizator\u00f3w \u015bcie\u017cki adaptacji<\/h3>\r\n                        <div class=\"text-modules__content\"><p>Przypadkowy i nie do ko\u0144ca okre\u015blony proces wdro\u017cenia do pracy mo\u017ce skutkowa\u0107 tym, \u017ce adept nie potrafi odnale\u017a\u0107 si\u0119 w pierwszych tygodniach czy miesi\u0105cach nowej pracy, trac\u0105c entuzjazm i motywacj\u0119, a w skrajnych przypadkach szuka nowego miejsca zatrudnienia. Spontaniczny proces adaptacji niesie ryzyko: wykonywania pracy metod\u0105 pr\u00f3b i b\u0142\u0119d\u00f3w, niskich wynik\u00f3w, wpadek i awarii, wyd\u0142u\u017cania czasu realizacji zada\u0144, braku oczekiwanej skuteczno\u015bci i efektywno\u015bci, konflikt\u00f3w i pogorszenia stosunk\u00f3w mi\u0119dzy pracownikami.<\/p>\n<p>Kierowana i dobrze zaplanowana adaptacja pracownika pozwala mu dobrze poczu\u0107 si\u0119 w nowych realiach i szybciej zacz\u0105\u0107 efektywnie dzia\u0142a\u0107. Podstawowym celem zorganizowanego procesu adaptacji jest relatywnie szybkie i sprawne w\u0142\u0105czenie nowego pracownika do realizacji zada\u0144 na stanowisku pracy oraz stworzenie mu warunk\u00f3w do osi\u0105gania oczekiwanych wynik\u00f3w pracy.<\/p>\n<p>Przygotowana \u015bcie\u017cka adaptacji w Uniwersytecie \u015al\u0105skim ma by\u0107 pomoc\u0105 we wdra\u017caniu nowego pracownika w jego obowi\u0105zki (wdro\u017cenie operacyjne) w kontek\u015bcie pracy w jednostce (wprowadzenie do jednostki), a tak\u017ce kultury organizacyjnej U\u015a (wprowadzenie do Uniwersytetu).<\/p>\n<\/div>\r\n                    <\/div>\r\n                <\/div>[\/vc_column][\/vc_row]<\/p>","protected":false},"excerpt":{"rendered":"<p>[vc_row][vc_column][\/vc_column][\/vc_row][vc_row][vc_column][\/vc_column][\/vc_row] [&#8230;]<\/p>\n<p><a class=\"btn btn-secondary understrap-read-more-link\" href=\"https:\/\/us.edu.pl\/pracownik\/adaptacja-zawodowa\/strefa-realizatorow\/\">Read More&#8230;<\/a><\/p>\n","protected":false},"author":41,"featured_media":0,"parent":9464,"menu_order":200,"comment_status":"closed","ping_status":"closed","template":"page-templates\/inner-page-with-bookmarks.php","meta":{"_expiration-date-status":"","_expiration-date":0,"_expiration-date-type":"","_expiration-date-categories":[],"_expiration-date-options":[]},"acf":[],"_links":{"self":[{"href":"https:\/\/us.edu.pl\/pracownik\/wp-json\/wp\/v2\/pages\/9448"}],"collection":[{"href":"https:\/\/us.edu.pl\/pracownik\/wp-json\/wp\/v2\/pages"}],"about":[{"href":"https:\/\/us.edu.pl\/pracownik\/wp-json\/wp\/v2\/types\/page"}],"author":[{"embeddable":true,"href":"https:\/\/us.edu.pl\/pracownik\/wp-json\/wp\/v2\/users\/41"}],"replies":[{"embeddable":true,"href":"https:\/\/us.edu.pl\/pracownik\/wp-json\/wp\/v2\/comments?post=9448"}],"version-history":[{"count":10,"href":"https:\/\/us.edu.pl\/pracownik\/wp-json\/wp\/v2\/pages\/9448\/revisions"}],"predecessor-version":[{"id":26006,"href":"https:\/\/us.edu.pl\/pracownik\/wp-json\/wp\/v2\/pages\/9448\/revisions\/26006"}],"up":[{"embeddable":true,"href":"https:\/\/us.edu.pl\/pracownik\/wp-json\/wp\/v2\/pages\/9464"}],"wp:attachment":[{"href":"https:\/\/us.edu.pl\/pracownik\/wp-json\/wp\/v2\/media?parent=9448"}],"curies":[{"name":"wp","href":"https:\/\/api.w.org\/{rel}","templated":true}]}}