{"id":963,"date":"2019-10-04T09:33:12","date_gmt":"2019-10-04T07:33:12","guid":{"rendered":"https:\/\/us.edu.pl\/pracownik\/?page_id=963"},"modified":"2026-02-19T10:59:46","modified_gmt":"2026-02-19T09:59:46","slug":"spotkania-naukowe","status":"publish","type":"page","link":"https:\/\/us.edu.pl\/pracownik\/sprawy-naukowe\/sprawy-pracownika-naukowego-na\/spotkania-naukowe\/","title":{"rendered":"Konferencje naukowe"},"content":{"rendered":"<p>[vc_row][vc_column][\/vc_column][\/vc_row][vc_row][vc_column]\r\n                <div class=\"text-modules\">\r\n                    <div class=\"container\">\r\n                        <h3 class=\"page-title text__title\">Konferencje naukowe<\/h3>\r\n                        <div class=\"text-modules__content\"><\/p>\n<p class=\"page-title\"><a href=\"https:\/\/us.edu.pl\/pracownik\/komunikaty\/komunikat-dotyczacy-organizacji-stacjonarnych-konferencji-szkolen-imprez-oraz-wydarzen\/\">Komunikat dot. organizacji konferencji, szkole\u0144 i innych wydarze\u0144<\/a> [aktualizacja 20.04.2021]<\/p>\n<p class=\"page-title\"><a href=\"https:\/\/us.edu.pl\/pracownik\/komunikaty\/komunikat-dotyczacy-mozliwosci-zwrotu-poniesionych-kosztow-przez-pracownika-za-wydarzenia-online\/\">Komunikat: zwrot koszt\u00f3w poniesionych przez pracownika za wydarzenia online<\/a> (op\u0142aty konferencyjne, szkoleniowe, kursy, szko\u0142y letnie, konkursy, warsztaty, studia itp.)<br \/>\n[22.07.2021]<\/p>\n<p>\n<\/div>\r\n                    <\/div>\r\n                <\/div>[\/vc_column][\/vc_row][vc_row][vc_column]\r\n                <div class=\"tiles-section\" style=\"background: \">\r\n                    <div class=\"container\">\r\n                        <h3 class=\"page-title\"><\/h3>\r\n                        <div class=\"tiles tiles-2\">\r\n                            <a href=\"https:\/\/us.edu.pl\/pracownik\/procedury-i-obieg-dokumentow\/sprawy-finansowe-i-ksiegowe\/sprawy-finansowe\/\" class=\"tile tile_double justify-content-center\" style=\"background-color: #EBEBEB; font-weight: ; color: #002E5A;  \">\r\n                                \r\n                                   \r\n                               \r\n                                <div class=\"tile__name\">Planowanie i rozliczenie podr\u00f3\u017cy s\u0142u\u017cbowych<\/div>\r\n                            <\/a><\/div>\r\n                    <\/div>\r\n                <\/div>[\/vc_column][\/vc_row][vc_row][vc_column]\r\n\t\t\t\t<div class='container'>\r\n\t\t\t\t\t<div class='list-links list-links_'>\r\n\t\t\t\t\t\t  \r\n\t\t\t\t\t\t  <ul>\r\n\t\t\t\t\t\t\t\t<li><a href='https:\/\/us.edu.pl\/pracownik\/wp-content\/uploads\/sites\/2\/sprawy-prac\/finanse\/wniosek-k.doc' class=\"mtli_attachment mtli_doc\" data-mtli=\"mtli_filesize28,00kB\"><h4>Wniosek o wyjazd na konferencj\u0119 krajow\u0105<\/h4><\/a><\/li><\/ul>\r\n\t\t\t\t\t<\/div>\r\n\t\t\t\t<\/div>   \r\n\t\t\t\t\t[\/vc_column][\/vc_row]<\/p>\n<style type=\"text\/css\">a[data-mtli~=\"mtli_filesize28,00kB\"]:after {content:\" (28,00 kB)\"}<\/style>","protected":false},"excerpt":{"rendered":"<p>[vc_row][vc_column][\/vc_column][\/vc_row][vc_row][vc_column][\/vc_column][\/vc_row][vc_row][vc_column][\/vc_column][\/vc_row][vc_row][vc_column][\/vc_column][\/vc_row] [&#8230;]<\/p>\n<p><a class=\"btn btn-secondary understrap-read-more-link\" href=\"https:\/\/us.edu.pl\/pracownik\/sprawy-naukowe\/sprawy-pracownika-naukowego-na\/spotkania-naukowe\/\">Read More&#8230;<\/a><\/p>\n","protected":false},"author":29,"featured_media":0,"parent":989,"menu_order":424,"comment_status":"closed","ping_status":"closed","template":"page-templates\/inner-page-with-bookmarks.php","meta":{"_expiration-date-status":"","_expiration-date":0,"_expiration-date-type":"","_expiration-date-categories":[],"_expiration-date-options":[]},"acf":[],"_links":{"self":[{"href":"https:\/\/us.edu.pl\/pracownik\/wp-json\/wp\/v2\/pages\/963"}],"collection":[{"href":"https:\/\/us.edu.pl\/pracownik\/wp-json\/wp\/v2\/pages"}],"about":[{"href":"https:\/\/us.edu.pl\/pracownik\/wp-json\/wp\/v2\/types\/page"}],"author":[{"embeddable":true,"href":"https:\/\/us.edu.pl\/pracownik\/wp-json\/wp\/v2\/users\/29"}],"replies":[{"embeddable":true,"href":"https:\/\/us.edu.pl\/pracownik\/wp-json\/wp\/v2\/comments?post=963"}],"version-history":[{"count":11,"href":"https:\/\/us.edu.pl\/pracownik\/wp-json\/wp\/v2\/pages\/963\/revisions"}],"predecessor-version":[{"id":42377,"href":"https:\/\/us.edu.pl\/pracownik\/wp-json\/wp\/v2\/pages\/963\/revisions\/42377"}],"up":[{"embeddable":true,"href":"https:\/\/us.edu.pl\/pracownik\/wp-json\/wp\/v2\/pages\/989"}],"wp:attachment":[{"href":"https:\/\/us.edu.pl\/pracownik\/wp-json\/wp\/v2\/media?parent=963"}],"curies":[{"name":"wp","href":"https:\/\/api.w.org\/{rel}","templated":true}]}}