{"id":983,"date":"2019-10-04T10:06:53","date_gmt":"2019-10-04T08:06:53","guid":{"rendered":"https:\/\/us.edu.pl\/pracownik\/?page_id=983"},"modified":"2024-01-19T10:10:53","modified_gmt":"2024-01-19T09:10:53","slug":"ewaluacja-jakosci-naukowej","status":"publish","type":"page","link":"https:\/\/us.edu.pl\/pracownik\/sprawy-naukowe\/ewaluacja-jakosci-naukowej\/","title":{"rendered":"Ewaluacja jako\u015bci naukowej"},"content":{"rendered":"<p>[vc_row][vc_column][\/vc_column][\/vc_row][vc_row][vc_column]\r\n                <div class=\"text-modules\">\r\n                    <div class=\"container\">\r\n                        <h3 class=\"page-title text__title\">Ewaluacja jako\u015bci naukowej<\/h3>\r\n                        <div class=\"text-modules__content\"><p>Pierwsza ewaluacja jako\u015bci i dzia\u0142alno\u015bci naukowej wed\u0142ug nowych zasad zostanie przeprowadzona w 2022 roku. Obejmie ona okres od 2017 do 2021 roku.<\/p>\n<p>Przydatne informacje wyja\u015bniaj\u0105ce zasady ewaluacji jako\u015bci i dzia\u0142alno\u015bci naukowej znajduj\u0105 si\u0119 na stronie Konstytucji dla Nauki.<\/p>\n<ul>\n<li>Jak oceniani b\u0119d\u0105 badacze? <a href=\"https:\/\/konstytucjadlanauki.gov.pl\/ewaluacja\">https:\/\/konstytucjadlanauki.gov.pl\/ewaluacja<\/a><\/li>\n<li>Ewaluacja i dyscypliny naukowe <a href=\"https:\/\/konstytucjadlanauki.gov.pl\/ewaluacja-i-dyscypliny-naukowe\">https:\/\/konstytucjadlanauki.gov.pl\/ewaluacja-i-dyscypliny-naukowe<\/a><\/li>\n<\/ul>\n<p>oraz w \u201eEwaluacja Jako\u015bci Dzia\u0142alno\u015bci Naukowej \u2013 przewodnik\u201d opracowany przez Zesp\u00f3\u0142 Departamentu Nauki MNSiW (do pobrania &#8211; link do pobrania pdf jak dotychczas <a href=\"https:\/\/konstytucjadlanauki.gov.pl\/content\/uploads\/2019\/03\/ewaluacja-jakosci-dzialalnosci-naukowej-przewodnik20190305.pdf\" class=\"mtli_attachment mtli_pdf\" class=\"mtli_attachment mtli_pdf\">EWALUACJA JAKO\u015aCI DZIA\u0141ALNO\u015aCI NAUKOWEJ \u2013 Przewodnik<\/a> )<\/p>\n<p>Nowe, rozszerzone wykazy czasopism naukowych i recenzowanych materia\u0142\u00f3w z konferencji mi\u0119dzynarodowych oraz wydawnictw monografii naukowych opublikowane 20.12.2019 s\u0105 dost\u0119pne na stronach ministerstwa pod linkiem <a href=\"https:\/\/www.gov.pl\/web\/nauka\/nowe-rozszerzone-wykazy-czasopism-naukowych-i-recenzowanych-materialow-z-konferencji-miedzynarodowych-oraz-wydawnictw-monografii-naukowych\">https:\/\/www.gov.pl\/web\/nauka\/nowe-rozszerzone-wykazy-czasopism-naukowych-i-recenzowanych-materialow-z-konferencji-miedzynarodowych-oraz-wydawnictw-monografii-naukowych<\/a><\/p>\n<p>Zarz\u0105dzenie Rektora U\u015a w sprawie sk\u0142adania przez pracownik\u00f3w Uniwersytetu \u015al\u0105skiego w Katowicach o\u015bwiadcze\u0144 o dziedzinie i dyscyplinie oraz o\u015bwiadcze\u0144 upowa\u017cniaj\u0105cych pracodawc\u0119 do zaliczenia ich do liczby pracownik\u00f3w prowadz\u0105cych dzia\u0142alno\u015b\u0107 naukow\u0105 w danej dyscyplinie dla cel\u00f3w ewaluacji jako\u015bci dzia\u0142alno\u015bci naukowej.<\/p>\n<p><a href=\"http:\/\/bip.us.edu.pl\/zarzadzenie-nr-1782018\">http:\/\/bip.us.edu.pl\/zarzadzenie-nr-1782018<\/a><\/p>\n<p>Zasady oceny punktowej publikacji pracownik\u00f3w Uniwersytetu \u015al\u0105skiego za lata 2017-2021<u> link<\/u> (<a href=\"https:\/\/us.edu.pl\/pracownik\/sprawy-naukowe\/sprawy-pracownika-naukowego-na\/zasady-oceny-punktowej-publikacji-pracownikow\/\">https:\/\/us.edu.pl\/pracownik\/sprawy-naukowe\/sprawy-pracownika-naukowego-na\/zasady-oceny-punktowej-publikacji-pracownikow\/<\/a>)<\/p>\n<p>Rozporz\u0105dzenia Ministra Nauki i Szkolnictwa Wy\u017cszego<strong>: <\/strong><\/p>\n<ul>\n<li>Rozporz\u0105dzenie Ministra Nauki i Szkolnictwa Wy\u017cszego z dnia 22 lutego 2019 r. w sprawie ewaluacji jako\u015bci dzia\u0142alno\u015bci naukowej: <a href=\"http:\/\/isap.sejm.gov.pl\/isap.nsf\/DocDetails.xsp?id=WDU20190000392\">http:\/\/isap.sejm.gov.pl\/isap.nsf\/DocDetails.xsp?id=WDU20190000392<\/a><\/li>\n<li>Rozporz\u0105dzenie Ministra Nauki i Szkolnictwa Wy\u017cszego z dnia 20 wrze\u015bnia 2018 r. w sprawie dziedzin nauki i dyscyplin naukowych oraz dyscyplin artystycznych: <a href=\"http:\/\/isap.sejm.gov.pl\/isap.nsf\/DocDetails.xsp?id=WDU20180001818\">http:\/\/isap.sejm.gov.pl\/isap.nsf\/DocDetails.xsp?id=WDU20180001818<\/a><\/li>\n<\/ul>\n<p>Przydatne linki:<\/p>\n<ul>\n<li>Wyszukiwarka czasopism, wydawnictw i konferencji z aktualnych list MNiSW. <a href=\"https:\/\/punktoza.pl\/\">https:\/\/punktoza.pl\/<\/a><\/li>\n<li>Kalkulator slot\u00f3w <a href=\"https:\/\/twojslot.pl\/\">https:\/\/twojslot.pl\/<\/a><\/li>\n<\/ul>\n<p><span style=\"text-decoration: underline;\">Kontakt:<\/span><\/p>\n<p>Kierownik Dzia\u0142u Nauki<br \/>\nDr Dawid Matuszek<br \/>\n<a href=\"mailto:dawid.matuszek@us.edu.pl\">dawid.matuszek@us.edu.pl<\/a><br \/>\ntel. 32 359 22 84, \u00a0502 658\u00a0253<\/p>\n<p>&nbsp;<\/p>\n<p>Biuro Inicjatyw Strategicznych i Ewaluacji<br \/>\nJolanta Szade<br \/>\n<a href=\"mailto:jolanta.szade@us.edu.pl\">jolanta.szade@us.edu.pl<\/a><br \/>\ntel. 506 394 621<\/p>\n<\/div>\r\n                    <\/div>\r\n                <\/div>[\/vc_column][\/vc_row]<\/p>","protected":false},"excerpt":{"rendered":"<p>[vc_row][vc_column][\/vc_column][\/vc_row][vc_row][vc_column][\/vc_column][\/vc_row] [&#8230;]<\/p>\n<p><a class=\"btn btn-secondary understrap-read-more-link\" href=\"https:\/\/us.edu.pl\/pracownik\/sprawy-naukowe\/ewaluacja-jakosci-naukowej\/\">Read More&#8230;<\/a><\/p>\n","protected":false},"author":29,"featured_media":0,"parent":692,"menu_order":460,"comment_status":"closed","ping_status":"closed","template":"page-templates\/inner-page.php","meta":{"_expiration-date-status":"saved","_expiration-date":0,"_expiration-date-type":"","_expiration-date-categories":[],"_expiration-date-options":[]},"acf":[],"_links":{"self":[{"href":"https:\/\/us.edu.pl\/pracownik\/wp-json\/wp\/v2\/pages\/983"}],"collection":[{"href":"https:\/\/us.edu.pl\/pracownik\/wp-json\/wp\/v2\/pages"}],"about":[{"href":"https:\/\/us.edu.pl\/pracownik\/wp-json\/wp\/v2\/types\/page"}],"author":[{"embeddable":true,"href":"https:\/\/us.edu.pl\/pracownik\/wp-json\/wp\/v2\/users\/29"}],"replies":[{"embeddable":true,"href":"https:\/\/us.edu.pl\/pracownik\/wp-json\/wp\/v2\/comments?post=983"}],"version-history":[{"count":9,"href":"https:\/\/us.edu.pl\/pracownik\/wp-json\/wp\/v2\/pages\/983\/revisions"}],"predecessor-version":[{"id":24010,"href":"https:\/\/us.edu.pl\/pracownik\/wp-json\/wp\/v2\/pages\/983\/revisions\/24010"}],"up":[{"embeddable":true,"href":"https:\/\/us.edu.pl\/pracownik\/wp-json\/wp\/v2\/pages\/692"}],"wp:attachment":[{"href":"https:\/\/us.edu.pl\/pracownik\/wp-json\/wp\/v2\/media?parent=983"}],"curies":[{"name":"wp","href":"https:\/\/api.w.org\/{rel}","templated":true}]}}