{"id":9833,"date":"2020-09-25T11:17:34","date_gmt":"2020-09-25T09:17:34","guid":{"rendered":"https:\/\/us.edu.pl\/pracownik\/?page_id=9833"},"modified":"2025-10-10T11:17:12","modified_gmt":"2025-10-10T09:17:12","slug":"polecenie-wyjazdu-sluzbowego-2","status":"publish","type":"page","link":"https:\/\/us.edu.pl\/pracownik\/sprawy-miedzynarodowe\/mobilnosc-miedzynarodowa\/wyjazdy-zagraniczne\/polecenie-wyjazdu-sluzbowego-2\/","title":{"rendered":"Polecenie wyjazdu s\u0142u\u017cbowego (wnioski)"},"content":{"rendered":"<p>[vc_row][vc_column][\/vc_column][\/vc_row][vc_row][vc_column]\r\n                <div class=\"text-modules\">\r\n                    <div class=\"container\">\r\n                        <h3 class=\"page-title text__title\">Polecenie wyjazdu s\u0142u\u017cbowego \u2013 WP<\/h3>\r\n                        <div class=\"text-modules__content\"><p><strong>Polecenie wyjazdu s\u0142u\u017cbowego<\/strong> to wykonywanie zadania zleconego przez pracodawc\u0119 w okre\u015blonym terminie i miejscu. <a href=\"https:\/\/us.edu.pl\/pracownik\/wp-content\/uploads\/sites\/2\/pracownik\/Sprawy-miedzynarodowe\/Wniosek-o-wyjazd-za-granice_Instrukcja_27.06.2025.docx\" class=\"mtli_attachment mtli_docx\" data-mtli=\"mtli_filesize282,64kB\" class=\"mtli_attachment mtli_docx\" data-mtli=\"mtli_filesize282,64kB\"><em>Wniosek o wyjazd za granic\u0119 &#8211; cz\u0119\u015b\u0107 WP &#8211; polecenie wyjazdu s\u0142u\u017cbowego <\/em><\/a>przeznaczony jest dla os\u00f3b wyje\u017cd\u017caj\u0105cych w celu m.in.:<\/p>\n<ul>\n<li>uczestnictwa w konferencjach, kongresach,<\/li>\n<li>udzia\u0142 w posiedzeniach komitet\u00f3w, grup roboczych,<\/li>\n<li>uczestnictwa w targach i wystawach,<\/li>\n<li>uczestnictwa w spotkaniach organizacyjnych, np. dotycz\u0105cych prac nad projektem,<\/li>\n<li>realizacji zada\u0144 zwi\u0105zanych z prowadzeniem w jednostce organizacyjnej w spos\u00f3b ci\u0105g\u0142y bada\u0144 naukowych lub prac rozwojowych,<\/li>\n<li>realizacji zada\u0144 zwi\u0105zanych z prowadzeniem bada\u0144 naukowych wynikaj\u0105cych z zawartej przez uczelni\u0119 umowy o realizacji projektu.<\/li>\n<\/ul>\n<p>\n<style type=\"text\/css\">a[data-mtli~=\"mtli_filesize282,64kB\"]:after {content:\" (282,64 kB)\"}<\/style><\/div>\r\n                    <\/div>\r\n                <\/div>[\/vc_column][\/vc_row][vc_row][vc_column]<div class=\"container\"><div class=\"separator\" style=\"background-color: #EBEBEB\"><\/div><\/div>[\/vc_column][\/vc_row][vc_row][vc_column]\r\n                <div class=\"text-modules \">\r\n                    <div class=\"container\">\r\n                         <h3 class=\"subtitle text-modules__subtitle\">\u015awiadczenia<\/h3>\r\n                        <div class=\"row m-0\">\r\n                            <div class=\"text-modules__content\">\r\n                                Osobie wyje\u017cd\u017caj\u0105cej w ramach polecenia wyjazdu s\u0142u\u017cbowego przys\u0142uguj\u0105 \u015bwiadczenia na pokrycie <u>pe\u0142nych<\/u>\u00a0koszt\u00f3w wyjazdu:<\/p>\n<ul>\n<li>diety,<\/li>\n<li>zwrot koszt\u00f3w:\n<ul>\n<li>przejazdu,<\/li>\n<li>dojazd\u00f3w \u015brodkami komunikacji miejscowej,<\/li>\n<li>nocleg\u00f3w,<\/li>\n<li>innych niezb\u0119dnych udokumentowanych wydatk\u00f3w okre\u015blonych lub uznanych przez kierownika jednostki odpowiednio do uzasadnionych potrzeb, np. wizy, op\u0142aty konferencyjnej, biletu wst\u0119pu na targi, karnetu do biblioteki, krajowej cz\u0119\u015b\u0107 podr\u00f3\u017cy.<\/li>\n<\/ul>\n<\/li>\n<\/ul>\n<ul>\n<li style=\"list-style-type: none;\"><\/li>\n<\/ul>\n<div class=\"mt-3\"><\/div>\r\n                            <\/div>\r\n                            \r\n                            \r\n                        <\/div>\r\n                    <\/div>\r\n                <\/div>[\/vc_column][\/vc_row][vc_row][vc_column]<div class=\"container\"><div class=\"separator\" style=\"background-color: #EBEBEB\"><\/div><\/div>[\/vc_column][\/vc_row][vc_row][vc_column]\r\n                <div class=\"text-modules \">\r\n                    <div class=\"container\">\r\n                         <h3 class=\"subtitle text-modules__subtitle\">Za\u0142\u0105czniki do wniosku wyjazdowego<\/h3>\r\n                        <div class=\"row m-0\">\r\n                            <div class=\"text-modules__content\">\r\n                                Do\u00a0<em>Wniosku o wyjazd za granic\u0119<\/em> &#8211; cz\u0119\u015b\u0107 WP &#8211; polecenie wyjazdu s\u0142u\u017cbowego nale\u017cy do\u0142\u0105czy\u0107:<\/p>\n<ul>\n<li>w przypadku konieczno\u015bci dokonania wcze\u015bniej op\u0142aty konferencyjnej, szkoleniowej lub za noclegi \u2013 dane dotycz\u0105ce p\u0142atno\u015bci przelewowych:\n<ul>\n<li>pe\u0142n\u0105 nazw\u0119 i adres odbiorcy<em>,<\/em><\/li>\n<li>kwot\u0119 i walut\u0119,<\/li>\n<li>tytu\u0142 przelewu,<\/li>\n<li>nazw\u0119 banku odbiorcy,<\/li>\n<li>nr konta IBAN,<\/li>\n<li>SWIFT\/BIC\/ABA\/ROUTING NO,<\/li>\n<\/ul>\n<\/li>\n<li>w przypadku podr\u00f3\u017cy samochodem prywatnym \u2013\u00a0<a class=\"mtli_attachment mtli_doc mtli_attachment mtli_doc mtli_attachment mtli_doc\" href=\"https:\/\/us.edu.pl\/student\/wp-content\/uploads\/sites\/3\/Editor\/DMM-wyjazdy-zagraniczne\/Wniosek-o-uzycie-samochodu-osobowego-w-podrozy-sluzbowej_WS_27.06.2025.doc\" data-mtli=\"mtli_filesize283,00kB\"><em>Wniosek o wyra\u017cenie zgody na u\u017cycie samochodu osobowego w celu odbycia podr\u00f3\u017cy s\u0142u\u017cbowej \/ wyjazdu<\/em><\/a>.<\/li>\n<li>w przypadku po\u0142\u0105czenia podr\u00f3\u017cy s\u0142u\u017cbowej z prywatn\u0105 &#8211;\u00a0<em><a href=\"https:\/\/us.edu.pl\/pracownik\/wp-content\/uploads\/sites\/2\/pracownik\/Sprawy-miedzynarodowe\/Oswiadczenie-o-polaczeniu-podrozy-sluzbowej-z-prywatna_Instrukcja_27.06.2025.docx\" class=\"mtli_attachment mtli_docx\" data-mtli=\"mtli_filesize267,20kB\">O\u015bwiadczenie o po\u0142\u0105czeniu wyjazdu krajowego\/zagranicznego z podr\u00f3\u017c\u0105 prywatn\u0105<\/a>,<\/em><\/li>\n<li>w przypadku osoby nieb\u0119d\u0105cej pracownikiem U\u015a &#8211; <em><a class=\"mtli_attachment mtli_docx mtli_attachment mtli_docx\" href=\"https:\/\/us.edu.pl\/pracownik\/wp-content\/uploads\/sites\/2\/pracownik\/zarz%C4%85dzenie-71-zalacznik_nr_4.docx\" data-mtli=\"mtli_filesize258,15kB\">Umow\u0119 o zwrot koszt\u00f3w podr\u00f3\u017cy osobie nieb\u0119dacej pracownikiem Uniwersytetu \u015al\u0105skiego w Katowicach.<\/a><\/em><\/li>\n<\/ul>\n<div class=\"mt-3\"><\/div>\r\n                            <\/div>\r\n                            \r\n                            \r\n                        <\/div>\r\n                    <\/div>\r\n                <\/div>[\/vc_column][\/vc_row]<\/p>\n<style type=\"text\/css\">a[data-mtli~=\"mtli_filesize282,64kB\"]:after {content:\" (282,64 kB)\"}a[data-mtli~=\"mtli_filesize267,20kB\"]:after {content:\" (267,20 kB)\"}<\/style>","protected":false},"excerpt":{"rendered":"<p>[vc_row][vc_column][\/vc_column][\/vc_row][vc_row][vc_column][\/vc_column][\/vc_row][vc_row][vc_column][\/vc_column][\/vc_row][vc_row][vc_column][\/vc_column][\/vc_row][vc_row][vc_column][\/vc_column][\/vc_row][vc_row][vc_column][\/vc_column][\/vc_row] [&#8230;]<\/p>\n<p><a class=\"btn btn-secondary understrap-read-more-link\" href=\"https:\/\/us.edu.pl\/pracownik\/sprawy-miedzynarodowe\/mobilnosc-miedzynarodowa\/wyjazdy-zagraniczne\/polecenie-wyjazdu-sluzbowego-2\/\">Read More&#8230;<\/a><\/p>\n","protected":false},"author":41,"featured_media":0,"parent":9166,"menu_order":195,"comment_status":"closed","ping_status":"closed","template":"page-templates\/inner-page.php","meta":{"_expiration-date-status":"saved","_expiration-date":0,"_expiration-date-type":"","_expiration-date-categories":[],"_expiration-date-options":[]},"acf":[],"_links":{"self":[{"href":"https:\/\/us.edu.pl\/pracownik\/wp-json\/wp\/v2\/pages\/9833"}],"collection":[{"href":"https:\/\/us.edu.pl\/pracownik\/wp-json\/wp\/v2\/pages"}],"about":[{"href":"https:\/\/us.edu.pl\/pracownik\/wp-json\/wp\/v2\/types\/page"}],"author":[{"embeddable":true,"href":"https:\/\/us.edu.pl\/pracownik\/wp-json\/wp\/v2\/users\/41"}],"replies":[{"embeddable":true,"href":"https:\/\/us.edu.pl\/pracownik\/wp-json\/wp\/v2\/comments?post=9833"}],"version-history":[{"count":7,"href":"https:\/\/us.edu.pl\/pracownik\/wp-json\/wp\/v2\/pages\/9833\/revisions"}],"predecessor-version":[{"id":41140,"href":"https:\/\/us.edu.pl\/pracownik\/wp-json\/wp\/v2\/pages\/9833\/revisions\/41140"}],"up":[{"embeddable":true,"href":"https:\/\/us.edu.pl\/pracownik\/wp-json\/wp\/v2\/pages\/9166"}],"wp:attachment":[{"href":"https:\/\/us.edu.pl\/pracownik\/wp-json\/wp\/v2\/media?parent=9833"}],"curies":[{"name":"wp","href":"https:\/\/api.w.org\/{rel}","templated":true}]}}