{"id":9837,"date":"2020-09-25T11:20:57","date_gmt":"2020-09-25T09:20:57","guid":{"rendered":"https:\/\/us.edu.pl\/pracownik\/?page_id=9837"},"modified":"2025-10-07T11:50:35","modified_gmt":"2025-10-07T09:50:35","slug":"druki-dokumentow","status":"publish","type":"page","link":"https:\/\/us.edu.pl\/pracownik\/sprawy-miedzynarodowe\/mobilnosc-miedzynarodowa\/wyjazdy-zagraniczne\/druki-dokumentow\/","title":{"rendered":"Druki dokument\u00f3w"},"content":{"rendered":"<p>[vc_row][vc_column][\/vc_column][\/vc_row][vc_row][vc_column]\r\n                <div class=\"text-modules\">\r\n                    <div class=\"container\">\r\n                        <h3 class=\"page-title text__title\">Druki dokument\u00f3w<\/h3>\r\n                        <div class=\"text-modules__content\"><p><strong>Polecenie wyjazdu s\u0142u\u017cbowego &#8211; WP:<\/strong><\/p>\n<p style=\"padding-left: 40px;\"><a href=\"https:\/\/us.edu.pl\/pracownik\/wp-content\/uploads\/sites\/2\/pracownik\/Sprawy-miedzynarodowe\/Wniosek-o-wyjazd-za-granice_Instrukcja_27.06.2025.docx\" class=\"mtli_attachment mtli_docx\" data-mtli=\"mtli_filesize282,64kB\" class=\"mtli_attachment mtli_docx\" data-mtli=\"mtli_filesize282,64kB\">Wniosek o wyjazd za granic\u0119<\/a><\/p>\n<p style=\"padding-left: 40px;\"><a href=\"https:\/\/us.edu.pl\/pracownik\/wp-content\/uploads\/sites\/2\/pracownik\/Sprawy-miedzynarodowe\/Karta_mobilnosci_zagranicznych_w_projekcie.docx\" class=\"mtli_attachment mtli_docx\" data-mtli=\"mtli_filesize269,14kB\" class=\"mtli_attachment mtli_docx\" data-mtli=\"mtli_filesize269,14kB\">Karta mobilno\u015bci zagranicznych w projekcie<\/a><\/p>\n<p style=\"padding-left: 40px;\"><a href=\"https:\/\/us.edu.pl\/pracownik\/wp-content\/uploads\/sites\/2\/pracownik\/Sprawy-miedzynarodowe\/Wniosek-o-uzycie-samochodu-osobowego-w-podrozy-sluzbowej_Instrukcja_27.06.2025.docx\" class=\"mtli_attachment mtli_docx\" data-mtli=\"mtli_filesize263,89kB\" class=\"mtli_attachment mtli_docx\" data-mtli=\"mtli_filesize263,89kB\">Wniosek o wyra\u017cenie zgody na u\u017cycie samochodu osobowego w celu odbycia podr\u00f3\u017cy s\u0142u\u017cbowej \/ wyjazdu<\/a><\/p>\n<p style=\"padding-left: 40px;\"><a href=\"https:\/\/us.edu.pl\/pracownik\/wp-content\/uploads\/sites\/2\/pracownik\/zarz\u0105dzenie-71-zalacznik_nr_4.docx\" class=\"mtli_attachment mtli_docx\" data-mtli=\"mtli_filesize258,15kB\" class=\"mtli_attachment mtli_docx\" data-mtli=\"mtli_filesize258,15kB\">Umowa o zwrot koszt\u00f3w podr\u00f3\u017cy osobie nieb\u0119d\u0105cej pracownikiem Uniwersytetu \u015al\u0105skiego<\/a><\/p>\n<p style=\"padding-left: 40px;\"><a href=\"https:\/\/us.edu.pl\/pracownik\/wp-content\/uploads\/sites\/2\/pracownik\/zarz\u0105dzenie-71-zalacznik_nr_5.doc\" class=\"mtli_attachment mtli_doc\" data-mtli=\"mtli_filesize291,50kB\" class=\"mtli_attachment mtli_doc\" data-mtli=\"mtli_filesize291,50kB\">O\u015bwiadczenie studenta\/doktoranta. Dane do sporz\u0105dzenia informacji o dochodach oraz pobranych zaliczkach na podatek dochodowy<\/a><\/p>\n<p style=\"padding-left: 40px;\"><a href=\"https:\/\/us.edu.pl\/pracownik\/wp-content\/uploads\/sites\/2\/pracownik\/Sprawy-miedzynarodowe\/Oswiadczenie-o-polaczeniu-podrozy-sluzbowej-z-prywatna_Instrukcja_27.06.2025.docx\" class=\"mtli_attachment mtli_docx\" data-mtli=\"mtli_filesize267,20kB\" class=\"mtli_attachment mtli_docx\" data-mtli=\"mtli_filesize267,20kB\">O\u015bwiadczenie o po\u0142\u0105czeniu wyjazdu krajowego\/zagranicznego z podr\u00f3\u017c\u0105 prywatn\u0105<\/a><\/p>\n<p style=\"padding-left: 40px;\"><a href=\"https:\/\/us.edu.pl\/pracownik\/wp-content\/uploads\/sites\/2\/Editor\/DMM-Sprawy-miedzynarodowe\/Rachunek-kosztow-do-WP_15.04.2025.docx\" class=\"mtli_attachment mtli_docx\" data-mtli=\"mtli_filesize48,06kB\" class=\"mtli_attachment mtli_docx\" data-mtli=\"mtli_filesize48,06kB\">Rachunek koszt\u00f3w polecenia wyjazdu s\u0142u\u017cbowego za granic\u0119<\/a><\/p>\n<p style=\"padding-left: 40px;\"><a href=\"https:\/\/us.edu.pl\/pracownik\/wp-content\/uploads\/sites\/2\/pracownik\/Sprawy-miedzynarodowe\/Ewidencja-przebiegu-pojazdu_Instrukcja_15.04.2025.pdf\" class=\"mtli_attachment mtli_pdf\" data-mtli=\"mtli_filesize209,43kB\" class=\"mtli_attachment mtli_pdf\" data-mtli=\"mtli_filesize209,43kB\">Ewidencja przebiegu pojazdu<\/a><\/p>\n<p style=\"padding-left: 40px;\"><a href=\"https:\/\/us.edu.pl\/pracownik\/wp-content\/uploads\/sites\/2\/pracownik\/zarz\u0105dzenie-71-zalacznik_nr_3_0.doc\" class=\"mtli_attachment mtli_doc\" data-mtli=\"mtli_filesize274,50kB\" class=\"mtli_attachment mtli_doc\" data-mtli=\"mtli_filesize274,50kB\">O\u015bwiadczenie o poniesieniu wydatku w trakcie odbywania podr\u00f3\u017cy s\u0142u\u017cbowej \/ wyjazdu i przyczynach braku jego udokumentowania<\/a><\/p>\n<p><strong>Skierowanie za granic\u0119 &#8211; WS:<\/strong><\/p>\n<p style=\"padding-left: 40px;\"><a href=\"https:\/\/us.edu.pl\/pracownik\/wp-content\/uploads\/sites\/2\/pracownik\/Sprawy-miedzynarodowe\/Wniosek-o-wyjazd-za-granice_Regulamin_27.06.2025.docx\" class=\"mtli_attachment mtli_docx\" data-mtli=\"mtli_filesize282,30kB\" class=\"mtli_attachment mtli_docx\" data-mtli=\"mtli_filesize282,30kB\">Wniosek o wyjazd za granic\u0119\u00a0<\/a><\/p>\n<p style=\"padding-left: 40px;\"><a href=\"https:\/\/us.edu.pl\/pracownik\/wp-content\/uploads\/sites\/2\/pracownik\/Sprawy-miedzynarodowe\/Karta_mobilnosci_zagranicznych_w_projekcie.docx\" class=\"mtli_attachment mtli_docx\" data-mtli=\"mtli_filesize269,14kB\" class=\"mtli_attachment mtli_docx\" data-mtli=\"mtli_filesize269,14kB\">Karta mobilno\u015bci zagranicznych w projekcie<\/a><\/p>\n<p style=\"padding-left: 40px;\"><a href=\"https:\/\/us.edu.pl\/pracownik\/wp-content\/uploads\/sites\/2\/Editor\/DMM-Sprawy-miedzynarodowe\/Zlecenie-platnosci_15.04.2025.docx\" class=\"mtli_attachment mtli_docx\" data-mtli=\"mtli_filesize270,49kB\" class=\"mtli_attachment mtli_docx\" data-mtli=\"mtli_filesize270,49kB\">Zlecenie p\u0142atno\u015bci<\/a><\/p>\n<p style=\"padding-left: 40px;\"><a href=\"https:\/\/us.edu.pl\/pracownik\/wp-content\/uploads\/sites\/2\/Editor\/DMM-Sprawy-miedzynarodowe\/Wniosek-o-udzielenie-dlugoterminowego-zagranicznego-urlopu-szkoleniowego_15.04.2025.docx\" class=\"mtli_attachment mtli_docx\" data-mtli=\"mtli_filesize262,91kB\" class=\"mtli_attachment mtli_docx\" data-mtli=\"mtli_filesize262,91kB\">Wniosek o udzielenie d\u0142ugoterminowego zagranicznego urlopu szkoleniowego<\/a><\/p>\n<p style=\"padding-left: 40px;\"><a href=\"https:\/\/us.edu.pl\/pracownik\/wp-content\/uploads\/sites\/2\/Editor\/DMM-Sprawy-miedzynarodowe\/Decyzja_Informacja-o-udzialeniu-zagranicznego-urlopu-szkoleniowego_15.04.2025.docx\" class=\"mtli_attachment mtli_docx\" data-mtli=\"mtli_filesize261,82kB\" class=\"mtli_attachment mtli_docx\" data-mtli=\"mtli_filesize261,82kB\">Decyzja\/informacja o udzieleniu zagranicznego urlopu szkoleniowego<\/a><\/p>\n<p style=\"padding-left: 40px;\"><a href=\"https:\/\/us.edu.pl\/pracownik\/wp-content\/uploads\/sites\/2\/pracownik\/Sprawy-miedzynarodowe\/Wniosek-o-uzycie-samochodu-osobowego-w-podrozy-sluzbowej_Regulamin_27.06.2025.docx\" class=\"mtli_attachment mtli_docx\" data-mtli=\"mtli_filesize263,99kB\" class=\"mtli_attachment mtli_docx\" data-mtli=\"mtli_filesize263,99kB\">Wniosek o wyra\u017cenie zgody na u\u017cycie samochodu osobowego w celu odbycia podr\u00f3\u017cy s\u0142u\u017cbowej \/ wyjazdu<\/a><\/p>\n<p style=\"padding-left: 40px;\"><a href=\"https:\/\/us.edu.pl\/pracownik\/wp-content\/uploads\/sites\/2\/pracownik\/Sprawy-miedzynarodowe\/Oswiadczenie-o-polaczeniu-podrozy-sluzbowej-z-prywatna_Regulamin_27.06.2025.docx\" class=\"mtli_attachment mtli_docx\" data-mtli=\"mtli_filesize267,16kB\" class=\"mtli_attachment mtli_docx\" data-mtli=\"mtli_filesize267,16kB\">O\u015bwiadczenie o po\u0142\u0105czeniu wyjazdu krajowego\/zagranicznego z podr\u00f3\u017c\u0105 prywatn\u0105<\/a><\/p>\n<p style=\"padding-left: 40px;\"><a href=\"https:\/\/us.edu.pl\/pracownik\/wp-content\/uploads\/sites\/2\/Editor\/DMM-Sprawy-miedzynarodowe\/Rachunek-kosztow-do-WS_15.04.2025.docx\" class=\"mtli_attachment mtli_docx\" data-mtli=\"mtli_filesize280,12kB\" class=\"mtli_attachment mtli_docx\" data-mtli=\"mtli_filesize280,12kB\">Rachunek koszt\u00f3w skierowania za granic\u0119<\/a><\/p>\n<p style=\"padding-left: 40px;\"><a href=\"https:\/\/us.edu.pl\/pracownik\/wp-content\/uploads\/sites\/2\/pracownik\/Sprawy-miedzynarodowe\/Ewidencja-przebiegu-pojazdu_Regulamin_15.04.2025.pdf\" class=\"mtli_attachment mtli_pdf\" data-mtli=\"mtli_filesize109,96kB\" class=\"mtli_attachment mtli_pdf\" data-mtli=\"mtli_filesize109,96kB\">Ewidencja przebiegu pojazdu<\/a><\/p>\n<p style=\"padding-left: 40px;\"><a href=\"https:\/\/us.edu.pl\/pracownik\/wp-content\/uploads\/sites\/2\/pracownik\/zalacznik_nr_12_do_regulaminu_-_oswiadczenie_o_poniesieniu_wydatku.doc\" class=\"mtli_attachment mtli_doc\" data-mtli=\"mtli_filesize273,00kB\" class=\"mtli_attachment mtli_doc\" data-mtli=\"mtli_filesize273,00kB\">O\u015bwiadczenie o poniesieniu wydatku w trakcie odbywania podr\u00f3\u017cy s\u0142u\u017cbowej \/ wyjazdu i przyczynach braku jego udokumentowania<\/a><\/p>\n<p>\n<style type=\"text\/css\">a[data-mtli~=\"mtli_filesize282,64kB\"]:after {content:\" (282,64 kB)\"}a[data-mtli~=\"mtli_filesize269,14kB\"]:after {content:\" (269,14 kB)\"}a[data-mtli~=\"mtli_filesize263,89kB\"]:after {content:\" (263,89 kB)\"}a[data-mtli~=\"mtli_filesize258,15kB\"]:after {content:\" (258,15 kB)\"}a[data-mtli~=\"mtli_filesize291,50kB\"]:after {content:\" (291,50 kB)\"}a[data-mtli~=\"mtli_filesize267,20kB\"]:after {content:\" (267,20 kB)\"}a[data-mtli~=\"mtli_filesize48,06kB\"]:after {content:\" (48,06 kB)\"}a[data-mtli~=\"mtli_filesize209,43kB\"]:after {content:\" (209,43 kB)\"}a[data-mtli~=\"mtli_filesize274,50kB\"]:after {content:\" (274,50 kB)\"}a[data-mtli~=\"mtli_filesize282,30kB\"]:after {content:\" (282,30 kB)\"}a[data-mtli~=\"mtli_filesize270,49kB\"]:after {content:\" (270,49 kB)\"}a[data-mtli~=\"mtli_filesize262,91kB\"]:after {content:\" (262,91 kB)\"}a[data-mtli~=\"mtli_filesize261,82kB\"]:after {content:\" (261,82 kB)\"}a[data-mtli~=\"mtli_filesize263,99kB\"]:after {content:\" (263,99 kB)\"}a[data-mtli~=\"mtli_filesize267,16kB\"]:after {content:\" (267,16 kB)\"}a[data-mtli~=\"mtli_filesize280,12kB\"]:after {content:\" (280,12 kB)\"}a[data-mtli~=\"mtli_filesize109,96kB\"]:after {content:\" (109,96 kB)\"}a[data-mtli~=\"mtli_filesize273,00kB\"]:after {content:\" (273,00 kB)\"}<\/style><\/div>\r\n                    <\/div>\r\n                <\/div>[\/vc_column][\/vc_row]<\/p>\n<style type=\"text\/css\">a[data-mtli~=\"mtli_filesize282,64kB\"]:after {content:\" (282,64 kB)\"}a[data-mtli~=\"mtli_filesize269,14kB\"]:after {content:\" (269,14 kB)\"}a[data-mtli~=\"mtli_filesize263,89kB\"]:after {content:\" (263,89 kB)\"}a[data-mtli~=\"mtli_filesize258,15kB\"]:after {content:\" (258,15 kB)\"}a[data-mtli~=\"mtli_filesize291,50kB\"]:after {content:\" (291,50 kB)\"}a[data-mtli~=\"mtli_filesize267,20kB\"]:after {content:\" (267,20 kB)\"}a[data-mtli~=\"mtli_filesize48,06kB\"]:after {content:\" (48,06 kB)\"}a[data-mtli~=\"mtli_filesize209,43kB\"]:after {content:\" (209,43 kB)\"}a[data-mtli~=\"mtli_filesize274,50kB\"]:after {content:\" (274,50 kB)\"}a[data-mtli~=\"mtli_filesize282,30kB\"]:after {content:\" (282,30 kB)\"}a[data-mtli~=\"mtli_filesize270,49kB\"]:after {content:\" (270,49 kB)\"}a[data-mtli~=\"mtli_filesize262,91kB\"]:after {content:\" (262,91 kB)\"}a[data-mtli~=\"mtli_filesize261,82kB\"]:after {content:\" (261,82 kB)\"}a[data-mtli~=\"mtli_filesize263,99kB\"]:after {content:\" (263,99 kB)\"}a[data-mtli~=\"mtli_filesize267,16kB\"]:after {content:\" (267,16 kB)\"}a[data-mtli~=\"mtli_filesize280,12kB\"]:after {content:\" (280,12 kB)\"}a[data-mtli~=\"mtli_filesize109,96kB\"]:after {content:\" (109,96 kB)\"}a[data-mtli~=\"mtli_filesize273,00kB\"]:after {content:\" (273,00 kB)\"}<\/style>","protected":false},"excerpt":{"rendered":"<p>[vc_row][vc_column][\/vc_column][\/vc_row][vc_row][vc_column][\/vc_column][\/vc_row] [&#8230;]<\/p>\n<p><a class=\"btn btn-secondary understrap-read-more-link\" href=\"https:\/\/us.edu.pl\/pracownik\/sprawy-miedzynarodowe\/mobilnosc-miedzynarodowa\/wyjazdy-zagraniczne\/druki-dokumentow\/\">Read More&#8230;<\/a><\/p>\n","protected":false},"author":41,"featured_media":0,"parent":9166,"menu_order":193,"comment_status":"closed","ping_status":"closed","template":"page-templates\/inner-page.php","meta":{"_expiration-date-status":"saved","_expiration-date":0,"_expiration-date-type":"","_expiration-date-categories":[],"_expiration-date-options":[]},"acf":[],"_links":{"self":[{"href":"https:\/\/us.edu.pl\/pracownik\/wp-json\/wp\/v2\/pages\/9837"}],"collection":[{"href":"https:\/\/us.edu.pl\/pracownik\/wp-json\/wp\/v2\/pages"}],"about":[{"href":"https:\/\/us.edu.pl\/pracownik\/wp-json\/wp\/v2\/types\/page"}],"author":[{"embeddable":true,"href":"https:\/\/us.edu.pl\/pracownik\/wp-json\/wp\/v2\/users\/41"}],"replies":[{"embeddable":true,"href":"https:\/\/us.edu.pl\/pracownik\/wp-json\/wp\/v2\/comments?post=9837"}],"version-history":[{"count":10,"href":"https:\/\/us.edu.pl\/pracownik\/wp-json\/wp\/v2\/pages\/9837\/revisions"}],"predecessor-version":[{"id":41110,"href":"https:\/\/us.edu.pl\/pracownik\/wp-json\/wp\/v2\/pages\/9837\/revisions\/41110"}],"up":[{"embeddable":true,"href":"https:\/\/us.edu.pl\/pracownik\/wp-json\/wp\/v2\/pages\/9166"}],"wp:attachment":[{"href":"https:\/\/us.edu.pl\/pracownik\/wp-json\/wp\/v2\/media?parent=9837"}],"curies":[{"name":"wp","href":"https:\/\/api.w.org\/{rel}","templated":true}]}}