{"id":9839,"date":"2020-09-25T11:22:37","date_gmt":"2020-09-25T09:22:37","guid":{"rendered":"https:\/\/us.edu.pl\/pracownik\/?page_id=9839"},"modified":"2025-11-03T14:00:33","modified_gmt":"2025-11-03T13:00:33","slug":"podstawy-prawne","status":"publish","type":"page","link":"https:\/\/us.edu.pl\/pracownik\/sprawy-miedzynarodowe\/mobilnosc-miedzynarodowa\/wyjazdy-zagraniczne\/podstawy-prawne\/","title":{"rendered":"Podstawy prawne"},"content":{"rendered":"<p>[vc_row][vc_column][\/vc_column][\/vc_row][vc_row][vc_column]\r\n                <div class=\"text-modules\">\r\n                    <div class=\"container\">\r\n                        <h3 class=\"page-title text__title\">Podstawy prawne wyjazd\u00f3w za granic\u0119<\/h3>\r\n                        <div class=\"text-modules__content\"><p><a href=\"https:\/\/aktyprawne.us.edu.pl\/446-lista-dokumentow\/d\/8261\/5\/?reporef=%2F446-lista-dokumentow%2F\">Polityka mobilno\u015bci Uniwersytetu \u015al\u0105skiego w Katowicach<\/a> wprowadzona Pismem ok\u00f3lnym nr 2 Rektora Uniwersytetu \u015al\u0105skiego w Katowicach z dnia 27 czerwca 2025 r. w sprawie wyjazd\u00f3w s\u0142u\u017cbowych w Uniwersytecie \u015al\u0105skim w Katowicach.<\/p>\n<p><a href=\"https:\/\/aktyprawne.us.edu.pl\/d\/8262\/5\/?tc=63\">Pismo ok\u00f3lne nr 3 Rektora Uniwersytetu \u015al\u0105skiego w Katowicach z dnia 27 czerwca 2025 r. w sprawie zmiany procedury oraz okre\u015blenia zasad zakupu bilet\u00f3w lotniczych, kolejowych, autobusowych, promowych oraz us\u0142ugi wizowania paszport\u00f3w na wyjazdy za granic\u0119 pracownik\u00f3w, doktorant\u00f3w, student\u00f3w Uniwersytetu \u015al\u0105skiego w Katowicach oraz os\u00f3b nieb\u0119d\u0105cych pracownikami.<\/a><\/p>\n<p>Zadania biur organizacyjnych wydzia\u0142\u00f3w w zakresie wyjazd\u00f3w zagranicznych:<\/p>\n<ul>\n<li><a href=\"https:\/\/aktyprawne.us.edu.pl\/d\/8060\/5\/?tc=8\">Obwieszczenie nr 2 Rektora Uniwersytetu \u015al\u0105skiego w Katowicach z dnia 15 kwietnia 2025 r. w sprawie og\u0142oszenia tekstu jednolitego Regulaminu organizacyjnego Uniwersytetu \u015al\u0105skiego w Katowicach.\u00a0<\/a><\/li>\n<\/ul>\n<p>\n<\/div>\r\n                    <\/div>\r\n                <\/div>[\/vc_column][\/vc_row][vc_row][vc_column]<div class=\"container\"><div class=\"separator\" style=\"background-color: #EBEBEB\"><\/div><\/div>[\/vc_column][\/vc_row][vc_row][vc_column]\r\n                <div class=\"text-modules \">\r\n                    <div class=\"container\">\r\n                         <h3 class=\"subtitle text-modules__subtitle\">Podr\u00f3\u017ce s\u0142u\u017cbowe<\/h3>\r\n                        <div class=\"row m-0\">\r\n                            <div class=\"text-modules__content\">\r\n                                <\/p>\n<ul>\n<li>Ustawa z dnia 26 czerwca 1974r. \u2013 Kodeks Pracy \u2013 (<a class=\"mtli_attachment mtli_pdf mtli_attachment mtli_pdf\" href=\"https:\/\/isap.sejm.gov.pl\/isap.nsf\/download.xsp\/WDU20250000277\/O\/D20250277.pdf\">tekst jednolity Dz.U. 2025 poz. 277<\/a>) \u2013 Art. 77<sup>5<\/sup><\/li>\n<li>Rozporz\u0105dzenie Ministra Rodziny i Polityki Spo\u0142ecznej z dnia 25 pa\u017adziernika 2022 r. zmieniaj\u0105ce rozporz\u0105dzenie w sprawie nale\u017cno\u015bci przys\u0142uguj\u0105cych pracownikowi zatrudnionemu w pa\u0144stwowej lub samorz\u0105dowej jednostce sfery bud\u017cetowej z tytu\u0142u podr\u00f3\u017cy s\u0142u\u017cbowej z p\u00f3\u017an. zm. (<a class=\"mtli_attachment mtli_pdf mtli_attachment mtli_pdf\" href=\"https:\/\/isap.sejm.gov.pl\/isap.nsf\/download.xsp\/WDU20220002302\/O\/D20222302.pdf\">tekst jednolity Dz. U. 2023, poz. 2190<\/a>)<\/li>\n<li>Zarz\u0105dzenie nr 53 Rektora Uniwersytetu \u015al\u0105skiego w Katowicach z dnia 15 kwietnia 2025 r. zmieniaj\u0105cego Instrukcj\u0119 w sprawie nale\u017cno\u015bci zwi\u0105zanych z podr\u00f3\u017cami s\u0142u\u017cbowymi pracownik\u00f3w, podr\u00f3\u017cami os\u00f3b nieb\u0119d\u0105cych pracownikami Uniwersytetu \u015al\u0105skiego i podr\u00f3\u017cami go\u015bci krajowych oraz zasad ich rozliczania\u00a0(<a href=\"https:\/\/aktyprawne.us.edu.pl\/d\/8086\/5\/?tybp_filterId=1&amp;tybp_filterYear=2025&amp;tybp_filterMonth=4&amp;tybp_filterDay=15&amp;tybp_moduleId=1635\">tekst jednolity Instrukcji stanowi\u0105cy za\u0142\u0105cznik nr 4 do zarz\u0105dzenia nr 53 Rektora U\u015a z 15 kwietnia 2025 r.<\/a>), ze zmianami:<\/li>\n<\/ul>\n<p style=\"padding-left: 80px;\"><a href=\"https:\/\/aktyprawne.us.edu.pl\/446-lista-dokumentow\/d\/8263\/5\/?reporef=%2F446-lista-dokumentow%2F\">Zarz\u0105dzenie nr 106 Rektora Uniwersytetu \u015al\u0105skiego w Katowicach z dnia 27 czerwca 2025 r. zmieniaj\u0105ce Instrukcj\u0119 w sprawie nale\u017cno\u015bci zwi\u0105zanych z podr\u00f3\u017cami s\u0142u\u017cbowymi pracownik\u00f3w, podr\u00f3\u017cami os\u00f3b nieb\u0119d\u0105cych pracownikami Uniwersytetu \u015al\u0105skiego i podr\u00f3\u017cami go\u015bci krajowych oraz zasad ich rozliczania.<\/a><\/p>\n<ul>\n<li>Rozporz\u0105dzenie Ministra Infrastruktury z dnia 25 marca 2002 r. w sprawie warunk\u00f3w ustalania oraz sposobu dokonywania zwrotu koszt\u00f3w u\u017cywania do cel\u00f3w s\u0142u\u017cbowych samochod\u00f3w osobowych, motocykli i motorower\u00f3w nieb\u0119d\u0105cych w\u0142asno\u015bci\u0105 pracodawcy z p\u00f3\u017an. zm. (<a class=\"mtli_attachment mtli_pdf mtli_attachment mtli_pdf\" href=\"https:\/\/isap.sejm.gov.pl\/isap.nsf\/download.xsp\/WDU20230000005\/O\/D20230005.pdf\">Dz.U. 2023 poz. 5<\/a>)<\/li>\n<\/ul>\n<div class=\"mt-3\"><\/div>\r\n                            <\/div>\r\n                            \r\n                            \r\n                        <\/div>\r\n                    <\/div>\r\n                <\/div>[\/vc_column][\/vc_row][vc_row][vc_column]<div class=\"container\"><div class=\"separator\" style=\"background-color: #EBEBEB\"><\/div><\/div>[\/vc_column][\/vc_row][vc_row][vc_column]\r\n                <div class=\"text-modules \">\r\n                    <div class=\"container\">\r\n                         <h3 class=\"subtitle text-modules__subtitle\">Skierowania za granic\u0119<\/h3>\r\n                        <div class=\"row m-0\">\r\n                            <div class=\"text-modules__content\">\r\n                                <\/p>\n<ul>\n<li>Zarz\u0105dzenie nr 54 Rektora Uniwersytetu \u015al\u0105skiego w Katowicach z dnia 15 kwietnia 2025 r. zmieniaj\u0105ce zarz\u0105dzenie w sprawie wprowadzenia Regulaminu kierowania pracownik\u00f3w, doktorant\u00f3w i student\u00f3w Uniwersytetu \u015al\u0105skiego w Katowicach za granic\u0119 w celach naukowych, dydaktycznych i szkoleniowych oraz przyjmowania go\u015bci z zagranicy (<a href=\"https:\/\/aktyprawne.us.edu.pl\/d\/8088\/5\/?tybp_filterId=1&amp;tybp_filterYear=2025&amp;tybp_filterMonth=4&amp;tybp_filterDay=15&amp;tybp_moduleId=1635\">tekst jednolity Regulaminu stanowi\u0105cy za\u0142\u0105cznik nr nr 2 do zarz\u0105dzenia nr 54 Rektora U\u015a z 15 kwietnia 2025 r.<\/a>), ze zmianami:<\/li>\n<\/ul>\n<p style=\"padding-left: 80px;\"><a href=\"https:\/\/aktyprawne.us.edu.pl\/446-lista-dokumentow\/d\/8264\/5\/?reporef=%2F446-lista-dokumentow%2F\">Zarz\u0105dzenie nr 16 Rektora Uniwersytetu \u015al\u0105skiego w Katowicach z dnia 15 kwietnia 2025 r. zmieniaj\u0105ce zarz\u0105dzenie w sprawie wprowadzenia Regulaminu kierowania pracownik\u00f3w, doktorant\u00f3w i student\u00f3w Uniwersytetu \u015al\u0105skiego w Katowicach za granic\u0119 w celach naukowych, dydaktycznych i szkoleniowych oraz przyjmowania go\u015bci z zagranicy.<\/a><\/p>\n<p><strong>Zagraniczne urlopy szkoleniowe:<\/strong><\/p>\n<ul>\n<li><a href=\"https:\/\/aktyprawne.us.edu.pl\/d\/8056\/5\/?tybp_filterId=1&amp;tybp_filterYear=2025&amp;tybp_filterMonth=4&amp;tybp_filterDay=10&amp;tybp_moduleId=1635\">Zarz\u0105dzenie nr 47 z dnia 10 kwietnia 2025 r. Rektora Uniwersytetu \u015al\u0105skiego w Katowicach w sprawie wprowadzenia Regulaminu pracy Uniwersytetu \u015al\u0105skiego w Katowicach.<\/a><\/li>\n<\/ul>\n<div class=\"mt-3\"><\/div>\r\n                            <\/div>\r\n                            \r\n                            \r\n                        <\/div>\r\n                    <\/div>\r\n                <\/div>[\/vc_column][\/vc_row]<\/p>","protected":false},"excerpt":{"rendered":"<p>[vc_row][vc_column][\/vc_column][\/vc_row][vc_row][vc_column][\/vc_column][\/vc_row][vc_row][vc_column][\/vc_column][\/vc_row][vc_row][vc_column][\/vc_column][\/vc_row][vc_row][vc_column][\/vc_column][\/vc_row][vc_row][vc_column][\/vc_column][\/vc_row] [&#8230;]<\/p>\n<p><a class=\"btn btn-secondary understrap-read-more-link\" href=\"https:\/\/us.edu.pl\/pracownik\/sprawy-miedzynarodowe\/mobilnosc-miedzynarodowa\/wyjazdy-zagraniczne\/podstawy-prawne\/\">Read More&#8230;<\/a><\/p>\n","protected":false},"author":41,"featured_media":0,"parent":9166,"menu_order":192,"comment_status":"closed","ping_status":"closed","template":"page-templates\/inner-page.php","meta":{"_expiration-date-status":"","_expiration-date":0,"_expiration-date-type":"","_expiration-date-categories":[],"_expiration-date-options":[]},"acf":[],"_links":{"self":[{"href":"https:\/\/us.edu.pl\/pracownik\/wp-json\/wp\/v2\/pages\/9839"}],"collection":[{"href":"https:\/\/us.edu.pl\/pracownik\/wp-json\/wp\/v2\/pages"}],"about":[{"href":"https:\/\/us.edu.pl\/pracownik\/wp-json\/wp\/v2\/types\/page"}],"author":[{"embeddable":true,"href":"https:\/\/us.edu.pl\/pracownik\/wp-json\/wp\/v2\/users\/41"}],"replies":[{"embeddable":true,"href":"https:\/\/us.edu.pl\/pracownik\/wp-json\/wp\/v2\/comments?post=9839"}],"version-history":[{"count":10,"href":"https:\/\/us.edu.pl\/pracownik\/wp-json\/wp\/v2\/pages\/9839\/revisions"}],"predecessor-version":[{"id":41329,"href":"https:\/\/us.edu.pl\/pracownik\/wp-json\/wp\/v2\/pages\/9839\/revisions\/41329"}],"up":[{"embeddable":true,"href":"https:\/\/us.edu.pl\/pracownik\/wp-json\/wp\/v2\/pages\/9166"}],"wp:attachment":[{"href":"https:\/\/us.edu.pl\/pracownik\/wp-json\/wp\/v2\/media?parent=9839"}],"curies":[{"name":"wp","href":"https:\/\/api.w.org\/{rel}","templated":true}]}}