{"id":992,"date":"2019-10-04T10:10:28","date_gmt":"2019-10-04T08:10:28","guid":{"rendered":"https:\/\/us.edu.pl\/pracownik\/?page_id=992"},"modified":"2025-03-05T09:51:49","modified_gmt":"2025-03-05T08:51:49","slug":"prawo-wlasnosci-intelektualnej","status":"publish","type":"page","link":"https:\/\/us.edu.pl\/pracownik\/sprawy-naukowe\/prawo-wlasnosci-intelektualnej\/","title":{"rendered":"Prawo w\u0142asno\u015bci intelektualnej"},"content":{"rendered":"<p>[vc_row][vc_column][\/vc_column][\/vc_row][vc_row][vc_column]\r\n                <div class=\"text-modules\">\r\n                    <div class=\"container\">\r\n                        <h3 class=\"page-title text__title\">Prawo w\u0142asno\u015bci intelektualnej<\/h3>\r\n                        <div class=\"text-modules__content\"><\/p>\n<p style=\"font-weight: 400;\">W Uniwersytecie \u015al\u0105skim funkcjonuje\u00a0<strong>Regulamin ochrony, korzystania i zarz\u0105dzania wynikami prac intelektualnych na Uniwersytecie \u015al\u0105skim w Katowicach oraz zasad ich komercjalizacji<\/strong>.<\/p>\n<p style=\"font-weight: 400;\">Regulamin okre\u015bla w szczeg\u00f3lno\u015bci:<\/p>\n<ul>\n<li style=\"font-weight: 400;\">prawa i obowi\u0105zki uczelni, pracownik\u00f3w, doktorant\u00f3w i student\u00f3w w zakresie ochrony i korzystania z praw autorskich, praw pokrewnych i praw w\u0142asno\u015bci przemys\u0142owej;<\/li>\n<li style=\"font-weight: 400;\">zasady wynagradzania tw\u00f3rc\u00f3w;<\/li>\n<li style=\"font-weight: 400;\">zasady i procedury komercjalizacji;<\/li>\n<li style=\"font-weight: 400;\">zasady korzystania z maj\u0105tku uczelni, wykorzystywanego do komercjalizacji, oraz \u015bwiadczenia us\u0142ug w zakresie dzia\u0142alno\u015bci naukowej.<\/li>\n<\/ul>\n<p>\n<\/div>\r\n                    <\/div>\r\n                <\/div>[\/vc_column][\/vc_row]<\/p>","protected":false},"excerpt":{"rendered":"<p>[vc_row][vc_column][\/vc_column][\/vc_row][vc_row][vc_column][\/vc_column][\/vc_row] [&#8230;]<\/p>\n<p><a class=\"btn btn-secondary understrap-read-more-link\" href=\"https:\/\/us.edu.pl\/pracownik\/sprawy-naukowe\/prawo-wlasnosci-intelektualnej\/\">Read More&#8230;<\/a><\/p>\n","protected":false},"author":29,"featured_media":0,"parent":692,"menu_order":471,"comment_status":"closed","ping_status":"closed","template":"page-templates\/inner-page-with-bookmarks.php","meta":{"_expiration-date-status":"","_expiration-date":0,"_expiration-date-type":"","_expiration-date-categories":[],"_expiration-date-options":[]},"acf":[],"_links":{"self":[{"href":"https:\/\/us.edu.pl\/pracownik\/wp-json\/wp\/v2\/pages\/992"}],"collection":[{"href":"https:\/\/us.edu.pl\/pracownik\/wp-json\/wp\/v2\/pages"}],"about":[{"href":"https:\/\/us.edu.pl\/pracownik\/wp-json\/wp\/v2\/types\/page"}],"author":[{"embeddable":true,"href":"https:\/\/us.edu.pl\/pracownik\/wp-json\/wp\/v2\/users\/29"}],"replies":[{"embeddable":true,"href":"https:\/\/us.edu.pl\/pracownik\/wp-json\/wp\/v2\/comments?post=992"}],"version-history":[{"count":10,"href":"https:\/\/us.edu.pl\/pracownik\/wp-json\/wp\/v2\/pages\/992\/revisions"}],"predecessor-version":[{"id":33299,"href":"https:\/\/us.edu.pl\/pracownik\/wp-json\/wp\/v2\/pages\/992\/revisions\/33299"}],"up":[{"embeddable":true,"href":"https:\/\/us.edu.pl\/pracownik\/wp-json\/wp\/v2\/pages\/692"}],"wp:attachment":[{"href":"https:\/\/us.edu.pl\/pracownik\/wp-json\/wp\/v2\/media?parent=992"}],"curies":[{"name":"wp","href":"https:\/\/api.w.org\/{rel}","templated":true}]}}