{"id":12009,"date":"2019-10-31T05:00:32","date_gmt":"2019-10-31T04:00:32","guid":{"rendered":"https:\/\/us.edu.pl\/student\/?page_id=12009"},"modified":"2025-06-30T15:46:02","modified_gmt":"2025-06-30T13:46:02","slug":"artystyczne","status":"publish","type":"page","link":"https:\/\/us.edu.pl\/student\/en\/dzialalnosc-naukowa\/dzialalnosc-naukowa-osiagniecia-naukowe\/artystyczne\/","title":{"rendered":"Artistic achievements"},"content":{"rendered":"<p>[vc_row][vc_column]\r\n                <div class=\"text-modules\">\r\n                    <div class=\"container\">\r\n                        <h3 class=\"page-title text__title\">Artistic achievements 2018<\/h3>\r\n                        <div class=\"text-modules__content\"><p><strong>Kordian K\u0105dziela<\/strong> for <em>&#8216;Dregs<\/em> &#8216; \u2013 audience award during Short Waves Festival; 20-25 March 2018 Pozna\u0144;<a href=\"http:\/\/www.shortwaves.pl\/\"> http:\/\/www.shortwaves.pl<\/a><\/p>\n<p><strong>\u00a0<\/strong><\/p>\n<p><strong>Damian Kocur<\/strong> for <em>&#8216;Nothing New Under the Sun<\/em>&#8216; \u2013 first prize at the Short Waves Festival; 20-25 March 2018 <a href=\"http:\/\/www.shortwaves.pl\/\">Pozna\u0144<\/a>; http:\/\/www.shortwaves.pl; International Visegrad Fund Award at the21st ZOOM International Film Festival; <a href=\"http:\/\/www.zoomfestival.pl\/\">http:\/\/www.zoomfestival.pl\/<\/a><\/p>\n<p><strong>\u00a0<\/strong><\/p>\n<p><strong>Sonia Mietielia<\/strong> \u2013 for her role in the etude &#8216;<em>The Rat<\/em>&#8216; in the best Female role category at the Cinemaiubit International Student Film Festival in Romania, 4-8 December 2018; <a href=\"http:\/\/festival-cinemaiubit.ro\/\">http:\/\/festival-cinemaiubit.ro<\/a><\/p>\n<p><strong>\u00a0<\/strong><\/p>\n<p><strong>Jakub Radej<\/strong> for &#8216;<em>Proch<\/em> &#8216; \u2013\u00a0 prize for the best document in the Lab competition at the Festival du Court m\u00e9trage in Clermont-Ferrand, 2\u201311 February 2018<a href=\"https:\/\/clermont-filmfest.org\/\"> ;<\/a> https:\/\/clermont-filmfest.org\/; award for the best short film in the In the Heart of Europe competition during the Mezin\u00e1rodn\u00ed filmov\u00fd festival Praha \u2013 Febiofest, Prague<a href=\"https:\/\/febiofest.sk\/en\/home-2\">;<\/a> https:\/\/febiofest.sk\/en\/home-2; third prize at Short Waves Festival; 20-25 March 2018 Pozna\u0144; <a href=\"http:\/\/www.shortwaves.pl\/\">http:\/\/www.shortwaves.pl<\/a><\/p>\n<p><strong>\u00a0<\/strong><\/p>\n<p><strong>Beata Rakoczy \u2013<\/strong> award for cinematography in the movie &#8216;<em>I Know&#8217;<\/em> (dir. <strong>Piotr Nalazka<\/strong>) during The Cambridge International Student Film Festival<\/p>\n<p>&nbsp;<\/p>\n<p><strong>Piotr Pawlus<\/strong> \u2013 award for cinematography to <strong>&#8216;<\/strong><em>It&#8217;s Really Awesome&#8217;<\/em> (dir. \u00a0<strong>by Katarzyna Warzecha) <\/strong>during the 11th International Film and Music Festival K\u00fcstendorf, <a href=\"http:\/\/kustendorf-filmandmusicfestival.org\/2018\/\">http:\/\/kustendorf-filmandmusicfestival.org\/2018\/<\/a><\/p>\n<p><strong>\u00a0<\/strong><\/p>\n<p><strong>Katarzyna Warzecha<\/strong> for &#8220;<em>It&#8217;s really awesome&#8221;<\/em> (dir. <strong>by Katarzyna Warzecha<\/strong>, cinematography: <strong>Piotr Pawlus<\/strong>) \u2013 special award from Films D&#8217;\u00e9coles europ\u00e9ens during the 30th Festival Premiers Plans in France; <a href=\"http:\/\/www.premiersplans.org\/\">http:\/\/www.premiersplans.org\/<\/a><\/p>\n<p>&nbsp;<\/p>\n<p><em>Chernobog<\/em>, direction and cinematography <strong>Grzegorz Paprzycki<\/strong>, production manager <strong>Sergiusz Kalinowski<\/strong>, <strong>Justyna Koziarz<\/strong> \u2013 award in the Etiuda &amp; Anima International Film Festival; 20-25 November 2015 Cracow;<a href=\"http:\/\/etiudaandanima.pl\/\"> http:\/\/etiudaandanima.pl<\/a><\/p>\n<p>&nbsp;<\/p>\n<p><em>Dust<\/em>, dir. by<strong> Jakub Radej<\/strong>, cinematography <strong>J\u00f3zefina Gocman<\/strong>, production manager <strong>Krystyna Dobrza\u0144ska<\/strong> &#8211; Grand Prix at the Quebec City Film Festival; Audience Award at the Mezin\u00e1rodn\u00ed festival student film &#8220;Opavsk\u00fd p\u00e1v&#8221;, Opava, Czech Republic<\/p>\n<p>&nbsp;<\/p>\n<p><em>Love 1: Dogs<\/em>, dir. by<strong> Florian<\/strong> Serban, cinematography by<strong> Marcin Kosza\u0142ka<\/strong> \u2013 Cineuropa Nagrada and Cicae Nagrada awards during the Sarajevo Film Festival, 10-17 August 2018<\/p>\n<p><em>\u00a0<\/em><\/p>\n<p><em>Dam<\/em>, dir.<strong> by Natalia<\/strong> Koniarz, cinematography by <strong>Stanis\u0142aw Cuske<\/strong> \u2013 Grand Prix at the International Film Festival Up To 21; 20-21 09 September 2018Warsaw; http:\/\/www.upto21.pl\/83-laureaci-2018<a href=\"http:\/\/www.upto21.pl\/83-laureaci-2018\"> ;<\/a> award at the Etiuda &amp; Anima International Film Festival; 20-25 November 2015 Cracow;<a href=\"http:\/\/etiudaandanima.pl\/\"> http:\/\/etiudaandanima.pl<\/a><\/p>\n<\/div>\r\n                    <\/div>\r\n                <\/div>[\/vc_column][\/vc_row]<\/p>","protected":false},"excerpt":{"rendered":"<p>[vc_row][vc_column][\/vc_column][\/vc_row] [&#8230;]<\/p>\n<p><a class=\"btn btn-secondary understrap-read-more-link\" href=\"https:\/\/us.edu.pl\/student\/en\/dzialalnosc-naukowa\/dzialalnosc-naukowa-osiagniecia-naukowe\/artystyczne\/\">Read More&#8230;<\/a><\/p>\n","protected":false},"author":28,"featured_media":0,"parent":9703,"menu_order":0,"comment_status":"closed","ping_status":"closed","template":"","meta":{"_expiration-date-status":"","_expiration-date":0,"_expiration-date-type":"","_expiration-date-categories":[],"_expiration-date-options":[]},"acf":[],"_links":{"self":[{"href":"https:\/\/us.edu.pl\/student\/en\/wp-json\/wp\/v2\/pages\/12009"}],"collection":[{"href":"https:\/\/us.edu.pl\/student\/en\/wp-json\/wp\/v2\/pages"}],"about":[{"href":"https:\/\/us.edu.pl\/student\/en\/wp-json\/wp\/v2\/types\/page"}],"author":[{"embeddable":true,"href":"https:\/\/us.edu.pl\/student\/en\/wp-json\/wp\/v2\/users\/28"}],"replies":[{"embeddable":true,"href":"https:\/\/us.edu.pl\/student\/en\/wp-json\/wp\/v2\/comments?post=12009"}],"version-history":[{"count":1,"href":"https:\/\/us.edu.pl\/student\/en\/wp-json\/wp\/v2\/pages\/12009\/revisions"}],"predecessor-version":[{"id":55421,"href":"https:\/\/us.edu.pl\/student\/en\/wp-json\/wp\/v2\/pages\/12009\/revisions\/55421"}],"up":[{"embeddable":true,"href":"https:\/\/us.edu.pl\/student\/en\/wp-json\/wp\/v2\/pages\/9703"}],"wp:attachment":[{"href":"https:\/\/us.edu.pl\/student\/en\/wp-json\/wp\/v2\/media?parent=12009"}],"curies":[{"name":"wp","href":"https:\/\/api.w.org\/{rel}","templated":true}]}}