{"id":20875,"date":"2020-06-01T09:33:53","date_gmt":"2020-06-01T07:33:53","guid":{"rendered":"https:\/\/us.edu.pl\/student\/?page_id=20875"},"modified":"2026-03-18T12:55:02","modified_gmt":"2026-03-18T11:55:02","slug":"koordynatorzy-dostepnosci","status":"publish","type":"page","link":"https:\/\/us.edu.pl\/student\/en\/koordynatorzy-dostepnosci\/","title":{"rendered":"Accessibility Coordinators"},"content":{"rendered":"<p>[vc_row][vc_column]\r\n                <div class=\"text-modules \">\r\n                    <div class=\"container\">\r\n                        <h3 class=\"section-title section-title_border-bottom\">Faculty of Humanities<\/h3> \r\n                        <div class=\"row m-0\">\r\n                            <div class=\"text-modules__content\">\r\n                                <\/p>\n<p><strong>Technical Coordinator<\/strong><\/p>\n<p>Sosnowiec:<br \/>\nEl\u017cbieta Budzisz, MA<br \/>\ne-mail: <a href=\"mailto:elzbieta.budzisz@us.edu.pl\">elzbieta.budzisz@us.edu.pl<\/a><\/p>\n<p>Katowice, ul. Uniwersytecka 4<br \/>\nAgnieszka \u0141akomy-Ch\u0142osta, PhD<br \/>\ne-mail: <a href=\"mailto:agnieszka.lakomy@us.edu.pl\">agnieszka.lakomy@us.edu.pl<\/a><\/p>\n<p>Katowice, ul. Bankowa 11<br \/>\nIwona Pietrzyk, PhD<br \/>\ne-mail: <a href=\"mailto:iwona.pietrzyk@us.edu.pl\">iwona.pietrzyk@us.edu.pl<\/a><\/p>\n<p><strong>Administrative coordinator<\/strong><\/p>\n<p>Sosnowiec:<br \/>\nAgnieszka Binduchowska, MA<br \/>\ne-mail: <a href=\"mailto:agnieszka.binduchowska@us.edu.pl\">agnieszka.binduchowska@us.edu.pl<\/a><br \/>\nphone: +48 32 364 0828<\/p>\n<p>Katowice, ul. Uniwersytecka 4<br \/>\nMaja Burdosz, MA<br \/>\ne-mail: <a href=\"mailto:maja.burdosz@us.edu.pl\">maja.burdosz@us.edu.pl<\/a><br \/>\ntel.: 32 200 9267<\/p>\n<p>Katowice, ul. Bankowa 11<br \/>\nMarta Klimek, MA<br \/>\ne-mail:<a href=\"mailto:marta.klimek@us.edu.pl\"> marta.klimek@us.edu.pl<\/a><br \/>\nphone: +48 32 359 1653<\/p>\n<div class=\"mt-3\"><\/div>\r\n                            <\/div>\r\n                            \r\n                            \r\n                        <\/div>\r\n                    <\/div>\r\n                <\/div>\r\n                <div class=\"text-modules \">\r\n                    <div class=\"container\">\r\n                        <h3 class=\"section-title section-title_border-bottom\">Faculty of Natural Sciences<\/h3> \r\n                        <div class=\"row m-0\">\r\n                            <div class=\"text-modules__content\">\r\n                                <strong>Technical Coordinator<\/strong><\/p>\n<p>Sosnowiec:<br \/>\nMarzena Lamparska, Assoc. Prof.<br \/>\ne-mail: <a href=\"mailto:marzena.lamparska@us.edu.pl\">marzena.lamparska@us.edu.pl<\/a><br \/>\nphone: +48 32 368 95 87<\/p>\n<p>Katowice:<br \/>\nJoanna Szymanowska-Pu\u0142ka, Assoc. Prof.<br \/>\ne-mail: <a href=\"mailto:joanna.szymanowska-pulka@us.edu.pl\">joanna.szymanowska-pulka@us.edu.pl<\/a><br \/>\nphone: +48 32 200 9371<\/p>\n<p><strong>Administrative Coordinator<\/strong><\/p>\n<p>Sosnowiec:<br \/>\nJustyna Rogalska-Nowak<br \/>\ne-mail: <a href=\"mailto:justyna.rogalska@us.edu.pl\">justyna.rogalska@us.edu.pl<\/a><br \/>\nphone: +48 32 368 9678<\/p>\n<p>Katowice:<br \/>\nEl\u017cbieta Soczawa, MA<br \/>\ne-mail: <a href=\"mailto:elzbieta.soczawa@us.edu.pl\">elzbieta.soczawa@us.edu.pl<\/a><br \/>\nphone: +48 32 200 9556<\/p>\n<div class=\"mt-3\"><\/div>\r\n                            <\/div>\r\n                            \r\n                            \r\n                        <\/div>\r\n                    <\/div>\r\n                <\/div>\r\n                <div class=\"text-modules \">\r\n                    <div class=\"container\">\r\n                        <h3 class=\"section-title section-title_border-bottom\">Faculty of Social Sciences<\/h3> \r\n                        <div class=\"row m-0\">\r\n                            <div class=\"text-modules__content\">\r\n                                <\/p>\n<p><strong>Technical Coordinator<\/strong><\/p>\n<p>Monika Szpoczek, MA<br \/>\ne-mail: <a href=\"mailto:monika.szpoczek@us.edu.pl\">monika.szpoczek@us.edu.pl<\/a><br \/>\nKatowice, ul. Bankowa 11<\/p>\n<p>Sabina Pawlik, PhD<br \/>\ne-mail: <a href=\"mailto:sabina.pawlik@us.edu.pl\">sabina.pawlik@us.edu.pl<\/a><br \/>\nKatowice, ul. Gra\u017cy\u0144skiego 53<\/p>\n<p><strong>Administrative Coordinator<\/strong><\/p>\n<p>Beata Kalisz, MA<br \/>\ne-mail: <a href=\"mailto:beata.kalisz@us.edu.pl\">beata.kalisz@us.edu.pl<\/a><br \/>\nphone: +48 32 359 1807<br \/>\nKatowice, ul. Bankowa 11<\/p>\n<p>Agnieszka Frankiewicz, MA<br \/>\ne-mail: <a href=\"mailto:agnieszka.frankiewicz@us.edu.pl\">agnieszka.frankiewicz@us.edu.pl<\/a><br \/>\nphone: +48 32 359 9741<br \/>\nKatowice, ul. Gra\u017cy\u0144skiego 53<\/p>\n<div class=\"mt-3\"><\/div>\r\n                            <\/div>\r\n                            \r\n                            \r\n                        <\/div>\r\n                    <\/div>\r\n                <\/div>\r\n                <div class=\"text-modules \">\r\n                    <div class=\"container\">\r\n                        <h3 class=\"section-title section-title_border-bottom\">Faculty of Science and Technology<\/h3> \r\n                        <div class=\"row m-0\">\r\n                            <div class=\"text-modules__content\">\r\n                                <\/p>\n<p><strong>Technical Coordinator<\/strong><\/p>\n<p>Ma\u0142gorzata Gajos-Gr\u017eeti\u0107, PhD<br \/>\ne-mail: <a href=\"mailto:malgorzata.gajos@us.edu.pl\">malgorzata.gajos@us.edu.pl<\/a><\/p>\n<p><strong>Administrative Coordinator<\/strong><\/p>\n<p>Katowice:<br \/>\nGra\u017cyna Wdowiak-Czaka\u0144ska, MA<br \/>\ne-mail: <a href=\"mailto:grazyna.wdowiak-czakanska@us.edu.pl\">grazyna.wdowiak-czakanska@us.edu.pl<\/a><br \/>\nphone: +48 32 269 1807<\/p>\n<p>Chorz\u00f3w:<br \/>\nRafa\u0142 Lorenc, MA<br \/>\ne-mail: <a href=\"mailto:rafal.lorenc@us.edu.pl\">rafal.lorenc@us.edu.pl<\/a><br \/>\nphone: +48 32 349 7604<\/p>\n<p>Sosnowiec:<br \/>\nJustyna \u015apiewakowska, MA<br \/>\ne-mail: <a href=\"mailto:justyna.spiewakowska@us.edu.pl\">justyna.spiewakowska@us.edu.pl<\/a><br \/>\nphone: +48 32 269 1846<\/p>\n<div class=\"mt-3\"><\/div>\r\n                            <\/div>\r\n                            \r\n                            \r\n                        <\/div>\r\n                    <\/div>\r\n                <\/div>\r\n                <div class=\"text-modules \">\r\n                    <div class=\"container\">\r\n                        <h3 class=\"section-title section-title_border-bottom\">Faculty of Law and Administration<\/h3> \r\n                        <div class=\"row m-0\">\r\n                            <div class=\"text-modules__content\">\r\n                                <\/p>\n<p><strong>Technical Coordinator<\/strong><\/p>\n<p>Agnieszka Bielska-Brodziak, Assoc. Prof<br \/>\ne-mail: <a href=\"mailto:agnieszka.bielska-brodziak@us.edu.pl\">agnieszka.bielska-brodziak@us.edu.pl<\/a><\/p>\n<p>Urszula Torbus, PhD<br \/>\ne-mail: <a href=\"mailto:urszula.torbus@us.edu.pl\">urszula.torbus@us.edu.pl<\/a><\/p>\n<p><strong>Administrative Coordinator<\/strong><\/p>\n<p>Ma\u0142gorzata Szaniewska, MA<br \/>\ne-mail: <a href=\"mailto:malgorzata.szaniewska@us.edu.pl\">malgorzata.szaniewska@us.edu.pl<\/a><br \/>\nphone: +48 32 359 1164, +48 32 359 2069<\/p>\n<div class=\"mt-3\"><\/div>\r\n                            <\/div>\r\n                            \r\n                            \r\n                        <\/div>\r\n                    <\/div>\r\n                <\/div>\r\n                <div class=\"text-modules \">\r\n                    <div class=\"container\">\r\n                        <h3 class=\"section-title section-title_border-bottom\">Faculty of Arts and Educational Science<\/h3> \r\n                        <div class=\"row m-0\">\r\n                            <div class=\"text-modules__content\">\r\n                                <\/p>\n<p><strong>Technical Coordinator<\/strong><\/p>\n<p>Magdalena Be\u0142za-Gajdzica, PhD<br \/>\ne-mail: <a href=\"mailto:magdalena.belza-gajdzica@us.edu.pl\">magdalena.belza-gajdzica@us.edu.pl<\/a><br \/>\nphone: +48 33 854 6113<\/p>\n<p><strong>Administrative Coordinator<\/strong><\/p>\n<p>Agnieszka Kmiotek, MA<br \/>\ne-mail: <a href=\"mailto:agnieszka.kmiotek@us.edu.pl\">agnieszka.kmiotek@us.edu.pl<\/a><br \/>\nphone: +48 33 854 6112<\/p>\n<div class=\"mt-3\"><\/div>\r\n                            <\/div>\r\n                            \r\n                            \r\n                        <\/div>\r\n                    <\/div>\r\n                <\/div>\r\n                <div class=\"text-modules \">\r\n                    <div class=\"container\">\r\n                        <h3 class=\"section-title section-title_border-bottom\">Faculty of Theology<\/h3> \r\n                        <div class=\"row m-0\">\r\n                            <div class=\"text-modules__content\">\r\n                                <\/p>\n<p><strong>Technical Coordinator<\/strong><\/p>\n<p>Monika Kornaszewska-Polak, PhD<br \/>\ne-mail: <a href=\"mailto:monika.kornaszewska-polak@us.edu.pl\">monika.kornaszewska-polak@us.edu.pl<\/a><br \/>\nphone: +48 32 356 9056<\/p>\n<p><strong>Administrative Coordinator<\/strong><\/p>\n<p>Ewa Kostkiewicz, MA<br \/>\ne-mail: <a href=\"mailto:ewa.kostkiewicz@us.edu.pl\">ewa.kostkiewicz@us.edu.pl<\/a><br \/>\nphone: +48 32 356 9054<\/p>\n<p>Agnieszka Setecka<br \/>\ne-mail: <a href=\"mailto:agnieszka.setecka@us.edu.pl\">agnieszka.setecka@us.edu.pl<\/a><br \/>\nphone: +48 32 356 9054<\/p>\n<div class=\"mt-3\"><\/div>\r\n                            <\/div>\r\n                            \r\n                            \r\n                        <\/div>\r\n                    <\/div>\r\n                <\/div>\r\n                <div class=\"text-modules \">\r\n                    <div class=\"container\">\r\n                        <h3 class=\"section-title section-title_border-bottom\">Krzysztof Kie\u015blowski Film School<\/h3> \r\n                        <div class=\"row m-0\">\r\n                            <div class=\"text-modules__content\">\r\n                                <\/p>\n<p><strong>Technical Coordinator<\/strong><\/p>\n<p>Krystyna Doktorowicz, Assoc. Prof.<br \/>\ne-mail: <a href=\"mailto:krystyna.doktorowicz@us.edu.pl\">krystyna.doktorowicz@us.edu.pl<\/a><br \/>\nphone: +48 32 359 2419; +48 32 359 2420<\/p>\n<p><strong>Administrative Coordinator<\/strong><\/p>\n<p>Izabela Rudzik, BA<br \/>\ne-mail: <a href=\"mailto:izabela.rudzik@us.edu.pl\">izabela.rudzik@us.edu.pl<\/a><br \/>\nphone: +48 32 359 2404<\/p>\n<div class=\"mt-3\"><\/div>\r\n                            <\/div>\r\n                            \r\n                            \r\n                        <\/div>\r\n                    <\/div>\r\n                <\/div>\r\n                <div class=\"text-modules \">\r\n                    <div class=\"container\">\r\n                        <h3 class=\"section-title section-title_border-bottom\">Doctoral School<\/h3> \r\n                        <div class=\"row m-0\">\r\n                            <div class=\"text-modules__content\">\r\n                                <\/p>\n<p><strong>Technical Coordinator<\/strong><\/p>\n<p>Agnieszka Filipowska, MA<br \/>\ne-mail: <a href=\"mailto:agnieszka.filipowska@us.edu.pl\">agnieszka.filipowska@us.edu.pl<\/a><br \/>\nphone: 32 359 2451<\/p>\n<div class=\"mt-3\"><\/div>\r\n                            <\/div>\r\n                            \r\n                            \r\n                        <\/div>\r\n                    <\/div>\r\n                <\/div>[\/vc_column][\/vc_row]<\/p>","protected":false},"excerpt":{"rendered":"<p>[vc_row][vc_column][\/vc_column][\/vc_row] [&#8230;]<\/p>\n<p><a class=\"btn btn-secondary understrap-read-more-link\" href=\"https:\/\/us.edu.pl\/student\/en\/koordynatorzy-dostepnosci\/\">Read More&#8230;<\/a><\/p>\n","protected":false},"author":28,"featured_media":0,"parent":0,"menu_order":0,"comment_status":"closed","ping_status":"closed","template":"","meta":{"_expiration-date-status":"","_expiration-date":0,"_expiration-date-type":"","_expiration-date-categories":[],"_expiration-date-options":[]},"acf":[],"_links":{"self":[{"href":"https:\/\/us.edu.pl\/student\/en\/wp-json\/wp\/v2\/pages\/20875"}],"collection":[{"href":"https:\/\/us.edu.pl\/student\/en\/wp-json\/wp\/v2\/pages"}],"about":[{"href":"https:\/\/us.edu.pl\/student\/en\/wp-json\/wp\/v2\/types\/page"}],"author":[{"embeddable":true,"href":"https:\/\/us.edu.pl\/student\/en\/wp-json\/wp\/v2\/users\/28"}],"replies":[{"embeddable":true,"href":"https:\/\/us.edu.pl\/student\/en\/wp-json\/wp\/v2\/comments?post=20875"}],"version-history":[{"count":10,"href":"https:\/\/us.edu.pl\/student\/en\/wp-json\/wp\/v2\/pages\/20875\/revisions"}],"predecessor-version":[{"id":61015,"href":"https:\/\/us.edu.pl\/student\/en\/wp-json\/wp\/v2\/pages\/20875\/revisions\/61015"}],"wp:attachment":[{"href":"https:\/\/us.edu.pl\/student\/en\/wp-json\/wp\/v2\/media?parent=20875"}],"curies":[{"name":"wp","href":"https:\/\/api.w.org\/{rel}","templated":true}]}}