{"id":22772,"date":"2020-07-11T13:33:02","date_gmt":"2020-07-11T11:33:02","guid":{"rendered":"https:\/\/us.edu.pl\/student\/?page_id=22772"},"modified":"2020-07-11T13:33:02","modified_gmt":"2020-07-11T11:33:02","slug":"english-contact","status":"publish","type":"page","link":"https:\/\/us.edu.pl\/student\/en\/nowy-student\/nowy-student-pierwsze-kroki\/dziekanaty\/dziekanat-wydzialu-nauk-spolecznych\/english-contact\/","title":{"rendered":"Contact"},"content":{"rendered":"<p>[vc_row][vc_column]\r\n\t\t\t\t\t<div class='container'>\r\n\t\t\t\t\t\t<div class='sidebar_moduls sidebar_dropdown zakladki' style='background-color: #FFFFFF'>\r\n\t\t\t\t\t\t\t<h3 class='page-title'>Dean\u2019s Office of Faculty of Social Sciences \u2013 contact<\/h3>\r\n\t\t\t\t\t\t\t<p class='zakladki__desc'><\/p>\r\n\r\n\t\t\t\t\t\t\t<div class='bookmarks'>\r\n\t\t\t\t\t<div class=\"bookmark\">\r\n\t\t\t\t\t\t<div class=\"bookmark__title\">\r\n                            <h3>\r\n                                <span class=\"short\"><b>ul. Bankowa 11, 40-007 Katowice, Poland<\/b><\/span>\r\n                                <span class=\"long\"><b>ul. Bankowa 11, 40-007 Katowice, Poland<\/b><\/span>\r\n                            <\/h3>\r\n\t\t\t\t\t\t<\/div>\r\n\t\t\t\t\t\t\r\n\t\t\t\t\t\t<div class=\"bookmark__content-wrap\">\r\n\t\t\t\t\t\t\t<div class=\"bookmark__content\">\r\n\r\n\t\t\t\t\t\t\t\t\r\n\r\n\t\t\t\t\t\t\t\t<div class=\"bookmark_text\" style=\"font-size:14px;\">\r\n\t\t\t\t\t\t\t\t<p>\n<table style=\"height: 183px; width: 100%; border-collapse: collapse; border-color: #000000;\" border=\"1\" cellpadding=\"10\">\n<tbody>\n<tr style=\"height: 17px;\">\n<td style=\"width: 316px; text-align: center; height: 17px;\"><strong>Dean\u2019s Office<\/strong><\/td>\n<td style=\"width: 308px; text-align: center; height: 17px;\"><strong>Programmes and Majors<\/strong><\/td>\n<td style=\"width: 312px; text-align: center; height: 17px;\"><strong>Office hours<\/strong><\/td>\n<\/tr>\n<tr style=\"height: 98px;\">\n<td style=\"width: 316px; height: 98px; vertical-align: top;\"><strong>Anna Dorynek, MA<\/strong><br>\ne-mail: anna.dorynek@us.edu.pl<br>\nphone: +48 32 359 1331<br>\nroom 12<\/td>\n<td style=\"width: 308px; height: 98px;\"><strong>Full-time studies:<\/strong><br>\nJournalism and Social Communication, 1st and 2nd cycle,\nPolitical Science, 1st cycle<\/td>\n<td style=\"width: 312px; height: 98px; vertical-align: top; text-align: center;\">Monday 11.00\u201314.00<br>\nTuesday 9.30\u201314.00<br>\nWednesday 11.00\u201314.00<br>\nThursday 9.30\u201314.00<br>\nFriday closed<\/td>\n<\/tr>\n<tr style=\"height: 17px;\">\n<td style=\"width: 316px; height: 17px; vertical-align: top;\"><strong>Agnieszka Pogoda-<\/strong><strong>\u015al\u0119zak, MA<\/strong><br>\ne-mail: agnieszka-pogoda-slezak@us.edu.pl<br>\nphone: +48 32 359 1331<\/td>\n<td style=\"width: 308px; height: 17px;\"><strong>Full-time studies<\/strong><br>\nNational and International Security, 1st and 2nd cycle\nPolitical Science, 2nd cycle<br>\nPublic and Political Counselling, 1st cycle<\/td>\n<td style=\"width: 312px; height: 17px; vertical-align: top; text-align: center;\">Monday 11.00\u201314.00<br>\nTuesday 9.30\u201314.00<br>\nWednesday 11.00\u201314.00<br>\nThursday 9.30\u201314.00<br>\nFriday closed<\/td>\n<\/tr>\n<tr style=\"height: 17px;\">\n<td style=\"width: 316px; height: 17px; vertical-align: top;\"><strong>Barbara Ry\u015b<\/strong><br>\ne-mail: barbara.rys@us.edu.pl<br>\nphone: +48 32 359 1222<br>\nroom 5<\/td>\n<td style=\"width: 308px; height: 17px;\"><strong>Full-time studies<\/strong><br>\nSociology, 1st and 2nd cycle<br>\nSocial Work, 1st and 2nd cycle<br>\nUrban Policies and Public Counselling, 2nd cycle<\/td>\n<td style=\"width: 312px; height: 17px; vertical-align: top; text-align: center;\">Monday 11.00\u201314.00<br>\nTuesday 9.30\u201314.00<br>\nWednesday 11.00\u201314.00<br>\nThursday 9.30\u201314.00<br>\nFriday closed<\/td>\n<\/tr>\n<tr style=\"height: 17px;\">\n<td style=\"width: 316px; height: 17px; vertical-align: top;\"><strong>Joanna Ja\u0142owiecka, MA<\/strong><br>\ne-mail: joanna.jalowiecka@us.edu.pl<br>\nphone: +48 32 359 1222<br>\nroom 5<\/td>\n<td style=\"width: 308px; height: 17px;\"><strong>Part-time studies<\/strong><br>\nJournalism and Social Communication, 1st and 2nd cycle<br>\nPolitical Science, 1st and 2nd cycle<br>\nNational and International Security, 1st and 2nd cycle<br>\nPublic and Political Counselling, 1st cycle<br>\nSociology, 1st and 2nd cycle<br>\nSocial Work, 1st and 2nd cycle<br>\nUrban Policies and Public Counselling, 2nd cycle<\/td>\n<td style=\"width: 312px; height: 17px; vertical-align: top; text-align: center;\">Monday closed<br>\nTuesday 11.00\u201316.30 (break: 14.00\u201315.00)<br>\nWednesday 11.00\u201314.00<br>\nThursday 9.30\u201314.00<br>\nFriday closed<br>\nSaturday 9.30\u201313.30<\/td>\n<\/tr>\n<tr style=\"height: 17px;\">\n<td style=\"width: 316px; height: 17px; vertical-align: top;\"><strong>Beata Kalisz, MA<\/strong><br>\ne-mail: beata.kalisz@us.edu.pl<br>\nphone: +48 32 359 1807<br>\nroom 7<\/td>\n<td style=\"width: 308px; height: 17px;\"><strong>Tuition fee payments, funds and benefits for students, support for students with disabilities and special needs \u2013 full-time and part-time studies<\/strong><br>\nJournalism and Social Communication, 1st and 2nd cycle<br>\nNational and International Security, 1st and 2nd cycle<br>\nHuman Resource Management, 1st cycle<br>\nUrban Policies and Public Counselling, 2nd cycle<\/td>\n<td style=\"width: 312px; height: 17px; vertical-align: top; text-align: center;\">Monday closed<br>\nTuesday 11.00\u201316.30 (break: 14.00\u201315.00)<br>\nWednesday 11.00\u201314.00<br>\nThursday 9.30\u201314.00<br>\nFriday closed<br>\nSaturday 9.30\u201313.30<\/td>\n<\/tr>\n<tr>\n<td style=\"width: 316px; vertical-align: top;\"><strong>Agnieszka Frankiewicz, MA<\/strong><br>\ne-mail: agnieszka.frankiewicz@us.edu.pl<br>\nphone: +48 32 359 1807<br>\nroom 7<\/td>\n<td style=\"width: 308px;\"><strong>Tuition fee payments, funds and benefits for students, support for students with disabilities and special needs \u2013 full-time and part-time studies<\/strong><br>\nPolitical Science, 1st and 2nd cycle<br>\nPublic and Political Counselling, 1st cycle<br>\nSociology, 1st and 2nd cycle<br>\nSocial Work, 1st and 2nd cycle<\/td>\n<td style=\"width: 312px; vertical-align: top; text-align: center;\">Monday closed<br>\nTuesday 11.00\u201316.30 (break: 14.00\u201315.00)<br>\nWednesday 11.00\u201314.00<br>\nThursday 9.30\u201314.00<br>\nFriday closed<br>\nSaturday 9.30\u201313.30<\/td><\/td>\n<\/tr>\n<\/tbody>\n<\/table>\n<\/p>\r\n\t\t\t\t\t\t\t\t<br>\r\n\t\t\t\t\t\t\t\t\r\n\t\t\t\t\t\t\t\t<\/div>\r\n\t\t\t\t\t\t\t<\/div>\r\n\t\t\t\t\t\t<\/div>\r\n\t\t\t\t\t<\/div>\r\n\t\t\t\t\t<div class=\"bookmark\">\r\n\t\t\t\t\t\t<div class=\"bookmark__title\">\r\n                            <h3>\r\n                                <span class=\"short\"><b>ul. Gra\u017cy\u0144skiego 53, 40-126 Katowice, Poland<\/b><\/span>\r\n                                <span class=\"long\"><b>ul. Gra\u017cy\u0144skiego 53, 40-126 Katowice, Poland<\/b><\/span>\r\n                            <\/h3>\r\n\t\t\t\t\t\t<\/div>\r\n\t\t\t\t\t\t\r\n\t\t\t\t\t\t<div class=\"bookmark__content-wrap\">\r\n\t\t\t\t\t\t\t<div class=\"bookmark__content\">\r\n\r\n\t\t\t\t\t\t\t\t\r\n\r\n\t\t\t\t\t\t\t\t<div class=\"bookmark_text\" style=\"font-size:14px;\">\r\n\t\t\t\t\t\t\t\t<p>\n<table style=\"height: 183px; width: 100%; border-collapse: collapse; border-color: #000000;\" border=\"1\" cellpadding=\"10\">\n<tbody>\n<tr style=\"height: 17px;\">\n<td style=\"width: 316px; text-align: center; height: 17px;\"><strong>Dean\u2019s Office<\/strong><\/td>\n<td style=\"width: 308px; text-align: center; height: 17px;\"><strong>Programmes and Majors<\/strong><\/td>\n<td style=\"width: 312px; text-align: center; height: 17px;\"><strong>Office hours<\/strong><\/td>\n<\/tr>\n<tr style=\"height: 98px;\">\n<td style=\"width: 316px; height: 98px; vertical-align: top;\"><strong>Anna Szoszkiewicz, MA<\/strong><br>\ne-mail: anna.szoszkiewicz@us.edu.pl<br>\nphone: +48 32 359 9742<br>\nroom 11<\/td>\n<td style=\"width: 308px; height: 98px; vertical-align: top;\"><strong>Full-time studies<\/strong><br>\nPsychology<\/td>\n<td style=\"width: 312px; height: 98px; vertical-align: top; text-align: center;\">Monday 11.00\u201314.00<br>\nTuesday 9.30\u201314.00<br>\nWednesday 11.00\u201314.00<br>\nThursday 9.30\u201314.00<br>\nFriday closed<\/td>\n<\/tr>\n<tr style=\"height: 17px;\">\n<td style=\"width: 316px; height: 17px; vertical-align: top;\"><strong>Anna Jakubiec<\/strong><br>\ne-mail: anna.jakubiec@us.edu.pl<br>\nphone: +48 32 359 9777<br>\nroom 13<\/td>\n<td style=\"width: 308px; height: 17px;\"><strong>Part-time studies<\/strong><br>\nPsychology<br>\nPedagogy: Early School Education and Pre-School Education, long-cycle studies, year 1<br>\nSpecial Education, long-cycle studies<\/td>\n<td style=\"width: 312px; height: 17px; vertical-align: top; text-align: center;\">Monday closed<br>\nTuesday 13.00\u201317.15<br>\nWednesday 9.30\u201314.00<br>\nThursday closed<br>\nFriday 13.00\u201317.15<br>\nSaturday 9.30\u201313.30<\/td>\n<\/tr>\n<tr style=\"height: 17px;\">\n<td style=\"width: 316px; height: 17px; vertical-align: top;\"><strong>Ma\u0142gorzata Bia\u0142a<\/strong><br>\ne-mail: malgorzata.biala@us.edu.pl<br>\nphone: +48 32 359 9742<br>\nroom 11<\/td>\n<td style=\"width: 308px; height: 17px;\"><strong>Full-time studies<\/strong><br>\nPedagogy, 2nd cycle studies (incl. Early School Education and Pre-School Education)<\/td>\n<td style=\"width: 312px; height: 17px; vertical-align: top; text-align: center;\">Monday 11.00\u201314.00<br>\nTuesday 9.30\u201314.00<br>\nWednesday 11.00\u201314.00<br>\nThursday 9.30\u201314.00<br>\nFriday closed<\/td>\n<\/tr>\n<tr style=\"height: 17px;\">\n<td style=\"width: 316px; height: 17px; vertical-align: top;\"><strong>Izabela R\u00f3\u017ca\u0144ska<\/strong><br>\ne-mail: izabela.rozanska@us.edu.pl<br>\nphone: +48 32 359 9705<br>\nroom 11a<\/td>\n<td style=\"width: 308px; height: 17px;\"><strong>Full-time studies<\/strong><br>\nArt Therapy, 1st cycle studies<br>\nSpecial Education, 1st cycle studies Early School Education and Pre-School Education, long-cycle studies, year 1<br>\nSpecial Education, long-cycle studies<\/td>\n<td style=\"width: 312px; height: 17px; vertical-align: top; text-align: center;\">Monday 11.00\u201314.00<br>\nTuesday 9.30\u201314.00<br>\nWednesday 11.00\u201314.00<br>\nThursday 9.30\u201314.00<br>\nFriday closed<\/td>\n<\/tr>\n<tr style=\"height: 17px;\">\n<td style=\"width: 316px; height: 17px; vertical-align: top;\"><strong>Patrycja Ole\u015b, BA<\/strong><br>\ne-mail: patrycja.oles@us.edu.pl<br>\nphone: +48 32 359 9705<br>\nroom 11a<\/td>\n<td style=\"width: 308px; height: 17px; vertical-align: top;\"><strong>Full-time studies<\/strong><br>\nPedagogy, 1st cycle studies<\/td>\n<td style=\"width: 312px; height: 17px; vertical-align: top; text-align: center;\">Monday 11.00\u201314.00<br>\nTuesday 9.30\u201314.00<br>\nWednesday 11.00\u201314.00<br>\nThursday 9.30\u201314.00<br>\nFriday closed<\/td>\n<\/tr>\n<tr>\n<td style=\"width: 316px; vertical-align: top;\"><strong>Alina Fuks, MA<\/strong><br>\ne-mail: alina.fuks@us.edu.pl<br>\nphone: +48 32 359 9713<br>\nroom 12<\/td>\n<td style=\"width: 308px;\"><strong>Part-time studies<\/strong><br>\nSpecial Education, 1st cycle studies<br>\nPedagogy, 1st and 2nd cycle studies (incl. Early School Education and Pre-School Education, 2nd cycle)<\/td>\n<td style=\"width: 312px; vertical-align: top; text-align: center;\">Monday closed<br>\nTuesday 13.00\u201317.15<br>\nWednesday 9.30\u201314.00<br>\nThursday closed<br>\nFriday 13.00\u201317.15<br>\nSaturday 9.30\u201313.30<\/td>\n<\/tr>\n<tr>\n<td style=\"width: 316px; vertical-align: top;\"><strong>Katarzyna Drozdek, MA<\/strong><br>\ne-mail: katarzyna.drozdek@us.edu.pl<br>\nphone: +48 32 359 9826<br>\nroom 13<strong>\n<\/strong><\/td>\n<td style=\"width: 308px; vertical-align: top;\"><strong>PhD studies<\/strong><\/td>\n<td style=\"width: 312px; vertical-align: top; text-align: center;\">Monday 08.30\u201317.00<br>\nTuesday 7.30\u201316.30<br>\nWednesday 09.00\u201318.00 (Bankowa 11, room 7)<br>\nThursday 7.30\u201316.30<br>\nFriday 7.30\u201311.30<\/td>\n<\/tr>\n<tr>\n<td style=\"width: 316px; vertical-align: top;\"><strong>Janina Strza\u0142kowska<\/strong><br>\ne-mail: janina.strzalkowska@us.edu.pl<br>\nphone: +48 32 359 9741<br>\nroom 24<br><br>\n<strong>Urszula S\u0142awecka, BA\n<\/strong><br>\ne-mail: urszula.slawecka@us.edu.pl<br>\nphone: +48 32 359 9741<br>\nroom 24<br><br>\n<strong>Agnieszka Urba\u0144czyk, MA<\/strong><br>\ne-mail: agnieszka.urbanczyk@us.edu.pl<br>\nphone: +48 32 359 9741<br>\nroom 24<strong>\u00a0<\/strong><\/td>\n<td style=\"width: 308px; vertical-align: top;\"><strong>Tuition fee payments, funds and benefits for students, support for students with disabilities and special needs \u2013 full-time and part-time studies<\/strong><br>\nArt Therapy, 1st cycle studies<br>\nPedagogy, 1st and 2nd cycle studies<br>\nEarly School Education and Pre-School Education, long-cycle studies<br>\nSpecial Education, long-cycle studies, 1st cycle studies<br>\nPsychology, long-cycle studies<\/td>\n<td style=\"width: 312px; vertical-align: top; text-align: center;\">Monday 11.00\u201314.00<br>\nTuesday 9.30\u201314.00<br>\nWednesday 11.00\u201314.00<br>\nThursday 9.30\u201314.00<br>\nFriday closed<br>\nSaturday 9.30\u201313.30<\/td>\n<\/tr>\n<\/tbody>\n<\/table>\n<\/p>\r\n\t\t\t\t\t\t\t\t<br>\r\n\t\t\t\t\t\t\t\t\r\n\t\t\t\t\t\t\t\t<\/div>\r\n\t\t\t\t\t\t\t<\/div>\r\n\t\t\t\t\t\t<\/div>\r\n\t\t\t\t\t<\/div>\r\n\t\t\t\t\t<div class=\"bookmark\">\r\n\t\t\t\t\t\t<div class=\"bookmark__title\">\r\n                            <h3>\r\n                                <span class=\"short\"><b>ul. Bankowa 14, 40-007 Katowice, Poland<\/b><\/span>\r\n                                <span class=\"long\"><b>ul. Bankowa 14, 40-007 Katowice, Poland<\/b><\/span>\r\n                            <\/h3>\r\n\t\t\t\t\t\t<\/div>\r\n\t\t\t\t\t\t\r\n\t\t\t\t\t\t<div class=\"bookmark__content-wrap\">\r\n\t\t\t\t\t\t\t<div class=\"bookmark__content\">\r\n\r\n\t\t\t\t\t\t\t\t\r\n\r\n\t\t\t\t\t\t\t\t<div class=\"bookmark_text\" style=\"font-size:14px;\">\r\n\t\t\t\t\t\t\t\t<table style=\"height: 183px; width: 100%; border-collapse: collapse; border-color: #000000;\" border=\"1\" cellpadding=\"10\">\n<tbody>\n<tr style=\"height: 17px;\">\n<td style=\"width: 316px; text-align: center; height: 17px;\"><strong>Dean\u2019s Office<\/strong><\/td>\n<td style=\"width: 308px; text-align: center; height: 17px;\"><strong>Programmes and Majors<\/strong><\/td>\n<td style=\"width: 312px; text-align: center; height: 17px;\"><strong>Office hours<\/strong><\/td>\n<\/tr>\n<tr style=\"height: 98px;\">\n<td style=\"width: 316px; height: 98px; vertical-align: top;\"><strong>Jolanta Wydra, MA<\/strong><br>\ne-mail: jolanta.wydra@us.edu.pl<br>\nphone: +48 32 359 2483<br>\nroom 348<\/td>\n<td style=\"width: 308px; height: 98px; vertical-align: top;\">Human Resource Management, full-time and part-time studies, 1st cycle<\/td>\n<td style=\"width: 312px; height: 98px; vertical-align: top; text-align: center;\">Monday closed<br>\nTuesday 11.00\u201316.30 (break: 14.00\u201315.00)<br>\nWednesday 11.00\u201314.00<br>\nThursday 9.30\u201314.00<br>\nFriday closed<br>\nSaturday 9.30\u201313.30 (every second week)<\/td>\n<\/tr>\n<\/tbody>\n<\/table>\r\n\t\t\t\t\t\t\t\t<br>\r\n\t\t\t\t\t\t\t\t\r\n\t\t\t\t\t\t\t\t<\/div>\r\n\t\t\t\t\t\t\t<\/div>\r\n\t\t\t\t\t\t<\/div>\r\n\t\t\t\t\t<\/div><\/div>\r\n\t\t\t\t\t\t<\/div>\r\n\t\t\t\t\t <\/div>[\/vc_column][\/vc_row]<\/p>","protected":false},"excerpt":{"rendered":"<p>[vc_row][vc_column][\/vc_column][\/vc_row] [&#8230;]<\/p>\n<p><a class=\"btn btn-secondary understrap-read-more-link\" href=\"https:\/\/us.edu.pl\/student\/en\/nowy-student\/nowy-student-pierwsze-kroki\/dziekanaty\/dziekanat-wydzialu-nauk-spolecznych\/english-contact\/\">Read More&#8230;<\/a><\/p>\n","protected":false},"author":33,"featured_media":0,"parent":8078,"menu_order":0,"comment_status":"closed","ping_status":"closed","template":"","meta":{"_expiration-date-status":"saved","_expiration-date":0,"_expiration-date-type":"","_expiration-date-categories":[],"_expiration-date-options":[]},"acf":[],"_links":{"self":[{"href":"https:\/\/us.edu.pl\/student\/en\/wp-json\/wp\/v2\/pages\/22772"}],"collection":[{"href":"https:\/\/us.edu.pl\/student\/en\/wp-json\/wp\/v2\/pages"}],"about":[{"href":"https:\/\/us.edu.pl\/student\/en\/wp-json\/wp\/v2\/types\/page"}],"author":[{"embeddable":true,"href":"https:\/\/us.edu.pl\/student\/en\/wp-json\/wp\/v2\/users\/33"}],"replies":[{"embeddable":true,"href":"https:\/\/us.edu.pl\/student\/en\/wp-json\/wp\/v2\/comments?post=22772"}],"version-history":[{"count":0,"href":"https:\/\/us.edu.pl\/student\/en\/wp-json\/wp\/v2\/pages\/22772\/revisions"}],"up":[{"embeddable":true,"href":"https:\/\/us.edu.pl\/student\/en\/wp-json\/wp\/v2\/pages\/8078"}],"wp:attachment":[{"href":"https:\/\/us.edu.pl\/student\/en\/wp-json\/wp\/v2\/media?parent=22772"}],"curies":[{"name":"wp","href":"https:\/\/api.w.org\/{rel}","templated":true}]}}