{"id":26494,"date":"2020-12-09T10:53:58","date_gmt":"2020-12-09T09:53:58","guid":{"rendered":"https:\/\/us.edu.pl\/student\/?page_id=26494"},"modified":"2025-10-06T11:36:51","modified_gmt":"2025-10-06T09:36:51","slug":"mobilnosc-miedzynarodowa","status":"publish","type":"page","link":"https:\/\/us.edu.pl\/student\/en\/mobilnosc\/mobilnosc-miedzynarodowa\/","title":{"rendered":"(Polski) Mobilno\u015b\u0107 mi\u0119dzynarodowa"},"content":{"rendered":"<p class=\"qtranxs-available-languages-message qtranxs-available-languages-message-en\">Sorry, this entry is only available in <a href=\"https:\/\/us.edu.pl\/student\/pl\/wp-json\/wp\/v2\/pages\/26494\" class=\"qtranxs-available-language-link qtranxs-available-language-link-pl\" title=\"Polski\">Polish<\/a>.<\/p>","protected":false},"excerpt":{"rendered":"<p>Sorry, this entry is only available in Polish. [&#8230;]<\/p>\n<p><a class=\"btn btn-secondary understrap-read-more-link\" href=\"https:\/\/us.edu.pl\/student\/en\/mobilnosc\/mobilnosc-miedzynarodowa\/\">Read More&#8230;<\/a><\/p>\n","protected":false},"author":28,"featured_media":0,"parent":21776,"menu_order":0,"comment_status":"closed","ping_status":"closed","template":"","meta":{"_expiration-date-status":"","_expiration-date":0,"_expiration-date-type":"","_expiration-date-categories":[],"_expiration-date-options":[]},"acf":[],"_links":{"self":[{"href":"https:\/\/us.edu.pl\/student\/en\/wp-json\/wp\/v2\/pages\/26494"}],"collection":[{"href":"https:\/\/us.edu.pl\/student\/en\/wp-json\/wp\/v2\/pages"}],"about":[{"href":"https:\/\/us.edu.pl\/student\/en\/wp-json\/wp\/v2\/types\/page"}],"author":[{"embeddable":true,"href":"https:\/\/us.edu.pl\/student\/en\/wp-json\/wp\/v2\/users\/28"}],"replies":[{"embeddable":true,"href":"https:\/\/us.edu.pl\/student\/en\/wp-json\/wp\/v2\/comments?post=26494"}],"version-history":[{"count":0,"href":"https:\/\/us.edu.pl\/student\/en\/wp-json\/wp\/v2\/pages\/26494\/revisions"}],"up":[{"embeddable":true,"href":"https:\/\/us.edu.pl\/student\/en\/wp-json\/wp\/v2\/pages\/21776"}],"wp:attachment":[{"href":"https:\/\/us.edu.pl\/student\/en\/wp-json\/wp\/v2\/media?parent=26494"}],"curies":[{"name":"wp","href":"https:\/\/api.w.org\/{rel}","templated":true}]}}