{"id":53929,"date":"2025-06-02T10:54:20","date_gmt":"2025-06-02T08:54:20","guid":{"rendered":"https:\/\/us.edu.pl\/student\/?page_id=53929"},"modified":"2025-06-03T14:59:37","modified_gmt":"2025-06-03T12:59:37","slug":"lista-wszystkich-wyroznionych-xvii-edycji-wyroznien-jm-rektora-us","status":"publish","type":"page","link":"https:\/\/us.edu.pl\/student\/en\/dzialalnosc-studencka\/wyroznienia-jm-rektora-us\/laureatki-i-laureaci-xvii-edycji-wyroznien-jm-rektora-us\/lista-wszystkich-wyroznionych-xvii-edycji-wyroznien-jm-rektora-us\/","title":{"rendered":"(Polski) Lista wszystkich Wyr\u00f3\u017cnionych XVII edycji Wyr\u00f3\u017cnie\u0144 JM Rektora U\u015a"},"content":{"rendered":"<p class=\"qtranxs-available-languages-message qtranxs-available-languages-message-en\">Sorry, this entry is only available in <a href=\"https:\/\/us.edu.pl\/student\/pl\/wp-json\/wp\/v2\/pages\/53929\" class=\"qtranxs-available-language-link qtranxs-available-language-link-pl\" title=\"Polski\">Polish<\/a>.<\/p>","protected":false},"excerpt":{"rendered":"<p>Sorry, this entry is only available in Polish. [&#8230;]<\/p>\n<p><a class=\"btn btn-secondary understrap-read-more-link\" href=\"https:\/\/us.edu.pl\/student\/en\/dzialalnosc-studencka\/wyroznienia-jm-rektora-us\/laureatki-i-laureaci-xvii-edycji-wyroznien-jm-rektora-us\/lista-wszystkich-wyroznionych-xvii-edycji-wyroznien-jm-rektora-us\/\">Read More&#8230;<\/a><\/p>\n","protected":false},"author":28,"featured_media":0,"parent":53861,"menu_order":0,"comment_status":"closed","ping_status":"closed","template":"","meta":{"_expiration-date-status":"","_expiration-date":0,"_expiration-date-type":"","_expiration-date-categories":[],"_expiration-date-options":[]},"acf":[],"_links":{"self":[{"href":"https:\/\/us.edu.pl\/student\/en\/wp-json\/wp\/v2\/pages\/53929"}],"collection":[{"href":"https:\/\/us.edu.pl\/student\/en\/wp-json\/wp\/v2\/pages"}],"about":[{"href":"https:\/\/us.edu.pl\/student\/en\/wp-json\/wp\/v2\/types\/page"}],"author":[{"embeddable":true,"href":"https:\/\/us.edu.pl\/student\/en\/wp-json\/wp\/v2\/users\/28"}],"replies":[{"embeddable":true,"href":"https:\/\/us.edu.pl\/student\/en\/wp-json\/wp\/v2\/comments?post=53929"}],"version-history":[{"count":0,"href":"https:\/\/us.edu.pl\/student\/en\/wp-json\/wp\/v2\/pages\/53929\/revisions"}],"up":[{"embeddable":true,"href":"https:\/\/us.edu.pl\/student\/en\/wp-json\/wp\/v2\/pages\/53861"}],"wp:attachment":[{"href":"https:\/\/us.edu.pl\/student\/en\/wp-json\/wp\/v2\/media?parent=53929"}],"curies":[{"name":"wp","href":"https:\/\/api.w.org\/{rel}","templated":true}]}}