{"id":8963,"date":"2019-10-18T14:54:02","date_gmt":"2019-10-18T12:54:02","guid":{"rendered":"https:\/\/us.edu.pl\/student\/?page_id=8963"},"modified":"2023-10-20T15:58:44","modified_gmt":"2023-10-20T13:58:44","slug":"materialy-informacyjne","status":"publish","type":"page","link":"https:\/\/us.edu.pl\/student\/en\/nowy-student\/materialy-informacyjne\/","title":{"rendered":"Information materials"},"content":{"rendered":"<p>[vc_row el_class=&#8221;container&#8221;][vc_column el_class=&#8221;container&#8221;]\r\n                <div class=\"text-modules\">\r\n                    <div class=\"container\">\r\n                        <h3 class=\"page-title text__title\">Materia\u0142y informacyjne<\/h3>\r\n                        <div class=\"text-modules__content\"><\/div>\r\n                    <\/div>\r\n                <\/div>[vc_empty_space height=&#8221;64px&#8221;]\r\n                <div class=\"text-modules reverse\">\r\n                    <div class=\"container\">\r\n                        <h3 class=\"section-title section-title_border-bottom\">Przewodnik po Uniwersytecie \u015al\u0105skim<\/h3> \r\n                        <div class=\"row m-0\">\r\n                            <div class=\"text-modules__content\">\r\n                                <b>Przewodnik po Uniwersytecie \u015al\u0105skim<\/b><span style=\"font-weight: 400;\">\u00a0<\/span><\/p>\n<p><i><span style=\"font-weight: 400;\">Opowie\u015bci doktora Primo<\/span><\/i><span style=\"font-weight: 400;\">, czyli przewodnik po Uniwersytecie \u015al\u0105skim dla student\u00f3w I roku! Znajduj\u0105 si\u0119 w nim najwa\u017cniejsze informacje pomocne dla student\u00f3w w pierwszych dniach pobytu na Uniwersytecie \u015al\u0105skim.\u00a0<\/span><\/p>\n<p><span style=\"font-weight: 400;\">Studenci rozpoczynaj\u0105cy studia pocz\u0105tkowo zawsze odczuwaj\u0105 niedosyt wiedzy. Dlatego zapraszamy Was do przejrzenia <\/span><i><span style=\"font-weight: 400;\">Opowie\u015bci<\/span><\/i><span style=\"font-weight: 400;\">, aby\u015bcie mogli bez wi\u0119kszych przeszk\u00f3d i trudno\u015bci rozpocz\u0105\u0107 przygod\u0119 z Uniwersytetem. Zawarte w przewodniku wyja\u015bnienia pozwol\u0105 \u0142atwiej zaplanowa\u0107 i zorganizowa\u0107 nadchodz\u0105cy rok akademicki.<\/span> \r\n                                <div class=\"mt-3\"><a href=\"https:\/\/issuu.com\/uniwersytetslaski\/docs\/broszura_s_cos_2020_online__1_\" class=\"link-button mr-3 \">Kliknij, aby zobaczy\u0107 przewodnik<\/a><\/div>\r\n                            <\/div>\r\n                            \r\n                            <div class=\"text-modules__img\"><img src=\"https:\/\/us.edu.pl\/student\/wp-content\/uploads\/sites\/3\/COS\/Dr-Primo-II\/DSC_8562.jpg\" alt=\"img\"><\/div>\r\n                        <\/div>\r\n                    <\/div>\r\n                <\/div>[\/vc_column][\/vc_row][vc_row el_class=&#8221;container&#8221;][vc_column el_class=&#8221;container&#8221;]\r\n                <div class=\"text-modules reverse\">\r\n                    <div class=\"container\">\r\n                        <h3 class=\"section-title section-title_border-bottom\">Kalendarz akademicki dla student\u00f3w<\/h3> \r\n                        <div class=\"row m-0\">\r\n                            <div class=\"text-modules__content\">\r\n                                <b>Kalendarz akademicki dla student\u00f3w 2020\/2021<\/b><\/p>\n<p><span style=\"font-weight: 400;\">\u00a0<\/span><\/p>\n<p><span style=\"font-weight: 400;\">Kalendarz akademicki U\u015a powstaje z my\u015bl\u0105 o studentach I roku. Podzielony jest na cz\u0119\u015b\u0107 informacyjn\u0105 oraz terminarz.\u00a0<\/span><\/p>\n<p><span style=\"font-weight: 400;\">Cz\u0119\u015b\u0107 informacyjna zawiera om\u00f3wienie najwa\u017cniejszych spraw, kt\u00f3re b\u0119d\u0105 dotyczy\u0107 studenta w toku studiowania (organizacja roku akademickiego, finanse, kariera, stypendia, sesja egzaminacyjna itp.). Terminarz ma natomiast s\u0142u\u017cy\u0107 jako narz\u0119dzie organizacji studenckiego \u017cycia.\u00a0<\/span> \r\n                                <div class=\"mt-3\"><a href=\"https:\/\/issuu.com\/uniwersytetslaski\/docs\/cos_ka_2020\" class=\"link-button mr-3 \">Kliknij, aby zobaczy\u0107 kalendarz 2020\/2021 <\/a><\/div>\r\n                            <\/div>\r\n                            \r\n                            <div class=\"text-modules__img\"><img src=\"https:\/\/us.edu.pl\/student\/wp-content\/uploads\/sites\/3\/2019\/11\/kalendarz_akademicki.jpg\" alt=\"img\"><\/div>\r\n                        <\/div>\r\n                    <\/div>\r\n                <\/div>\r\n                <div class=\"text-modules\">\r\n                    <div class=\"container\">\r\n                        <h3 class=\"page-title text__title\">Filmy<\/h3>\r\n                        <div class=\"text-modules__content\"><\/div>\r\n                    <\/div>\r\n                <\/div>[\/vc_column][\/vc_row][vc_row][vc_column][vc_empty_space el_class=&#8221;container&#8221;][\/vc_column][\/vc_row][vc_row el_class=&#8221;container&#8221;][vc_column width=&#8221;1\/3&#8243;][vc_video link=&#8221;https:\/\/www.youtube.com\/watch?v=9zKr49Neehk&#8221; el_class=&#8221;container&#8221; title=&#8221;Pierwsza Pomoc dla Pierwszaka: Stypendia&#8221;][\/vc_column][vc_column width=&#8221;1\/3&#8243;][vc_video link=&#8221;https:\/\/www.youtube.com\/watch?v=9yEnX_CLiVg&#8221; title=&#8221;Pierwsza Pomoc dla Pierwszaka: Dziekanat&#8221;][\/vc_column][vc_column width=&#8221;1\/3&#8243;][vc_video link=&#8221;https:\/\/www.youtube.com\/watch?v=YkSRo75WOCA&#8221; el_class=&#8221;container&#8221; title=&#8221;Pierwsza Pomoc dla Pierwszaka: Wolne pi\u0105tki&#8221;][\/vc_column][\/vc_row][vc_row][vc_column][vc_empty_space el_class=&#8221;container&#8221;][\/vc_column][\/vc_row][vc_row el_class=&#8221;container&#8221;][vc_column el_class=&#8221;container&#8221;]\r\n                <div class=\"text-modules reverse\">\r\n                    <div class=\"container\">\r\n                        <h3 class=\"section-title section-title_border-bottom\">Adapciak<\/h3> \r\n                        <div class=\"row m-0\">\r\n                            <div class=\"text-modules__content\">\r\n                                <span style=\"font-weight: 400;\">Uniwersytet \u015al\u0105ski stara si\u0119, aby\u015b nie przemierza\u0142 jego korytarzy po omacku, dlatego te\u017c przygotowali\u015bmy dla Ciebie specjalny program adaptacyjny, dzi\u0119ki kt\u00f3remu dowiesz si\u0119, jak dzia\u0142a Uniwersytet, jakie mo\u017cliwo\u015bci i prawa Ci przys\u0142uguj\u0105, kto i w czym mo\u017ce udzieli\u0107 Ci wsparcia, a tak\u017ce co jest Twoim obowi\u0105zkiem. Zg\u0142\u0119bisz wiedz\u0119 na temat tego, kto o czym decyduje, co grozi za brak szkolenia BHP, dlaczego warto wiedzie\u0107 co nieco o Samorz\u0105dzie Studenckim i komu lepiej k\u0142ania\u0107 si\u0119 na korytarzu.<\/span> \r\n                                <div class=\"mt-3\"><a href=\"http:\/\/www.adapciak.us.edu.pl\/\" class=\"link-button mr-3 \">S\u0142owem \u2013 wszystkie informacje potrzebne do przetrwania na uczelni znajdziesz na systematycznie aktualizowanej stronie.<\/a><\/div>\r\n                            <\/div>\r\n                            \r\n                            <div class=\"text-modules__img\"><img src=\"https:\/\/us.edu.pl\/student\/wp-content\/uploads\/sites\/3\/COS\/adapciak.png\" alt=\"img\"><\/div>\r\n                        <\/div>\r\n                    <\/div>\r\n                <\/div>[\/vc_column][\/vc_row]<\/p>","protected":false},"excerpt":{"rendered":"<p>[vc_row el_class=&#8221;container&#8221;][vc_column el_class=&#8221;container&#8221;][vc_empty_space height=&#8221;64px&#8221;][\/vc_column][\/vc_row][vc_row el_class=&#8221;container&#8221;][vc_column el_class=&#8221;container&#8221;][\/vc_column][\/vc_row][vc_row][vc_column][vc_empty_space el_class=&#8221;container&#8221;][\/vc_column][\/vc_row][vc_row el_class=&#8221;container&#8221;][vc_column width=&#8221;1\/3&#8243;][vc_video link=&#8221;https:\/\/www.youtube.com\/watch?v=9zKr49Neehk&#8221; el_class=&#8221;container&#8221; title=&#8221;Pierwsza Pomoc dla Pierwszaka: Stypendia&#8221;][\/vc_column][vc_column width=&#8221;1\/3&#8243;][vc_video link=&#8221;https:\/\/www.youtube.com\/watch?v=9yEnX_CLiVg&#8221; title=&#8221;Pierwsza Pomoc dla Pierwszaka: Dziekanat&#8221;][\/vc_column][vc_column width=&#8221;1\/3&#8243;][vc_video link=&#8221;https:\/\/www.youtube.com\/watch?v=YkSRo75WOCA&#8221; el_class=&#8221;container&#8221; title=&#8221;Pierwsza Pomoc dla Pierwszaka: Wolne pi\u0105tki&#8221;][\/vc_column][\/vc_row][vc_row][vc_column][vc_empty_space el_class=&#8221;container&#8221;][\/vc_column][\/vc_row][vc_row el_class=&#8221;container&#8221;][vc_column el_class=&#8221;container&#8221;][\/vc_column][\/vc_row] [&#8230;]<\/p>\n<p><a class=\"btn btn-secondary understrap-read-more-link\" href=\"https:\/\/us.edu.pl\/student\/en\/nowy-student\/materialy-informacyjne\/\">Read More&#8230;<\/a><\/p>\n","protected":false},"author":1,"featured_media":0,"parent":12264,"menu_order":0,"comment_status":"closed","ping_status":"closed","template":"page-templates\/page-with-sidebar.php","meta":{"_expiration-date-status":"","_expiration-date":0,"_expiration-date-type":"","_expiration-date-categories":[],"_expiration-date-options":[]},"acf":[],"_links":{"self":[{"href":"https:\/\/us.edu.pl\/student\/en\/wp-json\/wp\/v2\/pages\/8963"}],"collection":[{"href":"https:\/\/us.edu.pl\/student\/en\/wp-json\/wp\/v2\/pages"}],"about":[{"href":"https:\/\/us.edu.pl\/student\/en\/wp-json\/wp\/v2\/types\/page"}],"author":[{"embeddable":true,"href":"https:\/\/us.edu.pl\/student\/en\/wp-json\/wp\/v2\/users\/1"}],"replies":[{"embeddable":true,"href":"https:\/\/us.edu.pl\/student\/en\/wp-json\/wp\/v2\/comments?post=8963"}],"version-history":[{"count":6,"href":"https:\/\/us.edu.pl\/student\/en\/wp-json\/wp\/v2\/pages\/8963\/revisions"}],"predecessor-version":[{"id":41943,"href":"https:\/\/us.edu.pl\/student\/en\/wp-json\/wp\/v2\/pages\/8963\/revisions\/41943"}],"up":[{"embeddable":true,"href":"https:\/\/us.edu.pl\/student\/en\/wp-json\/wp\/v2\/pages\/12264"}],"wp:attachment":[{"href":"https:\/\/us.edu.pl\/student\/en\/wp-json\/wp\/v2\/media?parent=8963"}],"curies":[{"name":"wp","href":"https:\/\/api.w.org\/{rel}","templated":true}]}}