{"id":10172,"date":"2019-10-23T10:09:43","date_gmt":"2019-10-23T08:09:43","guid":{"rendered":"https:\/\/us.edu.pl\/student\/?page_id=10172"},"modified":"2022-06-29T08:31:45","modified_gmt":"2022-06-29T06:31:45","slug":"asystent","status":"publish","type":"page","link":"https:\/\/us.edu.pl\/student\/wsparcie-i-fundusze\/dostosowanie-do-specjalnych-potrzeb\/asystent\/","title":{"rendered":"Asystent"},"content":{"rendered":"<p>[vc_row el_class=&#8221;container&#8221;][vc_column el_class=&#8221;container&#8221;]\r\n                <div class=\"text-modules\">\r\n                    <div class=\"container\">\r\n                        <h3 class=\"page-title text__title\">Asystent<\/h3>\r\n                        <div class=\"text-modules__content\"><p>Student, kt\u00f3ry wnioskuje o wsparcie asystenta studenta z niepe\u0142nosprawno\u015bci\u0105 (ASN), po otrzymaniu pozytywnej decyzji dotycz\u0105cej zakresu form wsparcia przedstawia osob\u0119, kt\u00f3ra b\u0119dzie asystentem.<\/p>\n<p>Ze wskazanym przez studenta ASN podpisana zostaje umowa cywilnoprawna. ASN jest zobowi\u0105zany do prowadzenia karty godzin pracy, kt\u00f3r\u0105 potwierdzaj\u0105 pracownicy uczelni. Na podstawie kart nast\u0119puje rozliczenie, zgodnie z zasadami obowi\u0105zuj\u0105cymi w U\u015a.<\/p>\n<p>Zakres zada\u0144 asystenta studenta z niepe\u0142nosprawno\u015bci\u0105 jest okre\u015blany indywidualnie, zale\u017cnie od potrzeb i mo\u017cliwo\u015bci studenta, kt\u00f3ry korzysta z tej formy wsparcia. Do najcz\u0119stszych zada\u0144 realizowanych przez asystent\u00f3w nale\u017cy wsparcie w zakresie:<\/p>\n<ul>\n<li>dojazdu na uczelni\u0119 i z powrotem,<\/li>\n<li>poruszania si\u0119 po uczelni,<\/li>\n<li>sporz\u0105dzania notatek,<\/li>\n<li>studenckich spraw organizacyjnych.<\/li>\n<\/ul>\n<p>ASN w ramach umowy nie wykonuje nast\u0119puj\u0105cych czynno\u015bci:<\/p>\n<ul>\n<li>nie bierze czynnego i\u00a0aktywnego udzia\u0142u w zaj\u0119ciach (chyba \u017ce jest studentem w tej grupie),<\/li>\n<li>nie uczy studenta (nie udziela korepetycji),<\/li>\n<li>nie odpowiada za studenta w kontakcie bezpo\u015brednim (szczeg\u00f3lnie podczas zalicze\u0144 i\u00a0egzamin\u00f3w).<\/li>\n<\/ul>\n<p>ASN, jak sama nazwa wskazuje, asystuje i wspiera studenta w wykonywaniu tych czynno\u015bci, z kt\u00f3rymi student ma trudno\u015b\u0107. Nie wyr\u0119cza go, nie wykorzystuje jego sytuacji dla swoich cel\u00f3w, ale dok\u0142ada wszelkich stara\u0144, by osoba z niepe\u0142nosprawno\u015bci\u0105 by\u0142a mo\u017cliwie jak najbardziej samodzielna, ale nie pozbawiona potrzebnej pomocy.<\/p>\n<p>We wszelkich sprawach dotycz\u0105cych asystent\u00f3w student\u00f3w z niepe\u0142nosprawno\u015bciami nale\u017cy si\u0119 zg\u0142asza\u0107 do Centrum Obs\u0142ugi Student\u00f3w, pisz\u0105c na adres: <a href=\"mailto:ids@us.edu.pl\">ids@us.edu.pl<\/a>.<\/p>\n<\/div>\r\n                    <\/div>\r\n                <\/div>[\/vc_column][\/vc_row][vc_row el_class=&#8221;container&#8221;][vc_column el_class=&#8221;container&#8221;][vc_empty_space height=&#8221;64px&#8221;][\/vc_column][\/vc_row]<\/p>","protected":false},"excerpt":{"rendered":"<p>[vc_row el_class=&#8221;container&#8221;][vc_column el_class=&#8221;container&#8221;][\/vc_column][\/vc_row][vc_row el_class=&#8221;container&#8221;][vc_column el_class=&#8221;container&#8221;][vc_empty_space height=&#8221;64px&#8221;][\/vc_column][\/vc_row] [&#8230;]<\/p>\n<p><a class=\"btn btn-secondary understrap-read-more-link\" href=\"https:\/\/us.edu.pl\/student\/wsparcie-i-fundusze\/dostosowanie-do-specjalnych-potrzeb\/asystent\/\">Read More&#8230;<\/a><\/p>\n","protected":false},"author":1,"featured_media":0,"parent":9188,"menu_order":0,"comment_status":"closed","ping_status":"closed","template":"page-templates\/page-with-sidebar.php","meta":{"_expiration-date-status":"","_expiration-date":0,"_expiration-date-type":"","_expiration-date-categories":[],"_expiration-date-options":[]},"acf":[],"_links":{"self":[{"href":"https:\/\/us.edu.pl\/student\/wp-json\/wp\/v2\/pages\/10172"}],"collection":[{"href":"https:\/\/us.edu.pl\/student\/wp-json\/wp\/v2\/pages"}],"about":[{"href":"https:\/\/us.edu.pl\/student\/wp-json\/wp\/v2\/types\/page"}],"author":[{"embeddable":true,"href":"https:\/\/us.edu.pl\/student\/wp-json\/wp\/v2\/users\/1"}],"replies":[{"embeddable":true,"href":"https:\/\/us.edu.pl\/student\/wp-json\/wp\/v2\/comments?post=10172"}],"version-history":[{"count":2,"href":"https:\/\/us.edu.pl\/student\/wp-json\/wp\/v2\/pages\/10172\/revisions"}],"predecessor-version":[{"id":36098,"href":"https:\/\/us.edu.pl\/student\/wp-json\/wp\/v2\/pages\/10172\/revisions\/36098"}],"up":[{"embeddable":true,"href":"https:\/\/us.edu.pl\/student\/wp-json\/wp\/v2\/pages\/9188"}],"wp:attachment":[{"href":"https:\/\/us.edu.pl\/student\/wp-json\/wp\/v2\/media?parent=10172"}],"curies":[{"name":"wp","href":"https:\/\/api.w.org\/{rel}","templated":true}]}}