{"id":10219,"date":"2019-10-23T10:15:49","date_gmt":"2019-10-23T08:15:49","guid":{"rendered":"https:\/\/us.edu.pl\/student\/?page_id=10219"},"modified":"2022-06-29T08:33:52","modified_gmt":"2022-06-29T06:33:52","slug":"sprzet-specjalistyczny","status":"publish","type":"page","link":"https:\/\/us.edu.pl\/student\/wsparcie-i-fundusze\/dostosowanie-do-specjalnych-potrzeb\/sprzet-specjalistyczny\/","title":{"rendered":"Sprz\u0119t specjalistyczny"},"content":{"rendered":"<p>[vc_row el_class=&#8221;container&#8221;][vc_column el_class=&#8221;container&#8221;]\r\n                <div class=\"text-modules\">\r\n                    <div class=\"container\">\r\n                        <h3 class=\"page-title text__title\">Sprz\u0119t specjalistyczny<\/h3>\r\n                        <div class=\"text-modules__content\"><p>Studenci i doktoranci z niepe\u0142nosprawno\u015bciami maj\u0105 mo\u017cliwo\u015b\u0107 bezp\u0142atnego wypo\u017cyczenia sprz\u0119tu specjalistycznego wspieraj\u0105cego kszta\u0142cenie.<\/p>\n<p>Centrum Obs\u0142ugi Student\u00f3w dysponuje nast\u0119puj\u0105cym sprz\u0119tem:<\/p>\n<ul>\n<li>notebooki,<\/li>\n<li>dyktafony,<\/li>\n<li>systemy FM,<\/li>\n<li>lupy elektroniczne,<\/li>\n<li>zestawy ksi\u0105\u017cki m\u00f3wionej,<\/li>\n<li>specjalistyczne klawiatury.<\/li>\n<\/ul>\n<p>Aby skorzysta\u0107 z mo\u017cliwo\u015bci u\u017cyczenia sprz\u0119tu, nale\u017cy skontaktowa\u0107 si\u0119 z Centrum Obs\u0142ugi Student\u00f3w: <a href=\"mailto:ids@us.edu.pl\">ids@us.edu.pl<\/a>. Student\/doktorant, kt\u00f3ry wypo\u017cycza sprz\u0119t, podpisuje umow\u0119 u\u017cyczenia na semestr z mo\u017cliwo\u015bci\u0105 przed\u0142u\u017cenia umowy. W przypadku przed\u0142u\u017cenia umowy konieczne jest okazanie sprz\u0119tu w celu kontroli poprawno\u015bci dzia\u0142ania.<\/p>\n<\/div>\r\n                    <\/div>\r\n                <\/div>[\/vc_column][\/vc_row][vc_row el_class=&#8221;container&#8221;][vc_column el_class=&#8221;container&#8221;][vc_empty_space height=&#8221;64px&#8221;][\/vc_column][\/vc_row]<\/p>","protected":false},"excerpt":{"rendered":"<p>[vc_row el_class=&#8221;container&#8221;][vc_column el_class=&#8221;container&#8221;][\/vc_column][\/vc_row][vc_row el_class=&#8221;container&#8221;][vc_column el_class=&#8221;container&#8221;][vc_empty_space height=&#8221;64px&#8221;][\/vc_column][\/vc_row] [&#8230;]<\/p>\n<p><a class=\"btn btn-secondary understrap-read-more-link\" href=\"https:\/\/us.edu.pl\/student\/wsparcie-i-fundusze\/dostosowanie-do-specjalnych-potrzeb\/sprzet-specjalistyczny\/\">Read More&#8230;<\/a><\/p>\n","protected":false},"author":1,"featured_media":0,"parent":9188,"menu_order":3,"comment_status":"closed","ping_status":"closed","template":"","meta":{"_expiration-date-status":"","_expiration-date":0,"_expiration-date-type":"","_expiration-date-categories":[],"_expiration-date-options":[]},"acf":[],"_links":{"self":[{"href":"https:\/\/us.edu.pl\/student\/wp-json\/wp\/v2\/pages\/10219"}],"collection":[{"href":"https:\/\/us.edu.pl\/student\/wp-json\/wp\/v2\/pages"}],"about":[{"href":"https:\/\/us.edu.pl\/student\/wp-json\/wp\/v2\/types\/page"}],"author":[{"embeddable":true,"href":"https:\/\/us.edu.pl\/student\/wp-json\/wp\/v2\/users\/1"}],"replies":[{"embeddable":true,"href":"https:\/\/us.edu.pl\/student\/wp-json\/wp\/v2\/comments?post=10219"}],"version-history":[{"count":1,"href":"https:\/\/us.edu.pl\/student\/wp-json\/wp\/v2\/pages\/10219\/revisions"}],"predecessor-version":[{"id":36103,"href":"https:\/\/us.edu.pl\/student\/wp-json\/wp\/v2\/pages\/10219\/revisions\/36103"}],"up":[{"embeddable":true,"href":"https:\/\/us.edu.pl\/student\/wp-json\/wp\/v2\/pages\/9188"}],"wp:attachment":[{"href":"https:\/\/us.edu.pl\/student\/wp-json\/wp\/v2\/media?parent=10219"}],"curies":[{"name":"wp","href":"https:\/\/api.w.org\/{rel}","templated":true}]}}