{"id":10230,"date":"2019-10-23T10:17:04","date_gmt":"2019-10-23T08:17:04","guid":{"rendered":"https:\/\/us.edu.pl\/student\/?page_id=10230"},"modified":"2020-06-22T19:15:11","modified_gmt":"2020-06-22T17:15:11","slug":"wyjazdy-erasmus","status":"publish","type":"page","link":"https:\/\/us.edu.pl\/student\/wsparcie-i-fundusze\/dostosowanie-do-specjalnych-potrzeb\/wyjazdy-erasmus\/","title":{"rendered":"Wyjazdy Erasmus"},"content":{"rendered":"<p>[vc_row el_class=&#8221;container&#8221;][vc_column el_class=&#8221;container&#8221;]\r\n                <div class=\"text-modules\">\r\n                    <div class=\"container\">\r\n                        <h3 class=\"page-title text__title\">Wyjazdy Erasmus+<\/h3>\r\n                        <div class=\"text-modules__content\"><p>Studenci wyje\u017cd\u017caj\u0105cy za granic\u0119 w ramach programu Erasmus+ mog\u0105 otrzyma\u0107 grant, kt\u00f3rego wysoko\u015b\u0107 zostanie podniesiona, z uwagi na specjalne potrzeby zdrowotne studenta, o kwot\u0119 dodatkowych, specjalnych koszt\u00f3w wynikaj\u0105cych ze wspomnianych, specjalnych potrzeb zdrowotnych. Dodatkowe koszty musz\u0105 zosta\u0107 zaakceptowane przez Narodow\u0105 Agencj\u0119 Programu Erasmus+.<\/p>\n<p>Student ubiega si\u0119 o dodatkowe dofinansowanie z tytu\u0142u specjalnych potrzeb zdrowotnych, sk\u0142adaj\u0105c odpowiedni wniosek do Narodowej Agencji Programu Erasmus+ za po\u015brednictwem uczelni, zgodnie z procedur\u0105 oraz zasadami wnioskowania i przyznawania dofinansowania przyj\u0119tymi przez Narodow\u0105 Agencj\u0119 Programu Erasmus+.<\/p>\n<p>W przypadku dodatkowych koszt\u00f3w wynikaj\u0105cych ze specjalnych potrzeb zdrowotnych dofinansowanie dotyczy koszt\u00f3w rzeczywistych i rozliczane b\u0119dzie wy\u0142\u0105cznie na podstawie dowod\u00f3w finansowych (ksi\u0119gowych).<\/p>\n<p>Szczeg\u00f3\u0142owych informacji udzielaj\u0105 pracownicy Biura Programu Erasmus+ (<a href=\"mailto:erasmus@us.edu.pl\">erasmus@us.edu.pl<\/a>).<\/p>\n<\/div>\r\n                    <\/div>\r\n                <\/div>[\/vc_column][\/vc_row][vc_row el_class=&#8221;container&#8221;][vc_column el_class=&#8221;container&#8221;][vc_empty_space height=&#8221;64px&#8221;][\/vc_column][\/vc_row]<\/p>","protected":false},"excerpt":{"rendered":"<p>[vc_row el_class=&#8221;container&#8221;][vc_column el_class=&#8221;container&#8221;][\/vc_column][\/vc_row][vc_row el_class=&#8221;container&#8221;][vc_column el_class=&#8221;container&#8221;][vc_empty_space height=&#8221;64px&#8221;][\/vc_column][\/vc_row] [&#8230;]<\/p>\n<p><a class=\"btn btn-secondary understrap-read-more-link\" href=\"https:\/\/us.edu.pl\/student\/wsparcie-i-fundusze\/dostosowanie-do-specjalnych-potrzeb\/wyjazdy-erasmus\/\">Read More&#8230;<\/a><\/p>\n","protected":false},"author":1,"featured_media":0,"parent":9188,"menu_order":5,"comment_status":"closed","ping_status":"closed","template":"","meta":{"_expiration-date-status":"saved","_expiration-date":0,"_expiration-date-type":"","_expiration-date-categories":[],"_expiration-date-options":[]},"acf":[],"_links":{"self":[{"href":"https:\/\/us.edu.pl\/student\/wp-json\/wp\/v2\/pages\/10230"}],"collection":[{"href":"https:\/\/us.edu.pl\/student\/wp-json\/wp\/v2\/pages"}],"about":[{"href":"https:\/\/us.edu.pl\/student\/wp-json\/wp\/v2\/types\/page"}],"author":[{"embeddable":true,"href":"https:\/\/us.edu.pl\/student\/wp-json\/wp\/v2\/users\/1"}],"replies":[{"embeddable":true,"href":"https:\/\/us.edu.pl\/student\/wp-json\/wp\/v2\/comments?post=10230"}],"version-history":[{"count":0,"href":"https:\/\/us.edu.pl\/student\/wp-json\/wp\/v2\/pages\/10230\/revisions"}],"up":[{"embeddable":true,"href":"https:\/\/us.edu.pl\/student\/wp-json\/wp\/v2\/pages\/9188"}],"wp:attachment":[{"href":"https:\/\/us.edu.pl\/student\/wp-json\/wp\/v2\/media?parent=10230"}],"curies":[{"name":"wp","href":"https:\/\/api.w.org\/{rel}","templated":true}]}}