{"id":10245,"date":"2019-10-23T10:19:29","date_gmt":"2019-10-23T08:19:29","guid":{"rendered":"https:\/\/us.edu.pl\/student\/?page_id=10245"},"modified":"2026-03-05T11:59:36","modified_gmt":"2026-03-05T10:59:36","slug":"kontakt-w-sprawie-dostepnosci","status":"publish","type":"page","link":"https:\/\/us.edu.pl\/student\/wsparcie-i-fundusze\/dostosowanie-do-specjalnych-potrzeb\/kontakt-w-sprawie-dostepnosci\/","title":{"rendered":"Kontakt w sprawie dost\u0119pno\u015bci"},"content":{"rendered":"<p>[vc_row el_class=&#8221;container&#8221;][vc_column el_class=&#8221;container&#8221;]\r\n                <div class=\"text-modules\">\r\n                    <div class=\"container\">\r\n                        <h3 class=\"page-title text__title\">Kontakt w sprawie dost\u0119pno\u015bci<\/h3>\r\n                        <div class=\"text-modules__content\"><p>Centrum ds. Os\u00f3b Studiuj\u0105cych w zakresie wsparcia student\u00f3w i doktorant\u00f3w z niepe\u0142nosprawno\u015bciami zajmuje si\u0119:<\/p>\n<ul>\n<li>wyznaczaniem standard\u00f3w obs\u0142ugi i wsparcia student\u00f3w na ca\u0142ej uczelni, w\u00a0szczeg\u00f3lno\u015bci dla administracji wydzia\u0142owej;<\/li>\n<li>inicjowaniem oraz nadzorem merytorycznym us\u0142ug wsparcia dla student\u00f3w i\u00a0doktorant\u00f3w z niepe\u0142nosprawno\u015bciami w zakresie przyjmowania na studia, realizacji procesu kszta\u0142cenia oraz wsparcia rozwoju naukowego (we wsp\u00f3\u0142pracy z innymi jednostkami Uniwersytetu odpowiedzialnymi za rekrutacj\u0119, kszta\u0142cenie i nauk\u0119);<\/li>\n<li>inicjowaniem oraz nadzorem merytorycznym nad zadaniami zwi\u0105zanymi z dostosowaniem warunk\u00f3w rekrutacji, kszta\u0142cenia i rozwoju naukowego do specjalnych potrzeb student\u00f3w i doktorant\u00f3w, szczeg\u00f3lnie indywidualnym dostosowaniem studi\u00f3w (IDS);<\/li>\n<li>inicjowaniem oraz konsultacj\u0105 zada\u0144 zwi\u0105zanych z likwidowaniem barier architektonicznych;<\/li>\n<li>realizacj\u0105 us\u0142ug wsparcia psychologicznego oraz psychiatrycznego dla student\u00f3w, konsultowaniem trudnych sytuacji dydaktycznych z pracownikami oraz prowadzeniem dzia\u0142a\u0144 profilaktycznych w zakresie ochrony zdrowia psychicznego student\u00f3w, doktorant\u00f3w i\u00a0pracownik\u00f3w Uniwersytetu.<\/li>\n<\/ul>\n<p>Osoby, kt\u00f3re chc\u0105 si\u0119 skontaktowa\u0107 z Centrum ds. Os\u00f3b Studiuj\u0105cych, mog\u0105 to zrobi\u0107 osobi\u015bcie, zadzwoni\u0107 lub napisa\u0107 e-mail:<\/p>\n<ul>\n<li>Studencka Strefa Aktywno\u015bci w rektoracie (Katowice, ul. Bankowa 12, parter, korytarz z prawej strony);<\/li>\n<li>e-mail w sprawach zwi\u0105zanych z dostosowaniem studi\u00f3w: <a href=\"mailto:duo@us.edu.pl\">duo@us.edu.pl<\/a>;<\/li>\n<li>telefony: 32 359 1998.<\/li>\n<\/ul>\n<p>Dodatkowo na ka\u017cdym wydziale powo\u0142ani zostali <a href=\"https:\/\/us.edu.pl\/student\/koordynatorzy-dostepnosci\/\">wydzia\u0142owi koordynatorzy ds. dostosowania studi\u00f3w, oraz wydzia\u0142owi koordynatorzy ds. organizacyjnego wsparcia OZN\/OSP,<\/a> kt\u00f3rzy wspieraj\u0105 student\u00f3w bezpo\u015brednio na wydzia\u0142ach i po\u015brednicz\u0105 w kontakcie mi\u0119dzy studentami i pracownikami wydzia\u0142u oraz pracownikami Centrum Obs\u0142ugi Student\u00f3w, odpowiedzialnymi za organizacj\u0119 wsparcia student\u00f3w i doktorant\u00f3w z niepe\u0142nosprawno\u015bciami.<\/p>\n<\/div>\r\n                    <\/div>\r\n                <\/div>[\/vc_column][\/vc_row][vc_row el_class=&#8221;container&#8221;][vc_column el_class=&#8221;container&#8221;][vc_empty_space height=&#8221;64px&#8221;][\/vc_column][\/vc_row]<\/p>","protected":false},"excerpt":{"rendered":"<p>[vc_row el_class=&#8221;container&#8221;][vc_column el_class=&#8221;container&#8221;][\/vc_column][\/vc_row][vc_row el_class=&#8221;container&#8221;][vc_column el_class=&#8221;container&#8221;][vc_empty_space height=&#8221;64px&#8221;][\/vc_column][\/vc_row] [&#8230;]<\/p>\n<p><a class=\"btn btn-secondary understrap-read-more-link\" href=\"https:\/\/us.edu.pl\/student\/wsparcie-i-fundusze\/dostosowanie-do-specjalnych-potrzeb\/kontakt-w-sprawie-dostepnosci\/\">Read More&#8230;<\/a><\/p>\n","protected":false},"author":1,"featured_media":0,"parent":9188,"menu_order":8,"comment_status":"closed","ping_status":"closed","template":"","meta":{"_expiration-date-status":"","_expiration-date":0,"_expiration-date-type":"","_expiration-date-categories":[],"_expiration-date-options":[]},"acf":[],"_links":{"self":[{"href":"https:\/\/us.edu.pl\/student\/wp-json\/wp\/v2\/pages\/10245"}],"collection":[{"href":"https:\/\/us.edu.pl\/student\/wp-json\/wp\/v2\/pages"}],"about":[{"href":"https:\/\/us.edu.pl\/student\/wp-json\/wp\/v2\/types\/page"}],"author":[{"embeddable":true,"href":"https:\/\/us.edu.pl\/student\/wp-json\/wp\/v2\/users\/1"}],"replies":[{"embeddable":true,"href":"https:\/\/us.edu.pl\/student\/wp-json\/wp\/v2\/comments?post=10245"}],"version-history":[{"count":10,"href":"https:\/\/us.edu.pl\/student\/wp-json\/wp\/v2\/pages\/10245\/revisions"}],"predecessor-version":[{"id":60882,"href":"https:\/\/us.edu.pl\/student\/wp-json\/wp\/v2\/pages\/10245\/revisions\/60882"}],"up":[{"embeddable":true,"href":"https:\/\/us.edu.pl\/student\/wp-json\/wp\/v2\/pages\/9188"}],"wp:attachment":[{"href":"https:\/\/us.edu.pl\/student\/wp-json\/wp\/v2\/media?parent=10245"}],"curies":[{"name":"wp","href":"https:\/\/api.w.org\/{rel}","templated":true}]}}