{"id":11051,"date":"2019-10-25T10:29:04","date_gmt":"2019-10-25T08:29:04","guid":{"rendered":"https:\/\/us.edu.pl\/student\/?page_id=11051"},"modified":"2021-09-28T13:38:05","modified_gmt":"2021-09-28T11:38:05","slug":"organizacja-roku-akademickiego","status":"publish","type":"page","link":"https:\/\/us.edu.pl\/student\/studia\/organizacja-roku-akademickiego\/","title":{"rendered":"Organizacja roku akademickiego"},"content":{"rendered":"<p>[vc_row el_class=&#8221;container&#8221;][vc_column el_class=&#8221;container&#8221;]\r\n                <div class=\"text-modules\">\r\n                    <div class=\"container\">\r\n                        <h3 class=\"page-title text__title\">Organizacja roku akademickiego<\/h3>\r\n                        <div class=\"text-modules__content\"><p>Na rok akademicki, kt\u00f3ry rozpoczyna si\u0119 uroczyst\u0105 inauguracj\u0105 na pocz\u0105tku pa\u017adziernika, a ko\u0144czy\u00a0 ostatniego dnia wrze\u015bnia, sk\u0142adaj\u0105 si\u0119 dwa semestry \u2013 zimowy i letni. W ramach roku akademickiego mieszcz\u0105 si\u0119: okresy zaj\u0119\u0107 dydaktycznych, sesje egzaminacyjne (w tym sesje poprawkowe), przerwa mi\u0119dzysemestralna, przerwy wakacyjne (w tym wakacje letnie z okresem praktyk zawodowych) i ewentualne dodatkowe dni wolne od zaj\u0119\u0107, tzw. dni rektorskie b\u0105d\u017a dzieka\u0144skie. Szczeg\u00f3\u0142owy rozk\u0142ad roku akademickiego reguluj\u0105 zarz\u0105dzenia rektora.<\/p>\n<p><a href=\"https:\/\/us.edu.pl\/organizacja-roku-akademickiego\/\"><strong>Organizacja roku akademickiego.<\/strong><\/a><\/p>\n<\/div>\r\n                    <\/div>\r\n                <\/div>[\/vc_column][\/vc_row]<\/p>","protected":false},"excerpt":{"rendered":"<p>[vc_row el_class=&#8221;container&#8221;][vc_column el_class=&#8221;container&#8221;][\/vc_column][\/vc_row] [&#8230;]<\/p>\n<p><a class=\"btn btn-secondary understrap-read-more-link\" href=\"https:\/\/us.edu.pl\/student\/studia\/organizacja-roku-akademickiego\/\">Read More&#8230;<\/a><\/p>\n","protected":false},"author":1,"featured_media":0,"parent":6306,"menu_order":0,"comment_status":"closed","ping_status":"closed","template":"page-templates\/inner-page.php","meta":{"_expiration-date-status":"saved","_expiration-date":0,"_expiration-date-type":"","_expiration-date-categories":[],"_expiration-date-options":[]},"acf":[],"_links":{"self":[{"href":"https:\/\/us.edu.pl\/student\/wp-json\/wp\/v2\/pages\/11051"}],"collection":[{"href":"https:\/\/us.edu.pl\/student\/wp-json\/wp\/v2\/pages"}],"about":[{"href":"https:\/\/us.edu.pl\/student\/wp-json\/wp\/v2\/types\/page"}],"author":[{"embeddable":true,"href":"https:\/\/us.edu.pl\/student\/wp-json\/wp\/v2\/users\/1"}],"replies":[{"embeddable":true,"href":"https:\/\/us.edu.pl\/student\/wp-json\/wp\/v2\/comments?post=11051"}],"version-history":[{"count":0,"href":"https:\/\/us.edu.pl\/student\/wp-json\/wp\/v2\/pages\/11051\/revisions"}],"up":[{"embeddable":true,"href":"https:\/\/us.edu.pl\/student\/wp-json\/wp\/v2\/pages\/6306"}],"wp:attachment":[{"href":"https:\/\/us.edu.pl\/student\/wp-json\/wp\/v2\/media?parent=11051"}],"curies":[{"name":"wp","href":"https:\/\/api.w.org\/{rel}","templated":true}]}}