{"id":11067,"date":"2019-10-25T10:34:11","date_gmt":"2019-10-25T08:34:11","guid":{"rendered":"https:\/\/us.edu.pl\/student\/?page_id=11067"},"modified":"2026-02-03T13:10:04","modified_gmt":"2026-02-03T12:10:04","slug":"prawa-i-obowiazki","status":"publish","type":"page","link":"https:\/\/us.edu.pl\/student\/studia\/prawa-i-obowiazki\/","title":{"rendered":"Prawa i obowi\u0105zki"},"content":{"rendered":"<p>[vc_row el_class=&#8221;container&#8221;][vc_column el_class=&#8221;container&#8221;]\r\n                <div class=\"text-modules\">\r\n                    <div class=\"container\">\r\n                        <h3 class=\"page-title text__title\">Prawa i obowi\u0105zki<\/h3>\r\n                        <div class=\"text-modules__content\"><p><span style=\"font-weight: 400;\">Jak uczy staro\u017cytna maksyma \u2013 nieznajomo\u015b\u0107 prawa szkodzi. Obowi\u0105zki i prawa studenta zosta\u0142y okre\u015blone w\u00a0<\/span><a href=\"https:\/\/aktyprawne.us.edu.pl\/d\/7262\/5\/\"><b>Regulaminie studi\u00f3w<\/b><\/a><span style=\"font-weight: 400;\"> oraz umowie z uczelni\u0105 (tylko w przypadku student\u00f3w z nabor\u00f3w wcze\u015bniejszych ni\u017c na rok akademicki 2019\/2020). Teksty najwa\u017cniejszych przepis\u00f3w znajduj\u0105 si\u0119 na stronie internetowej w <\/span><a href=\"https:\/\/us.edu.pl\/student\/studia\/najwazniejsze-akty-prawne\/\"><span style=\"font-weight: 400;\">dziale dla student\u00f3w<\/span><\/a><span style=\"font-weight: 400;\">. Tam mo\u017cesz zapozna\u0107 si\u0119 m.in. z\u00a0<\/span><a href=\"https:\/\/isap.sejm.gov.pl\/isap.nsf\/download.xsp\/WDU20180001668\/U\/D20181668Lj.pdf\" class=\"mtli_attachment mtli_pdf\" class=\"mtli_attachment mtli_pdf\"><b>ustaw\u0105 \u2013 Prawo o szkolnictwie wy\u017cszym i nauce<\/b><\/a> <span style=\"font-weight: 400;\">oraz <\/span><a href=\"https:\/\/aktyprawne.us.edu.pl\/d\/4952\/5\/\"><b>Statutem Uniwersytetu \u015al\u0105skiego<\/b><\/a>.<\/p>\n<p><span style=\"font-weight: 400;\">Ponadto na Uniwersytecie \u015al\u0105skim mo\u017cna skorzysta\u0107 ze wsparcia prawnego w co najmniej trzech jednostkach uczelni. S\u0105 to:<\/span><\/p>\n<p><b>Rzecznik Praw Studenta i Doktoranta<\/b> \u2013 <span style=\"font-weight: 400;\">zosta\u0142 powo\u0142any do udzielania bezpo\u015bredniej pomocy studentom, doktorantom i s\u0142uchaczom U\u015a w zakresie obowi\u0105zuj\u0105cych ich przepis\u00f3w. Do Rzecznika mo\u017cesz<\/span> <span style=\"font-weight: 400;\">zg\u0142osi\u0107 si\u0119, je\u015bli masz jakiekolwiek problemy zwi\u0105zane z regulaminem studi\u00f3w, zaliczeniem sesji czy otrzymaniem pomocy materialnej lub te\u017c uwa\u017casz, \u017ce Twoje prawa na uczelni s\u0105 naruszane.<br \/>\nWi\u0119cej informacji: <a href=\"https:\/\/us.edu.pl\/ksztalcenie\/rpsid\/\">https:\/\/us.edu.pl\/ksztalcenie\/rpsid\/<\/a><\/span><\/p>\n<p><b>Studencka Poradnia Prawna<\/b><span style=\"font-weight: 400;\"> \u2013 organizacja zrzeszaj\u0105ca student\u00f3w prawa, dla kt\u00f3rych prawo to nie tylko zbi\u00f3r ustaw i kodeks\u00f3w, lecz przede wszystkim ludzie i ich konkretne problemy. Poradnia ma status ko\u0142a naukowego, dzia\u0142aj\u0105cego na Wydziale Prawa i Administracji. Udziela bezp\u0142atnej pomocy prawnej osobom niezamo\u017cnym, a tak\u017ce niedochodowym organizacjom spo\u0142ecznym. Porada prawna udzielana jest po uprzednim uzgodnieniu jej tre\u015bci z opiekunem naukowym Poradni.<br \/>\n<\/span><span style=\"font-weight: 400;\">Wszystkie niezb\u0119dne informacje o dzia\u0142alno\u015bci Poradni znajdziesz na stronach <\/span><a href=\"https:\/\/us.edu.pl\/wydzial\/wpia\/student\/dzialalnosc-studencka\/poradnia-prawna\/\"><b>spp.us.edu.pl<\/b><\/a>\u00a0<span style=\"font-weight: 400;\">oraz <\/span><a href=\"https:\/\/www.facebook.com\/spp.us\"><b>facebook.com\/spp.us<\/b><\/a><span style=\"font-weight: 400;\">.<\/span><\/p>\n<p><b>Centrum ds. Os\u00f3b Studiuj\u0105cych<\/b><span style=\"font-weight: 400;\"> \u2013 zadaniem Centrum jest integracja dzia\u0142a\u0144 na rzecz student\u00f3w i doktorant\u00f3w, takich jak: przyznawanie stypendi\u00f3w, zakwaterowanie w akademikach, ubezpieczenia, sprawy k\u00f3\u0142 naukowych, wsparcie psychologiczne. Je\u015bli w kt\u00f3rym\u015b z wymienionych obszar\u00f3w potrzebujesz pomocy, a sprawa wykracza poza kompetencje dziekanatu \u2013 skieruj si\u0119 do COS, kt\u00f3re mie\u015bci si\u0119 w <\/span><a href=\"https:\/\/pl-pl.facebook.com\/studenckastrefaaktywnosci\/\"><b>Studenckiej Strefie Aktywno\u015bci<\/b><\/a><span style=\"font-weight: 400;\"> na parterze Rektoratu. Tutaj otrzymasz odpowiedzi na wi\u0119kszo\u015b\u0107 pyta\u0144 zwi\u0105zanych ze studiami oraz pomoc w rozwi\u0105zaniu ewentualnych problem\u00f3w.<\/span><\/p>\n<\/div>\r\n                    <\/div>\r\n                <\/div>[\/vc_column][\/vc_row][vc_row][vc_column]\r\n                <div class=\"tiles-section\" style=\"background: \">\r\n                    <div class=\"container\">\r\n                        <h3 class=\"page-title\"><\/h3>\r\n                        <div class=\"tiles tiles-2\">\r\n                            <a href=\"https:\/\/us.edu.pl\/student\/studia\/najwazniejsze-akty-prawne\/\" class=\"tile tile_ justify-content-center\" style=\"background-color: #002E5A; font-weight: ; color: #ffffff;  \">\r\n                                \r\n                                   \r\n                               \r\n                                <div class=\"tile__name\">Najwa\u017cniejsze akty prawne <\/div>\r\n                            <\/a>\r\n                            <a href=\"https:\/\/us.edu.pl\/student\/studia\/odpowiedzialnosc-dyscyplinarna\/\" class=\"tile tile_ justify-content-center\" style=\"background-color: #002E5A; font-weight: ; color: #ffffff;  \">\r\n                                \r\n                                   \r\n                               \r\n                                <div class=\"tile__name\">Odpowiedzialno\u015b\u0107 dyscyplinarna<\/div>\r\n                            <\/a><\/div>\r\n                    <\/div>\r\n                <\/div>[\/vc_column][\/vc_row]<\/p>\n<style type=\"text\/css\">a[data-mtli~=\"mtli_filesize36,44kB\"]:after {content:\" (36,44 kB)\"}<\/style>","protected":false},"excerpt":{"rendered":"<p>[vc_row el_class=&#8221;container&#8221;][vc_column el_class=&#8221;container&#8221;][\/vc_column][\/vc_row][vc_row][vc_column][\/vc_column][\/vc_row] [&#8230;]<\/p>\n<p><a class=\"btn btn-secondary understrap-read-more-link\" href=\"https:\/\/us.edu.pl\/student\/studia\/prawa-i-obowiazki\/\">Read More&#8230;<\/a><\/p>\n","protected":false},"author":1,"featured_media":0,"parent":6306,"menu_order":0,"comment_status":"closed","ping_status":"closed","template":"","meta":{"_expiration-date-status":"","_expiration-date":0,"_expiration-date-type":"","_expiration-date-categories":[],"_expiration-date-options":[]},"acf":[],"_links":{"self":[{"href":"https:\/\/us.edu.pl\/student\/wp-json\/wp\/v2\/pages\/11067"}],"collection":[{"href":"https:\/\/us.edu.pl\/student\/wp-json\/wp\/v2\/pages"}],"about":[{"href":"https:\/\/us.edu.pl\/student\/wp-json\/wp\/v2\/types\/page"}],"author":[{"embeddable":true,"href":"https:\/\/us.edu.pl\/student\/wp-json\/wp\/v2\/users\/1"}],"replies":[{"embeddable":true,"href":"https:\/\/us.edu.pl\/student\/wp-json\/wp\/v2\/comments?post=11067"}],"version-history":[{"count":9,"href":"https:\/\/us.edu.pl\/student\/wp-json\/wp\/v2\/pages\/11067\/revisions"}],"predecessor-version":[{"id":60592,"href":"https:\/\/us.edu.pl\/student\/wp-json\/wp\/v2\/pages\/11067\/revisions\/60592"}],"up":[{"embeddable":true,"href":"https:\/\/us.edu.pl\/student\/wp-json\/wp\/v2\/pages\/6306"}],"wp:attachment":[{"href":"https:\/\/us.edu.pl\/student\/wp-json\/wp\/v2\/media?parent=11067"}],"curies":[{"name":"wp","href":"https:\/\/api.w.org\/{rel}","templated":true}]}}