{"id":12005,"date":"2019-10-31T04:56:59","date_gmt":"2019-10-31T03:56:59","guid":{"rendered":"https:\/\/us.edu.pl\/student\/?page_id=12005"},"modified":"2022-06-30T10:49:47","modified_gmt":"2022-06-30T08:49:47","slug":"osiagniecia-studentow-w-roku","status":"publish","type":"page","link":"https:\/\/us.edu.pl\/student\/dzialalnosc-naukowa\/dzialalnosc-naukowa-osiagniecia-naukowe\/osiagniecia-studentow-w-roku\/","title":{"rendered":"Osi\u0105gni\u0119cia naukowe"},"content":{"rendered":"<p>[vc_row][vc_column]\r\n                <div class=\"text-modules\">\r\n                    <div class=\"container\">\r\n                        <h3 class=\"page-title text__title\">Osi\u0105gni\u0119cia student\u00f3w w roku 2022<\/h3>\r\n                        <div class=\"text-modules__content\"><p><strong>Izabela Ho\u0142y\u015b, Dominika Tuzimek, Monika Woszczyna<\/strong> &#8211; minigrant Fundacji im. Anny Pasek<br \/>\n<a href=\"https:\/\/zoo-geocaching-annapasek.hub.arcgis.com\/\">https:\/\/zoo-geocaching-annapasek.hub.arcgis.com\/<\/a><\/p>\n<p><strong>Stypendy\u015bci Ministra Edukacji i Nauki<\/strong><br \/>\n<a href=\"https:\/\/us.edu.pl\/stypendia-ministra-edukacji-i-nauki-dla-studentow-us\/\"><span style=\"font-size: 11pt;\">https:\/\/us.edu.pl\/stypendia-ministra-edukacji-i-nauki-dla-studentow-us<\/span><\/a><\/p>\n<p>\n<\/div>\r\n                    <\/div>\r\n                <\/div>\r\n                <div class=\"text-modules\">\r\n                    <div class=\"container\">\r\n                        <h3 class=\"page-title text__title\">Osi\u0105gni\u0119cia student\u00f3w w roku 2021<\/h3>\r\n                        <div class=\"text-modules__content\"><p><strong>Violetta Bayeva \u2013\u00a0<\/strong>stypendium presti\u017cowego programu Intela i Perspektyw \u201eNowe technologie dla dziewczyn\u201d;<br \/>\n<a href=\"https:\/\/us.edu.pl\/wydzial\/wnst\/2021\/10\/19\/studentka-informatyki-laureatka-stypendium-prestizowego-programu-intel-i-perspektywy\/\">https:\/\/us.edu.pl\/wydzial\/wnst\/2021\/10\/19\/studentka-informatyki-laureatka-stypendium-prestizowego-programu-intel-i-perspektywy\/<\/a><\/p>\n<p><strong>Barbara Loska<\/strong>\u00a0\u2013 laureatka konkursu na najlepsz\u0105 prac\u0119 magistersk\u0105<br \/>\n<a href=\"https:\/\/us.edu.pl\/wydzial\/wnst\/2021\/10\/29\/absolwentka-inzynierii-materialowej-laureatka-pierwszej-nagrody-za-najlepsza-prace-magisterska\/\">https:\/\/us.edu.pl\/wydzial\/wnst\/2021\/10\/29\/absolwentka-inzynierii-materialowej-laureatka-pierwszej-nagrody-za-najlepsza-prace-magisterska\/<\/a><\/p>\n<\/div>\r\n                    <\/div>\r\n                <\/div>\r\n                <div class=\"text-modules\">\r\n                    <div class=\"container\">\r\n                        <h3 class=\"page-title text__title\">Osi\u0105gni\u0119cia student\u00f3w w roku 2018<\/h3>\r\n                        <div class=\"text-modules__content\"><\/p>\n<p><strong>Gabriela Juranek <\/strong>\u2013 Diamentowy Grant za projekt z dziedziny nauk humanistycznych \u201eUbra\u0107 libertyna. Moda i (a)moralno\u015b\u0107 we Francji w ostatniej \u0107wierci XVIII wieku\u201d;<a href=\"https:\/\/www.gov.pl\/documents\/1068557\/1069061\/Lista_laureat%C3%B3w_2018.pdf\" class=\"mtli_attachment mtli_pdf\" class=\"mtli_attachment mtli_pdf\"> https:\/\/www.gov.pl\/documents\/1068557\/1069061\/Lista_laureat%C3%B3w_2018.pdf<\/a><\/p>\n<p>&nbsp;<\/p>\n<p><strong>Pawe\u0142 J<\/strong><strong>\u0119<\/strong><strong>drysiak<\/strong> \u2013 stypendium Ministra Nauki i Szkolnictwa Wy\u017cszego za wybitne osi\u0105gni\u0119cia w roku akademickim 2018\/2019;<a href=\"https:\/\/www.gov.pl\/web\/nauka\/informacjana-temat-wynikow-rozpatrzenia-wnioskow-o-stypendium-ministra-nauki-i-szkolnictwa-wyzszego-za-wybitne-osiagniecia-na-rok-akademicki-20182019-dla-studentow-i-doktorantow\"> https:\/\/www.gov.pl\/web\/nauka\/informacjana-temat-wynikow-rozpatrzenia-wnioskow-o-stypendium-ministra-nauki-i-szkolnictwa-wyzszego-za-wybitne-osiagniecia-na-rok-akademicki-20182019-dla-studentow-i-doktorantow<\/a><\/p>\n<p>&nbsp;<\/p>\n<p><strong>Kinga Karli<\/strong><strong>\u0144<\/strong><strong>ska<\/strong> \u2013 stypendium Ministra Nauki i Szkolnictwa Wy\u017cszego za wybitne osi\u0105gni\u0119cia w roku akademickim 2018\/2019;<a href=\"https:\/\/www.gov.pl\/web\/nauka\/informacjana-temat-wynikow-rozpatrzenia-wnioskow-o-stypendium-ministra-nauki-i-szkolnictwa-wyzszego-za-wybitne-osiagniecia-na-rok-akademicki-20182019-dla-studentow-i-doktorantow\"> https:\/\/www.gov.pl\/web\/nauka\/informacjana-temat-wynikow-rozpatrzenia-wnioskow-o-stypendium-ministra-nauki-i-szkolnictwa-wyzszego-za-wybitne-osiagniecia-na-rok-akademicki-20182019-dla-studentow-i-doktorantow<\/a><\/p>\n<p>&nbsp;<\/p>\n<p><strong>Ryszard Kukulski<\/strong> \u2013 stypendium Ministra Nauki i Szkolnictwa Wy\u017cszego za wybitne osi\u0105gni\u0119cia w roku akademickim 2018\/2019;<a href=\"https:\/\/www.gov.pl\/web\/nauka\/informacjana-temat-wynikow-rozpatrzenia-wnioskow-o-stypendium-ministra-nauki-i-szkolnictwa-wyzszego-za-wybitne-osiagniecia-na-rok-akademicki-20182019-dla-studentow-i-doktorantow\"> https:\/\/www.gov.pl\/web\/nauka\/informacjana-temat-wynikow-rozpatrzenia-wnioskow-o-stypendium-ministra-nauki-i-szkolnictwa-wyzszego-za-wybitne-osiagniecia-na-rok-akademicki-20182019-dla-studentow-i-doktorantow<\/a><\/p>\n<p>&nbsp;<\/p>\n<p><strong>Paulina Lewandowska<\/strong> \u2013 stypendium Ministra Nauki i Szkolnictwa Wy\u017cszego za wybitne osi\u0105gni\u0119cia w roku akademickim 2018\/2019;<a href=\"https:\/\/www.gov.pl\/web\/nauka\/informacjana-temat-wynikow-rozpatrzenia-wnioskow-o-stypendium-ministra-nauki-i-szkolnictwa-wyzszego-za-wybitne-osiagniecia-na-rok-akademicki-20182019-dla-studentow-i-doktorantow\"> https:\/\/www.gov.pl\/web\/nauka\/informacjana-temat-wynikow-rozpatrzenia-wnioskow-o-stypendium-ministra-nauki-i-szkolnictwa-wyzszego-za-wybitne-osiagniecia-na-rok-akademicki-20182019-dla-studentow-i-doktorantow<\/a><\/p>\n<p>&nbsp;<\/p>\n<p><strong>Anna \u0141azuka<\/strong> \u2013 stypendium Ministra Nauki i Szkolnictwa Wy\u017cszego za wybitne osi\u0105gni\u0119cia w roku akademickim 2018\/2019;<a href=\"https:\/\/www.gov.pl\/web\/nauka\/informacjana-temat-wynikow-rozpatrzenia-wnioskow-o-stypendium-ministra-nauki-i-szkolnictwa-wyzszego-za-wybitne-osiagniecia-na-rok-akademicki-20182019-dla-studentow-i-doktorantow\"> https:\/\/www.gov.pl\/web\/nauka\/informacjana-temat-wynikow-rozpatrzenia-wnioskow-o-stypendium-ministra-nauki-i-szkolnictwa-wyzszego-za-wybitne-osiagniecia-na-rok-akademicki-20182019-dla-studentow-i-doktorantow<\/a><\/p>\n<p>&nbsp;<\/p>\n<p><strong>Mateusz Miros\u0142awski<\/strong> \u2013 stypendium Ministra Nauki i Szkolnictwa Wy\u017cszego za wybitne osi\u0105gni\u0119cia w roku akademickim 2018\/2019;<a href=\"https:\/\/www.gov.pl\/web\/nauka\/informacjana-temat-wynikow-rozpatrzenia-wnioskow-o-stypendium-ministra-nauki-i-szkolnictwa-wyzszego-za-wybitne-osiagniecia-na-rok-akademicki-20182019-dla-studentow-i-doktorantow\"> https:\/\/www.gov.pl\/web\/nauka\/informacjana-temat-wynikow-rozpatrzenia-wnioskow-o-stypendium-ministra-nauki-i-szkolnictwa-wyzszego-za-wybitne-osiagniecia-na-rok-akademicki-20182019-dla-studentow-i-doktorantow<\/a><\/p>\n<p>&nbsp;<\/p>\n<p><strong>Katarzyna Nowak<\/strong> \u2013 stypendium Ministra Nauki i Szkolnictwa Wy\u017cszego za wybitne osi\u0105gni\u0119cia w roku akademickim 2018\/2019;<a href=\"https:\/\/www.gov.pl\/web\/nauka\/informacjana-temat-wynikow-rozpatrzenia-wnioskow-o-stypendium-ministra-nauki-i-szkolnictwa-wyzszego-za-wybitne-osiagniecia-na-rok-akademicki-20182019-dla-studentow-i-doktorantow\"> https:\/\/www.gov.pl\/web\/nauka\/informacjana-temat-wynikow-rozpatrzenia-wnioskow-o-stypendium-ministra-nauki-i-szkolnictwa-wyzszego-za-wybitne-osiagniecia-na-rok-akademicki-20182019-dla-studentow-i-doktorantow<\/a><\/p>\n<p>&nbsp;<\/p>\n<p><strong>Aleksandra Osika<\/strong> \u2013 stypendium Ministra Nauki i Szkolnictwa Wy\u017cszego za wybitne osi\u0105gni\u0119cia w roku akademickim 2018\/2019;<a href=\"https:\/\/www.gov.pl\/web\/nauka\/informacjana-temat-wynikow-rozpatrzenia-wnioskow-o-stypendium-ministra-nauki-i-szkolnictwa-wyzszego-za-wybitne-osiagniecia-na-rok-akademicki-20182019-dla-studentow-i-doktorantow\"> https:\/\/www.gov.pl\/web\/nauka\/informacjana-temat-wynikow-rozpatrzenia-wnioskow-o-stypendium-ministra-nauki-i-szkolnictwa-wyzszego-za-wybitne-osiagniecia-na-rok-akademicki-20182019-dla-studentow-i-doktorantow<\/a><\/p>\n<p>&nbsp;<\/p>\n<p><strong>Marcin Pawe\u0142czyk<\/strong> \u2013 stypendium Ministra Nauki i Szkolnictwa Wy\u017cszego za wybitne osi\u0105gni\u0119cia w roku akademickim 2018\/2019;<a href=\"https:\/\/www.gov.pl\/web\/nauka\/informacjana-temat-wynikow-rozpatrzenia-wnioskow-o-stypendium-ministra-nauki-i-szkolnictwa-wyzszego-za-wybitne-osiagniecia-na-rok-akademicki-20182019-dla-studentow-i-doktorantow\"> https:\/\/www.gov.pl\/web\/nauka\/informacjana-temat-wynikow-rozpatrzenia-wnioskow-o-stypendium-ministra-nauki-i-szkolnictwa-wyzszego-za-wybitne-osiagniecia-na-rok-akademicki-20182019-dla-studentow-i-doktorantow<\/a><\/p>\n<p>&nbsp;<\/p>\n<p><strong>Micha\u0142 Waszek<\/strong> \u2013 stypendium Ministra Nauki i Szkolnictwa Wy\u017cszego za wybitne osi\u0105gni\u0119cia w roku akademickim 2018\/2019;<a href=\"https:\/\/www.gov.pl\/web\/nauka\/informacjana-temat-wynikow-rozpatrzenia-wnioskow-o-stypendium-ministra-nauki-i-szkolnictwa-wyzszego-za-wybitne-osiagniecia-na-rok-akademicki-20182019-dla-studentow-i-doktorantow\"> https:\/\/www.gov.pl\/web\/nauka\/informacjana-temat-wynikow-rozpatrzenia-wnioskow-o-stypendium-ministra-nauki-i-szkolnictwa-wyzszego-za-wybitne-osiagniecia-na-rok-akademicki-20182019-dla-studentow-i-doktorantow<\/a><\/p>\n<p>&nbsp;<\/p>\n<p><strong>Martha Wieczorek<\/strong> \u2013 stypendium Ministra Nauki i Szkolnictwa Wy\u017cszego za wybitne osi\u0105gni\u0119cia w roku akademickim 2018\/2019;<a href=\"https:\/\/www.gov.pl\/web\/nauka\/informacjana-temat-wynikow-rozpatrzenia-wnioskow-o-stypendium-ministra-nauki-i-szkolnictwa-wyzszego-za-wybitne-osiagniecia-na-rok-akademicki-20182019-dla-studentow-i-doktorantow\"> https:\/\/www.gov.pl\/web\/nauka\/informacjana-temat-wynikow-rozpatrzenia-wnioskow-o-stypendium-ministra-nauki-i-szkolnictwa-wyzszego-za-wybitne-osiagniecia-na-rok-akademicki-20182019-dla-studentow-i-doktorantow<\/a><\/p>\n<p>&nbsp;<\/p>\n<p><strong>Agata Zwolankiewicz<\/strong> \u2013 stypendium Ministra Nauki i Szkolnictwa Wy\u017cszego za wybitne osi\u0105gni\u0119cia w roku akademickim 2018\/2019;<a href=\"https:\/\/www.gov.pl\/web\/nauka\/informacjana-temat-wynikow-rozpatrzenia-wnioskow-o-stypendium-ministra-nauki-i-szkolnictwa-wyzszego-za-wybitne-osiagniecia-na-rok-akademicki-20182019-dla-studentow-i-doktorantow\"> https:\/\/www.gov.pl\/web\/nauka\/informacjana-temat-wynikow-rozpatrzenia-wnioskow-o-stypendium-ministra-nauki-i-szkolnictwa-wyzszego-za-wybitne-osiagniecia-na-rok-akademicki-20182019-dla-studentow-i-doktorantow<\/a><\/p>\n<\/div>\r\n                    <\/div>\r\n                <\/div>[\/vc_column][\/vc_row]<\/p>","protected":false},"excerpt":{"rendered":"<p>[vc_row][vc_column][\/vc_column][\/vc_row] [&#8230;]<\/p>\n<p><a class=\"btn btn-secondary understrap-read-more-link\" href=\"https:\/\/us.edu.pl\/student\/dzialalnosc-naukowa\/dzialalnosc-naukowa-osiagniecia-naukowe\/osiagniecia-studentow-w-roku\/\">Read More&#8230;<\/a><\/p>\n","protected":false},"author":28,"featured_media":0,"parent":9703,"menu_order":0,"comment_status":"closed","ping_status":"closed","template":"","meta":{"_expiration-date-status":"","_expiration-date":0,"_expiration-date-type":"","_expiration-date-categories":[],"_expiration-date-options":[]},"acf":[],"_links":{"self":[{"href":"https:\/\/us.edu.pl\/student\/wp-json\/wp\/v2\/pages\/12005"}],"collection":[{"href":"https:\/\/us.edu.pl\/student\/wp-json\/wp\/v2\/pages"}],"about":[{"href":"https:\/\/us.edu.pl\/student\/wp-json\/wp\/v2\/types\/page"}],"author":[{"embeddable":true,"href":"https:\/\/us.edu.pl\/student\/wp-json\/wp\/v2\/users\/28"}],"replies":[{"embeddable":true,"href":"https:\/\/us.edu.pl\/student\/wp-json\/wp\/v2\/comments?post=12005"}],"version-history":[{"count":3,"href":"https:\/\/us.edu.pl\/student\/wp-json\/wp\/v2\/pages\/12005\/revisions"}],"predecessor-version":[{"id":36117,"href":"https:\/\/us.edu.pl\/student\/wp-json\/wp\/v2\/pages\/12005\/revisions\/36117"}],"up":[{"embeddable":true,"href":"https:\/\/us.edu.pl\/student\/wp-json\/wp\/v2\/pages\/9703"}],"wp:attachment":[{"href":"https:\/\/us.edu.pl\/student\/wp-json\/wp\/v2\/media?parent=12005"}],"curies":[{"name":"wp","href":"https:\/\/api.w.org\/{rel}","templated":true}]}}