{"id":12009,"date":"2019-10-31T05:00:32","date_gmt":"2019-10-31T04:00:32","guid":{"rendered":"https:\/\/us.edu.pl\/student\/?page_id=12009"},"modified":"2025-06-30T15:46:02","modified_gmt":"2025-06-30T13:46:02","slug":"artystyczne","status":"publish","type":"page","link":"https:\/\/us.edu.pl\/student\/dzialalnosc-naukowa\/dzialalnosc-naukowa-osiagniecia-naukowe\/artystyczne\/","title":{"rendered":"Osi\u0105gni\u0119cia artystyczne"},"content":{"rendered":"<p>[vc_row][vc_column]\r\n                <div class=\"text-modules\">\r\n                    <div class=\"container\">\r\n                        <h3 class=\"page-title text__title\">Osi\u0105gni\u0119cia artystyczne 2018<\/h3>\r\n                        <div class=\"text-modules__content\"><p><strong>Kordian K<\/strong><strong>\u0105<\/strong><strong>dziela<\/strong> za <em>Fusy<\/em> \u2013 nagroda publiczno\u015bci podczas Short Waves Festival; 20\u201325.03.2018 Pozna\u0144;<a href=\"http:\/\/www.shortwaves.pl\/\"> http:\/\/www.shortwaves.pl<\/a><\/p>\n<p><strong>\u00a0<\/strong><\/p>\n<p><strong>Damian Kocur<\/strong> za <em>Nic nowego pod s\u0142o<\/em><em>\u0144<\/em><em>cem<\/em> \u2013 pierwsza nagroda podczas Short Waves Festival; 20\u201325.03.2018 Pozna\u0144;<a href=\"http:\/\/www.shortwaves.pl\/\"> http:\/\/www.shortwaves.pl<\/a>;<br \/>\nNagroda Mi\u0119dzynarodowego Funduszu Wyszehradzkiego na 21. Mi\u0119dzynarodowym Festiwalu Filmowym ZOOM \u2013 ZBLI\u017bENIA;<a href=\"http:\/\/www.zoomfestival.pl\/\"> http:\/\/www.zoomfestival.pl\/<\/a><\/p>\n<p><strong>\u00a0<\/strong><\/p>\n<p><strong>Sonia Mietielia<\/strong> \u2013 za rol\u0119 w etiudzie <em>Szczur<\/em> w kategorii najlepsza rola kobieca, podczas Cinemaiubit International Student Film Festival w Ruminii, 4\u20138.12.2018;<a href=\"http:\/\/festival-cinemaiubit.ro\/\"> http:\/\/festival-cinemaiubit.ro<\/a><\/p>\n<p><strong>\u00a0<\/strong><\/p>\n<p><strong>Jakub Radej<\/strong> za <em>Proch<\/em> \u2013 \u00a0nagroda dla najlepszego dokumentu w konkursie Lab podczas Festival du Court m\u00e9trage w Clermont-Ferrand, 2\u201311.02.2018;<a href=\"https:\/\/clermont-filmfest.org\/\"> https:\/\/clermont-filmfest.org\/<\/a>; nagroda dla najlepszego kr\u00f3tkiego metra\u017cu w konkursie In the Heart of Europe podczas Mezin\u00e1rodn\u00ed filmov\u00fd festival Praha \u2013 Febiofest, Praga;<a href=\"https:\/\/febiofest.sk\/en\/home-2\"> https:\/\/febiofest.sk\/en\/home-2<\/a>; \u00a0trzecia nagroda podczas Short Waves Festival; 20\u201325.03.2018 Pozna\u0144;<a href=\"http:\/\/www.shortwaves.pl\/\"> http:\/\/www.shortwaves.pl<\/a><\/p>\n<p><strong>\u00a0<\/strong><\/p>\n<p><strong>Beata Rakoczy<\/strong> \u2013 nagroda za zdj\u0119cia do filmu <em>Wiem<\/em> (re\u017c. <strong>Piotr Nalazka<\/strong>) podczas The Cambridge International Student Film Festival<\/p>\n<p>&nbsp;<\/p>\n<p><strong>Piotr Pawlus <\/strong>\u2013 nagroda za zdj\u0119cia do <em>Jest naprawd<\/em><em>\u0119<\/em><em> ekstra<\/em> (re\u017c. <strong>Katarzyna Warzecha) <\/strong>podczas 11. International Film and Music Festival K\u00fcstendorf, <a href=\"http:\/\/kustendorf-filmandmusicfestival.org\/2018\/\">http:\/\/kustendorf-filmandmusicfestival.org\/2018\/<\/a><\/p>\n<p><strong>\u00a0<\/strong><\/p>\n<p><strong>Katarzyna Warzecha<\/strong> za <em>Jest naprawd<\/em><em>\u0119<\/em><em> ekstra<\/em> (re\u017c. <strong>Katarzyna Warzecha<\/strong>, zdj. <strong>Piotr Pawlus<\/strong>) \u2013 wyr\u00f3\u017cnienie specjalne Films D\u2019\u00e9coles europ\u00e9ens podczas 30. Festival Premiers Plans we Francji; <a href=\"http:\/\/www.premiersplans.org\/\">http:\/\/www.premiersplans.org\/<\/a><\/p>\n<p>&nbsp;<\/p>\n<p><em>Czarnob\u00f3g<\/em>, re\u017c. i zdj. <strong>Grzegorz Paprzycki<\/strong>, kier. prod. <strong>Sergiusz Kalinowski<\/strong>, <strong>Justyna Koziarz<\/strong> \u2013 wyr\u00f3\u017cnienie w Mi\u0119dzynarodowym Festiwalu Filmowym Etiuda&amp;Anima; 20\u201325.11.2015 Krak\u00f3w;<a href=\"http:\/\/etiudaandanima.pl\/\"> http:\/\/etiudaandanima.pl<\/a><\/p>\n<p>&nbsp;<\/p>\n<p><em>Proch<\/em>, re\u017c. <strong>Jakub Radej<\/strong>, zdj. <strong>J\u00f3zefina Gocman<\/strong>, kier. prod. <strong>Krystyna Dobrza<\/strong><strong>\u0144<\/strong><strong>ska<\/strong> \u2013 Grand Prix na Quebec City Film Festival; nagroda publiczno\u015bci na Mezin\u00e1rodn\u00ed festival studentsk\u00fdch film\u016f \u201eOpavsk\u00fd p\u00e1v\u201d, Opawa, Czechy<\/p>\n<p>&nbsp;<\/p>\n<p><em>Love 1: Dogs<\/em>, re\u017c. <strong>Florian Serban<\/strong>, zdj. <strong>Marcin Kosza\u0142ka<\/strong> \u2013 nagroda Cineuropa Nagrada oraz Cicae Nagrada podczas Sarajevo Film Festival, 10\u201317.08.2018<\/p>\n<p><em>\u00a0<\/em><\/p>\n<p><em>Tama<\/em>, re\u017c.<strong> Natalia Koniarz<\/strong>, zdj. <strong>Stanis\u0142aw Cuske<\/strong> \u2013 Grand Prix na Mi\u0119dzynarodowym Festiwalu Filmowym DOZWOLONE DO 21; 20\u201321.09.2018 Warszawa;<a href=\"http:\/\/www.upto21.pl\/83-laureaci-2018\"> http:\/\/www.upto21.pl\/83-laureaci-2018<\/a>; \u00a0wyr\u00f3\u017cnienie na Mi\u0119dzynarodowym Festiwalu Filmowym Etiuda&amp;Anima; 20\u201325.11.2015 Krak\u00f3w;<a href=\"http:\/\/etiudaandanima.pl\/\"> http:\/\/etiudaandanima.pl<\/a><\/p>\n<p><strong>\u00a0<\/strong><\/p>\n<\/div>\r\n                    <\/div>\r\n                <\/div>[\/vc_column][\/vc_row]<\/p>","protected":false},"excerpt":{"rendered":"<p>[vc_row][vc_column][\/vc_column][\/vc_row] [&#8230;]<\/p>\n<p><a class=\"btn btn-secondary understrap-read-more-link\" href=\"https:\/\/us.edu.pl\/student\/dzialalnosc-naukowa\/dzialalnosc-naukowa-osiagniecia-naukowe\/artystyczne\/\">Read More&#8230;<\/a><\/p>\n","protected":false},"author":28,"featured_media":0,"parent":9703,"menu_order":0,"comment_status":"closed","ping_status":"closed","template":"","meta":{"_expiration-date-status":"","_expiration-date":0,"_expiration-date-type":"","_expiration-date-categories":[],"_expiration-date-options":[]},"acf":[],"_links":{"self":[{"href":"https:\/\/us.edu.pl\/student\/wp-json\/wp\/v2\/pages\/12009"}],"collection":[{"href":"https:\/\/us.edu.pl\/student\/wp-json\/wp\/v2\/pages"}],"about":[{"href":"https:\/\/us.edu.pl\/student\/wp-json\/wp\/v2\/types\/page"}],"author":[{"embeddable":true,"href":"https:\/\/us.edu.pl\/student\/wp-json\/wp\/v2\/users\/28"}],"replies":[{"embeddable":true,"href":"https:\/\/us.edu.pl\/student\/wp-json\/wp\/v2\/comments?post=12009"}],"version-history":[{"count":1,"href":"https:\/\/us.edu.pl\/student\/wp-json\/wp\/v2\/pages\/12009\/revisions"}],"predecessor-version":[{"id":55421,"href":"https:\/\/us.edu.pl\/student\/wp-json\/wp\/v2\/pages\/12009\/revisions\/55421"}],"up":[{"embeddable":true,"href":"https:\/\/us.edu.pl\/student\/wp-json\/wp\/v2\/pages\/9703"}],"wp:attachment":[{"href":"https:\/\/us.edu.pl\/student\/wp-json\/wp\/v2\/media?parent=12009"}],"curies":[{"name":"wp","href":"https:\/\/api.w.org\/{rel}","templated":true}]}}