{"id":12215,"date":"2019-11-01T10:01:27","date_gmt":"2019-11-01T09:01:27","guid":{"rendered":"https:\/\/us.edu.pl\/student\/?page_id=12215"},"modified":"2025-08-08T13:05:08","modified_gmt":"2025-08-08T11:05:08","slug":"komunikacja-z-uczelnia","status":"publish","type":"page","link":"https:\/\/us.edu.pl\/student\/nowy-student\/komunikacja-z-uczelnia\/","title":{"rendered":"komunikacja z uczelni\u0105"},"content":{"rendered":"<p>[vc_row][vc_column]\r\n                <div class=\"text-modules\">\r\n                    <div class=\"container\">\r\n                        <h3 class=\"page-title text__title\">Komunikacja z uczelni\u0105<\/h3>\r\n                        <div class=\"text-modules__content\"><\/div>\r\n                    <\/div>\r\n                <\/div>\r\n                <div class=\"text-modules \">\r\n                    <div class=\"container\">\r\n                         \r\n                        <div class=\"row m-0\">\r\n                            <div class=\"text-modules__content\">\r\n                                Wiadomo\u015bci Studenckie<span style=\"font-weight: 400;\">, czyli nasz newsletter, jest cotygodniowym zbiorem najciekawszych informacji dotycz\u0105cych \u017cycia studenckiego. Konferencje, wyk\u0142ady, przypomnienia o terminach, wolontariaty, oferty pracy, koncerty, imprezy i wydarzenia studenckie\u2026 S\u0142owem \u2013 wszystko, co mo\u017ce Was interesowa\u0107!<\/span><\/p>\n<p><span style=\"font-weight: 400;\">Co wa\u017cne: wi\u0119kszo\u015b\u0107 informacji pochodzi od student\u00f3w, kt\u00f3rzy przesy\u0142aj\u0105 nam te wiadomo\u015bci, kt\u00f3re ich zdaniem s\u0105 interesuj\u0105ce. Mo\u017cemy zatem powiedzie\u0107, \u017ce newsletter tworzony jest przez osoby studiuj\u0105ce. Dlatego je\u015bli jest co\u015b, o czym chcia\u0142(a)by\u015b poinformowa\u0107 reszt\u0119 spo\u0142eczno\u015bci \u2013 nie kr\u0119puj si\u0119 i prze\u015blij informacj\u0119 na adres Centrum Obs\u0142ugi Student\u00f3w: <a href=\"mailto:dlastudenta@us.edu.pl\">dlastudenta@us.edu.pl<\/a>.<\/span> \r\n                                <div class=\"mt-3\"><\/div>\r\n                            <\/div>\r\n                            \r\n                            \r\n                        <\/div>\r\n                    <\/div>\r\n                <\/div>\r\n                <div class=\"text-modules\">\r\n                    <div class=\"container\">\r\n                        \r\n                        <div class=\"text-modules__content\"><\/p>\n<h3><b>Media spo\u0142eczno\u015bciowe<\/b><\/h3>\n<p style=\"padding-left: 40px;\"><span style=\"font-weight: 400;\"><a href=\"https:\/\/www.facebook.com\/UniwersytetSlaski\/\">Uniwersytet \u015al\u0105ski w Katowicach (Facebook)<\/a><\/span><\/p>\n<p style=\"padding-left: 40px;\"><span style=\"font-weight: 400;\"><a href=\"https:\/\/www.instagram.com\/uniwersytetslaski\/?hl=pl\">Uniwersytet \u015al\u0105ski (Instagram)<\/a><\/span><\/p>\n<p style=\"padding-left: 40px;\"><a href=\"https:\/\/www.facebook.com\/studenckastrefaaktywnosci\/\"><span style=\"font-weight: 400;\">Sprawy Studenckie U\u015a (Facebook)<\/span><\/a><\/p>\n<p style=\"padding-left: 40px;\"><a href=\"https:\/\/www.facebook.com\/studenci.us\"><span style=\"font-weight: 400;\">Samorz\u0105d Studencki U\u015a (Facebook)<\/span><\/a><\/p>\n<p style=\"padding-left: 40px;\"><a href=\"https:\/\/www.instagram.com\/studenci_us\/?hl=pl\"><span style=\"font-weight: 400;\">Samorz\u0105d Studencki U\u015a (Instagram)<\/span><\/a><\/p>\n<p style=\"padding-left: 40px;\"><a href=\"https:\/\/www.facebook.com\/groups\/1682748115353510\/\"><span style=\"font-weight: 400;\">Studenci Uniwersytetu \u015al\u0105skiego (grupa na Facebooku)<\/span><\/a><\/p>\n<p style=\"padding-left: 40px;\"><a href=\"https:\/\/www.facebook.com\/GazetaUniwersyteckaUS\/\"><span style=\"font-weight: 400;\">Gazeta Uniwersytecka U\u015a (Facebook)<\/span><\/a><\/p>\n<p style=\"padding-left: 40px;\"><a href=\"https:\/\/www.facebook.com\/przystaneknauka\/\"><span style=\"font-weight: 400;\">Przystanek Nauka (Facebook)<\/span><\/a><\/p>\n<p style=\"padding-left: 40px;\"><a href=\"https:\/\/www.facebook.com\/slaskifestiwalnauki.katowice\/\"><span style=\"font-weight: 400;\">\u015al\u0105ski Festiwal Nauki Katowice (Facebook)<\/span><\/a><\/p>\n<p style=\"padding-left: 40px;\"><a href=\"https:\/\/www.facebook.com\/magazynsuplement\/\"><span style=\"font-weight: 400;\">Magazyn Student\u00f3w Uniwersytetu \u015al\u0105skiego \u201eSuplement\u201d (Facebook)<\/span><\/a><\/p>\n<p style=\"padding-left: 40px;\"><a href=\"https:\/\/www.instagram.com\/magazynsuplement\/?hl=pl\">\u201eSuplement\u201d (Instagram)<\/a><\/p>\n<p style=\"padding-left: 40px;\"><a href=\"https:\/\/www.facebook.com\/radio.egida\/?locale=pl_PL\">Radio Egida (Facebook)<\/a><\/p>\n<p style=\"padding-left: 40px;\"><a href=\"https:\/\/www.instagram.com\/radio.egida\/\">Radio Egida (Instagram)<\/a><\/p>\n<p style=\"padding-left: 40px;\"><a href=\"https:\/\/www.facebook.com\/biurokarier\/?ref=br_rs\"><span style=\"font-weight: 400;\">Biuro Karier U\u015a (Facebook)<\/span><\/a><\/p>\n<p style=\"padding-left: 40px;\"><a href=\"https:\/\/www.facebook.com\/groups\/629527450397407\/\"><span style=\"font-weight: 400;\">Osiedle Akademickie w Cieszynie (grupa na Facebooku)<\/span><\/a><\/p>\n<p style=\"padding-left: 40px;\"><a href=\"https:\/\/www.facebook.com\/groups\/321796461201087\/\"><span style=\"font-weight: 400;\">Osiedle Akademickie w Katowicach-Ligocie (grupa na Facebooku)<\/span><\/a><\/p>\n<p style=\"padding-left: 40px;\"><a href=\"https:\/\/www.facebook.com\/groups\/709031425890226\/\">Osiedle Akademickie w Sosnowcu (grupa na Facebooku)<\/a><\/p>\n<p>\n<\/div>\r\n                    <\/div>\r\n                <\/div>\r\n                <div class=\"text-modules\">\r\n                    <div class=\"container\">\r\n                        \r\n                        <div class=\"text-modules__content\"><\/p>\n<h3><b>Media akademickie<\/b><\/h3>\n<p style=\"padding-left: 40px;\"><a href=\"https:\/\/radio.us.edu.pl\">Radio Egida<\/a><\/p>\n<p style=\"padding-left: 40px;\"><a href=\"https:\/\/suplement.us.edu.pl\/\">Magazyn Student\u00f3w Uniwersytetu \u015al\u0105skiego \u201eSuplement\u201d<\/a><\/p>\n<p style=\"padding-left: 40px;\"><a href=\"https:\/\/gazeta.us.edu.pl\/\">\u201eGazeta Uniwersytecka U\u015a\u201d<\/a><\/p>\n<p style=\"padding-left: 40px;\"><a href=\"https:\/\/us.edu.pl\/nauka-i-badania\/popularyzacja-nauki\/no-limits\/\">Czasopismo popularnonaukowe \u201eNo Limits\u201d<\/a><\/p>\n<p>\n<\/div>\r\n                    <\/div>\r\n                <\/div>[\/vc_column][\/vc_row]<\/p>","protected":false},"excerpt":{"rendered":"<p>[vc_row][vc_column][\/vc_column][\/vc_row] [&#8230;]<\/p>\n<p><a class=\"btn btn-secondary understrap-read-more-link\" href=\"https:\/\/us.edu.pl\/student\/nowy-student\/komunikacja-z-uczelnia\/\">Read More&#8230;<\/a><\/p>\n","protected":false},"author":28,"featured_media":0,"parent":12264,"menu_order":0,"comment_status":"closed","ping_status":"closed","template":"page-templates\/page-with-sidebar.php","meta":{"_expiration-date-status":"","_expiration-date":0,"_expiration-date-type":"","_expiration-date-categories":[],"_expiration-date-options":[]},"acf":[],"_links":{"self":[{"href":"https:\/\/us.edu.pl\/student\/wp-json\/wp\/v2\/pages\/12215"}],"collection":[{"href":"https:\/\/us.edu.pl\/student\/wp-json\/wp\/v2\/pages"}],"about":[{"href":"https:\/\/us.edu.pl\/student\/wp-json\/wp\/v2\/types\/page"}],"author":[{"embeddable":true,"href":"https:\/\/us.edu.pl\/student\/wp-json\/wp\/v2\/users\/28"}],"replies":[{"embeddable":true,"href":"https:\/\/us.edu.pl\/student\/wp-json\/wp\/v2\/comments?post=12215"}],"version-history":[{"count":7,"href":"https:\/\/us.edu.pl\/student\/wp-json\/wp\/v2\/pages\/12215\/revisions"}],"predecessor-version":[{"id":58074,"href":"https:\/\/us.edu.pl\/student\/wp-json\/wp\/v2\/pages\/12215\/revisions\/58074"}],"up":[{"embeddable":true,"href":"https:\/\/us.edu.pl\/student\/wp-json\/wp\/v2\/pages\/12264"}],"wp:attachment":[{"href":"https:\/\/us.edu.pl\/student\/wp-json\/wp\/v2\/media?parent=12215"}],"curies":[{"name":"wp","href":"https:\/\/api.w.org\/{rel}","templated":true}]}}