{"id":12309,"date":"2019-11-01T21:46:49","date_gmt":"2019-11-01T20:46:49","guid":{"rendered":"https:\/\/us.edu.pl\/student\/?page_id=12309"},"modified":"2025-09-25T11:19:52","modified_gmt":"2025-09-25T09:19:52","slug":"stypendium-socjalne","status":"publish","type":"page","link":"https:\/\/us.edu.pl\/student\/wsparcie-i-fundusze\/swiadczenia-stypendia-i-zapomoga\/stypendium-socjalne\/","title":{"rendered":"stypendium socjalne"},"content":{"rendered":"<p>[vc_row][vc_column]\r\n                <div class=\"text-modules\">\r\n                    <div class=\"container\">\r\n                        <h3 class=\"page-title text__title\">Stypendium socjalne<\/h3>\r\n                        <div class=\"text-modules__content\"><p>Stypendium socjalne ma prawo otrzymywa\u0107 student znajduj\u0105cy si\u0119 w trudnej sytuacji materialnej, kt\u00f3rego miesi\u0119czny doch\u00f3d nie przekracza kwoty 1908,90 z\u0142 netto na osob\u0119 w rodzinie (od roku akademickiego 2024\/2025 pr\u00f3g dochodu stanowi 45% wysoko\u015bci minimalnego wynagrodzenia za prac\u0119 ustalonego od dnia 1 stycznia roku poprzedzaj\u0105cego rok akademicki, na kt\u00f3ry przyznawane jest stypendium socjalne). Wysoko\u015b\u0107 stypendium ustala rektor w porozumieniu z Samorz\u0105dem Studenckim pod koniec pa\u017adziernika na semestr zimowy danego roku akademickiego oraz w marcu na semestr letni.<\/p>\n<p>Sytuacj\u0119 materialn\u0105 studenta ustala si\u0119 na podstawie wysoko\u015bci miesi\u0119cznej kwoty netto dochodu przypadaj\u0105cej na cz\u0142onka rodziny studenta. Miesi\u0119czn\u0105 wysoko\u015b\u0107 dochodu na osob\u0119 w rodzinie studenta uprawniaj\u0105cego do ubiegania si\u0119 o stypendium socjalne ustala si\u0119 na zasadach okre\u015blonych w ustawie z dnia 28 listopada 2003 r. o \u015bwiadczeniach rodzinnych.<br \/>\nW przypadku, gdy miesi\u0119czny doch\u00f3d na osob\u0119 w rodzinie nie przekracza kwoty 823 z\u0142 netto (kwota kryterium dochodowego uprawniaj\u0105cego do ubiegania si\u0119 o \u015bwiadczenia z pomocy spo\u0142ecznej), nale\u017cy obowi\u0105zkowo do\u0142\u0105czy\u0107 do wniosku o stypendium socjalne za\u015bwiadczenie wydane przez \u00a0o\u015brodek pomocy spo\u0142ecznej albo przez centrum us\u0142ug spo\u0142ecznych o korzystaniu w roku z\u0142o\u017cenia tego wniosku ze \u015bwiadcze\u0144 z pomocy spo\u0142ecznej przez studenta lub przez cz\u0142onk\u00f3w jego rodziny (wniosek o wydanie za\u015bwiadczenia mo\u017ce by\u0107 przez studenta z\u0142o\u017cony elektronicznie za po\u015brednictwem platformy ePUAP). Niedo\u0142\u0105czenie takiego za\u015bwiadczenia skutkuje odmow\u0105 przyznania stypendium socjalnego.<br \/>\nW przypadku gdy student lub cz\u0142onkowie jego rodziny wykazuj\u0105 we wniosku o przyznanie stypendium socjalnego bardzo niskie dochody b\u0105d\u017a ich brak, a nie korzystaj\u0105 ze \u015bwiadcze\u0144 z pomocy spo\u0142ecznej, studentowi mo\u017ce by\u0107 przyznane stypendium socjalne, je\u017celi udokumentowa\u0142 \u017ar\u00f3d\u0142a utrzymania rodziny.<\/p>\n<p>W szczeg\u00f3lnie uzasadnionych przypadkach student mo\u017ce otrzyma\u0107 stypendium socjalne w zwi\u0119kszonej wysoko\u015bci. Stypendium to przys\u0142uguje w szczeg\u00f3lno\u015bci studentowi, kt\u00f3ry jest sierot\u0105 zupe\u0142nym lub osi\u0105gn\u0105\u0142 pe\u0142noletno\u015b\u0107 w pieczy zast\u0119pczej.<\/p>\n<p>Stypendium socjalne przyznawane jest na wniosek studenta. Wniosek wraz z o\u015bwiadczeniem o dochodach zawieraj\u0105cym\u00a0 dokumentacj\u0119 potwierdzaj\u0105c\u0105 sytuacj\u0119 dochodow\u0105 wgran\u0105 w formie za\u0142\u0105cznik\u00f3w w postaci jpg, pdf, wype\u0142nia si\u0119 i sk\u0142ada elektronicznie w serwisie\u00a0<a href=\"https:\/\/usosweb.us.edu.pl\/\">USOSweb<\/a>\u00a0 do 10. dnia danego miesi\u0105ca.<\/p>\n<p>W przypadku z\u0142o\u017cenia wniosku do 10. dnia danego miesi\u0105ca stypendium wyp\u0142acane jest r\u00f3wnie\u017c za miesi\u0105c, w kt\u00f3rym wniosek zosta\u0142 z\u0142o\u017cony, a w przypadku z\u0142o\u017cenia wniosku po tym terminie \u2013 od miesi\u0105ca nast\u0119pnego, bez wyr\u00f3wnania za poprzedni miesi\u0105c.<\/p>\n<p>Stypendium przyznaje dziekan lub prodziekan na mocy upowa\u017cnienia rektora.<\/p>\n<p>Zgodnie z ustaw\u0105 \u2013 Prawo o szkolnictwie wy\u017cszym i nauce, przy ustalaniu wysoko\u015bci dochodu uprawniaj\u0105cego studenta do ubiegania si\u0119 o stypendium socjalne uwzgl\u0119dnia si\u0119 dochody osi\u0105gane przez:<\/p>\n<ul>\n<li>studenta;<\/li>\n<li>ma\u0142\u017conka studenta;<\/li>\n<li>rodzic\u00f3w, opiekun\u00f3w prawnych lub faktycznych studenta;<\/li>\n<li>b\u0119d\u0105ce na utrzymaniu ww. os\u00f3b: dzieci niepe\u0142noletnie, dzieci pobieraj\u0105ce nauk\u0119 do 26. roku \u017cycia, a je\u017celi 26. rok \u017cycia przypada w ostatnim roku studi\u00f3w \u2013 do czasu uko\u0144czenia studi\u00f3w, oraz dzieci niepe\u0142nosprawne bez wzgl\u0119du na wiek.<\/li>\n<\/ul>\n<p>Student, kt\u00f3ry nie prowadzi wsp\u00f3lnego gospodarstwa domowego z \u017cadnym z rodzic\u00f3w, opiekun\u00f3w prawnych lub faktycznych, mo\u017ce ubiega\u0107 si\u0119 o stypendium socjalne bez wykazywania dochod\u00f3w osi\u0105ganych przez te osoby oraz b\u0119d\u0105ce na ich utrzymaniu dzieci, je\u017celi spe\u0142nia jeden z nast\u0119puj\u0105cych warunk\u00f3w:<\/p>\n<ul>\n<li>uko\u0144czy\u0142 26. rok \u017cycia;<\/li>\n<li>pozostaje w zwi\u0105zku ma\u0142\u017ce\u0144skim;<\/li>\n<li>ma na utrzymaniu dzieci;<\/li>\n<li>osi\u0105gn\u0105\u0142 pe\u0142noletno\u015b\u0107, przebywaj\u0105c w pieczy zast\u0119pczej;<\/li>\n<li>\u00a0posiada sta\u0142e \u017ar\u00f3d\u0142o dochod\u00f3w i jego przeci\u0119tny miesi\u0119czny doch\u00f3d w poprzednim roku podatkowym oraz w roku bie\u017c\u0105cym w miesi\u0105cach poprzedzaj\u0105cych miesi\u0105c z\u0142o\u017cenia o\u015bwiadczenia o nieprowadzeniu wsp\u00f3lnego gospodarstwa domowego z \u017cadnym z rodzic\u00f3w, opiekun\u00f3w prawnych lub faktycznych, jest wy\u017cszy lub r\u00f3wny 1696,80 z\u0142.<\/li>\n<\/ul>\n<p>Student sk\u0142ada o\u015bwiadczenie, \u017ce nie prowadzi wsp\u00f3lnego gospodarstwa domowego z \u017cadnym z rodzic\u00f3w, opiekun\u00f3w prawnych lub faktycznych.<\/p>\n<p>Prowadzenie wsp\u00f3lnego gospodarstwa domowego oznacza pozostawanie na cz\u0119\u015bciowym lub ca\u0142kowitym utrzymaniu osoby, z kt\u00f3r\u0105 si\u0119 gospodarstwo domowe prowadzi. Na okoliczno\u015b\u0107 wsp\u00f3lnego gospodarowania sk\u0142adaj\u0105 si\u0119 tak\u017ce takie elementy, jak np. ponoszenie koszt\u00f3w i op\u0142at za mieszkanie, opieka udzielana w chorobie, wykonywanie zwyk\u0142ych czynno\u015bci zwi\u0105zanych z prowadzeniem gospodarstwa domowego czy te\u017c dysponowanie wsp\u00f3lnym dochodem z przeznaczeniem na zaspokojenie potrzeb \u017cyciowych.<\/p>\n<p>Fakt samodzielnego zamieszkania studenta poza domem rodzinnym nie oznacza, \u017ce nie prowadzi on wsp\u00f3lnego gospodarstwa z \u017cadnym z rodzic\u00f3w, opiekun\u00f3w prawnych lub faktycznych.<\/p>\n<p>Wysoko\u015b\u0107 miesi\u0119cznego dochodu na osob\u0119 w rodzinie studenta ubiegaj\u0105cego si\u0119 o stypendium socjalne ustala si\u0119 na zasadach okre\u015blonych w ustawie o \u015bwiadczeniach rodzinnych. Ustawa ta w art. 3 pkt 1 wymienia wszystkie \u017ar\u00f3d\u0142a dochodu uwzgl\u0119dnianie przy ocenie sytuacji materialnej rodziny, z tym \u017ce \u2013 do cel\u00f3w przyznawania stypendium socjalnego \u2013 wy\u0142\u0105cza si\u0119 z dochodu nast\u0119puj\u0105ce \u015bwiadczenia:<\/p>\n<ol style=\"list-style-type: lower-alpha;\">\n<li>stypendia socjalne, stypendia dla os\u00f3b niepe\u0142nosprawnych, stypendia rektora, zapomogi, stypendia finansowane przez jednostk\u0119 samorz\u0105du terytorialnego, stypendia za wyniki w nauce lub w sporcie finansowane przez osob\u0119 fizyczn\u0105 lub osob\u0119 prawn\u0105 nieb\u0119d\u0105c\u0105 pa\u0144stwow\u0105 ani samorz\u0105dow\u0105 osob\u0105 prawn\u0105, stypendia ministra za znacz\u0105ce osi\u0105gni\u0119cia, stypendia z w\u0142asnego funduszu stypendialnego uczelni (stypendia za wyniki w nauce dla student\u00f3w oraz stypendia naukowe dla pracownik\u00f3w i doktorant\u00f3w).<\/li>\n<li>stypendia otrzymywane przez uczni\u00f3w, student\u00f3w i doktorant\u00f3w w ramach:\n<ul>\n<li>funduszy strukturalnych Unii Europejskiej,<\/li>\n<li>niepodlegaj\u0105cych zwrotowi \u015brodk\u00f3w pochodz\u0105cych z pomocy udzielanej przez pa\u0144stwa cz\u0142onkowskie Europejskiego Porozumienia o Wolnym Handlu (EFTA),<\/li>\n<li>um\u00f3w mi\u0119dzynarodowych lub program\u00f3w wykonawczych, sporz\u0105dzanych do tych um\u00f3w, albo mi\u0119dzynarodowych program\u00f3w stypendialnych (np. stypendium w ramach ERASMUS+),<\/li>\n<\/ul>\n<\/li>\n<li>\u015bwiadczenia pomocy materialnej otrzymywane przez uczni\u00f3w na podstawie przepis\u00f3w o systemie o\u015bwiaty (np. stypendium szkolne),<\/li>\n<li>stypendia o charakterze socjalnym przyznawane przez podmioty, o kt\u00f3rych mowa w art. 21 ust. 1 pkt 40b ustawy z dnia 26 lipca 1991 r. o podatku dochodowym od os\u00f3b fizycznych (organizacje po\u017cytku publicznego, np. fundacje).<\/li>\n<li>\u015bwiadcze\u0144 rodzinnych wraz z dodatkami, \u015bwiadcze\u0144 z opieki spo\u0142ecznej, \u015bwiadczenia z programu Rodzina 500+;<\/li>\n<li>dop\u0142at bezpo\u015brednich dla rolnik\u00f3w w ramach Wsp\u00f3lnej Polityki Rolnej Unii Europejskiej.<\/li>\n<\/ol>\n<p>Ka\u017cdy student ubiegaj\u0105cy si\u0119 o przyznanie stypendium socjalnego zobowi\u0105zany jest do przed\u0142o\u017cenia:<\/p>\n<ul>\n<li>za\u015bwiadczenia z Urz\u0119du Skarbowego \u2013 studenta i cz\u0142onk\u00f3w rodziny studenta o dochodzie podlegaj\u0105cym opodatkowaniu podatkiem dochodowym od os\u00f3b fizycznych na zasadach okre\u015blonych w art. 27, 30b, 30c, 30e i 30f Ustawy z dnia 26 lipca 1991 r. o podatku dochodowym od os\u00f3b fizycznych;<\/li>\n<li>za\u015bwiadczenia z Urz\u0119du Skarbowego \u2013 cz\u0142onk\u00f3w rodziny studenta rozliczaj\u0105cych si\u0119 na podstawie przepis\u00f3w o zrycza\u0142towanym podatku dochodowym od niekt\u00f3rych przychod\u00f3w osi\u0105ganych przez osoby fizyczne o dochodzie osi\u0105gni\u0119tym w roku kalendarzowym poprzedzaj\u0105cym rok akademicki;<\/li>\n<li>o\u015bwiadczenia studenta i cz\u0142onk\u00f3w rodziny studenta o dochodzie niepodlegaj\u0105cym opodatkowaniu podatkiem dochodowym od os\u00f3b fizycznych osi\u0105gni\u0119tym w roku kalendarzowym poprzedzaj\u0105cym rok akademicki;<\/li>\n<li>za\u015bwiadczenia studenta i cz\u0142onk\u00f3w rodziny studenta zawieraj\u0105ce informacj\u0119 o wysoko\u015bci sk\u0142adek na ubezpieczenie zdrowotne w roku kalendarzowym poprzedzaj\u0105cym rok akademicki.<\/li>\n<\/ul>\n<p>Stypendium socjalne nie przys\u0142uguje studentowi, kt\u00f3ry posiada tytu\u0142 zawodowy magistra, r\u00f3wnie\u017c je\u017celi uzyska\u0142 go za granic\u0105. Stypendium to nie przys\u0142uguje tak\u017ce w sytuacji, gdy student posiada tytu\u0142 zawodowy licencjata, je\u017celi ponownie podejmuje studia I stopnia.<\/p>\n<\/div>\r\n                    <\/div>\r\n                <\/div>\r\n                <div class=\"text-modules\">\r\n                    <div class=\"container\">\r\n                        \r\n                        <div class=\"text-modules__content\"><p>\u015awiadczenia, w tym stypendium socjalne:<\/p>\n<ol>\n<li>przys\u0142uguj\u0105 na studiach pierwszego stopnia, studiach drugiego stopnia i jednolitych studiach magisterskich;<\/li>\n<li>\u0142\u0105czny okres, przez kt\u00f3ry przys\u0142uguj\u0105 \u015bwiadczenia, wynosi 12 semestr\u00f3w, bez wzgl\u0119du na ich pobieranie przez studenta, z zastrze\u017ceniem, \u017ce w ramach tego okresu \u015bwiadczenia przys\u0142uguj\u0105 na studiach:<br \/>\na) pierwszego stopnia \u2013 nie d\u0142u\u017cej ni\u017c przez 9 semestr\u00f3w,<br \/>\nb) drugiego stopnia \u2013 nie d\u0142u\u017cej ni\u017c przez 7 semestr\u00f3w;<\/li>\n<li>\u0142\u0105czny okres, o kt\u00f3rym mowa w pkt 2, jest d\u0142u\u017cszy o 2 semestry w przypadku, gdy student podj\u0105\u0142 jednolite studia magisterskie, kt\u00f3rych czas trwania okre\u015blony w przepisach prawa wynosi 11 albo 12 semestr\u00f3w;<\/li>\n<li>do okresu, o kt\u00f3rym mowa w pkt 2 i 3 wlicza si\u0119 wszystkie rozpocz\u0119te przez studenta semestry na studiach, o kt\u00f3rych mowa w pkt 1, w tym semestry przypadaj\u0105ce w okresie korzystania z urlop\u00f3w, o kt\u00f3rych mowa w art. 85 ust. 1 pkt 3 ustawy z dnia 20 lipca 2018 roku Prawo o szkolnictwie wy\u017cszym i nauce z wyj\u0105tkiem semestr\u00f3w na kolejnych studiach pierwszego stopnia rozpocz\u0119tych lub kontynuowanych po uzyskaniu pierwszego tytu\u0142u zawodowego licencjata, in\u017cyniera albo r\u00f3wnorz\u0119dnego. W przypadku kszta\u0142cenia si\u0119 na kilku kierunkach studi\u00f3w semestry odbywane r\u00f3wnocze\u015bnie traktuje si\u0119 jako jeden semestr;<\/li>\n<\/ol>\n<p>Student, kt\u00f3ry kszta\u0142ci si\u0119 jednocze\u015bnie na kilku kierunkach studi\u00f3w, mo\u017ce otrzyma\u0107 \u015bwiadczenie danego rodzaju (np. stypendium socjalne), tylko na jednym, wskazanym przez niego kierunku studi\u00f3w. Student mo\u017ce otrzyma\u0107 dane \u015bwiadczenie (np. stypendium socjalne) na jednym kierunku, a inne \u015bwiadczenie (np. stypendium rektora) na drugim kierunku, w tym tak\u017ce w innej uczelni.<\/p>\n<p>\n<\/div>\r\n                    <\/div>\r\n                <\/div>[\/vc_column][\/vc_row][vc_row][vc_column][vc_column_text]<\/p>\n<h2 style=\"text-align: center;\"><a href=\"https:\/\/aktyprawne.us.edu.pl\/423\/d\/8409\/5\/\"><strong>Regulamin \u015bwiadcze\u0144<\/strong><\/a><\/h2>\n<p>[\/vc_column_text][\/vc_column][\/vc_row]<\/p>","protected":false},"excerpt":{"rendered":"<p>[vc_row][vc_column][\/vc_column][\/vc_row][vc_row][vc_column][vc_column_text] Regulamin \u015bwiadcze\u0144 [\/vc_column_text][\/vc_column][\/vc_row] [&#8230;]<\/p>\n<p><a class=\"btn btn-secondary understrap-read-more-link\" href=\"https:\/\/us.edu.pl\/student\/wsparcie-i-fundusze\/swiadczenia-stypendia-i-zapomoga\/stypendium-socjalne\/\">Read More&#8230;<\/a><\/p>\n","protected":false},"author":26,"featured_media":0,"parent":9373,"menu_order":0,"comment_status":"closed","ping_status":"closed","template":"page-templates\/page-with-sidebar.php","meta":{"_expiration-date-status":"","_expiration-date":0,"_expiration-date-type":"","_expiration-date-categories":[],"_expiration-date-options":[]},"acf":[],"_links":{"self":[{"href":"https:\/\/us.edu.pl\/student\/wp-json\/wp\/v2\/pages\/12309"}],"collection":[{"href":"https:\/\/us.edu.pl\/student\/wp-json\/wp\/v2\/pages"}],"about":[{"href":"https:\/\/us.edu.pl\/student\/wp-json\/wp\/v2\/types\/page"}],"author":[{"embeddable":true,"href":"https:\/\/us.edu.pl\/student\/wp-json\/wp\/v2\/users\/26"}],"replies":[{"embeddable":true,"href":"https:\/\/us.edu.pl\/student\/wp-json\/wp\/v2\/comments?post=12309"}],"version-history":[{"count":10,"href":"https:\/\/us.edu.pl\/student\/wp-json\/wp\/v2\/pages\/12309\/revisions"}],"predecessor-version":[{"id":49407,"href":"https:\/\/us.edu.pl\/student\/wp-json\/wp\/v2\/pages\/12309\/revisions\/49407"}],"up":[{"embeddable":true,"href":"https:\/\/us.edu.pl\/student\/wp-json\/wp\/v2\/pages\/9373"}],"wp:attachment":[{"href":"https:\/\/us.edu.pl\/student\/wp-json\/wp\/v2\/media?parent=12309"}],"curies":[{"name":"wp","href":"https:\/\/api.w.org\/{rel}","templated":true}]}}