{"id":12329,"date":"2019-11-01T21:54:38","date_gmt":"2019-11-01T20:54:38","guid":{"rendered":"https:\/\/us.edu.pl\/student\/?page_id=12329"},"modified":"2025-01-23T16:10:13","modified_gmt":"2025-01-23T15:10:13","slug":"stypendium-dla-osob-z-niepelnosprawnosciami","status":"publish","type":"page","link":"https:\/\/us.edu.pl\/student\/wsparcie-i-fundusze\/swiadczenia-stypendia-i-zapomoga\/stypendium-dla-osob-z-niepelnosprawnosciami\/","title":{"rendered":"stypendium dla os\u00f3b z niepe\u0142nosprawno\u015bciami"},"content":{"rendered":"<p>[vc_row][vc_column]\r\n                <div class=\"text-modules\">\r\n                    <div class=\"container\">\r\n                        <h3 class=\"page-title text__title\">Stypendium dla os\u00f3b z niepe\u0142nosprawno\u015bciami<\/h3>\r\n                        <div class=\"text-modules__content\"><p>Stypendium dla os\u00f3b niepe\u0142nosprawnych mo\u017ce otrzymywa\u0107 student z tytu\u0142u niepe\u0142nosprawno\u015bci potwierdzonej orzeczeniem w\u0142a\u015bciwego organu. \u015awiadczenie to przyznawane jest na wniosek studenta sk\u0142adany w serwisie USOSweb w terminie do 10. dnia miesi\u0105ca. W przypadku z\u0142o\u017cenia wniosku do 10. dnia danego miesi\u0105ca stypendium dla os\u00f3b niepe\u0142nosprawnych wyp\u0142acane jest r\u00f3wnie\u017c za miesi\u0105c, w kt\u00f3rym wniosek zosta\u0142 z\u0142o\u017cony, a w przypadku z\u0142o\u017cenia wniosku po tym terminie \u2013 od miesi\u0105ca nast\u0119pnego, bez wyr\u00f3wnania za poprzedni miesi\u0105c.<\/p>\n<p>Decyzje w zakresie przyznania stypendium podejmuje dziekan lub prodziekan na mocy upowa\u017cnienia rektora.<\/p>\n<p>Do wniosku nale\u017cy do\u0142\u0105czy\u0107 w postaci za\u0142\u0105cznika jeden z trzech dokument\u00f3w:<\/p>\n<ul>\n<li>orzeczenie okre\u015blaj\u0105cym stopie\u0144 niepe\u0142nosprawno\u015bci, wydane przez powiatowy, miejski lub wojew\u00f3dzki zesp\u00f3\u0142 ds. orzekania o niepe\u0142nosprawno\u015bci lub stopniu niepe\u0142nosprawno\u015bci lub<\/li>\n<li>orzeczenie o niezdolno\u015bci do pracy wydanym przez ZUS na podstawie przepis\u00f3w o emeryturach i rentach z Funduszu Ubezpiecze\u0144 Spo\u0142ecznych lub<\/li>\n<li>orzeczenie o zaliczeniu do grupy inwalidzkiej.<\/li>\n<\/ul>\n<p>Stypendium dla os\u00f3b niepe\u0142nosprawnych przyznaje si\u0119 na semestr, nie d\u0142u\u017cej ni\u017c na okres wa\u017cno\u015bci orzeczenia. W przypadku gdy wa\u017cno\u015b\u0107 przed\u0142o\u017conego orzeczenia wyga\u015bnie w trakcie semestru, stypendium to przestaje by\u0107 wyp\u0142acane od nast\u0119pnego miesi\u0105ca po wyga\u015bni\u0119ciu wa\u017cno\u015bci orzeczenia.<\/p>\n<p>W przypadku ponownego uzyskania orzeczenia, stanowi\u0105cego kontynuacj\u0119 poprzedniego, studentowi przys\u0142uguje wyr\u00f3wnanie za okres, jaki up\u0142yn\u0105\u0142 od daty utraty wa\u017cno\u015bci poprzedniego orzeczenia, pod warunkiem \u017ce\u00a0 nowe orzeczenie stanowi po\u015bwiadczenie nieprzerwanie trwaj\u0105cej niepe\u0142nosprawno\u015bci.<\/p>\n<p>Wysoko\u015b\u0107 stypendium dla os\u00f3b z niepe\u0142nosprawno\u015bci\u0105 jest uzale\u017cniona od rodzaju orzeczenia o niepe\u0142nosprawno\u015bci. Najwy\u017csz\u0105 kwot\u0119 stypendium mog\u0105 otrzyma\u0107 studenci, wobec kt\u00f3rych orzeczono znaczny stopie\u0144 niepe\u0142nosprawno\u015bci, I grup\u0119 inwalidzk\u0105 lub ca\u0142kowit\u0105 niezdolno\u015b\u0107 do pracy i samodzielnej egzystencji. Odpowiednio ni\u017csz\u0105 kwot\u0119 stypendium mog\u0105 otrzyma\u0107 studenci, wobec kt\u00f3rych orzeczono umiarkowany stopie\u0144 niepe\u0142nosprawno\u015bci, II grup\u0119 inwalidzk\u0105 lub ca\u0142kowit\u0105 niezdolno\u015b\u0107 do pracy. Najni\u017csz\u0105 kwot\u0119 stypendium mog\u0105 otrzyma\u0107 studenci, wobec kt\u00f3rych orzeczono lekki stopie\u0144 niepe\u0142nosprawno\u015bci, III grup\u0119 inwalidzk\u0105 lub cz\u0119\u015bciow\u0105 niezdolno\u015b\u0107 do pracy.<\/p>\n<p>Stypendium dla os\u00f3b niepe\u0142nosprawnych nie przys\u0142uguje studentowi, kt\u00f3ry posiada tytu\u0142 zawodowy magistra, r\u00f3wnie\u017c je\u017celi uzyska\u0142 go za granic\u0105. Stypendium to nie przys\u0142uguje tak\u017ce w sytuacji, gdy student posiada tytu\u0142 zawodowy licencjata, je\u017celi ponownie podejmuje studia I stopnia.<\/p>\n<p>\u015awiadczenia, w tym stypendium dla os\u00f3b niepe\u0142nosprawnych:<\/p>\n<p>1) przys\u0142uguj\u0105 na studiach pierwszego stopnia, studiach drugiego stopnia i jednolitych studiach magisterskich;<\/p>\n<p>2) \u0142\u0105czny okres, przez kt\u00f3ry przys\u0142uguj\u0105 \u015bwiadczenia, wynosi 12 semestr\u00f3w, bez wzgl\u0119du na ich pobieranie przez studenta, z zastrze\u017ceniem \u017ce w ramach tego okresu \u015bwiadczenia przys\u0142uguj\u0105 na studiach:<\/p>\n<p>a) pierwszego stopnia \u2013 nie d\u0142u\u017cej ni\u017c przez 9 semestr\u00f3w,<br \/>\nb) drugiego stopnia \u2013 nie d\u0142u\u017cej ni\u017c przez 7 semestr\u00f3w;<\/p>\n<p>3) \u0142\u0105czny okres, o kt\u00f3rym mowa w pkt 2, jest d\u0142u\u017cszy o 2 semestry w przypadku, gdy student podj\u0105\u0142 jednolite studia magisterskie, kt\u00f3rych czas trwania okre\u015blony w przepisach prawa wynosi 11 albo 12 semestr\u00f3w;<\/p>\n<p>4) do okresu, o kt\u00f3rym mowa w pkt 2 i 3 wlicza si\u0119 wszystkie rozpocz\u0119te przez studenta semestry na studiach, o kt\u00f3rych mowa w pkt 1, w tym semestry przypadaj\u0105ce w okresie korzystania z urlop\u00f3w, o kt\u00f3rych mowa w art. 85 ust. 1 pkt 3 ustawy z dnia 20 lipca 2018 roku Prawo o szkolnictwie wy\u017cszym i nauce z wyj\u0105tkiem semestr\u00f3w na kolejnych studiach pierwszego stopnia rozpocz\u0119tych lub kontynuowanych po uzyskaniu pierwszego tytu\u0142u zawodowego licencjata, in\u017cyniera albo r\u00f3wnorz\u0119dnego. W przypadku kszta\u0142cenia si\u0119 na kilku kierunkach studi\u00f3w semestry odbywane r\u00f3wnocze\u015bnie traktuje si\u0119 jako jeden semestr;<\/p>\n<p>W przypadku gdy niepe\u0142nosprawno\u015b\u0107 powsta\u0142a w trakcie studi\u00f3w lub po uzyskaniu tytu\u0142u zawodowego (istotny jest moment powstania niepe\u0142nosprawno\u015bci, a nie data wydania orzeczenia) , student mo\u017ce otrzyma\u0107 stypendium dla os\u00f3b niepe\u0142nosprawnych przez dodatkowy okres 12 semestr\u00f3w. Przepisy pkt 2 i 4 stosuje si\u0119 odpowiednio.<\/p>\n<p>W przypadku studiowania na wi\u0119cej ni\u017c jednym kierunku studi\u00f3w, stypendium dla os\u00f3b niepe\u0142nosprawnych mo\u017cna pobiera\u0107 tylko na jednym, wed\u0142ug w\u0142asnego wyboru.<\/p>\n<\/div>\r\n                    <\/div>\r\n                <\/div>[\/vc_column][\/vc_row]<\/p>","protected":false},"excerpt":{"rendered":"<p>[vc_row][vc_column][\/vc_column][\/vc_row] [&#8230;]<\/p>\n<p><a class=\"btn btn-secondary understrap-read-more-link\" href=\"https:\/\/us.edu.pl\/student\/wsparcie-i-fundusze\/swiadczenia-stypendia-i-zapomoga\/stypendium-dla-osob-z-niepelnosprawnosciami\/\">Read More&#8230;<\/a><\/p>\n","protected":false},"author":26,"featured_media":0,"parent":9373,"menu_order":0,"comment_status":"closed","ping_status":"closed","template":"","meta":{"_expiration-date-status":"","_expiration-date":0,"_expiration-date-type":"","_expiration-date-categories":[],"_expiration-date-options":[]},"acf":[],"_links":{"self":[{"href":"https:\/\/us.edu.pl\/student\/wp-json\/wp\/v2\/pages\/12329"}],"collection":[{"href":"https:\/\/us.edu.pl\/student\/wp-json\/wp\/v2\/pages"}],"about":[{"href":"https:\/\/us.edu.pl\/student\/wp-json\/wp\/v2\/types\/page"}],"author":[{"embeddable":true,"href":"https:\/\/us.edu.pl\/student\/wp-json\/wp\/v2\/users\/26"}],"replies":[{"embeddable":true,"href":"https:\/\/us.edu.pl\/student\/wp-json\/wp\/v2\/comments?post=12329"}],"version-history":[{"count":5,"href":"https:\/\/us.edu.pl\/student\/wp-json\/wp\/v2\/pages\/12329\/revisions"}],"predecessor-version":[{"id":49419,"href":"https:\/\/us.edu.pl\/student\/wp-json\/wp\/v2\/pages\/12329\/revisions\/49419"}],"up":[{"embeddable":true,"href":"https:\/\/us.edu.pl\/student\/wp-json\/wp\/v2\/pages\/9373"}],"wp:attachment":[{"href":"https:\/\/us.edu.pl\/student\/wp-json\/wp\/v2\/media?parent=12329"}],"curies":[{"name":"wp","href":"https:\/\/api.w.org\/{rel}","templated":true}]}}