{"id":12339,"date":"2019-11-01T22:12:33","date_gmt":"2019-11-01T21:12:33","guid":{"rendered":"https:\/\/us.edu.pl\/student\/?page_id=12339"},"modified":"2025-10-01T10:24:10","modified_gmt":"2025-10-01T08:24:10","slug":"stypendium-rektora","status":"publish","type":"page","link":"https:\/\/us.edu.pl\/student\/wsparcie-i-fundusze\/swiadczenia-stypendia-i-zapomoga\/stypendium-rektora\/","title":{"rendered":"stypendium rektora"},"content":{"rendered":"<p>[vc_row][vc_column]\r\n                <div class=\"text-modules\">\r\n                    <div class=\"container\">\r\n                        <h3 class=\"page-title text__title\">Stypendium rektora<\/h3>\r\n                        <div class=\"text-modules__content\"><p>Student mo\u017ce si\u0119 ubiega\u0107 o stypendium tylko na jednym wskazanym przez siebie kierunku i na jednej uczelni, na podstawie z\u0142o\u017conego wniosku.<\/p>\n<p>Wniosek o przyznanie stypendium rektora wraz z za\u0142\u0105cznikami stanowi\u0105cymi wymagan\u0105 dokumentacj\u0119 sk\u0142ada si\u0119 w serwisie USOSweb w terminie do 15 pa\u017adziernika, lub do 31 marca w przypadku gdy studia (II stopnia) rozpoczynaj\u0105 si\u0119 od semestru letniego.<\/p>\n<p><strong>Olimpijczycy:<\/strong><\/p>\n<p>Stypendium rektora otrzymuje student przyj\u0119ty na pierwszy rok studi\u00f3w w roku z\u0142o\u017cenia egzaminu maturalnego, kt\u00f3ry jest:<\/p>\n<ol>\n<li>a) laureatem olimpiady mi\u0119dzynarodowej albo laureatem lub finalist\u0105 olimpiady stopnia centralnego, o kt\u00f3rych mowa w przepisach o systemie o\u015bwiaty,<\/li>\n<li>b) medalist\u0105 co najmniej wsp\u00f3\u0142zawodnictwa sportowego o tytu\u0142 Mistrza Polski w danym sporcie, o kt\u00f3rym mowa w przepisach o sporcie.<\/li>\n<\/ol>\n<p>Student posiadaj\u0105cy osi\u0105gni\u0119cia sportowe, z wyj\u0105tkiem studenta, o kt\u00f3rym mowa w \u00a7 12 ust. 2, za\u0142\u0105cza do wniosku ocen\u0119 merytoryczn\u0105 wraz z liczb\u0105 uzyskanych punkt\u00f3w w zakresie osi\u0105gni\u0119\u0107 sportowych wydanych przez dyrektora CWFiS U\u015a. Wz\u00f3r formularza oceny merytorycznej stanowi za\u0142\u0105cznik nr 8 do Regulaminu \u015bwiadcze\u0144 dla student\u00f3w. Dyrektor CWFiS U\u015a ocen\u0119 merytoryczn\u0105 sporz\u0105dza na jednym\u00a0 formularzu dla wszystkich kwalifikowanych osi\u0105gni\u0119\u0107 studenta. W przypadku posiadania wi\u0119cej ni\u017c jednego osi\u0105gni\u0119cia sportowego ocen\u0119 merytoryczn\u0105 wydan\u0105 przez dyrektora CWFiS U\u015a student za\u0142\u0105cza do jednego z osi\u0105gni\u0119\u0107 sportowych.<\/p>\n<p>O przyznaniu stypendium rektora decyduje miejsce studenta na li\u015bcie rankingowej. Listy rankingowe tworzone s\u0105 odr\u0119bnie dla ka\u017cdego kierunku studi\u00f3w, \u0142\u0105cznie dla wszystkich lat, form studi\u00f3w oraz poziom\u00f3w kszta\u0142cenia.<\/p>\n<p>Rektor corocznie, uwzgl\u0119dniaj\u0105c mo\u017cliwo\u015bci finansowe Uniwersytetu, ustala procent student\u00f3w uprawnionych do stypendium (nie wi\u0119cej ni\u017c 10% student\u00f3w danego kierunku) oraz miesi\u0119czn\u0105 wysoko\u015b\u0107 stypendium, kt\u00f3ra mo\u017ce ulec zmianie w semestrze letnim.<\/p>\n<p><strong>\u015arednia ocen<\/strong><\/p>\n<p>\u015aredni\u0105 ocen do stypendium rektora w przypadku student\u00f3w od drugiego roku studi\u00f3w I stopnia oraz jednolitych magisterskich stanowi \u015brednia arytmetyczna ze wszystkich ocen ko\u0144cowych modu\u0142\u00f3w uzyskanych w poprzednim roku nauki. Do \u015bredniej ocen nie wlicza si\u0119 oceny z wychowania fizycznego ani oceny stanowi\u0105cej ostateczny wynik studi\u00f3w, w przypadku student\u00f3w, kt\u00f3rzy po uko\u0144czeniu studi\u00f3w I stopnia w U\u015a zostali przyj\u0119ci na pierwszy rok studi\u00f3w II stopnia lub\u00a0 jednolitych magisterskich.<\/p>\n<p>Najni\u017csza \u015brednia ocen uprawniaj\u0105ca do z\u0142o\u017cenia wniosku o stypendium rektora to\u00a0<strong>4,10<\/strong>.<\/p>\n<p><strong>Osi\u0105gni\u0119cia naukowe<\/strong><\/p>\n<p>Do katalogu osi\u0105gni\u0119\u0107 naukowych, kt\u00f3re kwalifikuj\u0105 studenta do ubiegania si\u0119 o stypendium rektora, zalicza si\u0119 nast\u0119puj\u0105ce osi\u0105gni\u0119cia:<\/p>\n<p>1) wydane publikacje naukowe, do kt\u00f3rych zalicza si\u0119: a) recenzowane monografie naukowe i rozdzia\u0142y w monografiach naukowych (w szczeg\u00f3lno\u015bci opublikowanych przez wydawc\u00f3w naukowych uj\u0119tych w ministerialnym wykazie wydawnictw naukowych), b) artyku\u0142y w czasopismach naukowych i recenzowanych materia\u0142ach z konferencji mi\u0119dzynarodowych (uj\u0119tych w odpowiednich wykazach ministerialnych);<\/p>\n<p>2) czynny udzia\u0142 w wydarzeniach o charakterze naukowym (m.in. konferencje, debaty, festiwale, otwarte spotkania naukowe, sympozja, sesje) w formie np. referatu, wyk\u0142adu, warsztat\u00f3w naukowych, prezentacji do\u015bwiadczalnej, prezentacji multimedialnej, posteru, udzia\u0142u w moderowanej dyskusji naukowej na szczeblu uczelnianym, og\u00f3lnopolskim lub mi\u0119dzynarodowym;<\/p>\n<p>3) udzia\u0142 w pracach naukowo \u2013 badawczych;<\/p>\n<p>4) udzia\u0142 w olimpiadach, konkursach naukowych;<\/p>\n<p>5) inne osi\u0105gni\u0119cia o charakterze naukowym realizowane w ramach ko\u0142a naukowego, organizacji studenckiej, medi\u00f3w akademickich, Studenckiej Poradni Prawnej b\u0105d\u017a w ramach szko\u0142y letniej oraz wsp\u00f3\u0142pracy z innymi organizacjami w formie efekt\u00f3w pracy naukowej np. przeprowadzenia bada\u0144, opublikowania artyku\u0142u, eseju lub formy multimedialnej o tre\u015bci naukowej, r\u00f3\u017cnych form prezentacji naukowej (m.in. referaty, pokazy naukowe, wyk\u0142ady, postery) opracowania raportu lub opinii.<\/p>\n<p>Nie stanowi\u0105 osi\u0105gni\u0119\u0107 naukowych uprawniaj\u0105cych do ubiegania si\u0119 o stypendium rektora: cz\u0142onkostwo oraz pe\u0142nienie funkcji kierowniczych w studenckich ko\u0142ach naukowych lub innych organizacjach studenckich, publikacje o charakterze nienaukowym, artyku\u0142y lub publikacje naukowe, kt\u00f3re nie zosta\u0142y wydane i s\u0105 w trakcie recenzji lub druku, indywidualna organizacja studi\u00f3w (IOS), indywidualny tok studi\u00f3w (ITS), studia w ramach Kolegium Indywidualnych Studi\u00f3w Mi\u0119dzyobszarowych, sta\u017ce, kursy, wolontariat, praktyki zawodowe, praktyki o charakterze nienaukowym (w poradniach prawnych, pedagogicznych, zawodowych i in.), bierny udzia\u0142 w konferencjach, sympozjach, sesjach naukowych, udzia\u0142 w wyk\u0142adach otwartych, warsztatach, szko\u0142ach letnich, spotkaniach panelowych, popularyzatorskich, spotkaniach z przedstawicielami firm i instytucji, uczestnictwo w konkursach nieposiadaj\u0105cych charakteru naukowego, organizacja konferencji, konkursu, prowadzenie stanowisk pokazowych, warsztat\u00f3w w ramach dni otwartych, festiwali, prowadzenie zaj\u0119\u0107 i warsztat\u00f3w dla uczni\u00f3w, organizacja i prowadzenie dzia\u0142a\u0144 o charakterze kulturalnym, medialnym itp.<\/p>\n<p><strong>Osi\u0105gni\u0119cia sportowe<\/strong><\/p>\n<p>Przez wysokie wyniki sportowe we wsp\u00f3\u0142zawodnictwie co najmniej na poziomie krajowym rozumie si\u0119 osi\u0105gni\u0119cia uzyskane w nast\u0119puj\u0105cych kategoriach:<\/p>\n<ul>\n<li>uczestnictwo w Igrzyskach Olimpijskich, Mistrzostwach \u015awiata, Mistrzostwach Europy, Akademickich Mistrzostwach \u015awiata, Akademickich Mistrzostwach Europy, Uniwersjadzie, Europejskich Igrzyskach Student\u00f3w;<\/li>\n<li>uzyskanie miejsca medalowego i uczestnictwa w Mistrzostwach Polski lub Akademickich Mistrzostwach Polski;<\/li>\n<li>uczestnictwo w rozgrywkach szczebla centralnego I, II i III ligi pa\u0144stwowej;<\/li>\n<li>uzyskanie miejsca medalowego, udzia\u0142 w mi\u0119dzynarodowych zawodach organizowanych przez Akademicki Zwi\u0105zek Sportowy;<\/li>\n<li>uzyskanie miejsca medalowego (I\u2013III) w mi\u0119dzynarodowych lub krajowych imprezach masowych (biegi, zjazdy, itp.).<\/li>\n<\/ul>\n<p>Nie stanowi\u0105 osi\u0105gni\u0119\u0107 sportowych, uprawniaj\u0105cych do ubiegania si\u0119 o stypendium rektora: cz\u0142onkostwo w sekcji sportowej U\u015a, uczestnictwo w organizacji imprez sportowych, uczestnictwo w masowych imprezach sportowych.<\/p>\n<p><strong>Osi\u0105gni\u0119cia artystyczne<\/strong><\/p>\n<p>O stypendium rektora mo\u017ce ubiega\u0107 si\u0119 student posiadaj\u0105cy osi\u0105gni\u0119cia artystyczne w nast\u0119puj\u0105cych dziedzinach: sztuki plastyczne, muzyczne, audiowizualne, literatura, film, teatr, fotografia, taniec. Wskazane osi\u0105gni\u0119cia odnosz\u0105 si\u0119 do zdobywc\u00f3w czo\u0142owych miejsc i nagr\u00f3d, laureat\u00f3w konkurs\u00f3w, festiwali, przegl\u0105d\u00f3w, wystaw artystycznych o zasi\u0119gu mi\u0119dzynarodowym lub krajowym.<\/p>\n<p>Nie zalicza si\u0119 do osi\u0105gni\u0119\u0107 artystycznych, uprawniaj\u0105cych do ubiegania si\u0119 o stypendium rektora: udzia\u0142u w indywidualnym lub zbiorowym wyst\u0119pie (wystawie, koncercie, festiwalu, projekcie), realizacja, wsp\u00f3\u0142realizacja, produkcja, wsp\u00f3\u0142produkcja dzie\u0142 artystycznych realizowanych w ramach programu studi\u00f3w, kt\u00f3re nie zdoby\u0142y nagr\u00f3d, o kt\u00f3rych mowa powy\u017cej.<\/p>\n<\/div>\r\n                    <\/div>\r\n                <\/div>[\/vc_column][\/vc_row]<\/p>","protected":false},"excerpt":{"rendered":"<p>[vc_row][vc_column][\/vc_column][\/vc_row] [&#8230;]<\/p>\n<p><a class=\"btn btn-secondary understrap-read-more-link\" href=\"https:\/\/us.edu.pl\/student\/wsparcie-i-fundusze\/swiadczenia-stypendia-i-zapomoga\/stypendium-rektora\/\">Read More&#8230;<\/a><\/p>\n","protected":false},"author":26,"featured_media":0,"parent":9373,"menu_order":0,"comment_status":"closed","ping_status":"closed","template":"page-templates\/page-with-sidebar.php","meta":{"_expiration-date-status":"","_expiration-date":0,"_expiration-date-type":"","_expiration-date-categories":[],"_expiration-date-options":[]},"acf":[],"_links":{"self":[{"href":"https:\/\/us.edu.pl\/student\/wp-json\/wp\/v2\/pages\/12339"}],"collection":[{"href":"https:\/\/us.edu.pl\/student\/wp-json\/wp\/v2\/pages"}],"about":[{"href":"https:\/\/us.edu.pl\/student\/wp-json\/wp\/v2\/types\/page"}],"author":[{"embeddable":true,"href":"https:\/\/us.edu.pl\/student\/wp-json\/wp\/v2\/users\/26"}],"replies":[{"embeddable":true,"href":"https:\/\/us.edu.pl\/student\/wp-json\/wp\/v2\/comments?post=12339"}],"version-history":[{"count":10,"href":"https:\/\/us.edu.pl\/student\/wp-json\/wp\/v2\/pages\/12339\/revisions"}],"predecessor-version":[{"id":59407,"href":"https:\/\/us.edu.pl\/student\/wp-json\/wp\/v2\/pages\/12339\/revisions\/59407"}],"up":[{"embeddable":true,"href":"https:\/\/us.edu.pl\/student\/wp-json\/wp\/v2\/pages\/9373"}],"wp:attachment":[{"href":"https:\/\/us.edu.pl\/student\/wp-json\/wp\/v2\/media?parent=12339"}],"curies":[{"name":"wp","href":"https:\/\/api.w.org\/{rel}","templated":true}]}}