{"id":12355,"date":"2019-11-01T22:44:00","date_gmt":"2019-11-01T21:44:00","guid":{"rendered":"https:\/\/us.edu.pl\/student\/?page_id=12355"},"modified":"2025-09-25T09:07:38","modified_gmt":"2025-09-25T07:07:38","slug":"zapomoga","status":"publish","type":"page","link":"https:\/\/us.edu.pl\/student\/wsparcie-i-fundusze\/swiadczenia-stypendia-i-zapomoga\/zapomoga\/","title":{"rendered":"zapomoga"},"content":{"rendered":"<p>[vc_row][vc_column]\r\n                <div class=\"text-modules\">\r\n                    <div class=\"container\">\r\n                        <h3 class=\"page-title text__title\">Zapomoga<\/h3>\r\n                        <div class=\"text-modules__content\"><\/p>\n<p style=\"margin-top: 0cm; background: white;\"><span style=\"font-size: 11.0pt; font-family: 'Verdana','sans-serif'; color: black;\">Zapomog\u0119 mo\u017ce otrzyma\u0107 student, kt\u00f3ry znalaz\u0142 si\u0119 przej\u015bciowo w trudnej sytuacji \u017cyciowej. Przez trudn\u0105 sytuacj\u0119 \u017cyciow\u0105 uzasadniaj\u0105c\u0105 przyznanie zapomogi nale\u017cy rozumie\u0107 og\u00f3\u0142 warunk\u00f3w (np. materialnych, rodzinnych, spo\u0142ecznych, zdrowotnych), w jakich znalaz\u0142a si\u0119 rodzina studenta, powoduj\u0105cych przej\u015bciowe problemy w zaspokajaniu potrzeb materialnych rodziny.<\/span><\/p>\n<p style=\"margin-top: 0cm; background: white;\"><span style=\"font-size: 11.0pt; font-family: 'Verdana','sans-serif'; color: black;\">Przyczynami trudnej sytuacji \u017cyciowej studenta mog\u0105 by\u0107 w szczeg\u00f3lno\u015bci choroba, wypadek lub \u015bmier\u0107 cz\u0142onka najbli\u017cszej rodziny, szkody spowodowane np. kradzie\u017c\u0105, po\u017carem, kl\u0119sk\u0105 \u017cywio\u0142ow\u0105, katastrof\u0105.<\/span><\/p>\n<p style=\"margin-top: 0cm; background: white;\"><span style=\"font-size: 11.0pt; font-family: 'Verdana','sans-serif'; color: black;\">Zapomoga przyznawana jest na wniosek studenta, jest \u015bwiadczeniem jednorazowym i nie mo\u017ce by\u0107 przyznana cz\u0119\u015bciej ni\u017c 2 razy w roku akademickim.<\/span><\/p>\n<p style=\"margin-top: 0cm; background: white;\"><span style=\"font-size: 11.0pt; font-family: 'Verdana','sans-serif'; color: black;\">Wniosek o przyznanie zapomogi wype\u0142nia i sk\u0142ada si\u0119 w serwisie USOSweb nie p\u00f3\u017aniej ni\u017c 6 miesi\u0119cy od zaistnienia zdarze\u0144 uzasadniaj\u0105cych wyst\u0105pienie z wnioskiem wraz z za\u0142\u0105cznikami w formie jpg, pdf, kt\u00f3re stanowi odpowiednia dokumentacja, na kt\u00f3r\u0105 sk\u0142adaj\u0105 si\u0119 w szczeg\u00f3lno\u015bci: akt zgonu, wypis ze szpitala, stosowne za\u015bwiadczenie lekarskie o przebytej chorobie lub nieszcz\u0119\u015bliwym wypadku, imienne faktury potwierdzaj\u0105ce wydatki zwi\u0105zane ze zdarzeniem losowym, za\u015bwiadczenia wydane przez uprawnione instytucje potwierdzaj\u0105ce fakt zdarzenia losowego.<\/span><\/p>\n<p style=\"margin-top: 0cm; background: white;\"><span style=\"font-size: 11.0pt; font-family: 'Verdana','sans-serif'; color: black;\">Dziekan lub prodziekan, rozpatruj\u0105c wniosek, ocenia indywidualnie i na podstawie dokument\u00f3w za\u0142\u0105czonych do wniosku, czy sytuacja \u017cyciowa, w jakiej znalaz\u0142 si\u0119 student, uzasadnia udzielenie zapomogi.\u00a0Te same okoliczno\u015bci nie mog\u0105 by\u0107 podstaw\u0105 do przyznania kolejnej zapomogi.<\/span><\/p>\n<p style=\"margin-top: 0cm; background: white;\"><span style=\"font-size: 11.0pt; font-family: 'Verdana','sans-serif'; color: black;\">Minimaln\u0105 i maksymaln\u0105 wysoko\u015b\u0107 zapomogi w ka\u017cdym semestrze ustala rektor w porozumieniu z samorz\u0105dem studenckim. Wysoko\u015b\u0107 zapomogi uzale\u017cniona jest od sytuacji, w jakiej znalaz\u0142 si\u0119 student. Na wniosek dziekana lub prodziekana, rektor mo\u017ce w uzasadnionych przypadkach podwy\u017cszy\u0107 zapomog\u0119.<\/span><\/p>\n<p style=\"margin-top: 0cm; background: white;\"><span style=\"font-size: 11.0pt; font-family: 'Verdana','sans-serif'; color: black;\">Zapomoga przys\u0142uguje na studiach I stopnia, II stopnia i jednolitych magisterskich, jednak nie d\u0142u\u017cej ni\u017c przez ustawowy okres uprawniaj\u0105cy do pobierania \u015bwiadcze\u0144.<\/span><\/p>\n<p style=\"margin-top: 0cm; background: white;\"><span style=\"font-size: 11.0pt; font-family: 'Verdana','sans-serif'; color: black;\">Zapomoga nie przys\u0142uguje studentowi, kt\u00f3ry posiada tytu\u0142 zawodowy magistra, r\u00f3wnie\u017c je\u017celi uzyska\u0142 go za granic\u0105. Zapomoga nie przys\u0142uguje tak\u017ce w sytuacji, gdy student posiada tytu\u0142 zawodowy licencjata, je\u017celi ponownie podejmuje studia I stopnia.<\/span><\/p>\n<p style=\"margin-top: 0cm; background: white;\"><span style=\"font-size: 11.0pt; font-family: 'Verdana','sans-serif'; color: black;\">W przypadku studiowania na wi\u0119cej ni\u017c jednym kierunku studi\u00f3w zapomog\u0119 mo\u017cna pobiera\u0107 tylko na jednym, wed\u0142ug w\u0142asnego wyboru.<\/span><\/p>\n<p>\n<\/div>\r\n                    <\/div>\r\n                <\/div>[\/vc_column][\/vc_row]<\/p>","protected":false},"excerpt":{"rendered":"<p>[vc_row][vc_column][\/vc_column][\/vc_row] [&#8230;]<\/p>\n<p><a class=\"btn btn-secondary understrap-read-more-link\" href=\"https:\/\/us.edu.pl\/student\/wsparcie-i-fundusze\/swiadczenia-stypendia-i-zapomoga\/zapomoga\/\">Read More&#8230;<\/a><\/p>\n","protected":false},"author":26,"featured_media":0,"parent":9373,"menu_order":0,"comment_status":"closed","ping_status":"closed","template":"page-templates\/page-with-sidebar.php","meta":{"_expiration-date-status":"","_expiration-date":0,"_expiration-date-type":"","_expiration-date-categories":[],"_expiration-date-options":[]},"acf":[],"_links":{"self":[{"href":"https:\/\/us.edu.pl\/student\/wp-json\/wp\/v2\/pages\/12355"}],"collection":[{"href":"https:\/\/us.edu.pl\/student\/wp-json\/wp\/v2\/pages"}],"about":[{"href":"https:\/\/us.edu.pl\/student\/wp-json\/wp\/v2\/types\/page"}],"author":[{"embeddable":true,"href":"https:\/\/us.edu.pl\/student\/wp-json\/wp\/v2\/users\/26"}],"replies":[{"embeddable":true,"href":"https:\/\/us.edu.pl\/student\/wp-json\/wp\/v2\/comments?post=12355"}],"version-history":[{"count":10,"href":"https:\/\/us.edu.pl\/student\/wp-json\/wp\/v2\/pages\/12355\/revisions"}],"predecessor-version":[{"id":49452,"href":"https:\/\/us.edu.pl\/student\/wp-json\/wp\/v2\/pages\/12355\/revisions\/49452"}],"up":[{"embeddable":true,"href":"https:\/\/us.edu.pl\/student\/wp-json\/wp\/v2\/pages\/9373"}],"wp:attachment":[{"href":"https:\/\/us.edu.pl\/student\/wp-json\/wp\/v2\/media?parent=12355"}],"curies":[{"name":"wp","href":"https:\/\/api.w.org\/{rel}","templated":true}]}}