{"id":12491,"date":"2019-11-03T00:57:55","date_gmt":"2019-11-02T23:57:55","guid":{"rendered":"https:\/\/us.edu.pl\/student\/?page_id=12491"},"modified":"2022-09-01T14:55:34","modified_gmt":"2022-09-01T12:55:34","slug":"rejestracja-na-wychowanie-fizyczne","status":"publish","type":"page","link":"https:\/\/us.edu.pl\/student\/nowy-student\/nowy-student-pierwsze-kroki\/rejestracja-na-wf-i-lektoraty-jezykowe\/rejestracja-na-wychowanie-fizyczne\/","title":{"rendered":"Rejestracja na Wychowanie Fizyczne"},"content":{"rendered":"<p>[vc_row][vc_column]\r\n                <div class=\"text-modules\">\r\n                    <div class=\"container\">\r\n                        <h3 class=\"page-title text__title\">Wychowanie fizyczne<\/h3>\r\n                        <div class=\"text-modules__content\"><\/p>\n<div id=\"element_165\" class=\"ww_element\" data-element-type=\"simpleText\" data-positionorigin=\"pageTopLeft\">\n<div id=\"element_165_content\" class=\"content \">\n<div class=\"news_element p_default_block\"><strong>CENTRUM WYCHOWANIA FIZYCZNEGO i SPORTU<\/strong>\u00a0jest jednostk\u0105 mi\u0119dzywydzia\u0142ow\u0105 prowadz\u0105c\u0105 dzia\u0142alno\u015b\u0107 dydaktyczn\u0105\u00a0z zakresu kultury fizycznej na rzecz podstawowych jednostek uczelni w formie:<\/div>\n<\/div>\n<\/div>\n<div id=\"element_164\" class=\"ww_element\" data-element-type=\"text\" data-positionorigin=\"pageTopLeft\">\n<div id=\"element_164_content\" class=\"content text_content\">\n<div class=\"ww_text_wrapper forceLineHeight wwTextContent\">\n<ul>\n<li>zaj\u0119\u0107 obligatoryjnych,<\/li>\n<li>zaj\u0119\u0107 fakultatywnych,<\/li>\n<\/ul>\n<p>Zaj\u0119cia\u00a0obligatoryjne realizowane s\u0105 w oparciu o zatwierdzony przez Rektora program wychowania fizycznego i sportu. Na dob\u00f3r form okre\u015blonych zaj\u0119\u0107 ruchowych obligatoryjnych wp\u0142yw maj\u0105 studenci,\u00a0deklaruj\u0105c ch\u0119\u0107 uprawiania okre\u015blonych dyscyplin sportowych i rekreacyjnych.<\/p>\n<p>Zaj\u0119cia fakultatywne s\u0105 organizowane dla student\u00f3w, kt\u00f3rzy nie s\u0105 obj\u0119ci zaj\u0119ciami\u00a0obligatoryjnymi i chc\u0105 uprawia\u0107 w formie zorganizowanej dzia\u0142alno\u015b\u0107 ruchow\u0105.<\/p>\n<p>Centrum Wychowania Fizycznego i Sportu skupia ponadto m\u0142odzie\u017c szczeg\u00f3lnie uzdolnion\u0105 w ramach zaj\u0119\u0107 sekcji sportowych\u00a0<strong>Klubu Uczelnianego Akademickiego Zwi\u0105zku Sportowego<\/strong>.<\/p>\n<\/div>\n<\/div>\n<\/div>\n<p><a href=\"https:\/\/cwfis.us.edu.pl\"><strong>Wi\u0119cej informacji na stronie: Centrum Wychowania Fizycznego i Sportu<\/strong><\/a><\/p>\n<p><a href=\"https:\/\/azsus.pl\/?anchorElement=element_3001&amp;scrollMargin=40\"><strong>Wykaz sekcji sportowych AZS U\u015a<\/strong><\/a><\/p>\n<\/div>\r\n                    <\/div>\r\n                <\/div>[\/vc_column][\/vc_row]<\/p>","protected":false},"excerpt":{"rendered":"<p>[vc_row][vc_column][\/vc_column][\/vc_row] [&#8230;]<\/p>\n<p><a class=\"btn btn-secondary understrap-read-more-link\" href=\"https:\/\/us.edu.pl\/student\/nowy-student\/nowy-student-pierwsze-kroki\/rejestracja-na-wf-i-lektoraty-jezykowe\/rejestracja-na-wychowanie-fizyczne\/\">Read More&#8230;<\/a><\/p>\n","protected":false},"author":28,"featured_media":0,"parent":6278,"menu_order":0,"comment_status":"closed","ping_status":"closed","template":"","meta":{"_expiration-date-status":"","_expiration-date":0,"_expiration-date-type":"","_expiration-date-categories":[],"_expiration-date-options":[]},"acf":[],"_links":{"self":[{"href":"https:\/\/us.edu.pl\/student\/wp-json\/wp\/v2\/pages\/12491"}],"collection":[{"href":"https:\/\/us.edu.pl\/student\/wp-json\/wp\/v2\/pages"}],"about":[{"href":"https:\/\/us.edu.pl\/student\/wp-json\/wp\/v2\/types\/page"}],"author":[{"embeddable":true,"href":"https:\/\/us.edu.pl\/student\/wp-json\/wp\/v2\/users\/28"}],"replies":[{"embeddable":true,"href":"https:\/\/us.edu.pl\/student\/wp-json\/wp\/v2\/comments?post=12491"}],"version-history":[{"count":2,"href":"https:\/\/us.edu.pl\/student\/wp-json\/wp\/v2\/pages\/12491\/revisions"}],"predecessor-version":[{"id":36433,"href":"https:\/\/us.edu.pl\/student\/wp-json\/wp\/v2\/pages\/12491\/revisions\/36433"}],"up":[{"embeddable":true,"href":"https:\/\/us.edu.pl\/student\/wp-json\/wp\/v2\/pages\/6278"}],"wp:attachment":[{"href":"https:\/\/us.edu.pl\/student\/wp-json\/wp\/v2\/media?parent=12491"}],"curies":[{"name":"wp","href":"https:\/\/api.w.org\/{rel}","templated":true}]}}