{"id":12532,"date":"2019-11-03T19:10:32","date_gmt":"2019-11-03T18:10:32","guid":{"rendered":"https:\/\/us.edu.pl\/student\/?page_id=12532"},"modified":"2026-01-16T11:16:06","modified_gmt":"2026-01-16T10:16:06","slug":"kredyty-studenckie","status":"publish","type":"page","link":"https:\/\/us.edu.pl\/student\/wsparcie-i-fundusze\/kredyty-studenckie\/","title":{"rendered":"Kredyty studenckie"},"content":{"rendered":"<p>[vc_row][vc_column]\r\n                <div class=\"text-modules\">\r\n                    <div class=\"container\">\r\n                        \r\n                        <div class=\"text-modules__content\"><\/p>\n<p>Od 1 stycznia 2019 roku funkcjonuje nowy system kredyt\u00f3w studenckich. Zmiany wynikaj\u0105 z wej\u015bcia w \u017cycie ustawy z dnia 20 lipca 2018 r. \u2013 Prawo o szkolnictwie wy\u017cszym i nauce (Dz. U. poz. 1668, z p\u00f3\u017an. zm.) oraz rozporz\u0105dzenia Ministra Nauki i Szkolnictwa Wy\u017cszego z dnia 20 grudnia 2018 r. w sprawie kredyt\u00f3w studenckich (Dz. U. poz. 2468).<\/p>\n<p>Nowy system kredyt\u00f3w studenckich przewiduje \u2013 podobnie jak dotychczas \u2013 udzielanie kredytu na okres studi\u00f3w i rozpocz\u0119cie sp\u0142aty 2 lata po uko\u0144czeniu studi\u00f3w, na dogodnych warunkach, przy maksymalnie niskiej wysoko\u015bci oprocentowania.<\/p>\n<p>O kredyt b\u0119d\u0105 mogli ubiega\u0107 si\u0119 zar\u00f3wno studenci, jak i doktoranci w szko\u0142ach doktorskich. Do czasu zako\u0144czenia kszta\u0142cenia na studiach doktoranckich rozpocz\u0119tych przed rokiem akademickim 2019\/2020 (tj. do 2023 roku) uczestnicy tych studi\u00f3w zachowuj\u0105 prawo do ubiegania si\u0119 o kredyt.<\/p>\n<p style=\"text-align: center;\"><a href=\"https:\/\/www.gov.pl\/web\/nauka\/kredyty-studenckie\"><span style=\"font-size: 16px;\">Kredyty studenckie<\/span><\/a><\/p>\n<p>\n<\/div>\r\n                    <\/div>\r\n                <\/div>[\/vc_column][\/vc_row]<\/p>","protected":false},"excerpt":{"rendered":"<p>[vc_row][vc_column][\/vc_column][\/vc_row] [&#8230;]<\/p>\n<p><a class=\"btn btn-secondary understrap-read-more-link\" href=\"https:\/\/us.edu.pl\/student\/wsparcie-i-fundusze\/kredyty-studenckie\/\">Read More&#8230;<\/a><\/p>\n","protected":false},"author":26,"featured_media":0,"parent":21337,"menu_order":0,"comment_status":"closed","ping_status":"closed","template":"page-templates\/page-with-bookmarks.php","meta":{"_expiration-date-status":"","_expiration-date":0,"_expiration-date-type":"","_expiration-date-categories":[],"_expiration-date-options":[]},"acf":[],"_links":{"self":[{"href":"https:\/\/us.edu.pl\/student\/wp-json\/wp\/v2\/pages\/12532"}],"collection":[{"href":"https:\/\/us.edu.pl\/student\/wp-json\/wp\/v2\/pages"}],"about":[{"href":"https:\/\/us.edu.pl\/student\/wp-json\/wp\/v2\/types\/page"}],"author":[{"embeddable":true,"href":"https:\/\/us.edu.pl\/student\/wp-json\/wp\/v2\/users\/26"}],"replies":[{"embeddable":true,"href":"https:\/\/us.edu.pl\/student\/wp-json\/wp\/v2\/comments?post=12532"}],"version-history":[{"count":8,"href":"https:\/\/us.edu.pl\/student\/wp-json\/wp\/v2\/pages\/12532\/revisions"}],"predecessor-version":[{"id":60451,"href":"https:\/\/us.edu.pl\/student\/wp-json\/wp\/v2\/pages\/12532\/revisions\/60451"}],"up":[{"embeddable":true,"href":"https:\/\/us.edu.pl\/student\/wp-json\/wp\/v2\/pages\/21337"}],"wp:attachment":[{"href":"https:\/\/us.edu.pl\/student\/wp-json\/wp\/v2\/media?parent=12532"}],"curies":[{"name":"wp","href":"https:\/\/api.w.org\/{rel}","templated":true}]}}