{"id":12542,"date":"2019-11-03T19:21:00","date_gmt":"2019-11-03T18:21:00","guid":{"rendered":"https:\/\/us.edu.pl\/student\/?page_id=12542"},"modified":"2020-06-20T16:10:16","modified_gmt":"2020-06-20T14:10:16","slug":"osoby-niedowidzace","status":"publish","type":"page","link":"https:\/\/us.edu.pl\/student\/wsparcie-i-fundusze\/dostosowanie-do-specjalnych-potrzeb\/wsparcie-specjalistyczne\/osoby-niedowidzace\/","title":{"rendered":"Osoby nie(do)widz\u0105ce"},"content":{"rendered":"<p>[vc_row][vc_column]\r\n                <div class=\"text-modules \">\r\n                    <div class=\"container\">\r\n                         \r\n                        <div class=\"row m-0\">\r\n                            <div class=\"text-modules__content\">\r\n                                <strong>OSOBY Z DYSFUNKCJ\u0104 WZROKU<\/strong><\/p>\n<p>Studentom i doktorantom, kt\u00f3rzy ze wzgl\u0119du na wad\u0119 wzroku maj\u0105 problem z samodzielnym funkcjonowaniem w Uczelni, proponujemy wsparcie polegaj\u0105ce m.in. na:<\/p>\n<ul>\n<li>przydzieleniu asystenta studenta niepe\u0142nosprawnego (ASN), kt\u00f3ry zale\u017cnie od potrzeb pomaga studentowi\/doktorantowi w czynno\u015bciach zwi\u0105zanych z efektywnym uczestnictwem w \u017cyciu akademickim, n podczas: dojazd\u00f3w na uczelni\u0119, poruszania si\u0119 po uczelni, sporz\u0105dzania notatek, wizyt w bibliotece lub dziekanacie itp.,<\/li>\n<li>zorganizowaniu kursu orientacji przestrzennej dla os\u00f3b, kt\u00f3re maj\u0105 trudno\u015bci w poruszaniu si\u0119 po nowym i\u00a0nieznanym miejscu,<\/li>\n<li>udost\u0119pnieniu na wydzia\u0142ach sprz\u0119tu wspieraj\u0105cego kszta\u0142cenie, np. elektronicznych lup, notebook\u00f3w z\u00a0oprogramowaniem ud\u017awi\u0119kawiaj\u0105cym, dyktafon\u00f3w; w niekt\u00f3rych bibliotekach znajduj\u0105 si\u0119 tak\u017ce stanowiska komputerowe przystosowane do potrzeb os\u00f3b z dysfunkcj\u0105 wzroku.<\/li>\n<\/ul>\n<div class=\"mt-3\"><\/div>\r\n                            <\/div>\r\n                            \r\n                            \r\n                        <\/div>\r\n                    <\/div>\r\n                <\/div>[\/vc_column][\/vc_row]<\/p>","protected":false},"excerpt":{"rendered":"<p>[vc_row][vc_column][\/vc_column][\/vc_row] [&#8230;]<\/p>\n<p><a class=\"btn btn-secondary understrap-read-more-link\" href=\"https:\/\/us.edu.pl\/student\/wsparcie-i-fundusze\/dostosowanie-do-specjalnych-potrzeb\/wsparcie-specjalistyczne\/osoby-niedowidzace\/\">Read More&#8230;<\/a><\/p>\n","protected":false},"author":28,"featured_media":0,"parent":9313,"menu_order":0,"comment_status":"closed","ping_status":"closed","template":"","meta":{"_expiration-date-status":"saved","_expiration-date":0,"_expiration-date-type":"","_expiration-date-categories":[],"_expiration-date-options":[]},"acf":[],"_links":{"self":[{"href":"https:\/\/us.edu.pl\/student\/wp-json\/wp\/v2\/pages\/12542"}],"collection":[{"href":"https:\/\/us.edu.pl\/student\/wp-json\/wp\/v2\/pages"}],"about":[{"href":"https:\/\/us.edu.pl\/student\/wp-json\/wp\/v2\/types\/page"}],"author":[{"embeddable":true,"href":"https:\/\/us.edu.pl\/student\/wp-json\/wp\/v2\/users\/28"}],"replies":[{"embeddable":true,"href":"https:\/\/us.edu.pl\/student\/wp-json\/wp\/v2\/comments?post=12542"}],"version-history":[{"count":0,"href":"https:\/\/us.edu.pl\/student\/wp-json\/wp\/v2\/pages\/12542\/revisions"}],"up":[{"embeddable":true,"href":"https:\/\/us.edu.pl\/student\/wp-json\/wp\/v2\/pages\/9313"}],"wp:attachment":[{"href":"https:\/\/us.edu.pl\/student\/wp-json\/wp\/v2\/media?parent=12542"}],"curies":[{"name":"wp","href":"https:\/\/api.w.org\/{rel}","templated":true}]}}