{"id":12549,"date":"2019-11-03T19:23:49","date_gmt":"2019-11-03T18:23:49","guid":{"rendered":"https:\/\/us.edu.pl\/student\/?page_id=12549"},"modified":"2023-03-22T13:43:58","modified_gmt":"2023-03-22T12:43:58","slug":"osoby-nieslyszace-i-niedoslyszace","status":"publish","type":"page","link":"https:\/\/us.edu.pl\/student\/wsparcie-i-fundusze\/dostosowanie-do-specjalnych-potrzeb\/wsparcie-specjalistyczne\/osoby-nieslyszace-i-niedoslyszace\/","title":{"rendered":"Osoby nies\u0142ysz\u0105ce i niedos\u0142ysz\u0105ce"},"content":{"rendered":"<p>[vc_row][vc_column]\r\n                <div class=\"text-modules \">\r\n                    <div class=\"container\">\r\n                         \r\n                        <div class=\"row m-0\">\r\n                            <div class=\"text-modules__content\">\r\n                                <strong>OSOBY Z DYSFUNKCJ\u0104 S\u0141UCHU<\/strong><\/p>\n<p>Studentom i doktorantom, kt\u00f3rzy maj\u0105 problem ze s\u0142uchem, proponujemy wsparcie polegaj\u0105ce m.in. na:<\/p>\n<ul>\n<li>przydzieleniu asystenta studenta niepe\u0142nosprawnego (ASN), kt\u00f3ry pomaga w\u00a0czynno\u015bciach zwi\u0105zanych z efektywnym uczestniczeniem w \u017cyciu akademickim, a wi\u0119c podczas: zaj\u0119\u0107 dydaktycznych i egzamin\u00f3w, sporz\u0105dzania notatek (istnieje mo\u017cliwo\u015b\u0107 opracowywania ich w\u00a0wersji elektronicznej), wizyt w bibliotece czy dziekanacie itp.,<\/li>\n<li>przydzieleniu t\u0142umacza j\u0119zyka migowego\/miganego \u2013 osoby komunikuj\u0105ce si\u0119 za pomoc\u0105 j\u0119zyka migowego lub miganego mog\u0105 liczy\u0107 na pomoc t\u0142umacza, kt\u00f3ry b\u0119dzie im towarzyszy\u0142 podczas zaj\u0119\u0107, wizyt w bibliotece czy dziekanacie, a tak\u017ce w innych istotnych dla \u017cycia studenckiego i doktoranckiego sytuacjach,<\/li>\n<li>udost\u0119pnianiu na wydzia\u0142ach sprz\u0119tu wspieraj\u0105cego kszta\u0142cenie student\u00f3w z wad\u0105 s\u0142uchu: notebook\u00f3w, dyktafon\u00f3w,<\/li>\n<li>technologie wspomagaj\u0105ce s\u0142yszenie w aparatach s\u0142uchowych (np. systemy FM, p\u0119tle naszyjne, dodatkowe rozwi\u0105zania technologiczne). Cze\u015b\u0107 sal audytoryjnych Uniwersytetu \u015al\u0105skiego zosta\u0142a na sta\u0142e wyposa\u017cona w p\u0119tle indukcyjne.<\/li>\n<\/ul>\n<div class=\"mt-3\"><\/div>\r\n                            <\/div>\r\n                            \r\n                            \r\n                        <\/div>\r\n                    <\/div>\r\n                <\/div>[\/vc_column][\/vc_row]<\/p>","protected":false},"excerpt":{"rendered":"<p>[vc_row][vc_column][\/vc_column][\/vc_row] [&#8230;]<\/p>\n<p><a class=\"btn btn-secondary understrap-read-more-link\" href=\"https:\/\/us.edu.pl\/student\/wsparcie-i-fundusze\/dostosowanie-do-specjalnych-potrzeb\/wsparcie-specjalistyczne\/osoby-nieslyszace-i-niedoslyszace\/\">Read More&#8230;<\/a><\/p>\n","protected":false},"author":28,"featured_media":0,"parent":9313,"menu_order":0,"comment_status":"closed","ping_status":"closed","template":"","meta":{"_expiration-date-status":"","_expiration-date":0,"_expiration-date-type":"","_expiration-date-categories":[],"_expiration-date-options":[]},"acf":[],"_links":{"self":[{"href":"https:\/\/us.edu.pl\/student\/wp-json\/wp\/v2\/pages\/12549"}],"collection":[{"href":"https:\/\/us.edu.pl\/student\/wp-json\/wp\/v2\/pages"}],"about":[{"href":"https:\/\/us.edu.pl\/student\/wp-json\/wp\/v2\/types\/page"}],"author":[{"embeddable":true,"href":"https:\/\/us.edu.pl\/student\/wp-json\/wp\/v2\/users\/28"}],"replies":[{"embeddable":true,"href":"https:\/\/us.edu.pl\/student\/wp-json\/wp\/v2\/comments?post=12549"}],"version-history":[{"count":1,"href":"https:\/\/us.edu.pl\/student\/wp-json\/wp\/v2\/pages\/12549\/revisions"}],"predecessor-version":[{"id":39663,"href":"https:\/\/us.edu.pl\/student\/wp-json\/wp\/v2\/pages\/12549\/revisions\/39663"}],"up":[{"embeddable":true,"href":"https:\/\/us.edu.pl\/student\/wp-json\/wp\/v2\/pages\/9313"}],"wp:attachment":[{"href":"https:\/\/us.edu.pl\/student\/wp-json\/wp\/v2\/media?parent=12549"}],"curies":[{"name":"wp","href":"https:\/\/api.w.org\/{rel}","templated":true}]}}