{"id":12576,"date":"2019-11-03T19:30:42","date_gmt":"2019-11-03T18:30:42","guid":{"rendered":"https:\/\/us.edu.pl\/student\/?page_id=12576"},"modified":"2020-06-20T16:06:21","modified_gmt":"2020-06-20T14:06:21","slug":"osoby-z-ograniczeniem-ruchu","status":"publish","type":"page","link":"https:\/\/us.edu.pl\/student\/wsparcie-i-fundusze\/dostosowanie-do-specjalnych-potrzeb\/wsparcie-specjalistyczne\/osoby-z-ograniczeniem-ruchu\/","title":{"rendered":"Osoby z ograniczeniem ruchu"},"content":{"rendered":"<p>[vc_row][vc_column]\r\n                <div class=\"text-modules \">\r\n                    <div class=\"container\">\r\n                         \r\n                        <div class=\"row m-0\">\r\n                            <div class=\"text-modules__content\">\r\n                                <strong>OSOBY Z OGRANICZENIEM RUCHU<\/strong><\/p>\n<p>Studentom i doktorantom, kt\u00f3rzy maj\u0105 trudno\u015bci z poruszaniem si\u0119, proponujemy wsparcie polegaj\u0105ce m.in. na:<\/p>\n<ul>\n<li>przydzieleniu asystenta studenta niepe\u0142nosprawnego (ASN), kt\u00f3ry ma za zadanie zapewni\u0107 wsparcie w\u00a0efektywnym uczestnictwie w \u017cyciu akademickim, a wi\u0119c podczas: dojazd\u00f3w na uczelni\u0119, sporz\u0105dzania notatek, wizyt w bibliotece czy dziekanacie, realizacji bada\u0144 naukowych itp. (szczeg\u00f3\u0142owy zakres wsparcia ze strony asystenta jest uzgadniany indywidualnie),<\/li>\n<li>udost\u0119pnianiu sprz\u0119tu wspieraj\u0105cego kszta\u0142cenie, np. notebook\u00f3w, lup powi\u0119kszaj\u0105cych, dyktafon\u00f3w,<\/li>\n<li>udost\u0119pnianiu przyjaznych pokoi \u2013 w Domach Studenckich w Katowicach i Sosnowcu studenci i doktoranci maj\u0105 mo\u017cliwo\u015b\u0107 zakwaterowania w pokoju dostosowanym do potrzeb os\u00f3b z dysfunkcj\u0105 ruchu.<\/li>\n<\/ul>\n<div class=\"mt-3\"><\/div>\r\n                            <\/div>\r\n                            \r\n                            \r\n                        <\/div>\r\n                    <\/div>\r\n                <\/div>[\/vc_column][\/vc_row]<\/p>","protected":false},"excerpt":{"rendered":"<p>[vc_row][vc_column][\/vc_column][\/vc_row] [&#8230;]<\/p>\n<p><a class=\"btn btn-secondary understrap-read-more-link\" href=\"https:\/\/us.edu.pl\/student\/wsparcie-i-fundusze\/dostosowanie-do-specjalnych-potrzeb\/wsparcie-specjalistyczne\/osoby-z-ograniczeniem-ruchu\/\">Read More&#8230;<\/a><\/p>\n","protected":false},"author":28,"featured_media":0,"parent":9313,"menu_order":0,"comment_status":"closed","ping_status":"closed","template":"","meta":{"_expiration-date-status":"saved","_expiration-date":0,"_expiration-date-type":"","_expiration-date-categories":[],"_expiration-date-options":[]},"acf":[],"_links":{"self":[{"href":"https:\/\/us.edu.pl\/student\/wp-json\/wp\/v2\/pages\/12576"}],"collection":[{"href":"https:\/\/us.edu.pl\/student\/wp-json\/wp\/v2\/pages"}],"about":[{"href":"https:\/\/us.edu.pl\/student\/wp-json\/wp\/v2\/types\/page"}],"author":[{"embeddable":true,"href":"https:\/\/us.edu.pl\/student\/wp-json\/wp\/v2\/users\/28"}],"replies":[{"embeddable":true,"href":"https:\/\/us.edu.pl\/student\/wp-json\/wp\/v2\/comments?post=12576"}],"version-history":[{"count":0,"href":"https:\/\/us.edu.pl\/student\/wp-json\/wp\/v2\/pages\/12576\/revisions"}],"up":[{"embeddable":true,"href":"https:\/\/us.edu.pl\/student\/wp-json\/wp\/v2\/pages\/9313"}],"wp:attachment":[{"href":"https:\/\/us.edu.pl\/student\/wp-json\/wp\/v2\/media?parent=12576"}],"curies":[{"name":"wp","href":"https:\/\/api.w.org\/{rel}","templated":true}]}}